{"id":20097,"date":"2022-03-15T15:54:07","date_gmt":"2022-03-15T15:54:07","guid":{"rendered":"https:\/\/chemitool.com\/?post_type=product&#038;p=20097"},"modified":"2022-07-05T14:08:45","modified_gmt":"2022-07-05T14:08:45","slug":"paletina-popular","status":"publish","type":"product","link":"https:\/\/chemitool.com\/es\/products\/tools\/pintura-es\/paletina-popular\/","title":{"rendered":"Paletina Popular"},"content":{"rendered":"<ul>\n<li>Cerdas blancas naturales<\/li>\n<li>Virola de acero niquelado<\/li>\n<li>Asa de madera pulida.<\/li>\n<li>Dimensiones de \u00bd\u201d a 5\u201d<\/li>\n<\/ul>\n","protected":false},"excerpt":{"rendered":"<p><em>Paletina Popular CHEMITOOL <\/em>es adecuada para todo tipo de pintura. Buena retenci\u00f3n de la pintura, buen rendimiento y acabado. Cepillo profesional de alta calidad. Para uso profesional con todo tipo de pinturas y barnices, tanto en agua como en disolvente. Mango ergon\u00f3mico de polipropileno altamente resistente. Fibra de cerda 100% natural de alta calidad. Cerdas regulares de igual longitud. Mejor carga, libera la pintura m\u00e1s lentamente. Construcci\u00f3n vulcanizada. F\u00e1cil de limpiar y de larga duraci\u00f3n.<\/p>\n","protected":false},"featured_media":20839,"template":"","meta":[],"product_cat":[1456,3668],"product_tag":[],"yoast_head":"<!-- This site is optimized with the Yoast SEO plugin v17.4 - https:\/\/yoast.com\/wordpress\/plugins\/seo\/ -->\n<title>Paletina Popular &ndash; Chemitool<\/title>\n<meta name=\"description\" content=\"Paletina Popular CHEMITOOL es adecuada para todo tipo de pintura. Buena retenci\u00f3n de la pintura, buen rendimiento y acabado. Cepillo profesional de alta calidad. Para uso profesional con todo tipo de pinturas y barnices, tanto en agua como en disolvente. Mango ergon\u00f3mico de polipropileno altamente resistente. Fibra de cerda 100% natural de alta calidad. Cerdas regulares de igual longitud. Mejor carga, libera la pintura m\u00e1s lentamente. Construcci\u00f3n vulcanizada. F\u00e1cil de limpiar y de larga duraci\u00f3n.\" \/>\n<meta name=\"robots\" content=\"index, follow, max-snippet:-1, max-image-preview:large, max-video-preview:-1\" \/>\n<link rel=\"canonical\" href=\"https:\/\/chemitool.com\/es\/products\/tools\/pintura-es\/paletina-popular\/\" \/>\n<meta property=\"og:locale\" content=\"es_ES\" \/>\n<meta property=\"og:type\" content=\"article\" \/>\n<meta property=\"og:title\" content=\"Paletina Popular &ndash; Chemitool\" \/>\n<meta property=\"og:description\" content=\"Paletina Popular CHEMITOOL es adecuada para todo tipo de pintura. Buena retenci\u00f3n de la pintura, buen rendimiento y acabado. Cepillo profesional de alta calidad. Para uso profesional con todo tipo de pinturas y barnices, tanto en agua como en disolvente. Mango ergon\u00f3mico de polipropileno altamente resistente. Fibra de cerda 100% natural de alta calidad. Cerdas regulares de igual longitud. Mejor carga, libera la pintura m\u00e1s lentamente. Construcci\u00f3n vulcanizada. F\u00e1cil de limpiar y de larga duraci\u00f3n.\" \/>\n<meta property=\"og:url\" content=\"https:\/\/chemitool.com\/es\/products\/tools\/pintura-es\/paletina-popular\/\" \/>\n<meta property=\"og:site_name\" content=\"Chemitool\" \/>\n<meta property=\"article:publisher\" content=\"https:\/\/www.facebook.com\/chemitool\" \/>\n<meta property=\"article:modified_time\" content=\"2022-07-05T14:08:45+00:00\" \/>\n<meta property=\"og:image\" content=\"https:\/\/chemitool.com\/wp-content\/uploads\/2022\/04\/CHT200110000.png\" \/>\n\t<meta property=\"og:image:width\" content=\"800\" \/>\n\t<meta property=\"og:image:height\" content=\"800\" \/>\n<meta name=\"twitter:card\" content=\"summary_large_image\" \/>\n<script type=\"application\/ld+json\" class=\"yoast-schema-graph\">{\"@context\":\"https:\/\/schema.org\",\"@graph\":[{\"@type\":\"Organization\",\"@id\":\"https:\/\/chemitool.com\/#organization\",\"name\":\"Chemitool\",\"url\":\"https:\/\/chemitool.com\/\",\"sameAs\":[\"https:\/\/www.facebook.com\/chemitool\",\"https:\/\/www.instagram.com\/chemitool\/\"],\"logo\":{\"@type\":\"ImageObject\",\"@id\":\"https:\/\/chemitool.com\/#logo\",\"inLanguage\":\"es\",\"url\":\"https:\/\/chemitool.com\/wp-content\/uploads\/2020\/10\/logo_chemitool.png\",\"contentUrl\":\"https:\/\/chemitool.com\/wp-content\/uploads\/2020\/10\/logo_chemitool.png\",\"width\":400,\"height\":400,\"caption\":\"Chemitool\"},\"image\":{\"@id\":\"https:\/\/chemitool.com\/#logo\"}},{\"@type\":\"WebSite\",\"@id\":\"https:\/\/chemitool.com\/#website\",\"url\":\"https:\/\/chemitool.com\/\",\"name\":\"Chemitool\",\"description\":\"Chemitool - hardware and tools\",\"publisher\":{\"@id\":\"https:\/\/chemitool.com\/#organization\"},\"potentialAction\":[{\"@type\":\"SearchAction\",\"target\":{\"@type\":\"EntryPoint\",\"urlTemplate\":\"https:\/\/chemitool.com\/?s={search_term_string}\"},\"query-input\":\"required name=search_term_string\"}],\"inLanguage\":\"es\"},{\"@type\":\"ImageObject\",\"@id\":\"https:\/\/chemitool.com\/es\/products\/tools\/pintura-es\/paletina-popular\/#primaryimage\",\"inLanguage\":\"es\",\"url\":\"https:\/\/chemitool.com\/wp-content\/uploads\/2022\/04\/CHT200110000.png\",\"contentUrl\":\"https:\/\/chemitool.com\/wp-content\/uploads\/2022\/04\/CHT200110000.png\",\"width\":800,\"height\":800},{\"@type\":\"WebPage\",\"@id\":\"https:\/\/chemitool.com\/es\/products\/tools\/pintura-es\/paletina-popular\/#webpage\",\"url\":\"https:\/\/chemitool.com\/es\/products\/tools\/pintura-es\/paletina-popular\/\",\"name\":\"Paletina Popular &ndash; Chemitool\",\"isPartOf\":{\"@id\":\"https:\/\/chemitool.com\/#website\"},\"primaryImageOfPage\":{\"@id\":\"https:\/\/chemitool.com\/es\/products\/tools\/pintura-es\/paletina-popular\/#primaryimage\"},\"datePublished\":\"2022-03-15T15:54:07+00:00\",\"dateModified\":\"2022-07-05T14:08:45+00:00\",\"description\":\"Paletina Popular CHEMITOOL es adecuada para todo tipo de pintura. Buena retenci\\u00f3n de la pintura, buen rendimiento y acabado. Cepillo profesional de alta calidad. Para uso profesional con todo tipo de pinturas y barnices, tanto en agua como en disolvente. Mango ergon\\u00f3mico de polipropileno altamente resistente. Fibra de cerda 100% natural de alta calidad. Cerdas regulares de igual longitud. Mejor carga, libera la pintura m\\u00e1s lentamente. Construcci\\u00f3n vulcanizada. F\\u00e1cil de limpiar y de larga duraci\\u00f3n.\",\"breadcrumb\":{\"@id\":\"https:\/\/chemitool.com\/es\/products\/tools\/pintura-es\/paletina-popular\/#breadcrumb\"},\"inLanguage\":\"es\",\"potentialAction\":[{\"@type\":\"ReadAction\",\"target\":[\"https:\/\/chemitool.com\/es\/products\/tools\/pintura-es\/paletina-popular\/\"]}]},{\"@type\":\"BreadcrumbList\",\"@id\":\"https:\/\/chemitool.com\/es\/products\/tools\/pintura-es\/paletina-popular\/#breadcrumb\",\"itemListElement\":[{\"@type\":\"ListItem\",\"position\":1,\"name\":\"Home\",\"item\":\"https:\/\/chemitool.com\/es\/\"},{\"@type\":\"ListItem\",\"position\":2,\"name\":\"Productos\",\"item\":\"https:\/\/chemitool.com\/es\/productos\/\"},{\"@type\":\"ListItem\",\"position\":3,\"name\":\"CHEMICALS\",\"item\":\"https:\/\/chemitool.com\/es\/categoria-producto\/chemicals\/\"},{\"@type\":\"ListItem\",\"position\":4,\"name\":\"Paletina Popular\"}]}]}<\/script>\n<!-- \/ Yoast SEO plugin. -->","yoast_head_json":{"title":"Paletina Popular &ndash; Chemitool","description":"Paletina Popular CHEMITOOL es adecuada para todo tipo de pintura. Buena retenci\u00f3n de la pintura, buen rendimiento y acabado. Cepillo profesional de alta calidad. Para uso profesional con todo tipo de pinturas y barnices, tanto en agua como en disolvente. Mango ergon\u00f3mico de polipropileno altamente resistente. Fibra de cerda 100% natural de alta calidad. Cerdas regulares de igual longitud. Mejor carga, libera la pintura m\u00e1s lentamente. Construcci\u00f3n vulcanizada. F\u00e1cil de limpiar y de larga duraci\u00f3n.","robots":{"index":"index","follow":"follow","max-snippet":"max-snippet:-1","max-image-preview":"max-image-preview:large","max-video-preview":"max-video-preview:-1"},"canonical":"https:\/\/chemitool.com\/es\/products\/tools\/pintura-es\/paletina-popular\/","og_locale":"es_ES","og_type":"article","og_title":"Paletina Popular &ndash; Chemitool","og_description":"Paletina Popular CHEMITOOL es adecuada para todo tipo de pintura. Buena retenci\u00f3n de la pintura, buen rendimiento y acabado. Cepillo profesional de alta calidad. Para uso profesional con todo tipo de pinturas y barnices, tanto en agua como en disolvente. Mango ergon\u00f3mico de polipropileno altamente resistente. Fibra de cerda 100% natural de alta calidad. Cerdas regulares de igual longitud. Mejor carga, libera la pintura m\u00e1s lentamente. Construcci\u00f3n vulcanizada. F\u00e1cil de limpiar y de larga duraci\u00f3n.","og_url":"https:\/\/chemitool.com\/es\/products\/tools\/pintura-es\/paletina-popular\/","og_site_name":"Chemitool","article_publisher":"https:\/\/www.facebook.com\/chemitool","article_modified_time":"2022-07-05T14:08:45+00:00","og_image":[{"width":800,"height":800,"url":"https:\/\/chemitool.com\/wp-content\/uploads\/2022\/04\/CHT200110000.png","type":"image\/png"}],"twitter_card":"summary_large_image","schema":{"@context":"https:\/\/schema.org","@graph":[{"@type":"Organization","@id":"https:\/\/chemitool.com\/#organization","name":"Chemitool","url":"https:\/\/chemitool.com\/","sameAs":["https:\/\/www.facebook.com\/chemitool","https:\/\/www.instagram.com\/chemitool\/"],"logo":{"@type":"ImageObject","@id":"https:\/\/chemitool.com\/#logo","inLanguage":"es","url":"https:\/\/chemitool.com\/wp-content\/uploads\/2020\/10\/logo_chemitool.png","contentUrl":"https:\/\/chemitool.com\/wp-content\/uploads\/2020\/10\/logo_chemitool.png","width":400,"height":400,"caption":"Chemitool"},"image":{"@id":"https:\/\/chemitool.com\/#logo"}},{"@type":"WebSite","@id":"https:\/\/chemitool.com\/#website","url":"https:\/\/chemitool.com\/","name":"Chemitool","description":"Chemitool - hardware and tools","publisher":{"@id":"https:\/\/chemitool.com\/#organization"},"potentialAction":[{"@type":"SearchAction","target":{"@type":"EntryPoint","urlTemplate":"https:\/\/chemitool.com\/?s={search_term_string}"},"query-input":"required name=search_term_string"}],"inLanguage":"es"},{"@type":"ImageObject","@id":"https:\/\/chemitool.com\/es\/products\/tools\/pintura-es\/paletina-popular\/#primaryimage","inLanguage":"es","url":"https:\/\/chemitool.com\/wp-content\/uploads\/2022\/04\/CHT200110000.png","contentUrl":"https:\/\/chemitool.com\/wp-content\/uploads\/2022\/04\/CHT200110000.png","width":800,"height":800},{"@type":"WebPage","@id":"https:\/\/chemitool.com\/es\/products\/tools\/pintura-es\/paletina-popular\/#webpage","url":"https:\/\/chemitool.com\/es\/products\/tools\/pintura-es\/paletina-popular\/","name":"Paletina Popular &ndash; Chemitool","isPartOf":{"@id":"https:\/\/chemitool.com\/#website"},"primaryImageOfPage":{"@id":"https:\/\/chemitool.com\/es\/products\/tools\/pintura-es\/paletina-popular\/#primaryimage"},"datePublished":"2022-03-15T15:54:07+00:00","dateModified":"2022-07-05T14:08:45+00:00","description":"Paletina Popular CHEMITOOL es adecuada para todo tipo de pintura. Buena retenci\u00f3n de la pintura, buen rendimiento y acabado. Cepillo profesional de alta calidad. Para uso profesional con todo tipo de pinturas y barnices, tanto en agua como en disolvente. Mango ergon\u00f3mico de polipropileno altamente resistente. Fibra de cerda 100% natural de alta calidad. Cerdas regulares de igual longitud. Mejor carga, libera la pintura m\u00e1s lentamente. Construcci\u00f3n vulcanizada. F\u00e1cil de limpiar y de larga duraci\u00f3n.","breadcrumb":{"@id":"https:\/\/chemitool.com\/es\/products\/tools\/pintura-es\/paletina-popular\/#breadcrumb"},"inLanguage":"es","potentialAction":[{"@type":"ReadAction","target":["https:\/\/chemitool.com\/es\/products\/tools\/pintura-es\/paletina-popular\/"]}]},{"@type":"BreadcrumbList","@id":"https:\/\/chemitool.com\/es\/products\/tools\/pintura-es\/paletina-popular\/#breadcrumb","itemListElement":[{"@type":"ListItem","position":1,"name":"Home","item":"https:\/\/chemitool.com\/es\/"},{"@type":"ListItem","position":2,"name":"Productos","item":"https:\/\/chemitool.com\/es\/productos\/"},{"@type":"ListItem","position":3,"name":"CHEMICALS","item":"https:\/\/chemitool.com\/es\/categoria-producto\/chemicals\/"},{"@type":"ListItem","position":4,"name":"Paletina Popular"}]}]}},"_links":{"self":[{"href":"https:\/\/chemitool.com\/es\/wp-json\/wp\/v2\/product\/20097"}],"collection":[{"href":"https:\/\/chemitool.com\/es\/wp-json\/wp\/v2\/product"}],"about":[{"href":"https:\/\/chemitool.com\/es\/wp-json\/wp\/v2\/types\/product"}],"wp:featuredmedia":[{"embeddable":true,"href":"https:\/\/chemitool.com\/es\/wp-json\/wp\/v2\/media\/20839"}],"wp:attachment":[{"href":"https:\/\/chemitool.com\/es\/wp-json\/wp\/v2\/media?parent=20097"}],"wp:term":[{"taxonomy":"product_cat","embeddable":true,"href":"https:\/\/chemitool.com\/es\/wp-json\/wp\/v2\/product_cat?post=20097"},{"taxonomy":"product_tag","embeddable":true,"href":"https:\/\/chemitool.com\/es\/wp-json\/wp\/v2\/product_tag?post=20097"}],"curies":[{"name":"wp","href":"https:\/\/api.w.org\/{rel}","templated":true}]}}