{"id":19649,"date":"2022-03-02T15:30:16","date_gmt":"2022-03-02T15:30:24","guid":{"rendered":"https:\/\/chemitool.com\/?post_type=product&#038;p=19649"},"modified":"2023-07-26T16:41:25","modified_gmt":"2023-07-26T16:41:25","slug":"escalera-aluminio-simples","status":"publish","type":"product","link":"https:\/\/chemitool.com\/es\/products\/tools\/escaleras-y-escaleras-domesticas\/escaleras\/escalera-aluminio-simples\/","title":{"rendered":"ESCALERA ALUMINIO SIMPLES"},"content":{"rendered":"<ul>\n<li>Disponible de 2 a 6 metros<\/li>\n<li>Construido en tubo de aluminio de 65 mm x 25 mm<\/li>\n<li>Pasos en tubo de 28 mm x 28 mm con relieve antideslizante<\/li>\n<li>250 mm de distancia entre escalones<\/li>\n<li>Pelda\u00f1os firmemente empotrados en las secciones laterales<\/li>\n<li>Base estabilizadora con pies de goma antideslizantes a partir de 3 metros<\/li>\n<li>Topes de pl\u00e1stico en la parte superior de los perfiles<\/li>\n<li>Grado de inclinaci\u00f3n en uso &#8211; 65\u00ba a 75<\/li>\n<\/ul>\n<p><strong>Certificado com la norma europea EN131<\/strong><\/p>\n","protected":false},"excerpt":{"rendered":"<p><em>Escalera de Aluminio Simples CHEMITOOL <\/em>es un modelo cl\u00e1sico, muy resistente y f\u00e1cil de transportar. La escalera simple de aluminio permite su uso en espacios m\u00e1s estrechos. Ofrece gran estabilidad, robustez y seguridad en el trabajo. Es aconsejable comprobarlo antes de cada uso.<\/p>\n","protected":false},"featured_media":19653,"template":"","meta":[],"product_cat":[1456,3616,3596],"product_tag":[],"yoast_head":"<!-- This site is optimized with the Yoast SEO plugin v17.4 - https:\/\/yoast.com\/wordpress\/plugins\/seo\/ -->\n<title>ESCALERA ALUMINIO SIMPLES &ndash; Chemitool<\/title>\n<meta name=\"description\" content=\"Escalera de Aluminio Simples CHEMITOOL es un modelo cl\u00e1sico, muy resistente y f\u00e1cil de transportar. La escalera simple de aluminio permite su uso en espacios m\u00e1s estrechos. Ofrece gran estabilidad, robustez y seguridad en el trabajo. Es aconsejable comprobarlo antes de cada uso.\" \/>\n<meta name=\"robots\" content=\"index, follow, max-snippet:-1, max-image-preview:large, max-video-preview:-1\" \/>\n<link rel=\"canonical\" href=\"https:\/\/chemitool.com\/es\/products\/tools\/escaleras-y-escaleras-domesticas\/escaleras\/escalera-aluminio-simples\/\" \/>\n<meta property=\"og:locale\" content=\"es_ES\" \/>\n<meta property=\"og:type\" content=\"article\" \/>\n<meta property=\"og:title\" content=\"ESCALERA ALUMINIO SIMPLES &ndash; Chemitool\" \/>\n<meta property=\"og:description\" content=\"Escalera de Aluminio Simples CHEMITOOL es un modelo cl\u00e1sico, muy resistente y f\u00e1cil de transportar. La escalera simple de aluminio permite su uso en espacios m\u00e1s estrechos. Ofrece gran estabilidad, robustez y seguridad en el trabajo. Es aconsejable comprobarlo antes de cada uso.\" \/>\n<meta property=\"og:url\" content=\"https:\/\/chemitool.com\/es\/products\/tools\/escaleras-y-escaleras-domesticas\/escaleras\/escalera-aluminio-simples\/\" \/>\n<meta property=\"og:site_name\" content=\"Chemitool\" \/>\n<meta property=\"article:publisher\" content=\"https:\/\/www.facebook.com\/chemitool\" \/>\n<meta property=\"article:modified_time\" content=\"2023-07-26T16:41:25+00:00\" \/>\n<meta property=\"og:image\" content=\"https:\/\/chemitool.com\/wp-content\/uploads\/2022\/03\/chemitool-tools_cht200201010.png\" \/>\n\t<meta property=\"og:image:width\" content=\"800\" \/>\n\t<meta property=\"og:image:height\" content=\"800\" \/>\n<meta name=\"twitter:card\" content=\"summary_large_image\" \/>\n<script type=\"application\/ld+json\" class=\"yoast-schema-graph\">{\"@context\":\"https:\/\/schema.org\",\"@graph\":[{\"@type\":\"Organization\",\"@id\":\"https:\/\/chemitool.com\/#organization\",\"name\":\"Chemitool\",\"url\":\"https:\/\/chemitool.com\/\",\"sameAs\":[\"https:\/\/www.facebook.com\/chemitool\",\"https:\/\/www.instagram.com\/chemitool\/\"],\"logo\":{\"@type\":\"ImageObject\",\"@id\":\"https:\/\/chemitool.com\/#logo\",\"inLanguage\":\"es\",\"url\":\"https:\/\/chemitool.com\/wp-content\/uploads\/2020\/10\/logo_chemitool.png\",\"contentUrl\":\"https:\/\/chemitool.com\/wp-content\/uploads\/2020\/10\/logo_chemitool.png\",\"width\":400,\"height\":400,\"caption\":\"Chemitool\"},\"image\":{\"@id\":\"https:\/\/chemitool.com\/#logo\"}},{\"@type\":\"WebSite\",\"@id\":\"https:\/\/chemitool.com\/#website\",\"url\":\"https:\/\/chemitool.com\/\",\"name\":\"Chemitool\",\"description\":\"Chemitool - hardware and tools\",\"publisher\":{\"@id\":\"https:\/\/chemitool.com\/#organization\"},\"potentialAction\":[{\"@type\":\"SearchAction\",\"target\":{\"@type\":\"EntryPoint\",\"urlTemplate\":\"https:\/\/chemitool.com\/?s={search_term_string}\"},\"query-input\":\"required name=search_term_string\"}],\"inLanguage\":\"es\"},{\"@type\":\"ImageObject\",\"@id\":\"https:\/\/chemitool.com\/es\/products\/tools\/escaleras-y-escaleras-domesticas\/escaleras\/escalera-aluminio-simples\/#primaryimage\",\"inLanguage\":\"es\",\"url\":\"https:\/\/chemitool.com\/wp-content\/uploads\/2022\/03\/chemitool-tools_cht200201010.png\",\"contentUrl\":\"https:\/\/chemitool.com\/wp-content\/uploads\/2022\/03\/chemitool-tools_cht200201010.png\",\"width\":800,\"height\":800},{\"@type\":\"WebPage\",\"@id\":\"https:\/\/chemitool.com\/es\/products\/tools\/escaleras-y-escaleras-domesticas\/escaleras\/escalera-aluminio-simples\/#webpage\",\"url\":\"https:\/\/chemitool.com\/es\/products\/tools\/escaleras-y-escaleras-domesticas\/escaleras\/escalera-aluminio-simples\/\",\"name\":\"ESCALERA ALUMINIO SIMPLES &ndash; Chemitool\",\"isPartOf\":{\"@id\":\"https:\/\/chemitool.com\/#website\"},\"primaryImageOfPage\":{\"@id\":\"https:\/\/chemitool.com\/es\/products\/tools\/escaleras-y-escaleras-domesticas\/escaleras\/escalera-aluminio-simples\/#primaryimage\"},\"datePublished\":\"2022-03-02T15:30:24+00:00\",\"dateModified\":\"2023-07-26T16:41:25+00:00\",\"description\":\"Escalera de Aluminio Simples CHEMITOOL es un modelo cl\\u00e1sico, muy resistente y f\\u00e1cil de transportar. La escalera simple de aluminio permite su uso en espacios m\\u00e1s estrechos. Ofrece gran estabilidad, robustez y seguridad en el trabajo. Es aconsejable comprobarlo antes de cada uso.\",\"breadcrumb\":{\"@id\":\"https:\/\/chemitool.com\/es\/products\/tools\/escaleras-y-escaleras-domesticas\/escaleras\/escalera-aluminio-simples\/#breadcrumb\"},\"inLanguage\":\"es\",\"potentialAction\":[{\"@type\":\"ReadAction\",\"target\":[\"https:\/\/chemitool.com\/es\/products\/tools\/escaleras-y-escaleras-domesticas\/escaleras\/escalera-aluminio-simples\/\"]}]},{\"@type\":\"BreadcrumbList\",\"@id\":\"https:\/\/chemitool.com\/es\/products\/tools\/escaleras-y-escaleras-domesticas\/escaleras\/escalera-aluminio-simples\/#breadcrumb\",\"itemListElement\":[{\"@type\":\"ListItem\",\"position\":1,\"name\":\"Home\",\"item\":\"https:\/\/chemitool.com\/es\/\"},{\"@type\":\"ListItem\",\"position\":2,\"name\":\"Productos\",\"item\":\"https:\/\/chemitool.com\/es\/productos\/\"},{\"@type\":\"ListItem\",\"position\":3,\"name\":\"CHEMICALS\",\"item\":\"https:\/\/chemitool.com\/es\/categoria-producto\/chemicals\/\"},{\"@type\":\"ListItem\",\"position\":4,\"name\":\"ESCALERA ALUMINIO SIMPLES\"}]}]}<\/script>\n<!-- \/ Yoast SEO plugin. -->","yoast_head_json":{"title":"ESCALERA ALUMINIO SIMPLES &ndash; Chemitool","description":"Escalera de Aluminio Simples CHEMITOOL es un modelo cl\u00e1sico, muy resistente y f\u00e1cil de transportar. La escalera simple de aluminio permite su uso en espacios m\u00e1s estrechos. Ofrece gran estabilidad, robustez y seguridad en el trabajo. Es aconsejable comprobarlo antes de cada uso.","robots":{"index":"index","follow":"follow","max-snippet":"max-snippet:-1","max-image-preview":"max-image-preview:large","max-video-preview":"max-video-preview:-1"},"canonical":"https:\/\/chemitool.com\/es\/products\/tools\/escaleras-y-escaleras-domesticas\/escaleras\/escalera-aluminio-simples\/","og_locale":"es_ES","og_type":"article","og_title":"ESCALERA ALUMINIO SIMPLES &ndash; Chemitool","og_description":"Escalera de Aluminio Simples CHEMITOOL es un modelo cl\u00e1sico, muy resistente y f\u00e1cil de transportar. La escalera simple de aluminio permite su uso en espacios m\u00e1s estrechos. Ofrece gran estabilidad, robustez y seguridad en el trabajo. Es aconsejable comprobarlo antes de cada uso.","og_url":"https:\/\/chemitool.com\/es\/products\/tools\/escaleras-y-escaleras-domesticas\/escaleras\/escalera-aluminio-simples\/","og_site_name":"Chemitool","article_publisher":"https:\/\/www.facebook.com\/chemitool","article_modified_time":"2023-07-26T16:41:25+00:00","og_image":[{"width":800,"height":800,"url":"https:\/\/chemitool.com\/wp-content\/uploads\/2022\/03\/chemitool-tools_cht200201010.png","type":"image\/png"}],"twitter_card":"summary_large_image","schema":{"@context":"https:\/\/schema.org","@graph":[{"@type":"Organization","@id":"https:\/\/chemitool.com\/#organization","name":"Chemitool","url":"https:\/\/chemitool.com\/","sameAs":["https:\/\/www.facebook.com\/chemitool","https:\/\/www.instagram.com\/chemitool\/"],"logo":{"@type":"ImageObject","@id":"https:\/\/chemitool.com\/#logo","inLanguage":"es","url":"https:\/\/chemitool.com\/wp-content\/uploads\/2020\/10\/logo_chemitool.png","contentUrl":"https:\/\/chemitool.com\/wp-content\/uploads\/2020\/10\/logo_chemitool.png","width":400,"height":400,"caption":"Chemitool"},"image":{"@id":"https:\/\/chemitool.com\/#logo"}},{"@type":"WebSite","@id":"https:\/\/chemitool.com\/#website","url":"https:\/\/chemitool.com\/","name":"Chemitool","description":"Chemitool - hardware and tools","publisher":{"@id":"https:\/\/chemitool.com\/#organization"},"potentialAction":[{"@type":"SearchAction","target":{"@type":"EntryPoint","urlTemplate":"https:\/\/chemitool.com\/?s={search_term_string}"},"query-input":"required name=search_term_string"}],"inLanguage":"es"},{"@type":"ImageObject","@id":"https:\/\/chemitool.com\/es\/products\/tools\/escaleras-y-escaleras-domesticas\/escaleras\/escalera-aluminio-simples\/#primaryimage","inLanguage":"es","url":"https:\/\/chemitool.com\/wp-content\/uploads\/2022\/03\/chemitool-tools_cht200201010.png","contentUrl":"https:\/\/chemitool.com\/wp-content\/uploads\/2022\/03\/chemitool-tools_cht200201010.png","width":800,"height":800},{"@type":"WebPage","@id":"https:\/\/chemitool.com\/es\/products\/tools\/escaleras-y-escaleras-domesticas\/escaleras\/escalera-aluminio-simples\/#webpage","url":"https:\/\/chemitool.com\/es\/products\/tools\/escaleras-y-escaleras-domesticas\/escaleras\/escalera-aluminio-simples\/","name":"ESCALERA ALUMINIO SIMPLES &ndash; Chemitool","isPartOf":{"@id":"https:\/\/chemitool.com\/#website"},"primaryImageOfPage":{"@id":"https:\/\/chemitool.com\/es\/products\/tools\/escaleras-y-escaleras-domesticas\/escaleras\/escalera-aluminio-simples\/#primaryimage"},"datePublished":"2022-03-02T15:30:24+00:00","dateModified":"2023-07-26T16:41:25+00:00","description":"Escalera de Aluminio Simples CHEMITOOL es un modelo cl\u00e1sico, muy resistente y f\u00e1cil de transportar. La escalera simple de aluminio permite su uso en espacios m\u00e1s estrechos. Ofrece gran estabilidad, robustez y seguridad en el trabajo. Es aconsejable comprobarlo antes de cada uso.","breadcrumb":{"@id":"https:\/\/chemitool.com\/es\/products\/tools\/escaleras-y-escaleras-domesticas\/escaleras\/escalera-aluminio-simples\/#breadcrumb"},"inLanguage":"es","potentialAction":[{"@type":"ReadAction","target":["https:\/\/chemitool.com\/es\/products\/tools\/escaleras-y-escaleras-domesticas\/escaleras\/escalera-aluminio-simples\/"]}]},{"@type":"BreadcrumbList","@id":"https:\/\/chemitool.com\/es\/products\/tools\/escaleras-y-escaleras-domesticas\/escaleras\/escalera-aluminio-simples\/#breadcrumb","itemListElement":[{"@type":"ListItem","position":1,"name":"Home","item":"https:\/\/chemitool.com\/es\/"},{"@type":"ListItem","position":2,"name":"Productos","item":"https:\/\/chemitool.com\/es\/productos\/"},{"@type":"ListItem","position":3,"name":"CHEMICALS","item":"https:\/\/chemitool.com\/es\/categoria-producto\/chemicals\/"},{"@type":"ListItem","position":4,"name":"ESCALERA ALUMINIO SIMPLES"}]}]}},"_links":{"self":[{"href":"https:\/\/chemitool.com\/es\/wp-json\/wp\/v2\/product\/19649"}],"collection":[{"href":"https:\/\/chemitool.com\/es\/wp-json\/wp\/v2\/product"}],"about":[{"href":"https:\/\/chemitool.com\/es\/wp-json\/wp\/v2\/types\/product"}],"wp:featuredmedia":[{"embeddable":true,"href":"https:\/\/chemitool.com\/es\/wp-json\/wp\/v2\/media\/19653"}],"wp:attachment":[{"href":"https:\/\/chemitool.com\/es\/wp-json\/wp\/v2\/media?parent=19649"}],"wp:term":[{"taxonomy":"product_cat","embeddable":true,"href":"https:\/\/chemitool.com\/es\/wp-json\/wp\/v2\/product_cat?post=19649"},{"taxonomy":"product_tag","embeddable":true,"href":"https:\/\/chemitool.com\/es\/wp-json\/wp\/v2\/product_tag?post=19649"}],"curies":[{"name":"wp","href":"https:\/\/api.w.org\/{rel}","templated":true}]}}