{"id":19567,"date":"2022-02-28T17:13:27","date_gmt":"2022-02-28T17:13:34","guid":{"rendered":"https:\/\/chemitool.com\/?post_type=product&#038;p=19567"},"modified":"2022-07-05T10:54:27","modified_gmt":"2022-07-05T10:54:27","slug":"escalera-taburete-en-aluminio","status":"publish","type":"product","link":"https:\/\/chemitool.com\/es\/products\/tools\/escaleras-y-escaleras-domesticas\/escaleras-domesticas\/escalera-taburete-en-aluminio\/","title":{"rendered":"ESCALERA TABURETE EN ALUMINIO"},"content":{"rendered":"<ul>\n<li>Disponible en la versi\u00f3n de 2 y 3 pasos<\/li>\n<li>F\u00e1cil transporte y almacenamiento<\/li>\n<li>Uso pr\u00e1ctico Robusto y extremadamente ligero<\/li>\n<li>Parte superior antideslizante de acero tratado con un<br \/>\nsistema de bloqueo<\/li>\n<li>Pies de apoyo de PVC antideslizantes<\/li>\n<li>Sistema de seguridad sin bloqueo<\/li>\n<li>Pelda\u00f1o de aluminio antideslizante de 80 mm con<br \/>\ntapas de protecci\u00f3n<\/li>\n<li>Perfil frontal de aluminio 50 x 20 mm<\/li>\n<li>Perfil de aluminio trasero 33 x 20 mm<\/li>\n<\/ul>\n<p><strong>Certificado con la norma europea EN 131<\/strong><\/p>\n","protected":false},"excerpt":{"rendered":"<p><em>Escalera Taburete en Aluminio CHEMITOOL <\/em>para acceder r\u00e1pidamente a peque\u00f1as alturas. Taburete de aluminio con plataforma de polipropileno de alta resistencia. Ideal para uso dom\u00e9stico y trabajos a baja altura.<\/p>\n","protected":false},"featured_media":19585,"template":"","meta":[],"product_cat":[1456,3616,3608],"product_tag":[],"yoast_head":"<!-- This site is optimized with the Yoast SEO plugin v17.4 - https:\/\/yoast.com\/wordpress\/plugins\/seo\/ -->\n<title>ESCALERA TABURETE EN ALUMINIO &ndash; Chemitool<\/title>\n<meta name=\"description\" content=\"Escalera Taburete en Aluminio CHEMITOOL para acceder r\u00e1pidamente a peque\u00f1as alturas. Taburete de aluminio con plataforma de polipropileno de alta resistencia. Ideal para uso dom\u00e9stico y trabajos a baja altura.\" \/>\n<meta name=\"robots\" content=\"index, follow, max-snippet:-1, max-image-preview:large, max-video-preview:-1\" \/>\n<link rel=\"canonical\" href=\"https:\/\/chemitool.com\/es\/products\/tools\/escaleras-y-escaleras-domesticas\/escaleras-domesticas\/escalera-taburete-en-aluminio\/\" \/>\n<meta property=\"og:locale\" content=\"es_ES\" \/>\n<meta property=\"og:type\" content=\"article\" \/>\n<meta property=\"og:title\" content=\"ESCALERA TABURETE EN ALUMINIO &ndash; Chemitool\" \/>\n<meta property=\"og:description\" content=\"Escalera Taburete en Aluminio CHEMITOOL para acceder r\u00e1pidamente a peque\u00f1as alturas. Taburete de aluminio con plataforma de polipropileno de alta resistencia. Ideal para uso dom\u00e9stico y trabajos a baja altura.\" \/>\n<meta property=\"og:url\" content=\"https:\/\/chemitool.com\/es\/products\/tools\/escaleras-y-escaleras-domesticas\/escaleras-domesticas\/escalera-taburete-en-aluminio\/\" \/>\n<meta property=\"og:site_name\" content=\"Chemitool\" \/>\n<meta property=\"article:publisher\" content=\"https:\/\/www.facebook.com\/chemitool\" \/>\n<meta property=\"article:modified_time\" content=\"2022-07-05T10:54:27+00:00\" \/>\n<meta property=\"og:image\" content=\"https:\/\/chemitool.com\/wp-content\/uploads\/2022\/02\/chemitool-tools_cht200203050_.png\" \/>\n\t<meta property=\"og:image:width\" content=\"800\" \/>\n\t<meta property=\"og:image:height\" content=\"800\" \/>\n<meta name=\"twitter:card\" content=\"summary_large_image\" \/>\n<script type=\"application\/ld+json\" class=\"yoast-schema-graph\">{\"@context\":\"https:\/\/schema.org\",\"@graph\":[{\"@type\":\"Organization\",\"@id\":\"https:\/\/chemitool.com\/#organization\",\"name\":\"Chemitool\",\"url\":\"https:\/\/chemitool.com\/\",\"sameAs\":[\"https:\/\/www.facebook.com\/chemitool\",\"https:\/\/www.instagram.com\/chemitool\/\"],\"logo\":{\"@type\":\"ImageObject\",\"@id\":\"https:\/\/chemitool.com\/#logo\",\"inLanguage\":\"es\",\"url\":\"https:\/\/chemitool.com\/wp-content\/uploads\/2020\/10\/logo_chemitool.png\",\"contentUrl\":\"https:\/\/chemitool.com\/wp-content\/uploads\/2020\/10\/logo_chemitool.png\",\"width\":400,\"height\":400,\"caption\":\"Chemitool\"},\"image\":{\"@id\":\"https:\/\/chemitool.com\/#logo\"}},{\"@type\":\"WebSite\",\"@id\":\"https:\/\/chemitool.com\/#website\",\"url\":\"https:\/\/chemitool.com\/\",\"name\":\"Chemitool\",\"description\":\"Chemitool - hardware and tools\",\"publisher\":{\"@id\":\"https:\/\/chemitool.com\/#organization\"},\"potentialAction\":[{\"@type\":\"SearchAction\",\"target\":{\"@type\":\"EntryPoint\",\"urlTemplate\":\"https:\/\/chemitool.com\/?s={search_term_string}\"},\"query-input\":\"required name=search_term_string\"}],\"inLanguage\":\"es\"},{\"@type\":\"ImageObject\",\"@id\":\"https:\/\/chemitool.com\/es\/products\/tools\/escaleras-y-escaleras-domesticas\/escaleras-domesticas\/escalera-taburete-en-aluminio\/#primaryimage\",\"inLanguage\":\"es\",\"url\":\"https:\/\/chemitool.com\/wp-content\/uploads\/2022\/02\/chemitool-tools_cht200203050_.png\",\"contentUrl\":\"https:\/\/chemitool.com\/wp-content\/uploads\/2022\/02\/chemitool-tools_cht200203050_.png\",\"width\":800,\"height\":800},{\"@type\":\"WebPage\",\"@id\":\"https:\/\/chemitool.com\/es\/products\/tools\/escaleras-y-escaleras-domesticas\/escaleras-domesticas\/escalera-taburete-en-aluminio\/#webpage\",\"url\":\"https:\/\/chemitool.com\/es\/products\/tools\/escaleras-y-escaleras-domesticas\/escaleras-domesticas\/escalera-taburete-en-aluminio\/\",\"name\":\"ESCALERA TABURETE EN ALUMINIO &ndash; Chemitool\",\"isPartOf\":{\"@id\":\"https:\/\/chemitool.com\/#website\"},\"primaryImageOfPage\":{\"@id\":\"https:\/\/chemitool.com\/es\/products\/tools\/escaleras-y-escaleras-domesticas\/escaleras-domesticas\/escalera-taburete-en-aluminio\/#primaryimage\"},\"datePublished\":\"2022-02-28T17:13:34+00:00\",\"dateModified\":\"2022-07-05T10:54:27+00:00\",\"description\":\"Escalera Taburete en Aluminio CHEMITOOL para acceder r\\u00e1pidamente a peque\\u00f1as alturas. Taburete de aluminio con plataforma de polipropileno de alta resistencia. Ideal para uso dom\\u00e9stico y trabajos a baja altura.\",\"breadcrumb\":{\"@id\":\"https:\/\/chemitool.com\/es\/products\/tools\/escaleras-y-escaleras-domesticas\/escaleras-domesticas\/escalera-taburete-en-aluminio\/#breadcrumb\"},\"inLanguage\":\"es\",\"potentialAction\":[{\"@type\":\"ReadAction\",\"target\":[\"https:\/\/chemitool.com\/es\/products\/tools\/escaleras-y-escaleras-domesticas\/escaleras-domesticas\/escalera-taburete-en-aluminio\/\"]}]},{\"@type\":\"BreadcrumbList\",\"@id\":\"https:\/\/chemitool.com\/es\/products\/tools\/escaleras-y-escaleras-domesticas\/escaleras-domesticas\/escalera-taburete-en-aluminio\/#breadcrumb\",\"itemListElement\":[{\"@type\":\"ListItem\",\"position\":1,\"name\":\"Home\",\"item\":\"https:\/\/chemitool.com\/es\/\"},{\"@type\":\"ListItem\",\"position\":2,\"name\":\"Productos\",\"item\":\"https:\/\/chemitool.com\/es\/productos\/\"},{\"@type\":\"ListItem\",\"position\":3,\"name\":\"CHEMICALS\",\"item\":\"https:\/\/chemitool.com\/es\/categoria-producto\/chemicals\/\"},{\"@type\":\"ListItem\",\"position\":4,\"name\":\"ESCALERA TABURETE EN ALUMINIO\"}]}]}<\/script>\n<!-- \/ Yoast SEO plugin. -->","yoast_head_json":{"title":"ESCALERA TABURETE EN ALUMINIO &ndash; Chemitool","description":"Escalera Taburete en Aluminio CHEMITOOL para acceder r\u00e1pidamente a peque\u00f1as alturas. Taburete de aluminio con plataforma de polipropileno de alta resistencia. Ideal para uso dom\u00e9stico y trabajos a baja altura.","robots":{"index":"index","follow":"follow","max-snippet":"max-snippet:-1","max-image-preview":"max-image-preview:large","max-video-preview":"max-video-preview:-1"},"canonical":"https:\/\/chemitool.com\/es\/products\/tools\/escaleras-y-escaleras-domesticas\/escaleras-domesticas\/escalera-taburete-en-aluminio\/","og_locale":"es_ES","og_type":"article","og_title":"ESCALERA TABURETE EN ALUMINIO &ndash; Chemitool","og_description":"Escalera Taburete en Aluminio CHEMITOOL para acceder r\u00e1pidamente a peque\u00f1as alturas. Taburete de aluminio con plataforma de polipropileno de alta resistencia. Ideal para uso dom\u00e9stico y trabajos a baja altura.","og_url":"https:\/\/chemitool.com\/es\/products\/tools\/escaleras-y-escaleras-domesticas\/escaleras-domesticas\/escalera-taburete-en-aluminio\/","og_site_name":"Chemitool","article_publisher":"https:\/\/www.facebook.com\/chemitool","article_modified_time":"2022-07-05T10:54:27+00:00","og_image":[{"width":800,"height":800,"url":"https:\/\/chemitool.com\/wp-content\/uploads\/2022\/02\/chemitool-tools_cht200203050_.png","type":"image\/png"}],"twitter_card":"summary_large_image","schema":{"@context":"https:\/\/schema.org","@graph":[{"@type":"Organization","@id":"https:\/\/chemitool.com\/#organization","name":"Chemitool","url":"https:\/\/chemitool.com\/","sameAs":["https:\/\/www.facebook.com\/chemitool","https:\/\/www.instagram.com\/chemitool\/"],"logo":{"@type":"ImageObject","@id":"https:\/\/chemitool.com\/#logo","inLanguage":"es","url":"https:\/\/chemitool.com\/wp-content\/uploads\/2020\/10\/logo_chemitool.png","contentUrl":"https:\/\/chemitool.com\/wp-content\/uploads\/2020\/10\/logo_chemitool.png","width":400,"height":400,"caption":"Chemitool"},"image":{"@id":"https:\/\/chemitool.com\/#logo"}},{"@type":"WebSite","@id":"https:\/\/chemitool.com\/#website","url":"https:\/\/chemitool.com\/","name":"Chemitool","description":"Chemitool - hardware and tools","publisher":{"@id":"https:\/\/chemitool.com\/#organization"},"potentialAction":[{"@type":"SearchAction","target":{"@type":"EntryPoint","urlTemplate":"https:\/\/chemitool.com\/?s={search_term_string}"},"query-input":"required name=search_term_string"}],"inLanguage":"es"},{"@type":"ImageObject","@id":"https:\/\/chemitool.com\/es\/products\/tools\/escaleras-y-escaleras-domesticas\/escaleras-domesticas\/escalera-taburete-en-aluminio\/#primaryimage","inLanguage":"es","url":"https:\/\/chemitool.com\/wp-content\/uploads\/2022\/02\/chemitool-tools_cht200203050_.png","contentUrl":"https:\/\/chemitool.com\/wp-content\/uploads\/2022\/02\/chemitool-tools_cht200203050_.png","width":800,"height":800},{"@type":"WebPage","@id":"https:\/\/chemitool.com\/es\/products\/tools\/escaleras-y-escaleras-domesticas\/escaleras-domesticas\/escalera-taburete-en-aluminio\/#webpage","url":"https:\/\/chemitool.com\/es\/products\/tools\/escaleras-y-escaleras-domesticas\/escaleras-domesticas\/escalera-taburete-en-aluminio\/","name":"ESCALERA TABURETE EN ALUMINIO &ndash; Chemitool","isPartOf":{"@id":"https:\/\/chemitool.com\/#website"},"primaryImageOfPage":{"@id":"https:\/\/chemitool.com\/es\/products\/tools\/escaleras-y-escaleras-domesticas\/escaleras-domesticas\/escalera-taburete-en-aluminio\/#primaryimage"},"datePublished":"2022-02-28T17:13:34+00:00","dateModified":"2022-07-05T10:54:27+00:00","description":"Escalera Taburete en Aluminio CHEMITOOL para acceder r\u00e1pidamente a peque\u00f1as alturas. Taburete de aluminio con plataforma de polipropileno de alta resistencia. Ideal para uso dom\u00e9stico y trabajos a baja altura.","breadcrumb":{"@id":"https:\/\/chemitool.com\/es\/products\/tools\/escaleras-y-escaleras-domesticas\/escaleras-domesticas\/escalera-taburete-en-aluminio\/#breadcrumb"},"inLanguage":"es","potentialAction":[{"@type":"ReadAction","target":["https:\/\/chemitool.com\/es\/products\/tools\/escaleras-y-escaleras-domesticas\/escaleras-domesticas\/escalera-taburete-en-aluminio\/"]}]},{"@type":"BreadcrumbList","@id":"https:\/\/chemitool.com\/es\/products\/tools\/escaleras-y-escaleras-domesticas\/escaleras-domesticas\/escalera-taburete-en-aluminio\/#breadcrumb","itemListElement":[{"@type":"ListItem","position":1,"name":"Home","item":"https:\/\/chemitool.com\/es\/"},{"@type":"ListItem","position":2,"name":"Productos","item":"https:\/\/chemitool.com\/es\/productos\/"},{"@type":"ListItem","position":3,"name":"CHEMICALS","item":"https:\/\/chemitool.com\/es\/categoria-producto\/chemicals\/"},{"@type":"ListItem","position":4,"name":"ESCALERA TABURETE EN ALUMINIO"}]}]}},"_links":{"self":[{"href":"https:\/\/chemitool.com\/es\/wp-json\/wp\/v2\/product\/19567"}],"collection":[{"href":"https:\/\/chemitool.com\/es\/wp-json\/wp\/v2\/product"}],"about":[{"href":"https:\/\/chemitool.com\/es\/wp-json\/wp\/v2\/types\/product"}],"wp:featuredmedia":[{"embeddable":true,"href":"https:\/\/chemitool.com\/es\/wp-json\/wp\/v2\/media\/19585"}],"wp:attachment":[{"href":"https:\/\/chemitool.com\/es\/wp-json\/wp\/v2\/media?parent=19567"}],"wp:term":[{"taxonomy":"product_cat","embeddable":true,"href":"https:\/\/chemitool.com\/es\/wp-json\/wp\/v2\/product_cat?post=19567"},{"taxonomy":"product_tag","embeddable":true,"href":"https:\/\/chemitool.com\/es\/wp-json\/wp\/v2\/product_tag?post=19567"}],"curies":[{"name":"wp","href":"https:\/\/api.w.org\/{rel}","templated":true}]}}