{"id":19280,"date":"2022-02-17T16:53:42","date_gmt":"2022-02-17T16:53:35","guid":{"rendered":"https:\/\/chemitool.com\/?post_type=product&#038;p=19280"},"modified":"2022-07-05T10:05:52","modified_gmt":"2022-07-05T10:05:52","slug":"escalera-telescopica-de-aluminio","status":"publish","type":"product","link":"https:\/\/chemitool.com\/es\/products\/tools\/escaleras-y-escaleras-domesticas\/escaleras\/escalera-telescopica-de-aluminio\/","title":{"rendered":"ESCALERA TELESC\u00d3PICA DE ALUMINIO"},"content":{"rendered":"<ul>\n<li>Escalera telesc\u00f3pica de aluminio<\/li>\n<li>Disponible con 9 y 13 escaleras<\/li>\n<li>F\u00e1cil transporte y almacenamiento<\/li>\n<li>Tiene pulsadores de seguridad<\/li>\n<\/ul>\n<p><strong>Cumple la normative europea EN131<\/strong><\/p>\n","protected":false},"excerpt":{"rendered":"<p><em>Escalera Telesc\u00f3pica de Aluminio CHEMITOOL<\/em> es una escalera multifunci\u00f3n con cierre autom\u00e1tico. Apto para uso profesional y dom\u00e9stico. Permite trabajar con comodidad y seguridad. Los escalones son planos y antideslizantes. Dispone de un sistema de cierre autom\u00e1tico.<\/p>\n","protected":false},"featured_media":19334,"template":"","meta":[],"product_cat":[1456,3616,3596],"product_tag":[],"yoast_head":"<!-- This site is optimized with the Yoast SEO plugin v17.4 - https:\/\/yoast.com\/wordpress\/plugins\/seo\/ -->\n<title>ESCALERA TELESC\u00d3PICA DE ALUMINIO &ndash; Chemitool<\/title>\n<meta name=\"description\" content=\"Escalera Telesc\u00f3pica de Aluminio CHEMITOOL es una escalera multifunci\u00f3n con cierre autom\u00e1tico. Apto para uso profesional y dom\u00e9stico. Permite trabajar con comodidad y seguridad. Los escalones son planos y antideslizantes. Dispone de un sistema de cierre autom\u00e1tico.\" \/>\n<meta name=\"robots\" content=\"index, follow, max-snippet:-1, max-image-preview:large, max-video-preview:-1\" \/>\n<link rel=\"canonical\" href=\"https:\/\/chemitool.com\/es\/products\/tools\/escaleras-y-escaleras-domesticas\/escaleras\/escalera-telescopica-de-aluminio\/\" \/>\n<meta property=\"og:locale\" content=\"es_ES\" \/>\n<meta property=\"og:type\" content=\"article\" \/>\n<meta property=\"og:title\" content=\"ESCALERA TELESC\u00d3PICA DE ALUMINIO &ndash; Chemitool\" \/>\n<meta property=\"og:description\" content=\"Escalera Telesc\u00f3pica de Aluminio CHEMITOOL es una escalera multifunci\u00f3n con cierre autom\u00e1tico. Apto para uso profesional y dom\u00e9stico. Permite trabajar con comodidad y seguridad. Los escalones son planos y antideslizantes. Dispone de un sistema de cierre autom\u00e1tico.\" \/>\n<meta property=\"og:url\" content=\"https:\/\/chemitool.com\/es\/products\/tools\/escaleras-y-escaleras-domesticas\/escaleras\/escalera-telescopica-de-aluminio\/\" \/>\n<meta property=\"og:site_name\" content=\"Chemitool\" \/>\n<meta property=\"article:publisher\" content=\"https:\/\/www.facebook.com\/chemitool\" \/>\n<meta property=\"article:modified_time\" content=\"2022-07-05T10:05:52+00:00\" \/>\n<meta property=\"og:image\" content=\"https:\/\/chemitool.com\/wp-content\/uploads\/2022\/02\/CHT20020402-3.png\" \/>\n\t<meta property=\"og:image:width\" content=\"800\" \/>\n\t<meta property=\"og:image:height\" content=\"800\" \/>\n<meta name=\"twitter:card\" content=\"summary_large_image\" \/>\n<script type=\"application\/ld+json\" class=\"yoast-schema-graph\">{\"@context\":\"https:\/\/schema.org\",\"@graph\":[{\"@type\":\"Organization\",\"@id\":\"https:\/\/chemitool.com\/#organization\",\"name\":\"Chemitool\",\"url\":\"https:\/\/chemitool.com\/\",\"sameAs\":[\"https:\/\/www.facebook.com\/chemitool\",\"https:\/\/www.instagram.com\/chemitool\/\"],\"logo\":{\"@type\":\"ImageObject\",\"@id\":\"https:\/\/chemitool.com\/#logo\",\"inLanguage\":\"es\",\"url\":\"https:\/\/chemitool.com\/wp-content\/uploads\/2020\/10\/logo_chemitool.png\",\"contentUrl\":\"https:\/\/chemitool.com\/wp-content\/uploads\/2020\/10\/logo_chemitool.png\",\"width\":400,\"height\":400,\"caption\":\"Chemitool\"},\"image\":{\"@id\":\"https:\/\/chemitool.com\/#logo\"}},{\"@type\":\"WebSite\",\"@id\":\"https:\/\/chemitool.com\/#website\",\"url\":\"https:\/\/chemitool.com\/\",\"name\":\"Chemitool\",\"description\":\"Chemitool - hardware and tools\",\"publisher\":{\"@id\":\"https:\/\/chemitool.com\/#organization\"},\"potentialAction\":[{\"@type\":\"SearchAction\",\"target\":{\"@type\":\"EntryPoint\",\"urlTemplate\":\"https:\/\/chemitool.com\/?s={search_term_string}\"},\"query-input\":\"required name=search_term_string\"}],\"inLanguage\":\"es\"},{\"@type\":\"ImageObject\",\"@id\":\"https:\/\/chemitool.com\/es\/products\/tools\/escaleras-y-escaleras-domesticas\/escaleras\/escalera-telescopica-de-aluminio\/#primaryimage\",\"inLanguage\":\"es\",\"url\":\"https:\/\/chemitool.com\/wp-content\/uploads\/2022\/02\/CHT20020402-3.png\",\"contentUrl\":\"https:\/\/chemitool.com\/wp-content\/uploads\/2022\/02\/CHT20020402-3.png\",\"width\":800,\"height\":800},{\"@type\":\"WebPage\",\"@id\":\"https:\/\/chemitool.com\/es\/products\/tools\/escaleras-y-escaleras-domesticas\/escaleras\/escalera-telescopica-de-aluminio\/#webpage\",\"url\":\"https:\/\/chemitool.com\/es\/products\/tools\/escaleras-y-escaleras-domesticas\/escaleras\/escalera-telescopica-de-aluminio\/\",\"name\":\"ESCALERA TELESC\\u00d3PICA DE ALUMINIO &ndash; Chemitool\",\"isPartOf\":{\"@id\":\"https:\/\/chemitool.com\/#website\"},\"primaryImageOfPage\":{\"@id\":\"https:\/\/chemitool.com\/es\/products\/tools\/escaleras-y-escaleras-domesticas\/escaleras\/escalera-telescopica-de-aluminio\/#primaryimage\"},\"datePublished\":\"2022-02-17T16:53:35+00:00\",\"dateModified\":\"2022-07-05T10:05:52+00:00\",\"description\":\"Escalera Telesc\\u00f3pica de Aluminio CHEMITOOL es una escalera multifunci\\u00f3n con cierre autom\\u00e1tico. Apto para uso profesional y dom\\u00e9stico. Permite trabajar con comodidad y seguridad. Los escalones son planos y antideslizantes. Dispone de un sistema de cierre autom\\u00e1tico.\",\"breadcrumb\":{\"@id\":\"https:\/\/chemitool.com\/es\/products\/tools\/escaleras-y-escaleras-domesticas\/escaleras\/escalera-telescopica-de-aluminio\/#breadcrumb\"},\"inLanguage\":\"es\",\"potentialAction\":[{\"@type\":\"ReadAction\",\"target\":[\"https:\/\/chemitool.com\/es\/products\/tools\/escaleras-y-escaleras-domesticas\/escaleras\/escalera-telescopica-de-aluminio\/\"]}]},{\"@type\":\"BreadcrumbList\",\"@id\":\"https:\/\/chemitool.com\/es\/products\/tools\/escaleras-y-escaleras-domesticas\/escaleras\/escalera-telescopica-de-aluminio\/#breadcrumb\",\"itemListElement\":[{\"@type\":\"ListItem\",\"position\":1,\"name\":\"Home\",\"item\":\"https:\/\/chemitool.com\/es\/\"},{\"@type\":\"ListItem\",\"position\":2,\"name\":\"Productos\",\"item\":\"https:\/\/chemitool.com\/es\/productos\/\"},{\"@type\":\"ListItem\",\"position\":3,\"name\":\"CHEMICALS\",\"item\":\"https:\/\/chemitool.com\/es\/categoria-producto\/chemicals\/\"},{\"@type\":\"ListItem\",\"position\":4,\"name\":\"ESCALERA TELESC\\u00d3PICA DE ALUMINIO\"}]}]}<\/script>\n<!-- \/ Yoast SEO plugin. -->","yoast_head_json":{"title":"ESCALERA TELESC\u00d3PICA DE ALUMINIO &ndash; Chemitool","description":"Escalera Telesc\u00f3pica de Aluminio CHEMITOOL es una escalera multifunci\u00f3n con cierre autom\u00e1tico. Apto para uso profesional y dom\u00e9stico. Permite trabajar con comodidad y seguridad. Los escalones son planos y antideslizantes. Dispone de un sistema de cierre autom\u00e1tico.","robots":{"index":"index","follow":"follow","max-snippet":"max-snippet:-1","max-image-preview":"max-image-preview:large","max-video-preview":"max-video-preview:-1"},"canonical":"https:\/\/chemitool.com\/es\/products\/tools\/escaleras-y-escaleras-domesticas\/escaleras\/escalera-telescopica-de-aluminio\/","og_locale":"es_ES","og_type":"article","og_title":"ESCALERA TELESC\u00d3PICA DE ALUMINIO &ndash; Chemitool","og_description":"Escalera Telesc\u00f3pica de Aluminio CHEMITOOL es una escalera multifunci\u00f3n con cierre autom\u00e1tico. Apto para uso profesional y dom\u00e9stico. Permite trabajar con comodidad y seguridad. Los escalones son planos y antideslizantes. Dispone de un sistema de cierre autom\u00e1tico.","og_url":"https:\/\/chemitool.com\/es\/products\/tools\/escaleras-y-escaleras-domesticas\/escaleras\/escalera-telescopica-de-aluminio\/","og_site_name":"Chemitool","article_publisher":"https:\/\/www.facebook.com\/chemitool","article_modified_time":"2022-07-05T10:05:52+00:00","og_image":[{"width":800,"height":800,"url":"https:\/\/chemitool.com\/wp-content\/uploads\/2022\/02\/CHT20020402-3.png","type":"image\/png"}],"twitter_card":"summary_large_image","schema":{"@context":"https:\/\/schema.org","@graph":[{"@type":"Organization","@id":"https:\/\/chemitool.com\/#organization","name":"Chemitool","url":"https:\/\/chemitool.com\/","sameAs":["https:\/\/www.facebook.com\/chemitool","https:\/\/www.instagram.com\/chemitool\/"],"logo":{"@type":"ImageObject","@id":"https:\/\/chemitool.com\/#logo","inLanguage":"es","url":"https:\/\/chemitool.com\/wp-content\/uploads\/2020\/10\/logo_chemitool.png","contentUrl":"https:\/\/chemitool.com\/wp-content\/uploads\/2020\/10\/logo_chemitool.png","width":400,"height":400,"caption":"Chemitool"},"image":{"@id":"https:\/\/chemitool.com\/#logo"}},{"@type":"WebSite","@id":"https:\/\/chemitool.com\/#website","url":"https:\/\/chemitool.com\/","name":"Chemitool","description":"Chemitool - hardware and tools","publisher":{"@id":"https:\/\/chemitool.com\/#organization"},"potentialAction":[{"@type":"SearchAction","target":{"@type":"EntryPoint","urlTemplate":"https:\/\/chemitool.com\/?s={search_term_string}"},"query-input":"required name=search_term_string"}],"inLanguage":"es"},{"@type":"ImageObject","@id":"https:\/\/chemitool.com\/es\/products\/tools\/escaleras-y-escaleras-domesticas\/escaleras\/escalera-telescopica-de-aluminio\/#primaryimage","inLanguage":"es","url":"https:\/\/chemitool.com\/wp-content\/uploads\/2022\/02\/CHT20020402-3.png","contentUrl":"https:\/\/chemitool.com\/wp-content\/uploads\/2022\/02\/CHT20020402-3.png","width":800,"height":800},{"@type":"WebPage","@id":"https:\/\/chemitool.com\/es\/products\/tools\/escaleras-y-escaleras-domesticas\/escaleras\/escalera-telescopica-de-aluminio\/#webpage","url":"https:\/\/chemitool.com\/es\/products\/tools\/escaleras-y-escaleras-domesticas\/escaleras\/escalera-telescopica-de-aluminio\/","name":"ESCALERA TELESC\u00d3PICA DE ALUMINIO &ndash; Chemitool","isPartOf":{"@id":"https:\/\/chemitool.com\/#website"},"primaryImageOfPage":{"@id":"https:\/\/chemitool.com\/es\/products\/tools\/escaleras-y-escaleras-domesticas\/escaleras\/escalera-telescopica-de-aluminio\/#primaryimage"},"datePublished":"2022-02-17T16:53:35+00:00","dateModified":"2022-07-05T10:05:52+00:00","description":"Escalera Telesc\u00f3pica de Aluminio CHEMITOOL es una escalera multifunci\u00f3n con cierre autom\u00e1tico. Apto para uso profesional y dom\u00e9stico. Permite trabajar con comodidad y seguridad. Los escalones son planos y antideslizantes. Dispone de un sistema de cierre autom\u00e1tico.","breadcrumb":{"@id":"https:\/\/chemitool.com\/es\/products\/tools\/escaleras-y-escaleras-domesticas\/escaleras\/escalera-telescopica-de-aluminio\/#breadcrumb"},"inLanguage":"es","potentialAction":[{"@type":"ReadAction","target":["https:\/\/chemitool.com\/es\/products\/tools\/escaleras-y-escaleras-domesticas\/escaleras\/escalera-telescopica-de-aluminio\/"]}]},{"@type":"BreadcrumbList","@id":"https:\/\/chemitool.com\/es\/products\/tools\/escaleras-y-escaleras-domesticas\/escaleras\/escalera-telescopica-de-aluminio\/#breadcrumb","itemListElement":[{"@type":"ListItem","position":1,"name":"Home","item":"https:\/\/chemitool.com\/es\/"},{"@type":"ListItem","position":2,"name":"Productos","item":"https:\/\/chemitool.com\/es\/productos\/"},{"@type":"ListItem","position":3,"name":"CHEMICALS","item":"https:\/\/chemitool.com\/es\/categoria-producto\/chemicals\/"},{"@type":"ListItem","position":4,"name":"ESCALERA TELESC\u00d3PICA DE ALUMINIO"}]}]}},"_links":{"self":[{"href":"https:\/\/chemitool.com\/es\/wp-json\/wp\/v2\/product\/19280"}],"collection":[{"href":"https:\/\/chemitool.com\/es\/wp-json\/wp\/v2\/product"}],"about":[{"href":"https:\/\/chemitool.com\/es\/wp-json\/wp\/v2\/types\/product"}],"wp:featuredmedia":[{"embeddable":true,"href":"https:\/\/chemitool.com\/es\/wp-json\/wp\/v2\/media\/19334"}],"wp:attachment":[{"href":"https:\/\/chemitool.com\/es\/wp-json\/wp\/v2\/media?parent=19280"}],"wp:term":[{"taxonomy":"product_cat","embeddable":true,"href":"https:\/\/chemitool.com\/es\/wp-json\/wp\/v2\/product_cat?post=19280"},{"taxonomy":"product_tag","embeddable":true,"href":"https:\/\/chemitool.com\/es\/wp-json\/wp\/v2\/product_tag?post=19280"}],"curies":[{"name":"wp","href":"https:\/\/api.w.org\/{rel}","templated":true}]}}