{"id":19034,"date":"2022-01-31T09:44:16","date_gmt":"2022-01-31T09:44:16","guid":{"rendered":"https:\/\/chemitool.com\/?post_type=product&#038;p=19034"},"modified":"2024-01-24T11:57:12","modified_gmt":"2024-01-24T11:57:12","slug":"cargador-de-baterias-booster-600","status":"publish","type":"product","link":"https:\/\/chemitool.com\/es\/products\/automotive-4\/cargadores-de-baterias\/cargador-de-baterias-booster-600\/","title":{"rendered":"CARGADOR DE BATER\u00cdAS BOOSTER 600"},"content":{"rendered":"<ul>\n<li>Fuente de alimentaci\u00f3n monof\u00e1sica<\/li>\n<li>Para bater\u00edas de 12 V y 24 V<\/li>\n<li>Amper\u00edmetro<\/li>\n<\/ul>\n<p><strong>CAMPOS DE APLICACI\u00d3N<\/strong><\/p>\n<ul>\n<li>Talleres mec\u00e2nicos<\/li>\n<li>Astilleros<\/li>\n<\/ul>\n","protected":false},"excerpt":{"rendered":"<p><b class=\"sap-label\">SAP:<\/b> <span class=\"codesap-label\"> CHU020103101600 <\/span><\/p>\n<p><em>Cargador de bater\u00edas monof\u00e1sico Booster port\u00e1til 600 CHEMITOOL <\/em>para veh\u00edculos ligeros y pesados.Con tensi\u00f3n de entrada de 230V y tensi\u00f3n de carga de 12\/24V. Protegido contra la sobrecarga y la inversi\u00f3n de polaridad. Equipado con amper\u00edmetro y varios enchufes disponibles. Posibilidad de uso en condiciones adversas: IP23C.<\/p>\n","protected":false},"featured_media":37105,"template":"","meta":[],"product_cat":[1431,3551],"product_tag":[3557],"yoast_head":"<!-- This site is optimized with the Yoast SEO plugin v17.4 - https:\/\/yoast.com\/wordpress\/plugins\/seo\/ -->\n<title>CARGADOR DE BATER\u00cdAS BOOSTER 600 &ndash; Chemitool<\/title>\n<meta name=\"description\" content=\"SAP: CHU020103101600   Cargador de bater\u00edas monof\u00e1sico Booster port\u00e1til 600 CHEMITOOL para veh\u00edculos ligeros y pesados.Con tensi\u00f3n de entrada de 230V y tensi\u00f3n de carga de 12\/24V. Protegido contra la sobrecarga y la inversi\u00f3n de polaridad. Equipado con amper\u00edmetro y varios enchufes disponibles. Posibilidad de uso en condiciones adversas: IP23C.\" \/>\n<meta name=\"robots\" content=\"index, follow, max-snippet:-1, max-image-preview:large, max-video-preview:-1\" \/>\n<link rel=\"canonical\" href=\"https:\/\/chemitool.com\/es\/products\/automotive-4\/cargadores-de-baterias\/cargador-de-baterias-booster-600\/\" \/>\n<meta property=\"og:locale\" content=\"es_ES\" \/>\n<meta property=\"og:type\" content=\"article\" \/>\n<meta property=\"og:title\" content=\"CARGADOR DE BATER\u00cdAS BOOSTER 600 &ndash; Chemitool\" \/>\n<meta property=\"og:description\" content=\"SAP: CHU020103101600   Cargador de bater\u00edas monof\u00e1sico Booster port\u00e1til 600 CHEMITOOL para veh\u00edculos ligeros y pesados.Con tensi\u00f3n de entrada de 230V y tensi\u00f3n de carga de 12\/24V. Protegido contra la sobrecarga y la inversi\u00f3n de polaridad. Equipado con amper\u00edmetro y varios enchufes disponibles. Posibilidad de uso en condiciones adversas: IP23C.\" \/>\n<meta property=\"og:url\" content=\"https:\/\/chemitool.com\/es\/products\/automotive-4\/cargadores-de-baterias\/cargador-de-baterias-booster-600\/\" \/>\n<meta property=\"og:site_name\" content=\"Chemitool\" \/>\n<meta property=\"article:publisher\" content=\"https:\/\/www.facebook.com\/chemitool\" \/>\n<meta property=\"article:modified_time\" content=\"2024-01-24T11:57:12+00:00\" \/>\n<meta property=\"og:image\" content=\"https:\/\/chemitool.com\/wp-content\/uploads\/2024\/01\/CHU020103101600_1_web.png\" \/>\n\t<meta property=\"og:image:width\" content=\"800\" \/>\n\t<meta property=\"og:image:height\" content=\"800\" \/>\n<meta name=\"twitter:card\" content=\"summary_large_image\" \/>\n<script type=\"application\/ld+json\" class=\"yoast-schema-graph\">{\"@context\":\"https:\/\/schema.org\",\"@graph\":[{\"@type\":\"Organization\",\"@id\":\"https:\/\/chemitool.com\/#organization\",\"name\":\"Chemitool\",\"url\":\"https:\/\/chemitool.com\/\",\"sameAs\":[\"https:\/\/www.facebook.com\/chemitool\",\"https:\/\/www.instagram.com\/chemitool\/\"],\"logo\":{\"@type\":\"ImageObject\",\"@id\":\"https:\/\/chemitool.com\/#logo\",\"inLanguage\":\"es\",\"url\":\"https:\/\/chemitool.com\/wp-content\/uploads\/2020\/10\/logo_chemitool.png\",\"contentUrl\":\"https:\/\/chemitool.com\/wp-content\/uploads\/2020\/10\/logo_chemitool.png\",\"width\":400,\"height\":400,\"caption\":\"Chemitool\"},\"image\":{\"@id\":\"https:\/\/chemitool.com\/#logo\"}},{\"@type\":\"WebSite\",\"@id\":\"https:\/\/chemitool.com\/#website\",\"url\":\"https:\/\/chemitool.com\/\",\"name\":\"Chemitool\",\"description\":\"Chemitool - hardware and tools\",\"publisher\":{\"@id\":\"https:\/\/chemitool.com\/#organization\"},\"potentialAction\":[{\"@type\":\"SearchAction\",\"target\":{\"@type\":\"EntryPoint\",\"urlTemplate\":\"https:\/\/chemitool.com\/?s={search_term_string}\"},\"query-input\":\"required name=search_term_string\"}],\"inLanguage\":\"es\"},{\"@type\":\"ImageObject\",\"@id\":\"https:\/\/chemitool.com\/es\/products\/automotive-4\/cargadores-de-baterias\/cargador-de-baterias-booster-600\/#primaryimage\",\"inLanguage\":\"es\",\"url\":\"https:\/\/chemitool.com\/wp-content\/uploads\/2024\/01\/CHU020103101600_1_web.png\",\"contentUrl\":\"https:\/\/chemitool.com\/wp-content\/uploads\/2024\/01\/CHU020103101600_1_web.png\",\"width\":800,\"height\":800},{\"@type\":\"WebPage\",\"@id\":\"https:\/\/chemitool.com\/es\/products\/automotive-4\/cargadores-de-baterias\/cargador-de-baterias-booster-600\/#webpage\",\"url\":\"https:\/\/chemitool.com\/es\/products\/automotive-4\/cargadores-de-baterias\/cargador-de-baterias-booster-600\/\",\"name\":\"CARGADOR DE BATER\\u00cdAS BOOSTER 600 &ndash; Chemitool\",\"isPartOf\":{\"@id\":\"https:\/\/chemitool.com\/#website\"},\"primaryImageOfPage\":{\"@id\":\"https:\/\/chemitool.com\/es\/products\/automotive-4\/cargadores-de-baterias\/cargador-de-baterias-booster-600\/#primaryimage\"},\"datePublished\":\"2022-01-31T09:44:16+00:00\",\"dateModified\":\"2024-01-24T11:57:12+00:00\",\"description\":\"SAP: CHU020103101600 Cargador de bater\\u00edas monof\\u00e1sico Booster port\\u00e1til 600 CHEMITOOL para veh\\u00edculos ligeros y pesados.Con tensi\\u00f3n de entrada de 230V y tensi\\u00f3n de carga de 12\/24V. Protegido contra la sobrecarga y la inversi\\u00f3n de polaridad. Equipado con amper\\u00edmetro y varios enchufes disponibles. Posibilidad de uso en condiciones adversas: IP23C.\",\"breadcrumb\":{\"@id\":\"https:\/\/chemitool.com\/es\/products\/automotive-4\/cargadores-de-baterias\/cargador-de-baterias-booster-600\/#breadcrumb\"},\"inLanguage\":\"es\",\"potentialAction\":[{\"@type\":\"ReadAction\",\"target\":[\"https:\/\/chemitool.com\/es\/products\/automotive-4\/cargadores-de-baterias\/cargador-de-baterias-booster-600\/\"]}]},{\"@type\":\"BreadcrumbList\",\"@id\":\"https:\/\/chemitool.com\/es\/products\/automotive-4\/cargadores-de-baterias\/cargador-de-baterias-booster-600\/#breadcrumb\",\"itemListElement\":[{\"@type\":\"ListItem\",\"position\":1,\"name\":\"Home\",\"item\":\"https:\/\/chemitool.com\/es\/\"},{\"@type\":\"ListItem\",\"position\":2,\"name\":\"Productos\",\"item\":\"https:\/\/chemitool.com\/es\/productos\/\"},{\"@type\":\"ListItem\",\"position\":3,\"name\":\"CHEMICALS\",\"item\":\"https:\/\/chemitool.com\/es\/categoria-producto\/chemicals\/\"},{\"@type\":\"ListItem\",\"position\":4,\"name\":\"CARGADOR DE BATER\\u00cdAS BOOSTER 600\"}]}]}<\/script>\n<!-- \/ Yoast SEO plugin. -->","yoast_head_json":{"title":"CARGADOR DE BATER\u00cdAS BOOSTER 600 &ndash; Chemitool","description":"SAP: CHU020103101600   Cargador de bater\u00edas monof\u00e1sico Booster port\u00e1til 600 CHEMITOOL para veh\u00edculos ligeros y pesados.Con tensi\u00f3n de entrada de 230V y tensi\u00f3n de carga de 12\/24V. Protegido contra la sobrecarga y la inversi\u00f3n de polaridad. Equipado con amper\u00edmetro y varios enchufes disponibles. Posibilidad de uso en condiciones adversas: IP23C.","robots":{"index":"index","follow":"follow","max-snippet":"max-snippet:-1","max-image-preview":"max-image-preview:large","max-video-preview":"max-video-preview:-1"},"canonical":"https:\/\/chemitool.com\/es\/products\/automotive-4\/cargadores-de-baterias\/cargador-de-baterias-booster-600\/","og_locale":"es_ES","og_type":"article","og_title":"CARGADOR DE BATER\u00cdAS BOOSTER 600 &ndash; Chemitool","og_description":"SAP: CHU020103101600   Cargador de bater\u00edas monof\u00e1sico Booster port\u00e1til 600 CHEMITOOL para veh\u00edculos ligeros y pesados.Con tensi\u00f3n de entrada de 230V y tensi\u00f3n de carga de 12\/24V. Protegido contra la sobrecarga y la inversi\u00f3n de polaridad. Equipado con amper\u00edmetro y varios enchufes disponibles. Posibilidad de uso en condiciones adversas: IP23C.","og_url":"https:\/\/chemitool.com\/es\/products\/automotive-4\/cargadores-de-baterias\/cargador-de-baterias-booster-600\/","og_site_name":"Chemitool","article_publisher":"https:\/\/www.facebook.com\/chemitool","article_modified_time":"2024-01-24T11:57:12+00:00","og_image":[{"width":800,"height":800,"url":"https:\/\/chemitool.com\/wp-content\/uploads\/2024\/01\/CHU020103101600_1_web.png","type":"image\/png"}],"twitter_card":"summary_large_image","schema":{"@context":"https:\/\/schema.org","@graph":[{"@type":"Organization","@id":"https:\/\/chemitool.com\/#organization","name":"Chemitool","url":"https:\/\/chemitool.com\/","sameAs":["https:\/\/www.facebook.com\/chemitool","https:\/\/www.instagram.com\/chemitool\/"],"logo":{"@type":"ImageObject","@id":"https:\/\/chemitool.com\/#logo","inLanguage":"es","url":"https:\/\/chemitool.com\/wp-content\/uploads\/2020\/10\/logo_chemitool.png","contentUrl":"https:\/\/chemitool.com\/wp-content\/uploads\/2020\/10\/logo_chemitool.png","width":400,"height":400,"caption":"Chemitool"},"image":{"@id":"https:\/\/chemitool.com\/#logo"}},{"@type":"WebSite","@id":"https:\/\/chemitool.com\/#website","url":"https:\/\/chemitool.com\/","name":"Chemitool","description":"Chemitool - hardware and tools","publisher":{"@id":"https:\/\/chemitool.com\/#organization"},"potentialAction":[{"@type":"SearchAction","target":{"@type":"EntryPoint","urlTemplate":"https:\/\/chemitool.com\/?s={search_term_string}"},"query-input":"required name=search_term_string"}],"inLanguage":"es"},{"@type":"ImageObject","@id":"https:\/\/chemitool.com\/es\/products\/automotive-4\/cargadores-de-baterias\/cargador-de-baterias-booster-600\/#primaryimage","inLanguage":"es","url":"https:\/\/chemitool.com\/wp-content\/uploads\/2024\/01\/CHU020103101600_1_web.png","contentUrl":"https:\/\/chemitool.com\/wp-content\/uploads\/2024\/01\/CHU020103101600_1_web.png","width":800,"height":800},{"@type":"WebPage","@id":"https:\/\/chemitool.com\/es\/products\/automotive-4\/cargadores-de-baterias\/cargador-de-baterias-booster-600\/#webpage","url":"https:\/\/chemitool.com\/es\/products\/automotive-4\/cargadores-de-baterias\/cargador-de-baterias-booster-600\/","name":"CARGADOR DE BATER\u00cdAS BOOSTER 600 &ndash; Chemitool","isPartOf":{"@id":"https:\/\/chemitool.com\/#website"},"primaryImageOfPage":{"@id":"https:\/\/chemitool.com\/es\/products\/automotive-4\/cargadores-de-baterias\/cargador-de-baterias-booster-600\/#primaryimage"},"datePublished":"2022-01-31T09:44:16+00:00","dateModified":"2024-01-24T11:57:12+00:00","description":"SAP: CHU020103101600 Cargador de bater\u00edas monof\u00e1sico Booster port\u00e1til 600 CHEMITOOL para veh\u00edculos ligeros y pesados.Con tensi\u00f3n de entrada de 230V y tensi\u00f3n de carga de 12\/24V. Protegido contra la sobrecarga y la inversi\u00f3n de polaridad. Equipado con amper\u00edmetro y varios enchufes disponibles. Posibilidad de uso en condiciones adversas: IP23C.","breadcrumb":{"@id":"https:\/\/chemitool.com\/es\/products\/automotive-4\/cargadores-de-baterias\/cargador-de-baterias-booster-600\/#breadcrumb"},"inLanguage":"es","potentialAction":[{"@type":"ReadAction","target":["https:\/\/chemitool.com\/es\/products\/automotive-4\/cargadores-de-baterias\/cargador-de-baterias-booster-600\/"]}]},{"@type":"BreadcrumbList","@id":"https:\/\/chemitool.com\/es\/products\/automotive-4\/cargadores-de-baterias\/cargador-de-baterias-booster-600\/#breadcrumb","itemListElement":[{"@type":"ListItem","position":1,"name":"Home","item":"https:\/\/chemitool.com\/es\/"},{"@type":"ListItem","position":2,"name":"Productos","item":"https:\/\/chemitool.com\/es\/productos\/"},{"@type":"ListItem","position":3,"name":"CHEMICALS","item":"https:\/\/chemitool.com\/es\/categoria-producto\/chemicals\/"},{"@type":"ListItem","position":4,"name":"CARGADOR DE BATER\u00cdAS BOOSTER 600"}]}]}},"_links":{"self":[{"href":"https:\/\/chemitool.com\/es\/wp-json\/wp\/v2\/product\/19034"}],"collection":[{"href":"https:\/\/chemitool.com\/es\/wp-json\/wp\/v2\/product"}],"about":[{"href":"https:\/\/chemitool.com\/es\/wp-json\/wp\/v2\/types\/product"}],"wp:featuredmedia":[{"embeddable":true,"href":"https:\/\/chemitool.com\/es\/wp-json\/wp\/v2\/media\/37105"}],"wp:attachment":[{"href":"https:\/\/chemitool.com\/es\/wp-json\/wp\/v2\/media?parent=19034"}],"wp:term":[{"taxonomy":"product_cat","embeddable":true,"href":"https:\/\/chemitool.com\/es\/wp-json\/wp\/v2\/product_cat?post=19034"},{"taxonomy":"product_tag","embeddable":true,"href":"https:\/\/chemitool.com\/es\/wp-json\/wp\/v2\/product_tag?post=19034"}],"curies":[{"name":"wp","href":"https:\/\/api.w.org\/{rel}","templated":true}]}}