{"id":18640,"date":"2022-01-07T11:39:41","date_gmt":"2022-01-07T11:39:41","guid":{"rendered":"https:\/\/chemitool.com\/?post_type=product&#038;p=18640"},"modified":"2022-10-19T13:56:02","modified_gmt":"2022-10-19T13:56:02","slug":"chaqueta-canon-1","status":"publish","type":"product","link":"https:\/\/chemitool.com\/es\/products\/safety\/ropa-tecnica\/alta-visibilidad\/chaqueta-canon-1\/","title":{"rendered":"CHAQUETA CANON 1"},"content":{"rendered":"<ul>\n<li>Alta visibilidad<\/li>\n<li>Pu\u00f1os acanalados<\/li>\n<li>100% algod\u00f3n<\/li>\n<\/ul>\n<p>&nbsp;<\/p>\n<p><img class=\"alignnone  wp-image-18666\" src=\"https:\/\/chemitool.com\/wp-content\/uploads\/2022\/01\/CE_CAT2.png\" alt=\"\" width=\"81\" height=\"91\" \/><img class=\"alignnone  wp-image-18663\" src=\"https:\/\/chemitool.com\/wp-content\/uploads\/2022\/01\/EN-ISO-20471_1.png\" alt=\"\" width=\"81\" height=\"93\" \/><\/p>\n","protected":false},"excerpt":{"rendered":"<p><em>Chaqueta Canon 1 CHEMITOOL<\/em> bicolor de alta visibilidad con cremallera central, 2 bolsillos en el pecho con cremallera, fuelles traseros el\u00e1sticos en la cintura, pu\u00f1os de canal\u00e9. Tiene 2 bandas reflectantes en el torso y las mangas.<\/p>\n","protected":false},"featured_media":18674,"template":"","meta":[],"product_cat":[1454,3453,3462],"product_tag":[],"yoast_head":"<!-- This site is optimized with the Yoast SEO plugin v17.4 - https:\/\/yoast.com\/wordpress\/plugins\/seo\/ -->\n<title>CHAQUETA CANON 1 &ndash; Chemitool<\/title>\n<meta name=\"description\" content=\"Chaqueta Canon 1 CHEMITOOL bicolor de alta visibilidad con cremallera central, 2 bolsillos en el pecho con cremallera, fuelles traseros el\u00e1sticos en la cintura, pu\u00f1os de canal\u00e9. Tiene 2 bandas reflectantes en el torso y las mangas.\" \/>\n<meta name=\"robots\" content=\"index, follow, max-snippet:-1, max-image-preview:large, max-video-preview:-1\" \/>\n<link rel=\"canonical\" href=\"https:\/\/chemitool.com\/es\/products\/safety\/ropa-tecnica\/alta-visibilidad\/chaqueta-canon-1\/\" \/>\n<meta property=\"og:locale\" content=\"es_ES\" \/>\n<meta property=\"og:type\" content=\"article\" \/>\n<meta property=\"og:title\" content=\"CHAQUETA CANON 1 &ndash; Chemitool\" \/>\n<meta property=\"og:description\" content=\"Chaqueta Canon 1 CHEMITOOL bicolor de alta visibilidad con cremallera central, 2 bolsillos en el pecho con cremallera, fuelles traseros el\u00e1sticos en la cintura, pu\u00f1os de canal\u00e9. Tiene 2 bandas reflectantes en el torso y las mangas.\" \/>\n<meta property=\"og:url\" content=\"https:\/\/chemitool.com\/es\/products\/safety\/ropa-tecnica\/alta-visibilidad\/chaqueta-canon-1\/\" \/>\n<meta property=\"og:site_name\" content=\"Chemitool\" \/>\n<meta property=\"article:publisher\" content=\"https:\/\/www.facebook.com\/chemitool\" \/>\n<meta property=\"article:modified_time\" content=\"2022-10-19T13:56:02+00:00\" \/>\n<meta property=\"og:image\" content=\"https:\/\/chemitool.com\/wp-content\/uploads\/2022\/01\/CHS100603-1.png\" \/>\n\t<meta property=\"og:image:width\" content=\"800\" \/>\n\t<meta property=\"og:image:height\" content=\"800\" \/>\n<meta name=\"twitter:card\" content=\"summary_large_image\" \/>\n<script type=\"application\/ld+json\" class=\"yoast-schema-graph\">{\"@context\":\"https:\/\/schema.org\",\"@graph\":[{\"@type\":\"Organization\",\"@id\":\"https:\/\/chemitool.com\/#organization\",\"name\":\"Chemitool\",\"url\":\"https:\/\/chemitool.com\/\",\"sameAs\":[\"https:\/\/www.facebook.com\/chemitool\",\"https:\/\/www.instagram.com\/chemitool\/\"],\"logo\":{\"@type\":\"ImageObject\",\"@id\":\"https:\/\/chemitool.com\/#logo\",\"inLanguage\":\"es\",\"url\":\"https:\/\/chemitool.com\/wp-content\/uploads\/2020\/10\/logo_chemitool.png\",\"contentUrl\":\"https:\/\/chemitool.com\/wp-content\/uploads\/2020\/10\/logo_chemitool.png\",\"width\":400,\"height\":400,\"caption\":\"Chemitool\"},\"image\":{\"@id\":\"https:\/\/chemitool.com\/#logo\"}},{\"@type\":\"WebSite\",\"@id\":\"https:\/\/chemitool.com\/#website\",\"url\":\"https:\/\/chemitool.com\/\",\"name\":\"Chemitool\",\"description\":\"Chemitool - hardware and tools\",\"publisher\":{\"@id\":\"https:\/\/chemitool.com\/#organization\"},\"potentialAction\":[{\"@type\":\"SearchAction\",\"target\":{\"@type\":\"EntryPoint\",\"urlTemplate\":\"https:\/\/chemitool.com\/?s={search_term_string}\"},\"query-input\":\"required name=search_term_string\"}],\"inLanguage\":\"es\"},{\"@type\":\"ImageObject\",\"@id\":\"https:\/\/chemitool.com\/es\/products\/safety\/ropa-tecnica\/alta-visibilidad\/chaqueta-canon-1\/#primaryimage\",\"inLanguage\":\"es\",\"url\":\"https:\/\/chemitool.com\/wp-content\/uploads\/2022\/01\/CHS100603-1.png\",\"contentUrl\":\"https:\/\/chemitool.com\/wp-content\/uploads\/2022\/01\/CHS100603-1.png\",\"width\":800,\"height\":800},{\"@type\":\"WebPage\",\"@id\":\"https:\/\/chemitool.com\/es\/products\/safety\/ropa-tecnica\/alta-visibilidad\/chaqueta-canon-1\/#webpage\",\"url\":\"https:\/\/chemitool.com\/es\/products\/safety\/ropa-tecnica\/alta-visibilidad\/chaqueta-canon-1\/\",\"name\":\"CHAQUETA CANON 1 &ndash; Chemitool\",\"isPartOf\":{\"@id\":\"https:\/\/chemitool.com\/#website\"},\"primaryImageOfPage\":{\"@id\":\"https:\/\/chemitool.com\/es\/products\/safety\/ropa-tecnica\/alta-visibilidad\/chaqueta-canon-1\/#primaryimage\"},\"datePublished\":\"2022-01-07T11:39:41+00:00\",\"dateModified\":\"2022-10-19T13:56:02+00:00\",\"description\":\"Chaqueta Canon 1 CHEMITOOL bicolor de alta visibilidad con cremallera central, 2 bolsillos en el pecho con cremallera, fuelles traseros el\\u00e1sticos en la cintura, pu\\u00f1os de canal\\u00e9. Tiene 2 bandas reflectantes en el torso y las mangas.\",\"breadcrumb\":{\"@id\":\"https:\/\/chemitool.com\/es\/products\/safety\/ropa-tecnica\/alta-visibilidad\/chaqueta-canon-1\/#breadcrumb\"},\"inLanguage\":\"es\",\"potentialAction\":[{\"@type\":\"ReadAction\",\"target\":[\"https:\/\/chemitool.com\/es\/products\/safety\/ropa-tecnica\/alta-visibilidad\/chaqueta-canon-1\/\"]}]},{\"@type\":\"BreadcrumbList\",\"@id\":\"https:\/\/chemitool.com\/es\/products\/safety\/ropa-tecnica\/alta-visibilidad\/chaqueta-canon-1\/#breadcrumb\",\"itemListElement\":[{\"@type\":\"ListItem\",\"position\":1,\"name\":\"Home\",\"item\":\"https:\/\/chemitool.com\/es\/\"},{\"@type\":\"ListItem\",\"position\":2,\"name\":\"Productos\",\"item\":\"https:\/\/chemitool.com\/es\/productos\/\"},{\"@type\":\"ListItem\",\"position\":3,\"name\":\"Safety\",\"item\":\"https:\/\/chemitool.com\/es\/categoria-producto\/safety\/\"},{\"@type\":\"ListItem\",\"position\":4,\"name\":\"Ropa T\\u00e9cnica\",\"item\":\"https:\/\/chemitool.com\/es\/categoria-producto\/safety\/ropa-tecnica\/\"},{\"@type\":\"ListItem\",\"position\":5,\"name\":\"Alta Visibilidad\",\"item\":\"https:\/\/chemitool.com\/es\/categoria-producto\/safety\/ropa-tecnica\/alta-visibilidad\/\"},{\"@type\":\"ListItem\",\"position\":6,\"name\":\"CHAQUETA CANON 1\"}]}]}<\/script>\n<!-- \/ Yoast SEO plugin. -->","yoast_head_json":{"title":"CHAQUETA CANON 1 &ndash; Chemitool","description":"Chaqueta Canon 1 CHEMITOOL bicolor de alta visibilidad con cremallera central, 2 bolsillos en el pecho con cremallera, fuelles traseros el\u00e1sticos en la cintura, pu\u00f1os de canal\u00e9. Tiene 2 bandas reflectantes en el torso y las mangas.","robots":{"index":"index","follow":"follow","max-snippet":"max-snippet:-1","max-image-preview":"max-image-preview:large","max-video-preview":"max-video-preview:-1"},"canonical":"https:\/\/chemitool.com\/es\/products\/safety\/ropa-tecnica\/alta-visibilidad\/chaqueta-canon-1\/","og_locale":"es_ES","og_type":"article","og_title":"CHAQUETA CANON 1 &ndash; Chemitool","og_description":"Chaqueta Canon 1 CHEMITOOL bicolor de alta visibilidad con cremallera central, 2 bolsillos en el pecho con cremallera, fuelles traseros el\u00e1sticos en la cintura, pu\u00f1os de canal\u00e9. Tiene 2 bandas reflectantes en el torso y las mangas.","og_url":"https:\/\/chemitool.com\/es\/products\/safety\/ropa-tecnica\/alta-visibilidad\/chaqueta-canon-1\/","og_site_name":"Chemitool","article_publisher":"https:\/\/www.facebook.com\/chemitool","article_modified_time":"2022-10-19T13:56:02+00:00","og_image":[{"width":800,"height":800,"url":"https:\/\/chemitool.com\/wp-content\/uploads\/2022\/01\/CHS100603-1.png","type":"image\/png"}],"twitter_card":"summary_large_image","schema":{"@context":"https:\/\/schema.org","@graph":[{"@type":"Organization","@id":"https:\/\/chemitool.com\/#organization","name":"Chemitool","url":"https:\/\/chemitool.com\/","sameAs":["https:\/\/www.facebook.com\/chemitool","https:\/\/www.instagram.com\/chemitool\/"],"logo":{"@type":"ImageObject","@id":"https:\/\/chemitool.com\/#logo","inLanguage":"es","url":"https:\/\/chemitool.com\/wp-content\/uploads\/2020\/10\/logo_chemitool.png","contentUrl":"https:\/\/chemitool.com\/wp-content\/uploads\/2020\/10\/logo_chemitool.png","width":400,"height":400,"caption":"Chemitool"},"image":{"@id":"https:\/\/chemitool.com\/#logo"}},{"@type":"WebSite","@id":"https:\/\/chemitool.com\/#website","url":"https:\/\/chemitool.com\/","name":"Chemitool","description":"Chemitool - hardware and tools","publisher":{"@id":"https:\/\/chemitool.com\/#organization"},"potentialAction":[{"@type":"SearchAction","target":{"@type":"EntryPoint","urlTemplate":"https:\/\/chemitool.com\/?s={search_term_string}"},"query-input":"required name=search_term_string"}],"inLanguage":"es"},{"@type":"ImageObject","@id":"https:\/\/chemitool.com\/es\/products\/safety\/ropa-tecnica\/alta-visibilidad\/chaqueta-canon-1\/#primaryimage","inLanguage":"es","url":"https:\/\/chemitool.com\/wp-content\/uploads\/2022\/01\/CHS100603-1.png","contentUrl":"https:\/\/chemitool.com\/wp-content\/uploads\/2022\/01\/CHS100603-1.png","width":800,"height":800},{"@type":"WebPage","@id":"https:\/\/chemitool.com\/es\/products\/safety\/ropa-tecnica\/alta-visibilidad\/chaqueta-canon-1\/#webpage","url":"https:\/\/chemitool.com\/es\/products\/safety\/ropa-tecnica\/alta-visibilidad\/chaqueta-canon-1\/","name":"CHAQUETA CANON 1 &ndash; Chemitool","isPartOf":{"@id":"https:\/\/chemitool.com\/#website"},"primaryImageOfPage":{"@id":"https:\/\/chemitool.com\/es\/products\/safety\/ropa-tecnica\/alta-visibilidad\/chaqueta-canon-1\/#primaryimage"},"datePublished":"2022-01-07T11:39:41+00:00","dateModified":"2022-10-19T13:56:02+00:00","description":"Chaqueta Canon 1 CHEMITOOL bicolor de alta visibilidad con cremallera central, 2 bolsillos en el pecho con cremallera, fuelles traseros el\u00e1sticos en la cintura, pu\u00f1os de canal\u00e9. Tiene 2 bandas reflectantes en el torso y las mangas.","breadcrumb":{"@id":"https:\/\/chemitool.com\/es\/products\/safety\/ropa-tecnica\/alta-visibilidad\/chaqueta-canon-1\/#breadcrumb"},"inLanguage":"es","potentialAction":[{"@type":"ReadAction","target":["https:\/\/chemitool.com\/es\/products\/safety\/ropa-tecnica\/alta-visibilidad\/chaqueta-canon-1\/"]}]},{"@type":"BreadcrumbList","@id":"https:\/\/chemitool.com\/es\/products\/safety\/ropa-tecnica\/alta-visibilidad\/chaqueta-canon-1\/#breadcrumb","itemListElement":[{"@type":"ListItem","position":1,"name":"Home","item":"https:\/\/chemitool.com\/es\/"},{"@type":"ListItem","position":2,"name":"Productos","item":"https:\/\/chemitool.com\/es\/productos\/"},{"@type":"ListItem","position":3,"name":"Safety","item":"https:\/\/chemitool.com\/es\/categoria-producto\/safety\/"},{"@type":"ListItem","position":4,"name":"Ropa T\u00e9cnica","item":"https:\/\/chemitool.com\/es\/categoria-producto\/safety\/ropa-tecnica\/"},{"@type":"ListItem","position":5,"name":"Alta Visibilidad","item":"https:\/\/chemitool.com\/es\/categoria-producto\/safety\/ropa-tecnica\/alta-visibilidad\/"},{"@type":"ListItem","position":6,"name":"CHAQUETA CANON 1"}]}]}},"_links":{"self":[{"href":"https:\/\/chemitool.com\/es\/wp-json\/wp\/v2\/product\/18640"}],"collection":[{"href":"https:\/\/chemitool.com\/es\/wp-json\/wp\/v2\/product"}],"about":[{"href":"https:\/\/chemitool.com\/es\/wp-json\/wp\/v2\/types\/product"}],"wp:featuredmedia":[{"embeddable":true,"href":"https:\/\/chemitool.com\/es\/wp-json\/wp\/v2\/media\/18674"}],"wp:attachment":[{"href":"https:\/\/chemitool.com\/es\/wp-json\/wp\/v2\/media?parent=18640"}],"wp:term":[{"taxonomy":"product_cat","embeddable":true,"href":"https:\/\/chemitool.com\/es\/wp-json\/wp\/v2\/product_cat?post=18640"},{"taxonomy":"product_tag","embeddable":true,"href":"https:\/\/chemitool.com\/es\/wp-json\/wp\/v2\/product_tag?post=18640"}],"curies":[{"name":"wp","href":"https:\/\/api.w.org\/{rel}","templated":true}]}}