{"id":18117,"date":"2021-11-26T14:24:26","date_gmt":"2021-11-26T14:24:29","guid":{"rendered":"https:\/\/chemitool.com\/?post_type=product&#038;p=18117"},"modified":"2023-03-01T17:49:11","modified_gmt":"2023-03-01T17:49:11","slug":"mosqueton-en-acero","status":"publish","type":"product","link":"https:\/\/chemitool.com\/es\/products\/safety\/proteccion-anti-caidas\/mosqueton-en-acero\/","title":{"rendered":"MOSQUET\u00d3N EN ACERO"},"content":{"rendered":"<ul>\n<li>Carga de rotura m\u00ednima: 23 kN<\/li>\n<li>Di\u00e1metro de abertura: 16 mm<\/li>\n<\/ul>\n<p><img class=\"alignnone size-full wp-image-31290\" src=\"https:\/\/chemitool.com\/wp-content\/uploads\/2023\/02\/Prancheta-183.png\" alt=\"\" width=\"106\" height=\"122\" \/><\/p>\n","protected":false},"excerpt":{"rendered":"<p><b class=\"sap-label\">SAP:<\/b> <span class=\"codesap-label\">CHS09030103<\/span><\/p>\n<p><em>Mosquet\u00f3n en Acero CHEMITOOL<\/em> posee cierre autom\u00e1tico mediante la acci\u00f3n del muelle resorte interior, y bloqueo manual mediante tuerca cil\u00edndrica. Con este sistema se impide totalmente el desbloqueo involuntario o accidental del mosquet\u00f3n. Todos los componentes del mosquet\u00f3n, cuerpo, pieza de cierre, tuerca, resorte, trinquetes y pasadores, son de acerco con excelentes propiedades mec\u00e1nicas. Apta para uso en atm\u00f3sferas potencialmente explosivas (ATEX).<\/p>\n","protected":false},"featured_media":22281,"template":"","meta":[],"product_cat":[1454,3500],"product_tag":[],"yoast_head":"<!-- This site is optimized with the Yoast SEO plugin v17.4 - https:\/\/yoast.com\/wordpress\/plugins\/seo\/ -->\n<title>MOSQUET\u00d3N EN ACERO &ndash; Chemitool<\/title>\n<meta name=\"description\" content=\"SAP: CHS09030103  Mosquet\u00f3n en Acero CHEMITOOL posee cierre autom\u00e1tico mediante la acci\u00f3n del muelle resorte interior, y bloqueo manual mediante tuerca cil\u00edndrica. Con este sistema se impide totalmente el desbloqueo involuntario o accidental del mosquet\u00f3n. Todos los componentes del mosquet\u00f3n, cuerpo, pieza de cierre, tuerca, resorte, trinquetes y pasadores, son de acerco con excelentes propiedades mec\u00e1nicas. Apta para uso en atm\u00f3sferas potencialmente explosivas (ATEX).\" \/>\n<meta name=\"robots\" content=\"index, follow, max-snippet:-1, max-image-preview:large, max-video-preview:-1\" \/>\n<link rel=\"canonical\" href=\"https:\/\/chemitool.com\/es\/products\/safety\/proteccion-anti-caidas\/mosqueton-en-acero\/\" \/>\n<meta property=\"og:locale\" content=\"es_ES\" \/>\n<meta property=\"og:type\" content=\"article\" \/>\n<meta property=\"og:title\" content=\"MOSQUET\u00d3N EN ACERO &ndash; Chemitool\" \/>\n<meta property=\"og:description\" content=\"SAP: CHS09030103  Mosquet\u00f3n en Acero CHEMITOOL posee cierre autom\u00e1tico mediante la acci\u00f3n del muelle resorte interior, y bloqueo manual mediante tuerca cil\u00edndrica. Con este sistema se impide totalmente el desbloqueo involuntario o accidental del mosquet\u00f3n. Todos los componentes del mosquet\u00f3n, cuerpo, pieza de cierre, tuerca, resorte, trinquetes y pasadores, son de acerco con excelentes propiedades mec\u00e1nicas. Apta para uso en atm\u00f3sferas potencialmente explosivas (ATEX).\" \/>\n<meta property=\"og:url\" content=\"https:\/\/chemitool.com\/es\/products\/safety\/proteccion-anti-caidas\/mosqueton-en-acero\/\" \/>\n<meta property=\"og:site_name\" content=\"Chemitool\" \/>\n<meta property=\"article:publisher\" content=\"https:\/\/www.facebook.com\/chemitool\" \/>\n<meta property=\"article:modified_time\" content=\"2023-03-01T17:49:11+00:00\" \/>\n<meta property=\"og:image\" content=\"https:\/\/chemitool.com\/wp-content\/uploads\/2021\/11\/CHS09030103-1.png\" \/>\n\t<meta property=\"og:image:width\" content=\"800\" \/>\n\t<meta property=\"og:image:height\" content=\"800\" \/>\n<meta name=\"twitter:card\" content=\"summary_large_image\" \/>\n<script type=\"application\/ld+json\" class=\"yoast-schema-graph\">{\"@context\":\"https:\/\/schema.org\",\"@graph\":[{\"@type\":\"Organization\",\"@id\":\"https:\/\/chemitool.com\/#organization\",\"name\":\"Chemitool\",\"url\":\"https:\/\/chemitool.com\/\",\"sameAs\":[\"https:\/\/www.facebook.com\/chemitool\",\"https:\/\/www.instagram.com\/chemitool\/\"],\"logo\":{\"@type\":\"ImageObject\",\"@id\":\"https:\/\/chemitool.com\/#logo\",\"inLanguage\":\"es\",\"url\":\"https:\/\/chemitool.com\/wp-content\/uploads\/2020\/10\/logo_chemitool.png\",\"contentUrl\":\"https:\/\/chemitool.com\/wp-content\/uploads\/2020\/10\/logo_chemitool.png\",\"width\":400,\"height\":400,\"caption\":\"Chemitool\"},\"image\":{\"@id\":\"https:\/\/chemitool.com\/#logo\"}},{\"@type\":\"WebSite\",\"@id\":\"https:\/\/chemitool.com\/#website\",\"url\":\"https:\/\/chemitool.com\/\",\"name\":\"Chemitool\",\"description\":\"Chemitool - hardware and tools\",\"publisher\":{\"@id\":\"https:\/\/chemitool.com\/#organization\"},\"potentialAction\":[{\"@type\":\"SearchAction\",\"target\":{\"@type\":\"EntryPoint\",\"urlTemplate\":\"https:\/\/chemitool.com\/?s={search_term_string}\"},\"query-input\":\"required name=search_term_string\"}],\"inLanguage\":\"es\"},{\"@type\":\"ImageObject\",\"@id\":\"https:\/\/chemitool.com\/es\/products\/safety\/proteccion-anti-caidas\/mosqueton-en-acero\/#primaryimage\",\"inLanguage\":\"es\",\"url\":\"https:\/\/chemitool.com\/wp-content\/uploads\/2021\/11\/CHS09030103-1.png\",\"contentUrl\":\"https:\/\/chemitool.com\/wp-content\/uploads\/2021\/11\/CHS09030103-1.png\",\"width\":800,\"height\":800},{\"@type\":\"WebPage\",\"@id\":\"https:\/\/chemitool.com\/es\/products\/safety\/proteccion-anti-caidas\/mosqueton-en-acero\/#webpage\",\"url\":\"https:\/\/chemitool.com\/es\/products\/safety\/proteccion-anti-caidas\/mosqueton-en-acero\/\",\"name\":\"MOSQUET\\u00d3N EN ACERO &ndash; Chemitool\",\"isPartOf\":{\"@id\":\"https:\/\/chemitool.com\/#website\"},\"primaryImageOfPage\":{\"@id\":\"https:\/\/chemitool.com\/es\/products\/safety\/proteccion-anti-caidas\/mosqueton-en-acero\/#primaryimage\"},\"datePublished\":\"2021-11-26T14:24:29+00:00\",\"dateModified\":\"2023-03-01T17:49:11+00:00\",\"description\":\"SAP: CHS09030103 Mosquet\\u00f3n en Acero CHEMITOOL posee cierre autom\\u00e1tico mediante la acci\\u00f3n del muelle resorte interior, y bloqueo manual mediante tuerca cil\\u00edndrica. Con este sistema se impide totalmente el desbloqueo involuntario o accidental del mosquet\\u00f3n. Todos los componentes del mosquet\\u00f3n, cuerpo, pieza de cierre, tuerca, resorte, trinquetes y pasadores, son de acerco con excelentes propiedades mec\\u00e1nicas. Apta para uso en atm\\u00f3sferas potencialmente explosivas (ATEX).\",\"breadcrumb\":{\"@id\":\"https:\/\/chemitool.com\/es\/products\/safety\/proteccion-anti-caidas\/mosqueton-en-acero\/#breadcrumb\"},\"inLanguage\":\"es\",\"potentialAction\":[{\"@type\":\"ReadAction\",\"target\":[\"https:\/\/chemitool.com\/es\/products\/safety\/proteccion-anti-caidas\/mosqueton-en-acero\/\"]}]},{\"@type\":\"BreadcrumbList\",\"@id\":\"https:\/\/chemitool.com\/es\/products\/safety\/proteccion-anti-caidas\/mosqueton-en-acero\/#breadcrumb\",\"itemListElement\":[{\"@type\":\"ListItem\",\"position\":1,\"name\":\"Home\",\"item\":\"https:\/\/chemitool.com\/es\/\"},{\"@type\":\"ListItem\",\"position\":2,\"name\":\"Productos\",\"item\":\"https:\/\/chemitool.com\/es\/productos\/\"},{\"@type\":\"ListItem\",\"position\":3,\"name\":\"Safety\",\"item\":\"https:\/\/chemitool.com\/es\/categoria-producto\/safety\/\"},{\"@type\":\"ListItem\",\"position\":4,\"name\":\"Protecci\\u00f3n Anti-Ca\\u00eddas\",\"item\":\"https:\/\/chemitool.com\/es\/categoria-producto\/safety\/proteccion-anti-caidas\/\"},{\"@type\":\"ListItem\",\"position\":5,\"name\":\"MOSQUET\\u00d3N EN ACERO\"}]}]}<\/script>\n<!-- \/ Yoast SEO plugin. -->","yoast_head_json":{"title":"MOSQUET\u00d3N EN ACERO &ndash; Chemitool","description":"SAP: CHS09030103  Mosquet\u00f3n en Acero CHEMITOOL posee cierre autom\u00e1tico mediante la acci\u00f3n del muelle resorte interior, y bloqueo manual mediante tuerca cil\u00edndrica. Con este sistema se impide totalmente el desbloqueo involuntario o accidental del mosquet\u00f3n. Todos los componentes del mosquet\u00f3n, cuerpo, pieza de cierre, tuerca, resorte, trinquetes y pasadores, son de acerco con excelentes propiedades mec\u00e1nicas. Apta para uso en atm\u00f3sferas potencialmente explosivas (ATEX).","robots":{"index":"index","follow":"follow","max-snippet":"max-snippet:-1","max-image-preview":"max-image-preview:large","max-video-preview":"max-video-preview:-1"},"canonical":"https:\/\/chemitool.com\/es\/products\/safety\/proteccion-anti-caidas\/mosqueton-en-acero\/","og_locale":"es_ES","og_type":"article","og_title":"MOSQUET\u00d3N EN ACERO &ndash; Chemitool","og_description":"SAP: CHS09030103  Mosquet\u00f3n en Acero CHEMITOOL posee cierre autom\u00e1tico mediante la acci\u00f3n del muelle resorte interior, y bloqueo manual mediante tuerca cil\u00edndrica. Con este sistema se impide totalmente el desbloqueo involuntario o accidental del mosquet\u00f3n. Todos los componentes del mosquet\u00f3n, cuerpo, pieza de cierre, tuerca, resorte, trinquetes y pasadores, son de acerco con excelentes propiedades mec\u00e1nicas. Apta para uso en atm\u00f3sferas potencialmente explosivas (ATEX).","og_url":"https:\/\/chemitool.com\/es\/products\/safety\/proteccion-anti-caidas\/mosqueton-en-acero\/","og_site_name":"Chemitool","article_publisher":"https:\/\/www.facebook.com\/chemitool","article_modified_time":"2023-03-01T17:49:11+00:00","og_image":[{"width":800,"height":800,"url":"https:\/\/chemitool.com\/wp-content\/uploads\/2021\/11\/CHS09030103-1.png","type":"image\/png"}],"twitter_card":"summary_large_image","schema":{"@context":"https:\/\/schema.org","@graph":[{"@type":"Organization","@id":"https:\/\/chemitool.com\/#organization","name":"Chemitool","url":"https:\/\/chemitool.com\/","sameAs":["https:\/\/www.facebook.com\/chemitool","https:\/\/www.instagram.com\/chemitool\/"],"logo":{"@type":"ImageObject","@id":"https:\/\/chemitool.com\/#logo","inLanguage":"es","url":"https:\/\/chemitool.com\/wp-content\/uploads\/2020\/10\/logo_chemitool.png","contentUrl":"https:\/\/chemitool.com\/wp-content\/uploads\/2020\/10\/logo_chemitool.png","width":400,"height":400,"caption":"Chemitool"},"image":{"@id":"https:\/\/chemitool.com\/#logo"}},{"@type":"WebSite","@id":"https:\/\/chemitool.com\/#website","url":"https:\/\/chemitool.com\/","name":"Chemitool","description":"Chemitool - hardware and tools","publisher":{"@id":"https:\/\/chemitool.com\/#organization"},"potentialAction":[{"@type":"SearchAction","target":{"@type":"EntryPoint","urlTemplate":"https:\/\/chemitool.com\/?s={search_term_string}"},"query-input":"required name=search_term_string"}],"inLanguage":"es"},{"@type":"ImageObject","@id":"https:\/\/chemitool.com\/es\/products\/safety\/proteccion-anti-caidas\/mosqueton-en-acero\/#primaryimage","inLanguage":"es","url":"https:\/\/chemitool.com\/wp-content\/uploads\/2021\/11\/CHS09030103-1.png","contentUrl":"https:\/\/chemitool.com\/wp-content\/uploads\/2021\/11\/CHS09030103-1.png","width":800,"height":800},{"@type":"WebPage","@id":"https:\/\/chemitool.com\/es\/products\/safety\/proteccion-anti-caidas\/mosqueton-en-acero\/#webpage","url":"https:\/\/chemitool.com\/es\/products\/safety\/proteccion-anti-caidas\/mosqueton-en-acero\/","name":"MOSQUET\u00d3N EN ACERO &ndash; Chemitool","isPartOf":{"@id":"https:\/\/chemitool.com\/#website"},"primaryImageOfPage":{"@id":"https:\/\/chemitool.com\/es\/products\/safety\/proteccion-anti-caidas\/mosqueton-en-acero\/#primaryimage"},"datePublished":"2021-11-26T14:24:29+00:00","dateModified":"2023-03-01T17:49:11+00:00","description":"SAP: CHS09030103 Mosquet\u00f3n en Acero CHEMITOOL posee cierre autom\u00e1tico mediante la acci\u00f3n del muelle resorte interior, y bloqueo manual mediante tuerca cil\u00edndrica. Con este sistema se impide totalmente el desbloqueo involuntario o accidental del mosquet\u00f3n. Todos los componentes del mosquet\u00f3n, cuerpo, pieza de cierre, tuerca, resorte, trinquetes y pasadores, son de acerco con excelentes propiedades mec\u00e1nicas. Apta para uso en atm\u00f3sferas potencialmente explosivas (ATEX).","breadcrumb":{"@id":"https:\/\/chemitool.com\/es\/products\/safety\/proteccion-anti-caidas\/mosqueton-en-acero\/#breadcrumb"},"inLanguage":"es","potentialAction":[{"@type":"ReadAction","target":["https:\/\/chemitool.com\/es\/products\/safety\/proteccion-anti-caidas\/mosqueton-en-acero\/"]}]},{"@type":"BreadcrumbList","@id":"https:\/\/chemitool.com\/es\/products\/safety\/proteccion-anti-caidas\/mosqueton-en-acero\/#breadcrumb","itemListElement":[{"@type":"ListItem","position":1,"name":"Home","item":"https:\/\/chemitool.com\/es\/"},{"@type":"ListItem","position":2,"name":"Productos","item":"https:\/\/chemitool.com\/es\/productos\/"},{"@type":"ListItem","position":3,"name":"Safety","item":"https:\/\/chemitool.com\/es\/categoria-producto\/safety\/"},{"@type":"ListItem","position":4,"name":"Protecci\u00f3n Anti-Ca\u00eddas","item":"https:\/\/chemitool.com\/es\/categoria-producto\/safety\/proteccion-anti-caidas\/"},{"@type":"ListItem","position":5,"name":"MOSQUET\u00d3N EN ACERO"}]}]}},"_links":{"self":[{"href":"https:\/\/chemitool.com\/es\/wp-json\/wp\/v2\/product\/18117"}],"collection":[{"href":"https:\/\/chemitool.com\/es\/wp-json\/wp\/v2\/product"}],"about":[{"href":"https:\/\/chemitool.com\/es\/wp-json\/wp\/v2\/types\/product"}],"wp:featuredmedia":[{"embeddable":true,"href":"https:\/\/chemitool.com\/es\/wp-json\/wp\/v2\/media\/22281"}],"wp:attachment":[{"href":"https:\/\/chemitool.com\/es\/wp-json\/wp\/v2\/media?parent=18117"}],"wp:term":[{"taxonomy":"product_cat","embeddable":true,"href":"https:\/\/chemitool.com\/es\/wp-json\/wp\/v2\/product_cat?post=18117"},{"taxonomy":"product_tag","embeddable":true,"href":"https:\/\/chemitool.com\/es\/wp-json\/wp\/v2\/product_tag?post=18117"}],"curies":[{"name":"wp","href":"https:\/\/api.w.org\/{rel}","templated":true}]}}