{"id":17999,"date":"2021-11-25T17:40:42","date_gmt":"2021-11-25T17:40:42","guid":{"rendered":"https:\/\/chemitool.com\/?post_type=product&#038;p=17999"},"modified":"2025-02-06T10:21:49","modified_gmt":"2025-02-06T10:21:49","slug":"arnes-anticaidas-maxipro-con-2-puntos-de-fijacion","status":"publish","type":"product","link":"https:\/\/chemitool.com\/es\/products\/safety\/proteccion-anti-caidas\/arnes-anticaidas-maxipro-con-2-puntos-de-fijacion\/","title":{"rendered":"ARN\u00c9S ANTICA\u00cdDAS MAXIPRO CON 2 PUNTOS DE FIJACI\u00d3N"},"content":{"rendered":"<ul>\n<li>Hebillas regulables en perneras<\/li>\n<li>Punto de anclaje dorsal y frontal<\/li>\n<li>Cintur\u00f3n de sujeci\u00f3n<\/li>\n<li>Banda dorsal 45 mm acolchada altamente resistente<\/li>\n<li>2 hebillas de posicionamiento lateral<\/li>\n<li>Peso m\u00e1ximo: 140kg<\/li>\n<\/ul>\n<p><img class=\"alignnone size-full wp-image-31287\" src=\"https:\/\/chemitool.com\/wp-content\/uploads\/2023\/02\/Prancheta-181.png\" alt=\"\" width=\"106\" height=\"122\" \/>\u00a0<img class=\"alignnone size-medium wp-image-31325\" src=\"https:\/\/chemitool.com\/wp-content\/uploads\/2021\/11\/Prancheta-197.png\" alt=\"\" width=\"105\" height=\"120\" \/><\/p>\n","protected":false},"excerpt":{"rendered":"<p><b class=\"sap-label\">SAP:<\/b> <span class=\"codesap-label\">CHS09010102<\/span><\/p>\n<p><em>Arn\u00e9s Antica\u00eddas MAXIPRO con 2 Puntos de Fijaci\u00f3n <\/em><em>CHEMITOO<\/em>L es un equipo de protecci\u00f3n individual indicado para trabajos en la que exista un riesgo de ca\u00edda. Con 2 puntos de anclaje antica\u00eddas: dorsal y frontal, 2 hebillas de posicionamiento lateral y cintur\u00f3n de sujeci\u00f3n. La vida \u00fatil te\u00f3rica del equipo es de 10 a\u00f1os a partir de la fecha de fabricaci\u00f3n y 5 a\u00f1os a partir del primer uso.<\/p>\n","protected":false},"featured_media":18021,"template":"","meta":[],"product_cat":[1454,3500],"product_tag":[],"yoast_head":"<!-- This site is optimized with the Yoast SEO plugin v17.4 - https:\/\/yoast.com\/wordpress\/plugins\/seo\/ -->\n<title>ARN\u00c9S ANTICA\u00cdDAS MAXIPRO CON 2 PUNTOS DE FIJACI\u00d3N &ndash; Chemitool<\/title>\n<meta name=\"description\" content=\"SAP: CHS09010102  Arn\u00e9s Antica\u00eddas MAXIPRO con 2 Puntos de Fijaci\u00f3n CHEMITOOL es un equipo de protecci\u00f3n individual indicado para trabajos en la que exista un riesgo de ca\u00edda. Con 2 puntos de anclaje antica\u00eddas: dorsal y frontal, 2 hebillas de posicionamiento lateral y cintur\u00f3n de sujeci\u00f3n. La vida \u00fatil te\u00f3rica del equipo es de 10 a\u00f1os a partir de la fecha de fabricaci\u00f3n y 5 a\u00f1os a partir del primer uso.\" \/>\n<meta name=\"robots\" content=\"index, follow, max-snippet:-1, max-image-preview:large, max-video-preview:-1\" \/>\n<link rel=\"canonical\" href=\"https:\/\/chemitool.com\/es\/products\/safety\/proteccion-anti-caidas\/arnes-anticaidas-maxipro-con-2-puntos-de-fijacion\/\" \/>\n<meta property=\"og:locale\" content=\"es_ES\" \/>\n<meta property=\"og:type\" content=\"article\" \/>\n<meta property=\"og:title\" content=\"ARN\u00c9S ANTICA\u00cdDAS MAXIPRO CON 2 PUNTOS DE FIJACI\u00d3N &ndash; Chemitool\" \/>\n<meta property=\"og:description\" content=\"SAP: CHS09010102  Arn\u00e9s Antica\u00eddas MAXIPRO con 2 Puntos de Fijaci\u00f3n CHEMITOOL es un equipo de protecci\u00f3n individual indicado para trabajos en la que exista un riesgo de ca\u00edda. Con 2 puntos de anclaje antica\u00eddas: dorsal y frontal, 2 hebillas de posicionamiento lateral y cintur\u00f3n de sujeci\u00f3n. La vida \u00fatil te\u00f3rica del equipo es de 10 a\u00f1os a partir de la fecha de fabricaci\u00f3n y 5 a\u00f1os a partir del primer uso.\" \/>\n<meta property=\"og:url\" content=\"https:\/\/chemitool.com\/es\/products\/safety\/proteccion-anti-caidas\/arnes-anticaidas-maxipro-con-2-puntos-de-fijacion\/\" \/>\n<meta property=\"og:site_name\" content=\"Chemitool\" \/>\n<meta property=\"article:publisher\" content=\"https:\/\/www.facebook.com\/chemitool\" \/>\n<meta property=\"article:modified_time\" content=\"2025-02-06T10:21:49+00:00\" \/>\n<meta property=\"og:image\" content=\"https:\/\/chemitool.com\/wp-content\/uploads\/2021\/11\/CHS09010102.png\" \/>\n\t<meta property=\"og:image:width\" content=\"800\" \/>\n\t<meta property=\"og:image:height\" content=\"800\" \/>\n<meta name=\"twitter:card\" content=\"summary_large_image\" \/>\n<script type=\"application\/ld+json\" class=\"yoast-schema-graph\">{\"@context\":\"https:\/\/schema.org\",\"@graph\":[{\"@type\":\"Organization\",\"@id\":\"https:\/\/chemitool.com\/#organization\",\"name\":\"Chemitool\",\"url\":\"https:\/\/chemitool.com\/\",\"sameAs\":[\"https:\/\/www.facebook.com\/chemitool\",\"https:\/\/www.instagram.com\/chemitool\/\"],\"logo\":{\"@type\":\"ImageObject\",\"@id\":\"https:\/\/chemitool.com\/#logo\",\"inLanguage\":\"es\",\"url\":\"https:\/\/chemitool.com\/wp-content\/uploads\/2020\/10\/logo_chemitool.png\",\"contentUrl\":\"https:\/\/chemitool.com\/wp-content\/uploads\/2020\/10\/logo_chemitool.png\",\"width\":400,\"height\":400,\"caption\":\"Chemitool\"},\"image\":{\"@id\":\"https:\/\/chemitool.com\/#logo\"}},{\"@type\":\"WebSite\",\"@id\":\"https:\/\/chemitool.com\/#website\",\"url\":\"https:\/\/chemitool.com\/\",\"name\":\"Chemitool\",\"description\":\"Chemitool - hardware and tools\",\"publisher\":{\"@id\":\"https:\/\/chemitool.com\/#organization\"},\"potentialAction\":[{\"@type\":\"SearchAction\",\"target\":{\"@type\":\"EntryPoint\",\"urlTemplate\":\"https:\/\/chemitool.com\/?s={search_term_string}\"},\"query-input\":\"required name=search_term_string\"}],\"inLanguage\":\"es\"},{\"@type\":\"ImageObject\",\"@id\":\"https:\/\/chemitool.com\/es\/products\/safety\/proteccion-anti-caidas\/arnes-anticaidas-maxipro-con-2-puntos-de-fijacion\/#primaryimage\",\"inLanguage\":\"es\",\"url\":\"https:\/\/chemitool.com\/wp-content\/uploads\/2021\/11\/CHS09010102.png\",\"contentUrl\":\"https:\/\/chemitool.com\/wp-content\/uploads\/2021\/11\/CHS09010102.png\",\"width\":800,\"height\":800},{\"@type\":\"WebPage\",\"@id\":\"https:\/\/chemitool.com\/es\/products\/safety\/proteccion-anti-caidas\/arnes-anticaidas-maxipro-con-2-puntos-de-fijacion\/#webpage\",\"url\":\"https:\/\/chemitool.com\/es\/products\/safety\/proteccion-anti-caidas\/arnes-anticaidas-maxipro-con-2-puntos-de-fijacion\/\",\"name\":\"ARN\\u00c9S ANTICA\\u00cdDAS MAXIPRO CON 2 PUNTOS DE FIJACI\\u00d3N &ndash; Chemitool\",\"isPartOf\":{\"@id\":\"https:\/\/chemitool.com\/#website\"},\"primaryImageOfPage\":{\"@id\":\"https:\/\/chemitool.com\/es\/products\/safety\/proteccion-anti-caidas\/arnes-anticaidas-maxipro-con-2-puntos-de-fijacion\/#primaryimage\"},\"datePublished\":\"2021-11-25T17:40:42+00:00\",\"dateModified\":\"2025-02-06T10:21:49+00:00\",\"description\":\"SAP: CHS09010102 Arn\\u00e9s Antica\\u00eddas MAXIPRO con 2 Puntos de Fijaci\\u00f3n CHEMITOOL es un equipo de protecci\\u00f3n individual indicado para trabajos en la que exista un riesgo de ca\\u00edda. Con 2 puntos de anclaje antica\\u00eddas: dorsal y frontal, 2 hebillas de posicionamiento lateral y cintur\\u00f3n de sujeci\\u00f3n. La vida \\u00fatil te\\u00f3rica del equipo es de 10 a\\u00f1os a partir de la fecha de fabricaci\\u00f3n y 5 a\\u00f1os a partir del primer uso.\",\"breadcrumb\":{\"@id\":\"https:\/\/chemitool.com\/es\/products\/safety\/proteccion-anti-caidas\/arnes-anticaidas-maxipro-con-2-puntos-de-fijacion\/#breadcrumb\"},\"inLanguage\":\"es\",\"potentialAction\":[{\"@type\":\"ReadAction\",\"target\":[\"https:\/\/chemitool.com\/es\/products\/safety\/proteccion-anti-caidas\/arnes-anticaidas-maxipro-con-2-puntos-de-fijacion\/\"]}]},{\"@type\":\"BreadcrumbList\",\"@id\":\"https:\/\/chemitool.com\/es\/products\/safety\/proteccion-anti-caidas\/arnes-anticaidas-maxipro-con-2-puntos-de-fijacion\/#breadcrumb\",\"itemListElement\":[{\"@type\":\"ListItem\",\"position\":1,\"name\":\"Home\",\"item\":\"https:\/\/chemitool.com\/es\/\"},{\"@type\":\"ListItem\",\"position\":2,\"name\":\"Productos\",\"item\":\"https:\/\/chemitool.com\/es\/productos\/\"},{\"@type\":\"ListItem\",\"position\":3,\"name\":\"Safety\",\"item\":\"https:\/\/chemitool.com\/es\/categoria-producto\/safety\/\"},{\"@type\":\"ListItem\",\"position\":4,\"name\":\"Protecci\\u00f3n Anti-Ca\\u00eddas\",\"item\":\"https:\/\/chemitool.com\/es\/categoria-producto\/safety\/proteccion-anti-caidas\/\"},{\"@type\":\"ListItem\",\"position\":5,\"name\":\"ARN\\u00c9S ANTICA\\u00cdDAS MAXIPRO CON 2 PUNTOS DE FIJACI\\u00d3N\"}]}]}<\/script>\n<!-- \/ Yoast SEO plugin. -->","yoast_head_json":{"title":"ARN\u00c9S ANTICA\u00cdDAS MAXIPRO CON 2 PUNTOS DE FIJACI\u00d3N &ndash; Chemitool","description":"SAP: CHS09010102  Arn\u00e9s Antica\u00eddas MAXIPRO con 2 Puntos de Fijaci\u00f3n CHEMITOOL es un equipo de protecci\u00f3n individual indicado para trabajos en la que exista un riesgo de ca\u00edda. Con 2 puntos de anclaje antica\u00eddas: dorsal y frontal, 2 hebillas de posicionamiento lateral y cintur\u00f3n de sujeci\u00f3n. La vida \u00fatil te\u00f3rica del equipo es de 10 a\u00f1os a partir de la fecha de fabricaci\u00f3n y 5 a\u00f1os a partir del primer uso.","robots":{"index":"index","follow":"follow","max-snippet":"max-snippet:-1","max-image-preview":"max-image-preview:large","max-video-preview":"max-video-preview:-1"},"canonical":"https:\/\/chemitool.com\/es\/products\/safety\/proteccion-anti-caidas\/arnes-anticaidas-maxipro-con-2-puntos-de-fijacion\/","og_locale":"es_ES","og_type":"article","og_title":"ARN\u00c9S ANTICA\u00cdDAS MAXIPRO CON 2 PUNTOS DE FIJACI\u00d3N &ndash; Chemitool","og_description":"SAP: CHS09010102  Arn\u00e9s Antica\u00eddas MAXIPRO con 2 Puntos de Fijaci\u00f3n CHEMITOOL es un equipo de protecci\u00f3n individual indicado para trabajos en la que exista un riesgo de ca\u00edda. Con 2 puntos de anclaje antica\u00eddas: dorsal y frontal, 2 hebillas de posicionamiento lateral y cintur\u00f3n de sujeci\u00f3n. La vida \u00fatil te\u00f3rica del equipo es de 10 a\u00f1os a partir de la fecha de fabricaci\u00f3n y 5 a\u00f1os a partir del primer uso.","og_url":"https:\/\/chemitool.com\/es\/products\/safety\/proteccion-anti-caidas\/arnes-anticaidas-maxipro-con-2-puntos-de-fijacion\/","og_site_name":"Chemitool","article_publisher":"https:\/\/www.facebook.com\/chemitool","article_modified_time":"2025-02-06T10:21:49+00:00","og_image":[{"width":800,"height":800,"url":"https:\/\/chemitool.com\/wp-content\/uploads\/2021\/11\/CHS09010102.png","type":"image\/png"}],"twitter_card":"summary_large_image","schema":{"@context":"https:\/\/schema.org","@graph":[{"@type":"Organization","@id":"https:\/\/chemitool.com\/#organization","name":"Chemitool","url":"https:\/\/chemitool.com\/","sameAs":["https:\/\/www.facebook.com\/chemitool","https:\/\/www.instagram.com\/chemitool\/"],"logo":{"@type":"ImageObject","@id":"https:\/\/chemitool.com\/#logo","inLanguage":"es","url":"https:\/\/chemitool.com\/wp-content\/uploads\/2020\/10\/logo_chemitool.png","contentUrl":"https:\/\/chemitool.com\/wp-content\/uploads\/2020\/10\/logo_chemitool.png","width":400,"height":400,"caption":"Chemitool"},"image":{"@id":"https:\/\/chemitool.com\/#logo"}},{"@type":"WebSite","@id":"https:\/\/chemitool.com\/#website","url":"https:\/\/chemitool.com\/","name":"Chemitool","description":"Chemitool - hardware and tools","publisher":{"@id":"https:\/\/chemitool.com\/#organization"},"potentialAction":[{"@type":"SearchAction","target":{"@type":"EntryPoint","urlTemplate":"https:\/\/chemitool.com\/?s={search_term_string}"},"query-input":"required name=search_term_string"}],"inLanguage":"es"},{"@type":"ImageObject","@id":"https:\/\/chemitool.com\/es\/products\/safety\/proteccion-anti-caidas\/arnes-anticaidas-maxipro-con-2-puntos-de-fijacion\/#primaryimage","inLanguage":"es","url":"https:\/\/chemitool.com\/wp-content\/uploads\/2021\/11\/CHS09010102.png","contentUrl":"https:\/\/chemitool.com\/wp-content\/uploads\/2021\/11\/CHS09010102.png","width":800,"height":800},{"@type":"WebPage","@id":"https:\/\/chemitool.com\/es\/products\/safety\/proteccion-anti-caidas\/arnes-anticaidas-maxipro-con-2-puntos-de-fijacion\/#webpage","url":"https:\/\/chemitool.com\/es\/products\/safety\/proteccion-anti-caidas\/arnes-anticaidas-maxipro-con-2-puntos-de-fijacion\/","name":"ARN\u00c9S ANTICA\u00cdDAS MAXIPRO CON 2 PUNTOS DE FIJACI\u00d3N &ndash; Chemitool","isPartOf":{"@id":"https:\/\/chemitool.com\/#website"},"primaryImageOfPage":{"@id":"https:\/\/chemitool.com\/es\/products\/safety\/proteccion-anti-caidas\/arnes-anticaidas-maxipro-con-2-puntos-de-fijacion\/#primaryimage"},"datePublished":"2021-11-25T17:40:42+00:00","dateModified":"2025-02-06T10:21:49+00:00","description":"SAP: CHS09010102 Arn\u00e9s Antica\u00eddas MAXIPRO con 2 Puntos de Fijaci\u00f3n CHEMITOOL es un equipo de protecci\u00f3n individual indicado para trabajos en la que exista un riesgo de ca\u00edda. Con 2 puntos de anclaje antica\u00eddas: dorsal y frontal, 2 hebillas de posicionamiento lateral y cintur\u00f3n de sujeci\u00f3n. La vida \u00fatil te\u00f3rica del equipo es de 10 a\u00f1os a partir de la fecha de fabricaci\u00f3n y 5 a\u00f1os a partir del primer uso.","breadcrumb":{"@id":"https:\/\/chemitool.com\/es\/products\/safety\/proteccion-anti-caidas\/arnes-anticaidas-maxipro-con-2-puntos-de-fijacion\/#breadcrumb"},"inLanguage":"es","potentialAction":[{"@type":"ReadAction","target":["https:\/\/chemitool.com\/es\/products\/safety\/proteccion-anti-caidas\/arnes-anticaidas-maxipro-con-2-puntos-de-fijacion\/"]}]},{"@type":"BreadcrumbList","@id":"https:\/\/chemitool.com\/es\/products\/safety\/proteccion-anti-caidas\/arnes-anticaidas-maxipro-con-2-puntos-de-fijacion\/#breadcrumb","itemListElement":[{"@type":"ListItem","position":1,"name":"Home","item":"https:\/\/chemitool.com\/es\/"},{"@type":"ListItem","position":2,"name":"Productos","item":"https:\/\/chemitool.com\/es\/productos\/"},{"@type":"ListItem","position":3,"name":"Safety","item":"https:\/\/chemitool.com\/es\/categoria-producto\/safety\/"},{"@type":"ListItem","position":4,"name":"Protecci\u00f3n Anti-Ca\u00eddas","item":"https:\/\/chemitool.com\/es\/categoria-producto\/safety\/proteccion-anti-caidas\/"},{"@type":"ListItem","position":5,"name":"ARN\u00c9S ANTICA\u00cdDAS MAXIPRO CON 2 PUNTOS DE FIJACI\u00d3N"}]}]}},"_links":{"self":[{"href":"https:\/\/chemitool.com\/es\/wp-json\/wp\/v2\/product\/17999"}],"collection":[{"href":"https:\/\/chemitool.com\/es\/wp-json\/wp\/v2\/product"}],"about":[{"href":"https:\/\/chemitool.com\/es\/wp-json\/wp\/v2\/types\/product"}],"wp:featuredmedia":[{"embeddable":true,"href":"https:\/\/chemitool.com\/es\/wp-json\/wp\/v2\/media\/18021"}],"wp:attachment":[{"href":"https:\/\/chemitool.com\/es\/wp-json\/wp\/v2\/media?parent=17999"}],"wp:term":[{"taxonomy":"product_cat","embeddable":true,"href":"https:\/\/chemitool.com\/es\/wp-json\/wp\/v2\/product_cat?post=17999"},{"taxonomy":"product_tag","embeddable":true,"href":"https:\/\/chemitool.com\/es\/wp-json\/wp\/v2\/product_tag?post=17999"}],"curies":[{"name":"wp","href":"https:\/\/api.w.org\/{rel}","templated":true}]}}