{"id":17570,"date":"2021-11-09T15:20:43","date_gmt":"2021-11-09T15:20:46","guid":{"rendered":"https:\/\/chemitool.com\/?post_type=product&#038;p=17570"},"modified":"2022-07-08T14:43:55","modified_gmt":"2022-07-08T14:43:55","slug":"zapatilla-de-seguridad-monaco-s3-src-hro-esd","status":"publish","type":"product","link":"https:\/\/chemitool.com\/es\/products\/safety\/zapatos-de-seguridad\/zapatilhas\/monaco-es\/zapatilla-de-seguridad-monaco-s3-src-hro-esd\/","title":{"rendered":"ZAPATILLA DE SEGURIDAD MONACO S3 SRC HRO ESD"},"content":{"rendered":"<ul>\n<li>Puntera de composite<\/li>\n<li>Ojales no met\u00e1licos<\/li>\n<li>Plantilla antiperforaci\u00f3n no met\u00e1lica<\/li>\n<li>Suela antiest\u00e1tica y antideslizante<\/li>\n<li>Suela resistente al aceite y a los hidrocarburos<\/li>\n<li>Resistente al impacto y la compresi\u00f3n<\/li>\n<li>Suela HRO &#8211; resistencia al contacto con superficies calientes hasta 300\u00baC<\/li>\n<li>ESD \u2013 Resistente a descargas electrost\u00e1ticas<\/li>\n<\/ul>\n","protected":false},"excerpt":{"rendered":"<p><em>Zapatilla de Seguridad MONACO S3 SRC HRO ESD CHEMITOOL <\/em>en mesh, con dise\u00f1o moderno y muy c\u00f3modo. Tiene un lazo en la parte posterior para que sea m\u00e1s f\u00e1cil de poner. Su puntera de material composite hace que la zapatilla sea m\u00e1s ligera, no conduce electricidad y protege sus pies de impactos, compresiones, objetos pesados \u200b\u200by perforaciones.<\/p>\n","protected":false},"featured_media":17611,"template":"","meta":[],"product_cat":[1454,3036,4287,4882],"product_tag":[],"yoast_head":"<!-- This site is optimized with the Yoast SEO plugin v17.4 - https:\/\/yoast.com\/wordpress\/plugins\/seo\/ -->\n<title>ZAPATILLA DE SEGURIDAD MONACO S3 SRC HRO ESD &ndash; Chemitool<\/title>\n<meta name=\"description\" content=\"Zapatilla de Seguridad MONACO S3 SRC HRO ESD CHEMITOOL en mesh, con dise\u00f1o moderno y muy c\u00f3modo. Tiene un lazo en la parte posterior para que sea m\u00e1s f\u00e1cil de poner. Su puntera de material composite hace que la zapatilla sea m\u00e1s ligera, no conduce electricidad y protege sus pies de impactos, compresiones, objetos pesados \u200b\u200by perforaciones.\" \/>\n<meta name=\"robots\" content=\"index, follow, max-snippet:-1, max-image-preview:large, max-video-preview:-1\" \/>\n<link rel=\"canonical\" href=\"https:\/\/chemitool.com\/es\/products\/safety\/zapatos-de-seguridad\/zapatilhas\/zapatilla-de-seguridad-monaco-s3-src-hro-esd\/\" \/>\n<meta property=\"og:locale\" content=\"es_ES\" \/>\n<meta property=\"og:type\" content=\"article\" \/>\n<meta property=\"og:title\" content=\"ZAPATILLA DE SEGURIDAD MONACO S3 SRC HRO ESD &ndash; Chemitool\" \/>\n<meta property=\"og:description\" content=\"Zapatilla de Seguridad MONACO S3 SRC HRO ESD CHEMITOOL en mesh, con dise\u00f1o moderno y muy c\u00f3modo. Tiene un lazo en la parte posterior para que sea m\u00e1s f\u00e1cil de poner. Su puntera de material composite hace que la zapatilla sea m\u00e1s ligera, no conduce electricidad y protege sus pies de impactos, compresiones, objetos pesados \u200b\u200by perforaciones.\" \/>\n<meta property=\"og:url\" content=\"https:\/\/chemitool.com\/es\/products\/safety\/zapatos-de-seguridad\/zapatilhas\/zapatilla-de-seguridad-monaco-s3-src-hro-esd\/\" \/>\n<meta property=\"og:site_name\" content=\"Chemitool\" \/>\n<meta property=\"article:publisher\" content=\"https:\/\/www.facebook.com\/chemitool\" \/>\n<meta property=\"article:modified_time\" content=\"2022-07-08T14:43:55+00:00\" \/>\n<meta property=\"og:image\" content=\"https:\/\/chemitool.com\/wp-content\/uploads\/2021\/11\/MONACO_icones.png\" \/>\n\t<meta property=\"og:image:width\" content=\"800\" \/>\n\t<meta property=\"og:image:height\" content=\"800\" \/>\n<meta name=\"twitter:card\" content=\"summary_large_image\" \/>\n<script type=\"application\/ld+json\" class=\"yoast-schema-graph\">{\"@context\":\"https:\/\/schema.org\",\"@graph\":[{\"@type\":\"Organization\",\"@id\":\"https:\/\/chemitool.com\/#organization\",\"name\":\"Chemitool\",\"url\":\"https:\/\/chemitool.com\/\",\"sameAs\":[\"https:\/\/www.facebook.com\/chemitool\",\"https:\/\/www.instagram.com\/chemitool\/\"],\"logo\":{\"@type\":\"ImageObject\",\"@id\":\"https:\/\/chemitool.com\/#logo\",\"inLanguage\":\"es\",\"url\":\"https:\/\/chemitool.com\/wp-content\/uploads\/2020\/10\/logo_chemitool.png\",\"contentUrl\":\"https:\/\/chemitool.com\/wp-content\/uploads\/2020\/10\/logo_chemitool.png\",\"width\":400,\"height\":400,\"caption\":\"Chemitool\"},\"image\":{\"@id\":\"https:\/\/chemitool.com\/#logo\"}},{\"@type\":\"WebSite\",\"@id\":\"https:\/\/chemitool.com\/#website\",\"url\":\"https:\/\/chemitool.com\/\",\"name\":\"Chemitool\",\"description\":\"Chemitool - hardware and tools\",\"publisher\":{\"@id\":\"https:\/\/chemitool.com\/#organization\"},\"potentialAction\":[{\"@type\":\"SearchAction\",\"target\":{\"@type\":\"EntryPoint\",\"urlTemplate\":\"https:\/\/chemitool.com\/?s={search_term_string}\"},\"query-input\":\"required name=search_term_string\"}],\"inLanguage\":\"es\"},{\"@type\":\"ImageObject\",\"@id\":\"https:\/\/chemitool.com\/es\/products\/safety\/zapatos-de-seguridad\/zapatilhas\/zapatilla-de-seguridad-monaco-s3-src-hro-esd\/#primaryimage\",\"inLanguage\":\"es\",\"url\":\"https:\/\/chemitool.com\/wp-content\/uploads\/2021\/11\/MONACO_icones.png\",\"contentUrl\":\"https:\/\/chemitool.com\/wp-content\/uploads\/2021\/11\/MONACO_icones.png\",\"width\":800,\"height\":800},{\"@type\":\"WebPage\",\"@id\":\"https:\/\/chemitool.com\/es\/products\/safety\/zapatos-de-seguridad\/zapatilhas\/zapatilla-de-seguridad-monaco-s3-src-hro-esd\/#webpage\",\"url\":\"https:\/\/chemitool.com\/es\/products\/safety\/zapatos-de-seguridad\/zapatilhas\/zapatilla-de-seguridad-monaco-s3-src-hro-esd\/\",\"name\":\"ZAPATILLA DE SEGURIDAD MONACO S3 SRC HRO ESD &ndash; Chemitool\",\"isPartOf\":{\"@id\":\"https:\/\/chemitool.com\/#website\"},\"primaryImageOfPage\":{\"@id\":\"https:\/\/chemitool.com\/es\/products\/safety\/zapatos-de-seguridad\/zapatilhas\/zapatilla-de-seguridad-monaco-s3-src-hro-esd\/#primaryimage\"},\"datePublished\":\"2021-11-09T15:20:46+00:00\",\"dateModified\":\"2022-07-08T14:43:55+00:00\",\"description\":\"Zapatilla de Seguridad MONACO S3 SRC HRO ESD CHEMITOOL en mesh, con dise\\u00f1o moderno y muy c\\u00f3modo. Tiene un lazo en la parte posterior para que sea m\\u00e1s f\\u00e1cil de poner. Su puntera de material composite hace que la zapatilla sea m\\u00e1s ligera, no conduce electricidad y protege sus pies de impactos, compresiones, objetos pesados \\u200b\\u200by perforaciones.\",\"breadcrumb\":{\"@id\":\"https:\/\/chemitool.com\/es\/products\/safety\/zapatos-de-seguridad\/zapatilhas\/zapatilla-de-seguridad-monaco-s3-src-hro-esd\/#breadcrumb\"},\"inLanguage\":\"es\",\"potentialAction\":[{\"@type\":\"ReadAction\",\"target\":[\"https:\/\/chemitool.com\/es\/products\/safety\/zapatos-de-seguridad\/zapatilhas\/zapatilla-de-seguridad-monaco-s3-src-hro-esd\/\"]}]},{\"@type\":\"BreadcrumbList\",\"@id\":\"https:\/\/chemitool.com\/es\/products\/safety\/zapatos-de-seguridad\/zapatilhas\/zapatilla-de-seguridad-monaco-s3-src-hro-esd\/#breadcrumb\",\"itemListElement\":[{\"@type\":\"ListItem\",\"position\":1,\"name\":\"Home\",\"item\":\"https:\/\/chemitool.com\/es\/\"},{\"@type\":\"ListItem\",\"position\":2,\"name\":\"Productos\",\"item\":\"https:\/\/chemitool.com\/es\/productos\/\"},{\"@type\":\"ListItem\",\"position\":3,\"name\":\"Safety\",\"item\":\"https:\/\/chemitool.com\/es\/categoria-producto\/safety\/\"},{\"@type\":\"ListItem\",\"position\":4,\"name\":\"zapatos de seguridad\",\"item\":\"https:\/\/chemitool.com\/es\/categoria-producto\/safety\/zapatos-de-seguridad\/\"},{\"@type\":\"ListItem\",\"position\":5,\"name\":\"Zapatillas\",\"item\":\"https:\/\/chemitool.com\/es\/categoria-producto\/safety\/zapatos-de-seguridad\/zapatilhas\/\"},{\"@type\":\"ListItem\",\"position\":6,\"name\":\"ZAPATILLA DE SEGURIDAD MONACO S3 SRC HRO ESD\"}]}]}<\/script>\n<!-- \/ Yoast SEO plugin. -->","yoast_head_json":{"title":"ZAPATILLA DE SEGURIDAD MONACO S3 SRC HRO ESD &ndash; Chemitool","description":"Zapatilla de Seguridad MONACO S3 SRC HRO ESD CHEMITOOL en mesh, con dise\u00f1o moderno y muy c\u00f3modo. Tiene un lazo en la parte posterior para que sea m\u00e1s f\u00e1cil de poner. Su puntera de material composite hace que la zapatilla sea m\u00e1s ligera, no conduce electricidad y protege sus pies de impactos, compresiones, objetos pesados \u200b\u200by perforaciones.","robots":{"index":"index","follow":"follow","max-snippet":"max-snippet:-1","max-image-preview":"max-image-preview:large","max-video-preview":"max-video-preview:-1"},"canonical":"https:\/\/chemitool.com\/es\/products\/safety\/zapatos-de-seguridad\/zapatilhas\/zapatilla-de-seguridad-monaco-s3-src-hro-esd\/","og_locale":"es_ES","og_type":"article","og_title":"ZAPATILLA DE SEGURIDAD MONACO S3 SRC HRO ESD &ndash; Chemitool","og_description":"Zapatilla de Seguridad MONACO S3 SRC HRO ESD CHEMITOOL en mesh, con dise\u00f1o moderno y muy c\u00f3modo. Tiene un lazo en la parte posterior para que sea m\u00e1s f\u00e1cil de poner. Su puntera de material composite hace que la zapatilla sea m\u00e1s ligera, no conduce electricidad y protege sus pies de impactos, compresiones, objetos pesados \u200b\u200by perforaciones.","og_url":"https:\/\/chemitool.com\/es\/products\/safety\/zapatos-de-seguridad\/zapatilhas\/zapatilla-de-seguridad-monaco-s3-src-hro-esd\/","og_site_name":"Chemitool","article_publisher":"https:\/\/www.facebook.com\/chemitool","article_modified_time":"2022-07-08T14:43:55+00:00","og_image":[{"width":800,"height":800,"url":"https:\/\/chemitool.com\/wp-content\/uploads\/2021\/11\/MONACO_icones.png","type":"image\/png"}],"twitter_card":"summary_large_image","schema":{"@context":"https:\/\/schema.org","@graph":[{"@type":"Organization","@id":"https:\/\/chemitool.com\/#organization","name":"Chemitool","url":"https:\/\/chemitool.com\/","sameAs":["https:\/\/www.facebook.com\/chemitool","https:\/\/www.instagram.com\/chemitool\/"],"logo":{"@type":"ImageObject","@id":"https:\/\/chemitool.com\/#logo","inLanguage":"es","url":"https:\/\/chemitool.com\/wp-content\/uploads\/2020\/10\/logo_chemitool.png","contentUrl":"https:\/\/chemitool.com\/wp-content\/uploads\/2020\/10\/logo_chemitool.png","width":400,"height":400,"caption":"Chemitool"},"image":{"@id":"https:\/\/chemitool.com\/#logo"}},{"@type":"WebSite","@id":"https:\/\/chemitool.com\/#website","url":"https:\/\/chemitool.com\/","name":"Chemitool","description":"Chemitool - hardware and tools","publisher":{"@id":"https:\/\/chemitool.com\/#organization"},"potentialAction":[{"@type":"SearchAction","target":{"@type":"EntryPoint","urlTemplate":"https:\/\/chemitool.com\/?s={search_term_string}"},"query-input":"required name=search_term_string"}],"inLanguage":"es"},{"@type":"ImageObject","@id":"https:\/\/chemitool.com\/es\/products\/safety\/zapatos-de-seguridad\/zapatilhas\/zapatilla-de-seguridad-monaco-s3-src-hro-esd\/#primaryimage","inLanguage":"es","url":"https:\/\/chemitool.com\/wp-content\/uploads\/2021\/11\/MONACO_icones.png","contentUrl":"https:\/\/chemitool.com\/wp-content\/uploads\/2021\/11\/MONACO_icones.png","width":800,"height":800},{"@type":"WebPage","@id":"https:\/\/chemitool.com\/es\/products\/safety\/zapatos-de-seguridad\/zapatilhas\/zapatilla-de-seguridad-monaco-s3-src-hro-esd\/#webpage","url":"https:\/\/chemitool.com\/es\/products\/safety\/zapatos-de-seguridad\/zapatilhas\/zapatilla-de-seguridad-monaco-s3-src-hro-esd\/","name":"ZAPATILLA DE SEGURIDAD MONACO S3 SRC HRO ESD &ndash; Chemitool","isPartOf":{"@id":"https:\/\/chemitool.com\/#website"},"primaryImageOfPage":{"@id":"https:\/\/chemitool.com\/es\/products\/safety\/zapatos-de-seguridad\/zapatilhas\/zapatilla-de-seguridad-monaco-s3-src-hro-esd\/#primaryimage"},"datePublished":"2021-11-09T15:20:46+00:00","dateModified":"2022-07-08T14:43:55+00:00","description":"Zapatilla de Seguridad MONACO S3 SRC HRO ESD CHEMITOOL en mesh, con dise\u00f1o moderno y muy c\u00f3modo. Tiene un lazo en la parte posterior para que sea m\u00e1s f\u00e1cil de poner. Su puntera de material composite hace que la zapatilla sea m\u00e1s ligera, no conduce electricidad y protege sus pies de impactos, compresiones, objetos pesados \u200b\u200by perforaciones.","breadcrumb":{"@id":"https:\/\/chemitool.com\/es\/products\/safety\/zapatos-de-seguridad\/zapatilhas\/zapatilla-de-seguridad-monaco-s3-src-hro-esd\/#breadcrumb"},"inLanguage":"es","potentialAction":[{"@type":"ReadAction","target":["https:\/\/chemitool.com\/es\/products\/safety\/zapatos-de-seguridad\/zapatilhas\/zapatilla-de-seguridad-monaco-s3-src-hro-esd\/"]}]},{"@type":"BreadcrumbList","@id":"https:\/\/chemitool.com\/es\/products\/safety\/zapatos-de-seguridad\/zapatilhas\/zapatilla-de-seguridad-monaco-s3-src-hro-esd\/#breadcrumb","itemListElement":[{"@type":"ListItem","position":1,"name":"Home","item":"https:\/\/chemitool.com\/es\/"},{"@type":"ListItem","position":2,"name":"Productos","item":"https:\/\/chemitool.com\/es\/productos\/"},{"@type":"ListItem","position":3,"name":"Safety","item":"https:\/\/chemitool.com\/es\/categoria-producto\/safety\/"},{"@type":"ListItem","position":4,"name":"zapatos de seguridad","item":"https:\/\/chemitool.com\/es\/categoria-producto\/safety\/zapatos-de-seguridad\/"},{"@type":"ListItem","position":5,"name":"Zapatillas","item":"https:\/\/chemitool.com\/es\/categoria-producto\/safety\/zapatos-de-seguridad\/zapatilhas\/"},{"@type":"ListItem","position":6,"name":"ZAPATILLA DE SEGURIDAD MONACO S3 SRC HRO ESD"}]}]}},"_links":{"self":[{"href":"https:\/\/chemitool.com\/es\/wp-json\/wp\/v2\/product\/17570"}],"collection":[{"href":"https:\/\/chemitool.com\/es\/wp-json\/wp\/v2\/product"}],"about":[{"href":"https:\/\/chemitool.com\/es\/wp-json\/wp\/v2\/types\/product"}],"wp:featuredmedia":[{"embeddable":true,"href":"https:\/\/chemitool.com\/es\/wp-json\/wp\/v2\/media\/17611"}],"wp:attachment":[{"href":"https:\/\/chemitool.com\/es\/wp-json\/wp\/v2\/media?parent=17570"}],"wp:term":[{"taxonomy":"product_cat","embeddable":true,"href":"https:\/\/chemitool.com\/es\/wp-json\/wp\/v2\/product_cat?post=17570"},{"taxonomy":"product_tag","embeddable":true,"href":"https:\/\/chemitool.com\/es\/wp-json\/wp\/v2\/product_tag?post=17570"}],"curies":[{"name":"wp","href":"https:\/\/api.w.org\/{rel}","templated":true}]}}