{"id":17395,"date":"2021-10-18T09:43:29","date_gmt":"2021-10-18T09:43:30","guid":{"rendered":"https:\/\/chemitool.com\/?post_type=product&#038;p=17395"},"modified":"2025-07-16T16:50:24","modified_gmt":"2025-07-16T16:50:24","slug":"manguitos-de-soldador","status":"publish","type":"product","link":"https:\/\/chemitool.com\/es\/products\/safety\/ropa-tecnica\/soldadura-es-2\/manguitos-de-soldador\/","title":{"rendered":"MANGUITOS DE SOLDADOR"},"content":{"rendered":"<ul>\n<li>Piel de vacuno<\/li>\n<li>Agarre suave y el\u00e1stico ancho<\/li>\n<li>Excelentes propiedades mec\u00e1nicas<\/li>\n<li>Transpirable<\/li>\n<li>Buena resistencia al calor y a la perforaci\u00f3n<\/li>\n<\/ul>\n","protected":false},"excerpt":{"rendered":"<p><em>Manguitos de Soldador CHEMITOOL<\/em> en\u00a0croute con el\u00e1stico en los extremos para un mejor ajuste, para la protecci\u00f3n del antebrazo. Adecuado para: Cerrajer\u00eda, construcci\u00f3n de calderas, mantenimiento, montaje y soldadura.<\/p>\n","protected":false},"featured_media":17372,"template":"","meta":[],"product_cat":[1454,3453,3456],"product_tag":[],"yoast_head":"<!-- This site is optimized with the Yoast SEO plugin v17.4 - https:\/\/yoast.com\/wordpress\/plugins\/seo\/ -->\n<title>MANGUITOS DE SOLDADOR &ndash; Chemitool<\/title>\n<meta name=\"description\" content=\"Manguitos de Soldador CHEMITOOL en\u00a0croute con el\u00e1stico en los extremos para un mejor ajuste, para la protecci\u00f3n del antebrazo. Adecuado para: Cerrajer\u00eda, construcci\u00f3n de calderas, mantenimiento, montaje y soldadura.\" \/>\n<meta name=\"robots\" content=\"index, follow, max-snippet:-1, max-image-preview:large, max-video-preview:-1\" \/>\n<link rel=\"canonical\" href=\"https:\/\/chemitool.com\/es\/products\/safety\/ropa-tecnica\/soldadura-es-2\/manguitos-de-soldador\/\" \/>\n<meta property=\"og:locale\" content=\"es_ES\" \/>\n<meta property=\"og:type\" content=\"article\" \/>\n<meta property=\"og:title\" content=\"MANGUITOS DE SOLDADOR &ndash; Chemitool\" \/>\n<meta property=\"og:description\" content=\"Manguitos de Soldador CHEMITOOL en\u00a0croute con el\u00e1stico en los extremos para un mejor ajuste, para la protecci\u00f3n del antebrazo. Adecuado para: Cerrajer\u00eda, construcci\u00f3n de calderas, mantenimiento, montaje y soldadura.\" \/>\n<meta property=\"og:url\" content=\"https:\/\/chemitool.com\/es\/products\/safety\/ropa-tecnica\/soldadura-es-2\/manguitos-de-soldador\/\" \/>\n<meta property=\"og:site_name\" content=\"Chemitool\" \/>\n<meta property=\"article:publisher\" content=\"https:\/\/www.facebook.com\/chemitool\" \/>\n<meta property=\"article:modified_time\" content=\"2025-07-16T16:50:24+00:00\" \/>\n<meta property=\"og:image\" content=\"https:\/\/chemitool.com\/wp-content\/uploads\/2021\/10\/CHS10050446_pair.png\" \/>\n\t<meta property=\"og:image:width\" content=\"800\" \/>\n\t<meta property=\"og:image:height\" content=\"800\" \/>\n<meta name=\"twitter:card\" content=\"summary_large_image\" \/>\n<script type=\"application\/ld+json\" class=\"yoast-schema-graph\">{\"@context\":\"https:\/\/schema.org\",\"@graph\":[{\"@type\":\"Organization\",\"@id\":\"https:\/\/chemitool.com\/#organization\",\"name\":\"Chemitool\",\"url\":\"https:\/\/chemitool.com\/\",\"sameAs\":[\"https:\/\/www.facebook.com\/chemitool\",\"https:\/\/www.instagram.com\/chemitool\/\"],\"logo\":{\"@type\":\"ImageObject\",\"@id\":\"https:\/\/chemitool.com\/#logo\",\"inLanguage\":\"es\",\"url\":\"https:\/\/chemitool.com\/wp-content\/uploads\/2020\/10\/logo_chemitool.png\",\"contentUrl\":\"https:\/\/chemitool.com\/wp-content\/uploads\/2020\/10\/logo_chemitool.png\",\"width\":400,\"height\":400,\"caption\":\"Chemitool\"},\"image\":{\"@id\":\"https:\/\/chemitool.com\/#logo\"}},{\"@type\":\"WebSite\",\"@id\":\"https:\/\/chemitool.com\/#website\",\"url\":\"https:\/\/chemitool.com\/\",\"name\":\"Chemitool\",\"description\":\"Chemitool - hardware and tools\",\"publisher\":{\"@id\":\"https:\/\/chemitool.com\/#organization\"},\"potentialAction\":[{\"@type\":\"SearchAction\",\"target\":{\"@type\":\"EntryPoint\",\"urlTemplate\":\"https:\/\/chemitool.com\/?s={search_term_string}\"},\"query-input\":\"required name=search_term_string\"}],\"inLanguage\":\"es\"},{\"@type\":\"ImageObject\",\"@id\":\"https:\/\/chemitool.com\/es\/products\/safety\/ropa-tecnica\/soldadura-es-2\/manguitos-de-soldador\/#primaryimage\",\"inLanguage\":\"es\",\"url\":\"https:\/\/chemitool.com\/wp-content\/uploads\/2021\/10\/CHS10050446_pair.png\",\"contentUrl\":\"https:\/\/chemitool.com\/wp-content\/uploads\/2021\/10\/CHS10050446_pair.png\",\"width\":800,\"height\":800},{\"@type\":\"WebPage\",\"@id\":\"https:\/\/chemitool.com\/es\/products\/safety\/ropa-tecnica\/soldadura-es-2\/manguitos-de-soldador\/#webpage\",\"url\":\"https:\/\/chemitool.com\/es\/products\/safety\/ropa-tecnica\/soldadura-es-2\/manguitos-de-soldador\/\",\"name\":\"MANGUITOS DE SOLDADOR &ndash; Chemitool\",\"isPartOf\":{\"@id\":\"https:\/\/chemitool.com\/#website\"},\"primaryImageOfPage\":{\"@id\":\"https:\/\/chemitool.com\/es\/products\/safety\/ropa-tecnica\/soldadura-es-2\/manguitos-de-soldador\/#primaryimage\"},\"datePublished\":\"2021-10-18T09:43:30+00:00\",\"dateModified\":\"2025-07-16T16:50:24+00:00\",\"description\":\"Manguitos de Soldador CHEMITOOL en\\u00a0croute con el\\u00e1stico en los extremos para un mejor ajuste, para la protecci\\u00f3n del antebrazo. Adecuado para: Cerrajer\\u00eda, construcci\\u00f3n de calderas, mantenimiento, montaje y soldadura.\",\"breadcrumb\":{\"@id\":\"https:\/\/chemitool.com\/es\/products\/safety\/ropa-tecnica\/soldadura-es-2\/manguitos-de-soldador\/#breadcrumb\"},\"inLanguage\":\"es\",\"potentialAction\":[{\"@type\":\"ReadAction\",\"target\":[\"https:\/\/chemitool.com\/es\/products\/safety\/ropa-tecnica\/soldadura-es-2\/manguitos-de-soldador\/\"]}]},{\"@type\":\"BreadcrumbList\",\"@id\":\"https:\/\/chemitool.com\/es\/products\/safety\/ropa-tecnica\/soldadura-es-2\/manguitos-de-soldador\/#breadcrumb\",\"itemListElement\":[{\"@type\":\"ListItem\",\"position\":1,\"name\":\"Home\",\"item\":\"https:\/\/chemitool.com\/es\/\"},{\"@type\":\"ListItem\",\"position\":2,\"name\":\"Productos\",\"item\":\"https:\/\/chemitool.com\/es\/productos\/\"},{\"@type\":\"ListItem\",\"position\":3,\"name\":\"Safety\",\"item\":\"https:\/\/chemitool.com\/product-category\/safety\/\"},{\"@type\":\"ListItem\",\"position\":4,\"name\":\"MANGUITOS DE SOLDADOR\"}]}]}<\/script>\n<!-- \/ Yoast SEO plugin. -->","yoast_head_json":{"title":"MANGUITOS DE SOLDADOR &ndash; Chemitool","description":"Manguitos de Soldador CHEMITOOL en\u00a0croute con el\u00e1stico en los extremos para un mejor ajuste, para la protecci\u00f3n del antebrazo. Adecuado para: Cerrajer\u00eda, construcci\u00f3n de calderas, mantenimiento, montaje y soldadura.","robots":{"index":"index","follow":"follow","max-snippet":"max-snippet:-1","max-image-preview":"max-image-preview:large","max-video-preview":"max-video-preview:-1"},"canonical":"https:\/\/chemitool.com\/es\/products\/safety\/ropa-tecnica\/soldadura-es-2\/manguitos-de-soldador\/","og_locale":"es_ES","og_type":"article","og_title":"MANGUITOS DE SOLDADOR &ndash; Chemitool","og_description":"Manguitos de Soldador CHEMITOOL en\u00a0croute con el\u00e1stico en los extremos para un mejor ajuste, para la protecci\u00f3n del antebrazo. Adecuado para: Cerrajer\u00eda, construcci\u00f3n de calderas, mantenimiento, montaje y soldadura.","og_url":"https:\/\/chemitool.com\/es\/products\/safety\/ropa-tecnica\/soldadura-es-2\/manguitos-de-soldador\/","og_site_name":"Chemitool","article_publisher":"https:\/\/www.facebook.com\/chemitool","article_modified_time":"2025-07-16T16:50:24+00:00","og_image":[{"width":800,"height":800,"url":"https:\/\/chemitool.com\/wp-content\/uploads\/2021\/10\/CHS10050446_pair.png","type":"image\/png"}],"twitter_card":"summary_large_image","schema":{"@context":"https:\/\/schema.org","@graph":[{"@type":"Organization","@id":"https:\/\/chemitool.com\/#organization","name":"Chemitool","url":"https:\/\/chemitool.com\/","sameAs":["https:\/\/www.facebook.com\/chemitool","https:\/\/www.instagram.com\/chemitool\/"],"logo":{"@type":"ImageObject","@id":"https:\/\/chemitool.com\/#logo","inLanguage":"es","url":"https:\/\/chemitool.com\/wp-content\/uploads\/2020\/10\/logo_chemitool.png","contentUrl":"https:\/\/chemitool.com\/wp-content\/uploads\/2020\/10\/logo_chemitool.png","width":400,"height":400,"caption":"Chemitool"},"image":{"@id":"https:\/\/chemitool.com\/#logo"}},{"@type":"WebSite","@id":"https:\/\/chemitool.com\/#website","url":"https:\/\/chemitool.com\/","name":"Chemitool","description":"Chemitool - hardware and tools","publisher":{"@id":"https:\/\/chemitool.com\/#organization"},"potentialAction":[{"@type":"SearchAction","target":{"@type":"EntryPoint","urlTemplate":"https:\/\/chemitool.com\/?s={search_term_string}"},"query-input":"required name=search_term_string"}],"inLanguage":"es"},{"@type":"ImageObject","@id":"https:\/\/chemitool.com\/es\/products\/safety\/ropa-tecnica\/soldadura-es-2\/manguitos-de-soldador\/#primaryimage","inLanguage":"es","url":"https:\/\/chemitool.com\/wp-content\/uploads\/2021\/10\/CHS10050446_pair.png","contentUrl":"https:\/\/chemitool.com\/wp-content\/uploads\/2021\/10\/CHS10050446_pair.png","width":800,"height":800},{"@type":"WebPage","@id":"https:\/\/chemitool.com\/es\/products\/safety\/ropa-tecnica\/soldadura-es-2\/manguitos-de-soldador\/#webpage","url":"https:\/\/chemitool.com\/es\/products\/safety\/ropa-tecnica\/soldadura-es-2\/manguitos-de-soldador\/","name":"MANGUITOS DE SOLDADOR &ndash; Chemitool","isPartOf":{"@id":"https:\/\/chemitool.com\/#website"},"primaryImageOfPage":{"@id":"https:\/\/chemitool.com\/es\/products\/safety\/ropa-tecnica\/soldadura-es-2\/manguitos-de-soldador\/#primaryimage"},"datePublished":"2021-10-18T09:43:30+00:00","dateModified":"2025-07-16T16:50:24+00:00","description":"Manguitos de Soldador CHEMITOOL en\u00a0croute con el\u00e1stico en los extremos para un mejor ajuste, para la protecci\u00f3n del antebrazo. Adecuado para: Cerrajer\u00eda, construcci\u00f3n de calderas, mantenimiento, montaje y soldadura.","breadcrumb":{"@id":"https:\/\/chemitool.com\/es\/products\/safety\/ropa-tecnica\/soldadura-es-2\/manguitos-de-soldador\/#breadcrumb"},"inLanguage":"es","potentialAction":[{"@type":"ReadAction","target":["https:\/\/chemitool.com\/es\/products\/safety\/ropa-tecnica\/soldadura-es-2\/manguitos-de-soldador\/"]}]},{"@type":"BreadcrumbList","@id":"https:\/\/chemitool.com\/es\/products\/safety\/ropa-tecnica\/soldadura-es-2\/manguitos-de-soldador\/#breadcrumb","itemListElement":[{"@type":"ListItem","position":1,"name":"Home","item":"https:\/\/chemitool.com\/es\/"},{"@type":"ListItem","position":2,"name":"Productos","item":"https:\/\/chemitool.com\/es\/productos\/"},{"@type":"ListItem","position":3,"name":"Safety","item":"https:\/\/chemitool.com\/product-category\/safety\/"},{"@type":"ListItem","position":4,"name":"MANGUITOS DE SOLDADOR"}]}]}},"_links":{"self":[{"href":"https:\/\/chemitool.com\/es\/wp-json\/wp\/v2\/product\/17395"}],"collection":[{"href":"https:\/\/chemitool.com\/es\/wp-json\/wp\/v2\/product"}],"about":[{"href":"https:\/\/chemitool.com\/es\/wp-json\/wp\/v2\/types\/product"}],"wp:featuredmedia":[{"embeddable":true,"href":"https:\/\/chemitool.com\/es\/wp-json\/wp\/v2\/media\/17372"}],"wp:attachment":[{"href":"https:\/\/chemitool.com\/es\/wp-json\/wp\/v2\/media?parent=17395"}],"wp:term":[{"taxonomy":"product_cat","embeddable":true,"href":"https:\/\/chemitool.com\/es\/wp-json\/wp\/v2\/product_cat?post=17395"},{"taxonomy":"product_tag","embeddable":true,"href":"https:\/\/chemitool.com\/es\/wp-json\/wp\/v2\/product_tag?post=17395"}],"curies":[{"name":"wp","href":"https:\/\/api.w.org\/{rel}","templated":true}]}}