{"id":16052,"date":"2021-09-22T13:46:27","date_gmt":"2021-09-22T13:46:28","guid":{"rendered":"https:\/\/chemitool.com\/?post_type=product&#038;p=16052"},"modified":"2022-11-16T14:43:47","modified_gmt":"2022-11-16T14:43:47","slug":"chaqueta-polar-light","status":"publish","type":"product","link":"https:\/\/chemitool.com\/es\/products\/safety\/ropa-tecnica\/alta-visibilidad\/chaqueta-polar-light\/","title":{"rendered":"CHAQUETA POLAR LIGHT"},"content":{"rendered":"<ul>\n<li>100% poli\u00e9ster<\/li>\n<li>Alta visibilidad<\/li>\n<li>Bandas reflectantes 3M<\/li>\n<li>Costuras reforzadas<\/li>\n<\/ul>\n<p><img class=\"alignnone size-full wp-image-15379\" src=\"https:\/\/chemitool.com\/wp-content\/uploads\/2021\/09\/MAN.png\" alt=\"\" width=\"85\" height=\"97\" \/><img class=\"alignnone size-full wp-image-15338\" src=\"https:\/\/chemitool.com\/wp-content\/uploads\/2021\/09\/REGULAR-FIT-3.png\" alt=\"\" width=\"85\" height=\"97\" \/><img class=\"alignnone size-full wp-image-15271\" src=\"https:\/\/chemitool.com\/wp-content\/uploads\/2021\/09\/3M.png\" alt=\"\" width=\"85\" height=\"97\" \/><\/p>\n","protected":false},"excerpt":{"rendered":"<p><em>Chaqueta Polar LIGHT CHEMITOOL<\/em> de alta visibilidad con bandas reflectantes 3M, con cremallera de pl\u00e1stico, cord\u00f3n ajustable en la cintura, pu\u00f1os el\u00e1sticos, dos bolsillos con cremallera oculta, un bolsillo delantero con cremallera, costuras reforzadas.<\/p>\n","protected":false},"featured_media":16056,"template":"","meta":[],"product_cat":[1454,3453,3462],"product_tag":[],"yoast_head":"<!-- This site is optimized with the Yoast SEO plugin v17.4 - https:\/\/yoast.com\/wordpress\/plugins\/seo\/ -->\n<title>CHAQUETA POLAR LIGHT &ndash; Chemitool<\/title>\n<meta name=\"description\" content=\"Chaqueta Polar LIGHT CHEMITOOL de alta visibilidad con bandas reflectantes 3M, con cremallera de pl\u00e1stico, cord\u00f3n ajustable en la cintura, pu\u00f1os el\u00e1sticos, dos bolsillos con cremallera oculta, un bolsillo delantero con cremallera, costuras reforzadas.\" \/>\n<meta name=\"robots\" content=\"index, follow, max-snippet:-1, max-image-preview:large, max-video-preview:-1\" \/>\n<link rel=\"canonical\" href=\"https:\/\/chemitool.com\/es\/products\/safety\/ropa-tecnica\/alta-visibilidad\/chaqueta-polar-light\/\" \/>\n<meta property=\"og:locale\" content=\"es_ES\" \/>\n<meta property=\"og:type\" content=\"article\" \/>\n<meta property=\"og:title\" content=\"CHAQUETA POLAR LIGHT &ndash; Chemitool\" \/>\n<meta property=\"og:description\" content=\"Chaqueta Polar LIGHT CHEMITOOL de alta visibilidad con bandas reflectantes 3M, con cremallera de pl\u00e1stico, cord\u00f3n ajustable en la cintura, pu\u00f1os el\u00e1sticos, dos bolsillos con cremallera oculta, un bolsillo delantero con cremallera, costuras reforzadas.\" \/>\n<meta property=\"og:url\" content=\"https:\/\/chemitool.com\/es\/products\/safety\/ropa-tecnica\/alta-visibilidad\/chaqueta-polar-light\/\" \/>\n<meta property=\"og:site_name\" content=\"Chemitool\" \/>\n<meta property=\"article:publisher\" content=\"https:\/\/www.facebook.com\/chemitool\" \/>\n<meta property=\"article:modified_time\" content=\"2022-11-16T14:43:47+00:00\" \/>\n<meta property=\"og:image\" content=\"https:\/\/chemitool.com\/wp-content\/uploads\/2021\/09\/P0344006901006_frente.png\" \/>\n\t<meta property=\"og:image:width\" content=\"800\" \/>\n\t<meta property=\"og:image:height\" content=\"800\" \/>\n<meta name=\"twitter:card\" content=\"summary_large_image\" \/>\n<script type=\"application\/ld+json\" class=\"yoast-schema-graph\">{\"@context\":\"https:\/\/schema.org\",\"@graph\":[{\"@type\":\"Organization\",\"@id\":\"https:\/\/chemitool.com\/#organization\",\"name\":\"Chemitool\",\"url\":\"https:\/\/chemitool.com\/\",\"sameAs\":[\"https:\/\/www.facebook.com\/chemitool\",\"https:\/\/www.instagram.com\/chemitool\/\"],\"logo\":{\"@type\":\"ImageObject\",\"@id\":\"https:\/\/chemitool.com\/#logo\",\"inLanguage\":\"es\",\"url\":\"https:\/\/chemitool.com\/wp-content\/uploads\/2020\/10\/logo_chemitool.png\",\"contentUrl\":\"https:\/\/chemitool.com\/wp-content\/uploads\/2020\/10\/logo_chemitool.png\",\"width\":400,\"height\":400,\"caption\":\"Chemitool\"},\"image\":{\"@id\":\"https:\/\/chemitool.com\/#logo\"}},{\"@type\":\"WebSite\",\"@id\":\"https:\/\/chemitool.com\/#website\",\"url\":\"https:\/\/chemitool.com\/\",\"name\":\"Chemitool\",\"description\":\"Chemitool - hardware and tools\",\"publisher\":{\"@id\":\"https:\/\/chemitool.com\/#organization\"},\"potentialAction\":[{\"@type\":\"SearchAction\",\"target\":{\"@type\":\"EntryPoint\",\"urlTemplate\":\"https:\/\/chemitool.com\/?s={search_term_string}\"},\"query-input\":\"required name=search_term_string\"}],\"inLanguage\":\"es\"},{\"@type\":\"ImageObject\",\"@id\":\"https:\/\/chemitool.com\/es\/products\/safety\/ropa-tecnica\/alta-visibilidad\/chaqueta-polar-light\/#primaryimage\",\"inLanguage\":\"es\",\"url\":\"https:\/\/chemitool.com\/wp-content\/uploads\/2021\/09\/P0344006901006_frente.png\",\"contentUrl\":\"https:\/\/chemitool.com\/wp-content\/uploads\/2021\/09\/P0344006901006_frente.png\",\"width\":800,\"height\":800},{\"@type\":\"WebPage\",\"@id\":\"https:\/\/chemitool.com\/es\/products\/safety\/ropa-tecnica\/alta-visibilidad\/chaqueta-polar-light\/#webpage\",\"url\":\"https:\/\/chemitool.com\/es\/products\/safety\/ropa-tecnica\/alta-visibilidad\/chaqueta-polar-light\/\",\"name\":\"CHAQUETA POLAR LIGHT &ndash; Chemitool\",\"isPartOf\":{\"@id\":\"https:\/\/chemitool.com\/#website\"},\"primaryImageOfPage\":{\"@id\":\"https:\/\/chemitool.com\/es\/products\/safety\/ropa-tecnica\/alta-visibilidad\/chaqueta-polar-light\/#primaryimage\"},\"datePublished\":\"2021-09-22T13:46:28+00:00\",\"dateModified\":\"2022-11-16T14:43:47+00:00\",\"description\":\"Chaqueta Polar LIGHT CHEMITOOL de alta visibilidad con bandas reflectantes 3M, con cremallera de pl\\u00e1stico, cord\\u00f3n ajustable en la cintura, pu\\u00f1os el\\u00e1sticos, dos bolsillos con cremallera oculta, un bolsillo delantero con cremallera, costuras reforzadas.\",\"breadcrumb\":{\"@id\":\"https:\/\/chemitool.com\/es\/products\/safety\/ropa-tecnica\/alta-visibilidad\/chaqueta-polar-light\/#breadcrumb\"},\"inLanguage\":\"es\",\"potentialAction\":[{\"@type\":\"ReadAction\",\"target\":[\"https:\/\/chemitool.com\/es\/products\/safety\/ropa-tecnica\/alta-visibilidad\/chaqueta-polar-light\/\"]}]},{\"@type\":\"BreadcrumbList\",\"@id\":\"https:\/\/chemitool.com\/es\/products\/safety\/ropa-tecnica\/alta-visibilidad\/chaqueta-polar-light\/#breadcrumb\",\"itemListElement\":[{\"@type\":\"ListItem\",\"position\":1,\"name\":\"Home\",\"item\":\"https:\/\/chemitool.com\/es\/\"},{\"@type\":\"ListItem\",\"position\":2,\"name\":\"Productos\",\"item\":\"https:\/\/chemitool.com\/es\/productos\/\"},{\"@type\":\"ListItem\",\"position\":3,\"name\":\"Safety\",\"item\":\"https:\/\/chemitool.com\/es\/categoria-producto\/safety\/\"},{\"@type\":\"ListItem\",\"position\":4,\"name\":\"Ropa T\\u00e9cnica\",\"item\":\"https:\/\/chemitool.com\/es\/categoria-producto\/safety\/ropa-tecnica\/\"},{\"@type\":\"ListItem\",\"position\":5,\"name\":\"Alta Visibilidad\",\"item\":\"https:\/\/chemitool.com\/es\/categoria-producto\/safety\/ropa-tecnica\/alta-visibilidad\/\"},{\"@type\":\"ListItem\",\"position\":6,\"name\":\"CHAQUETA POLAR LIGHT\"}]}]}<\/script>\n<!-- \/ Yoast SEO plugin. -->","yoast_head_json":{"title":"CHAQUETA POLAR LIGHT &ndash; Chemitool","description":"Chaqueta Polar LIGHT CHEMITOOL de alta visibilidad con bandas reflectantes 3M, con cremallera de pl\u00e1stico, cord\u00f3n ajustable en la cintura, pu\u00f1os el\u00e1sticos, dos bolsillos con cremallera oculta, un bolsillo delantero con cremallera, costuras reforzadas.","robots":{"index":"index","follow":"follow","max-snippet":"max-snippet:-1","max-image-preview":"max-image-preview:large","max-video-preview":"max-video-preview:-1"},"canonical":"https:\/\/chemitool.com\/es\/products\/safety\/ropa-tecnica\/alta-visibilidad\/chaqueta-polar-light\/","og_locale":"es_ES","og_type":"article","og_title":"CHAQUETA POLAR LIGHT &ndash; Chemitool","og_description":"Chaqueta Polar LIGHT CHEMITOOL de alta visibilidad con bandas reflectantes 3M, con cremallera de pl\u00e1stico, cord\u00f3n ajustable en la cintura, pu\u00f1os el\u00e1sticos, dos bolsillos con cremallera oculta, un bolsillo delantero con cremallera, costuras reforzadas.","og_url":"https:\/\/chemitool.com\/es\/products\/safety\/ropa-tecnica\/alta-visibilidad\/chaqueta-polar-light\/","og_site_name":"Chemitool","article_publisher":"https:\/\/www.facebook.com\/chemitool","article_modified_time":"2022-11-16T14:43:47+00:00","og_image":[{"width":800,"height":800,"url":"https:\/\/chemitool.com\/wp-content\/uploads\/2021\/09\/P0344006901006_frente.png","type":"image\/png"}],"twitter_card":"summary_large_image","schema":{"@context":"https:\/\/schema.org","@graph":[{"@type":"Organization","@id":"https:\/\/chemitool.com\/#organization","name":"Chemitool","url":"https:\/\/chemitool.com\/","sameAs":["https:\/\/www.facebook.com\/chemitool","https:\/\/www.instagram.com\/chemitool\/"],"logo":{"@type":"ImageObject","@id":"https:\/\/chemitool.com\/#logo","inLanguage":"es","url":"https:\/\/chemitool.com\/wp-content\/uploads\/2020\/10\/logo_chemitool.png","contentUrl":"https:\/\/chemitool.com\/wp-content\/uploads\/2020\/10\/logo_chemitool.png","width":400,"height":400,"caption":"Chemitool"},"image":{"@id":"https:\/\/chemitool.com\/#logo"}},{"@type":"WebSite","@id":"https:\/\/chemitool.com\/#website","url":"https:\/\/chemitool.com\/","name":"Chemitool","description":"Chemitool - hardware and tools","publisher":{"@id":"https:\/\/chemitool.com\/#organization"},"potentialAction":[{"@type":"SearchAction","target":{"@type":"EntryPoint","urlTemplate":"https:\/\/chemitool.com\/?s={search_term_string}"},"query-input":"required name=search_term_string"}],"inLanguage":"es"},{"@type":"ImageObject","@id":"https:\/\/chemitool.com\/es\/products\/safety\/ropa-tecnica\/alta-visibilidad\/chaqueta-polar-light\/#primaryimage","inLanguage":"es","url":"https:\/\/chemitool.com\/wp-content\/uploads\/2021\/09\/P0344006901006_frente.png","contentUrl":"https:\/\/chemitool.com\/wp-content\/uploads\/2021\/09\/P0344006901006_frente.png","width":800,"height":800},{"@type":"WebPage","@id":"https:\/\/chemitool.com\/es\/products\/safety\/ropa-tecnica\/alta-visibilidad\/chaqueta-polar-light\/#webpage","url":"https:\/\/chemitool.com\/es\/products\/safety\/ropa-tecnica\/alta-visibilidad\/chaqueta-polar-light\/","name":"CHAQUETA POLAR LIGHT &ndash; Chemitool","isPartOf":{"@id":"https:\/\/chemitool.com\/#website"},"primaryImageOfPage":{"@id":"https:\/\/chemitool.com\/es\/products\/safety\/ropa-tecnica\/alta-visibilidad\/chaqueta-polar-light\/#primaryimage"},"datePublished":"2021-09-22T13:46:28+00:00","dateModified":"2022-11-16T14:43:47+00:00","description":"Chaqueta Polar LIGHT CHEMITOOL de alta visibilidad con bandas reflectantes 3M, con cremallera de pl\u00e1stico, cord\u00f3n ajustable en la cintura, pu\u00f1os el\u00e1sticos, dos bolsillos con cremallera oculta, un bolsillo delantero con cremallera, costuras reforzadas.","breadcrumb":{"@id":"https:\/\/chemitool.com\/es\/products\/safety\/ropa-tecnica\/alta-visibilidad\/chaqueta-polar-light\/#breadcrumb"},"inLanguage":"es","potentialAction":[{"@type":"ReadAction","target":["https:\/\/chemitool.com\/es\/products\/safety\/ropa-tecnica\/alta-visibilidad\/chaqueta-polar-light\/"]}]},{"@type":"BreadcrumbList","@id":"https:\/\/chemitool.com\/es\/products\/safety\/ropa-tecnica\/alta-visibilidad\/chaqueta-polar-light\/#breadcrumb","itemListElement":[{"@type":"ListItem","position":1,"name":"Home","item":"https:\/\/chemitool.com\/es\/"},{"@type":"ListItem","position":2,"name":"Productos","item":"https:\/\/chemitool.com\/es\/productos\/"},{"@type":"ListItem","position":3,"name":"Safety","item":"https:\/\/chemitool.com\/es\/categoria-producto\/safety\/"},{"@type":"ListItem","position":4,"name":"Ropa T\u00e9cnica","item":"https:\/\/chemitool.com\/es\/categoria-producto\/safety\/ropa-tecnica\/"},{"@type":"ListItem","position":5,"name":"Alta Visibilidad","item":"https:\/\/chemitool.com\/es\/categoria-producto\/safety\/ropa-tecnica\/alta-visibilidad\/"},{"@type":"ListItem","position":6,"name":"CHAQUETA POLAR LIGHT"}]}]}},"_links":{"self":[{"href":"https:\/\/chemitool.com\/es\/wp-json\/wp\/v2\/product\/16052"}],"collection":[{"href":"https:\/\/chemitool.com\/es\/wp-json\/wp\/v2\/product"}],"about":[{"href":"https:\/\/chemitool.com\/es\/wp-json\/wp\/v2\/types\/product"}],"wp:featuredmedia":[{"embeddable":true,"href":"https:\/\/chemitool.com\/es\/wp-json\/wp\/v2\/media\/16056"}],"wp:attachment":[{"href":"https:\/\/chemitool.com\/es\/wp-json\/wp\/v2\/media?parent=16052"}],"wp:term":[{"taxonomy":"product_cat","embeddable":true,"href":"https:\/\/chemitool.com\/es\/wp-json\/wp\/v2\/product_cat?post=16052"},{"taxonomy":"product_tag","embeddable":true,"href":"https:\/\/chemitool.com\/es\/wp-json\/wp\/v2\/product_tag?post=16052"}],"curies":[{"name":"wp","href":"https:\/\/api.w.org\/{rel}","templated":true}]}}