{"id":15810,"date":"2021-09-21T15:38:32","date_gmt":"2021-09-21T15:38:35","guid":{"rendered":"https:\/\/chemitool.com\/?post_type=product&#038;p=15810"},"modified":"2023-01-26T17:30:59","modified_gmt":"2023-01-26T17:30:59","slug":"pechera-trolley","status":"publish","type":"product","link":"https:\/\/chemitool.com\/es\/products\/safety\/ropa-de-trabajo\/pechera-trolley\/","title":{"rendered":"PECHERA TROLLEY"},"content":{"rendered":"<ul>\n<li>100% algod\u00f3n<\/li>\n<li>Tirantes el\u00e1sticos<\/li>\n<li>Hebilla con cierre autom\u00e1tico<\/li>\n<li>Costuras dobles en la entrepierna<\/li>\n<\/ul>\n<p><img class=\"alignnone size-full wp-image-15379\" src=\"https:\/\/chemitool.com\/wp-content\/uploads\/2021\/09\/MAN.png\" alt=\"\" width=\"85\" height=\"97\" \/><img class=\"alignnone size-full wp-image-15338\" src=\"https:\/\/chemitool.com\/wp-content\/uploads\/2021\/09\/REGULAR-FIT-3.png\" alt=\"\" width=\"85\" height=\"97\" \/><\/p>\n","protected":false},"excerpt":{"rendered":"<p><em>Pechera TROLLEY CHEMITOOL<\/em> con amplia protecci\u00f3n renal, tirantes el\u00e1sticos y hebilla con cierre autom\u00e1tico, apertura lateral con botones y cierre de la solapa con cremallera, el\u00e1stico en la cintura. Costuras de la entrepierna e interior de la pierna con doble aguja. Bolsillo a la altura del pecho con soporte para tarjeta de identificaci\u00f3n y cierre con cremallera, dos bolsillos delanteros y bolsillo con soporte para bol\u00edgrafos, bolsillo para cinta m\u00e9trica en el lateral derecho y un bolsillo trasero con solapa de cierre y velcro.<\/p>\n","protected":false},"featured_media":16050,"template":"","meta":[],"product_cat":[1454,3464],"product_tag":[],"yoast_head":"<!-- This site is optimized with the Yoast SEO plugin v17.4 - https:\/\/yoast.com\/wordpress\/plugins\/seo\/ -->\n<title>PECHERA TROLLEY &ndash; Chemitool<\/title>\n<meta name=\"description\" content=\"Pechera TROLLEY CHEMITOOL con amplia protecci\u00f3n renal, tirantes el\u00e1sticos y hebilla con cierre autom\u00e1tico, apertura lateral con botones y cierre de la solapa con cremallera, el\u00e1stico en la cintura. Costuras de la entrepierna e interior de la pierna con doble aguja. Bolsillo a la altura del pecho con soporte para tarjeta de identificaci\u00f3n y cierre con cremallera, dos bolsillos delanteros y bolsillo con soporte para bol\u00edgrafos, bolsillo para cinta m\u00e9trica en el lateral derecho y un bolsillo trasero con solapa de cierre y velcro.\" \/>\n<meta name=\"robots\" content=\"index, follow, max-snippet:-1, max-image-preview:large, max-video-preview:-1\" \/>\n<link rel=\"canonical\" href=\"https:\/\/chemitool.com\/es\/products\/safety\/ropa-de-trabajo\/pechera-trolley\/\" \/>\n<meta property=\"og:locale\" content=\"es_ES\" \/>\n<meta property=\"og:type\" content=\"article\" \/>\n<meta property=\"og:title\" content=\"PECHERA TROLLEY &ndash; Chemitool\" \/>\n<meta property=\"og:description\" content=\"Pechera TROLLEY CHEMITOOL con amplia protecci\u00f3n renal, tirantes el\u00e1sticos y hebilla con cierre autom\u00e1tico, apertura lateral con botones y cierre de la solapa con cremallera, el\u00e1stico en la cintura. Costuras de la entrepierna e interior de la pierna con doble aguja. Bolsillo a la altura del pecho con soporte para tarjeta de identificaci\u00f3n y cierre con cremallera, dos bolsillos delanteros y bolsillo con soporte para bol\u00edgrafos, bolsillo para cinta m\u00e9trica en el lateral derecho y un bolsillo trasero con solapa de cierre y velcro.\" \/>\n<meta property=\"og:url\" content=\"https:\/\/chemitool.com\/es\/products\/safety\/ropa-de-trabajo\/pechera-trolley\/\" \/>\n<meta property=\"og:site_name\" content=\"Chemitool\" \/>\n<meta property=\"article:publisher\" content=\"https:\/\/www.facebook.com\/chemitool\" \/>\n<meta property=\"article:modified_time\" content=\"2023-01-26T17:30:59+00:00\" \/>\n<meta property=\"og:image\" content=\"https:\/\/chemitool.com\/wp-content\/uploads\/2021\/09\/P1263033_frente.png\" \/>\n\t<meta property=\"og:image:width\" content=\"800\" \/>\n\t<meta property=\"og:image:height\" content=\"800\" \/>\n<meta name=\"twitter:card\" content=\"summary_large_image\" \/>\n<meta name=\"twitter:label1\" content=\"Tiempo de lectura\" \/>\n\t<meta name=\"twitter:data1\" content=\"1 minuto\" \/>\n<script type=\"application\/ld+json\" class=\"yoast-schema-graph\">{\"@context\":\"https:\/\/schema.org\",\"@graph\":[{\"@type\":\"Organization\",\"@id\":\"https:\/\/chemitool.com\/#organization\",\"name\":\"Chemitool\",\"url\":\"https:\/\/chemitool.com\/\",\"sameAs\":[\"https:\/\/www.facebook.com\/chemitool\",\"https:\/\/www.instagram.com\/chemitool\/\"],\"logo\":{\"@type\":\"ImageObject\",\"@id\":\"https:\/\/chemitool.com\/#logo\",\"inLanguage\":\"es\",\"url\":\"https:\/\/chemitool.com\/wp-content\/uploads\/2020\/10\/logo_chemitool.png\",\"contentUrl\":\"https:\/\/chemitool.com\/wp-content\/uploads\/2020\/10\/logo_chemitool.png\",\"width\":400,\"height\":400,\"caption\":\"Chemitool\"},\"image\":{\"@id\":\"https:\/\/chemitool.com\/#logo\"}},{\"@type\":\"WebSite\",\"@id\":\"https:\/\/chemitool.com\/#website\",\"url\":\"https:\/\/chemitool.com\/\",\"name\":\"Chemitool\",\"description\":\"Chemitool - hardware and tools\",\"publisher\":{\"@id\":\"https:\/\/chemitool.com\/#organization\"},\"potentialAction\":[{\"@type\":\"SearchAction\",\"target\":{\"@type\":\"EntryPoint\",\"urlTemplate\":\"https:\/\/chemitool.com\/?s={search_term_string}\"},\"query-input\":\"required name=search_term_string\"}],\"inLanguage\":\"es\"},{\"@type\":\"ImageObject\",\"@id\":\"https:\/\/chemitool.com\/es\/products\/safety\/ropa-de-trabajo\/pechera-trolley\/#primaryimage\",\"inLanguage\":\"es\",\"url\":\"https:\/\/chemitool.com\/wp-content\/uploads\/2021\/09\/P1263033_frente.png\",\"contentUrl\":\"https:\/\/chemitool.com\/wp-content\/uploads\/2021\/09\/P1263033_frente.png\",\"width\":800,\"height\":800},{\"@type\":\"WebPage\",\"@id\":\"https:\/\/chemitool.com\/es\/products\/safety\/ropa-de-trabajo\/pechera-trolley\/#webpage\",\"url\":\"https:\/\/chemitool.com\/es\/products\/safety\/ropa-de-trabajo\/pechera-trolley\/\",\"name\":\"PECHERA TROLLEY &ndash; Chemitool\",\"isPartOf\":{\"@id\":\"https:\/\/chemitool.com\/#website\"},\"primaryImageOfPage\":{\"@id\":\"https:\/\/chemitool.com\/es\/products\/safety\/ropa-de-trabajo\/pechera-trolley\/#primaryimage\"},\"datePublished\":\"2021-09-21T15:38:35+00:00\",\"dateModified\":\"2023-01-26T17:30:59+00:00\",\"description\":\"Pechera TROLLEY CHEMITOOL con amplia protecci\\u00f3n renal, tirantes el\\u00e1sticos y hebilla con cierre autom\\u00e1tico, apertura lateral con botones y cierre de la solapa con cremallera, el\\u00e1stico en la cintura. Costuras de la entrepierna e interior de la pierna con doble aguja. Bolsillo a la altura del pecho con soporte para tarjeta de identificaci\\u00f3n y cierre con cremallera, dos bolsillos delanteros y bolsillo con soporte para bol\\u00edgrafos, bolsillo para cinta m\\u00e9trica en el lateral derecho y un bolsillo trasero con solapa de cierre y velcro.\",\"breadcrumb\":{\"@id\":\"https:\/\/chemitool.com\/es\/products\/safety\/ropa-de-trabajo\/pechera-trolley\/#breadcrumb\"},\"inLanguage\":\"es\",\"potentialAction\":[{\"@type\":\"ReadAction\",\"target\":[\"https:\/\/chemitool.com\/es\/products\/safety\/ropa-de-trabajo\/pechera-trolley\/\"]}]},{\"@type\":\"BreadcrumbList\",\"@id\":\"https:\/\/chemitool.com\/es\/products\/safety\/ropa-de-trabajo\/pechera-trolley\/#breadcrumb\",\"itemListElement\":[{\"@type\":\"ListItem\",\"position\":1,\"name\":\"Home\",\"item\":\"https:\/\/chemitool.com\/es\/\"},{\"@type\":\"ListItem\",\"position\":2,\"name\":\"Productos\",\"item\":\"https:\/\/chemitool.com\/es\/productos\/\"},{\"@type\":\"ListItem\",\"position\":3,\"name\":\"Safety\",\"item\":\"https:\/\/chemitool.com\/es\/categoria-producto\/safety\/\"},{\"@type\":\"ListItem\",\"position\":4,\"name\":\"Ropa de Trabajo\",\"item\":\"https:\/\/chemitool.com\/es\/categoria-producto\/safety\/ropa-de-trabajo\/\"},{\"@type\":\"ListItem\",\"position\":5,\"name\":\"PECHERA TROLLEY\"}]}]}<\/script>\n<!-- \/ Yoast SEO plugin. -->","yoast_head_json":{"title":"PECHERA TROLLEY &ndash; Chemitool","description":"Pechera TROLLEY CHEMITOOL con amplia protecci\u00f3n renal, tirantes el\u00e1sticos y hebilla con cierre autom\u00e1tico, apertura lateral con botones y cierre de la solapa con cremallera, el\u00e1stico en la cintura. Costuras de la entrepierna e interior de la pierna con doble aguja. Bolsillo a la altura del pecho con soporte para tarjeta de identificaci\u00f3n y cierre con cremallera, dos bolsillos delanteros y bolsillo con soporte para bol\u00edgrafos, bolsillo para cinta m\u00e9trica en el lateral derecho y un bolsillo trasero con solapa de cierre y velcro.","robots":{"index":"index","follow":"follow","max-snippet":"max-snippet:-1","max-image-preview":"max-image-preview:large","max-video-preview":"max-video-preview:-1"},"canonical":"https:\/\/chemitool.com\/es\/products\/safety\/ropa-de-trabajo\/pechera-trolley\/","og_locale":"es_ES","og_type":"article","og_title":"PECHERA TROLLEY &ndash; Chemitool","og_description":"Pechera TROLLEY CHEMITOOL con amplia protecci\u00f3n renal, tirantes el\u00e1sticos y hebilla con cierre autom\u00e1tico, apertura lateral con botones y cierre de la solapa con cremallera, el\u00e1stico en la cintura. Costuras de la entrepierna e interior de la pierna con doble aguja. Bolsillo a la altura del pecho con soporte para tarjeta de identificaci\u00f3n y cierre con cremallera, dos bolsillos delanteros y bolsillo con soporte para bol\u00edgrafos, bolsillo para cinta m\u00e9trica en el lateral derecho y un bolsillo trasero con solapa de cierre y velcro.","og_url":"https:\/\/chemitool.com\/es\/products\/safety\/ropa-de-trabajo\/pechera-trolley\/","og_site_name":"Chemitool","article_publisher":"https:\/\/www.facebook.com\/chemitool","article_modified_time":"2023-01-26T17:30:59+00:00","og_image":[{"width":800,"height":800,"url":"https:\/\/chemitool.com\/wp-content\/uploads\/2021\/09\/P1263033_frente.png","type":"image\/png"}],"twitter_card":"summary_large_image","twitter_misc":{"Tiempo de lectura":"1 minuto"},"schema":{"@context":"https:\/\/schema.org","@graph":[{"@type":"Organization","@id":"https:\/\/chemitool.com\/#organization","name":"Chemitool","url":"https:\/\/chemitool.com\/","sameAs":["https:\/\/www.facebook.com\/chemitool","https:\/\/www.instagram.com\/chemitool\/"],"logo":{"@type":"ImageObject","@id":"https:\/\/chemitool.com\/#logo","inLanguage":"es","url":"https:\/\/chemitool.com\/wp-content\/uploads\/2020\/10\/logo_chemitool.png","contentUrl":"https:\/\/chemitool.com\/wp-content\/uploads\/2020\/10\/logo_chemitool.png","width":400,"height":400,"caption":"Chemitool"},"image":{"@id":"https:\/\/chemitool.com\/#logo"}},{"@type":"WebSite","@id":"https:\/\/chemitool.com\/#website","url":"https:\/\/chemitool.com\/","name":"Chemitool","description":"Chemitool - hardware and tools","publisher":{"@id":"https:\/\/chemitool.com\/#organization"},"potentialAction":[{"@type":"SearchAction","target":{"@type":"EntryPoint","urlTemplate":"https:\/\/chemitool.com\/?s={search_term_string}"},"query-input":"required name=search_term_string"}],"inLanguage":"es"},{"@type":"ImageObject","@id":"https:\/\/chemitool.com\/es\/products\/safety\/ropa-de-trabajo\/pechera-trolley\/#primaryimage","inLanguage":"es","url":"https:\/\/chemitool.com\/wp-content\/uploads\/2021\/09\/P1263033_frente.png","contentUrl":"https:\/\/chemitool.com\/wp-content\/uploads\/2021\/09\/P1263033_frente.png","width":800,"height":800},{"@type":"WebPage","@id":"https:\/\/chemitool.com\/es\/products\/safety\/ropa-de-trabajo\/pechera-trolley\/#webpage","url":"https:\/\/chemitool.com\/es\/products\/safety\/ropa-de-trabajo\/pechera-trolley\/","name":"PECHERA TROLLEY &ndash; Chemitool","isPartOf":{"@id":"https:\/\/chemitool.com\/#website"},"primaryImageOfPage":{"@id":"https:\/\/chemitool.com\/es\/products\/safety\/ropa-de-trabajo\/pechera-trolley\/#primaryimage"},"datePublished":"2021-09-21T15:38:35+00:00","dateModified":"2023-01-26T17:30:59+00:00","description":"Pechera TROLLEY CHEMITOOL con amplia protecci\u00f3n renal, tirantes el\u00e1sticos y hebilla con cierre autom\u00e1tico, apertura lateral con botones y cierre de la solapa con cremallera, el\u00e1stico en la cintura. Costuras de la entrepierna e interior de la pierna con doble aguja. Bolsillo a la altura del pecho con soporte para tarjeta de identificaci\u00f3n y cierre con cremallera, dos bolsillos delanteros y bolsillo con soporte para bol\u00edgrafos, bolsillo para cinta m\u00e9trica en el lateral derecho y un bolsillo trasero con solapa de cierre y velcro.","breadcrumb":{"@id":"https:\/\/chemitool.com\/es\/products\/safety\/ropa-de-trabajo\/pechera-trolley\/#breadcrumb"},"inLanguage":"es","potentialAction":[{"@type":"ReadAction","target":["https:\/\/chemitool.com\/es\/products\/safety\/ropa-de-trabajo\/pechera-trolley\/"]}]},{"@type":"BreadcrumbList","@id":"https:\/\/chemitool.com\/es\/products\/safety\/ropa-de-trabajo\/pechera-trolley\/#breadcrumb","itemListElement":[{"@type":"ListItem","position":1,"name":"Home","item":"https:\/\/chemitool.com\/es\/"},{"@type":"ListItem","position":2,"name":"Productos","item":"https:\/\/chemitool.com\/es\/productos\/"},{"@type":"ListItem","position":3,"name":"Safety","item":"https:\/\/chemitool.com\/es\/categoria-producto\/safety\/"},{"@type":"ListItem","position":4,"name":"Ropa de Trabajo","item":"https:\/\/chemitool.com\/es\/categoria-producto\/safety\/ropa-de-trabajo\/"},{"@type":"ListItem","position":5,"name":"PECHERA TROLLEY"}]}]}},"_links":{"self":[{"href":"https:\/\/chemitool.com\/es\/wp-json\/wp\/v2\/product\/15810"}],"collection":[{"href":"https:\/\/chemitool.com\/es\/wp-json\/wp\/v2\/product"}],"about":[{"href":"https:\/\/chemitool.com\/es\/wp-json\/wp\/v2\/types\/product"}],"wp:featuredmedia":[{"embeddable":true,"href":"https:\/\/chemitool.com\/es\/wp-json\/wp\/v2\/media\/16050"}],"wp:attachment":[{"href":"https:\/\/chemitool.com\/es\/wp-json\/wp\/v2\/media?parent=15810"}],"wp:term":[{"taxonomy":"product_cat","embeddable":true,"href":"https:\/\/chemitool.com\/es\/wp-json\/wp\/v2\/product_cat?post=15810"},{"taxonomy":"product_tag","embeddable":true,"href":"https:\/\/chemitool.com\/es\/wp-json\/wp\/v2\/product_tag?post=15810"}],"curies":[{"name":"wp","href":"https:\/\/api.w.org\/{rel}","templated":true}]}}