{"id":15801,"date":"2021-09-21T15:32:00","date_gmt":"2021-09-21T15:32:01","guid":{"rendered":"https:\/\/chemitool.com\/?post_type=product&#038;p=15801"},"modified":"2023-01-26T17:31:13","modified_gmt":"2023-01-26T17:31:13","slug":"bata-shell","status":"publish","type":"product","link":"https:\/\/chemitool.com\/es\/products\/safety\/ropa-de-trabajo\/bata-shell\/","title":{"rendered":"BATA SHELL"},"content":{"rendered":"<ul>\n<li>100% algod\u00f3n<\/li>\n<li>El\u00e1stico en los pu\u00f1os<\/li>\n<li>Soporte para tel\u00e9fono m\u00f3vil<\/li>\n<li>Soporte para bol\u00edgrafos<\/li>\n<\/ul>\n","protected":false},"excerpt":{"rendered":"<p><em>Bata SHELL CHEMITOOL<\/em> de cuello abierto, el\u00e1stico en los pu\u00f1os, cierre cubierto con botones, dos bolsillos aplicados y un bolsillo a la altura del pecho con soporte para tel\u00e9fono m\u00f3vil, soporte para tarjeta de identificaci\u00f3n, soporte para bol\u00edgrafos y solapa de cierre con velcro.<\/p>\n","protected":false},"featured_media":16044,"template":"","meta":[],"product_cat":[1454,3464],"product_tag":[],"yoast_head":"<!-- This site is optimized with the Yoast SEO plugin v17.4 - https:\/\/yoast.com\/wordpress\/plugins\/seo\/ -->\n<title>BATA SHELL &ndash; Chemitool<\/title>\n<meta name=\"description\" content=\"Bata SHELL CHEMITOOL de cuello abierto, el\u00e1stico en los pu\u00f1os, cierre cubierto con botones, dos bolsillos aplicados y un bolsillo a la altura del pecho con soporte para tel\u00e9fono m\u00f3vil, soporte para tarjeta de identificaci\u00f3n, soporte para bol\u00edgrafos y solapa de cierre con velcro.\" \/>\n<meta name=\"robots\" content=\"index, follow, max-snippet:-1, max-image-preview:large, max-video-preview:-1\" \/>\n<link rel=\"canonical\" href=\"https:\/\/chemitool.com\/es\/products\/safety\/ropa-de-trabajo\/bata-shell\/\" \/>\n<meta property=\"og:locale\" content=\"es_ES\" \/>\n<meta property=\"og:type\" content=\"article\" \/>\n<meta property=\"og:title\" content=\"BATA SHELL &ndash; Chemitool\" \/>\n<meta property=\"og:description\" content=\"Bata SHELL CHEMITOOL de cuello abierto, el\u00e1stico en los pu\u00f1os, cierre cubierto con botones, dos bolsillos aplicados y un bolsillo a la altura del pecho con soporte para tel\u00e9fono m\u00f3vil, soporte para tarjeta de identificaci\u00f3n, soporte para bol\u00edgrafos y solapa de cierre con velcro.\" \/>\n<meta property=\"og:url\" content=\"https:\/\/chemitool.com\/es\/products\/safety\/ropa-de-trabajo\/bata-shell\/\" \/>\n<meta property=\"og:site_name\" content=\"Chemitool\" \/>\n<meta property=\"article:publisher\" content=\"https:\/\/www.facebook.com\/chemitool\" \/>\n<meta property=\"article:modified_time\" content=\"2023-01-26T17:31:13+00:00\" \/>\n<meta property=\"og:image\" content=\"https:\/\/chemitool.com\/wp-content\/uploads\/2021\/09\/P1266033_frente.png\" \/>\n\t<meta property=\"og:image:width\" content=\"800\" \/>\n\t<meta property=\"og:image:height\" content=\"800\" \/>\n<meta name=\"twitter:card\" content=\"summary_large_image\" \/>\n<script type=\"application\/ld+json\" class=\"yoast-schema-graph\">{\"@context\":\"https:\/\/schema.org\",\"@graph\":[{\"@type\":\"Organization\",\"@id\":\"https:\/\/chemitool.com\/#organization\",\"name\":\"Chemitool\",\"url\":\"https:\/\/chemitool.com\/\",\"sameAs\":[\"https:\/\/www.facebook.com\/chemitool\",\"https:\/\/www.instagram.com\/chemitool\/\"],\"logo\":{\"@type\":\"ImageObject\",\"@id\":\"https:\/\/chemitool.com\/#logo\",\"inLanguage\":\"es\",\"url\":\"https:\/\/chemitool.com\/wp-content\/uploads\/2020\/10\/logo_chemitool.png\",\"contentUrl\":\"https:\/\/chemitool.com\/wp-content\/uploads\/2020\/10\/logo_chemitool.png\",\"width\":400,\"height\":400,\"caption\":\"Chemitool\"},\"image\":{\"@id\":\"https:\/\/chemitool.com\/#logo\"}},{\"@type\":\"WebSite\",\"@id\":\"https:\/\/chemitool.com\/#website\",\"url\":\"https:\/\/chemitool.com\/\",\"name\":\"Chemitool\",\"description\":\"Chemitool - hardware and tools\",\"publisher\":{\"@id\":\"https:\/\/chemitool.com\/#organization\"},\"potentialAction\":[{\"@type\":\"SearchAction\",\"target\":{\"@type\":\"EntryPoint\",\"urlTemplate\":\"https:\/\/chemitool.com\/?s={search_term_string}\"},\"query-input\":\"required name=search_term_string\"}],\"inLanguage\":\"es\"},{\"@type\":\"ImageObject\",\"@id\":\"https:\/\/chemitool.com\/es\/products\/safety\/ropa-de-trabajo\/bata-shell\/#primaryimage\",\"inLanguage\":\"es\",\"url\":\"https:\/\/chemitool.com\/wp-content\/uploads\/2021\/09\/P1266033_frente.png\",\"contentUrl\":\"https:\/\/chemitool.com\/wp-content\/uploads\/2021\/09\/P1266033_frente.png\",\"width\":800,\"height\":800},{\"@type\":\"WebPage\",\"@id\":\"https:\/\/chemitool.com\/es\/products\/safety\/ropa-de-trabajo\/bata-shell\/#webpage\",\"url\":\"https:\/\/chemitool.com\/es\/products\/safety\/ropa-de-trabajo\/bata-shell\/\",\"name\":\"BATA SHELL &ndash; Chemitool\",\"isPartOf\":{\"@id\":\"https:\/\/chemitool.com\/#website\"},\"primaryImageOfPage\":{\"@id\":\"https:\/\/chemitool.com\/es\/products\/safety\/ropa-de-trabajo\/bata-shell\/#primaryimage\"},\"datePublished\":\"2021-09-21T15:32:01+00:00\",\"dateModified\":\"2023-01-26T17:31:13+00:00\",\"description\":\"Bata SHELL CHEMITOOL de cuello abierto, el\\u00e1stico en los pu\\u00f1os, cierre cubierto con botones, dos bolsillos aplicados y un bolsillo a la altura del pecho con soporte para tel\\u00e9fono m\\u00f3vil, soporte para tarjeta de identificaci\\u00f3n, soporte para bol\\u00edgrafos y solapa de cierre con velcro.\",\"breadcrumb\":{\"@id\":\"https:\/\/chemitool.com\/es\/products\/safety\/ropa-de-trabajo\/bata-shell\/#breadcrumb\"},\"inLanguage\":\"es\",\"potentialAction\":[{\"@type\":\"ReadAction\",\"target\":[\"https:\/\/chemitool.com\/es\/products\/safety\/ropa-de-trabajo\/bata-shell\/\"]}]},{\"@type\":\"BreadcrumbList\",\"@id\":\"https:\/\/chemitool.com\/es\/products\/safety\/ropa-de-trabajo\/bata-shell\/#breadcrumb\",\"itemListElement\":[{\"@type\":\"ListItem\",\"position\":1,\"name\":\"Home\",\"item\":\"https:\/\/chemitool.com\/es\/\"},{\"@type\":\"ListItem\",\"position\":2,\"name\":\"Productos\",\"item\":\"https:\/\/chemitool.com\/es\/productos\/\"},{\"@type\":\"ListItem\",\"position\":3,\"name\":\"Safety\",\"item\":\"https:\/\/chemitool.com\/es\/categoria-producto\/safety\/\"},{\"@type\":\"ListItem\",\"position\":4,\"name\":\"Ropa de Trabajo\",\"item\":\"https:\/\/chemitool.com\/es\/categoria-producto\/safety\/ropa-de-trabajo\/\"},{\"@type\":\"ListItem\",\"position\":5,\"name\":\"BATA SHELL\"}]}]}<\/script>\n<!-- \/ Yoast SEO plugin. -->","yoast_head_json":{"title":"BATA SHELL &ndash; Chemitool","description":"Bata SHELL CHEMITOOL de cuello abierto, el\u00e1stico en los pu\u00f1os, cierre cubierto con botones, dos bolsillos aplicados y un bolsillo a la altura del pecho con soporte para tel\u00e9fono m\u00f3vil, soporte para tarjeta de identificaci\u00f3n, soporte para bol\u00edgrafos y solapa de cierre con velcro.","robots":{"index":"index","follow":"follow","max-snippet":"max-snippet:-1","max-image-preview":"max-image-preview:large","max-video-preview":"max-video-preview:-1"},"canonical":"https:\/\/chemitool.com\/es\/products\/safety\/ropa-de-trabajo\/bata-shell\/","og_locale":"es_ES","og_type":"article","og_title":"BATA SHELL &ndash; Chemitool","og_description":"Bata SHELL CHEMITOOL de cuello abierto, el\u00e1stico en los pu\u00f1os, cierre cubierto con botones, dos bolsillos aplicados y un bolsillo a la altura del pecho con soporte para tel\u00e9fono m\u00f3vil, soporte para tarjeta de identificaci\u00f3n, soporte para bol\u00edgrafos y solapa de cierre con velcro.","og_url":"https:\/\/chemitool.com\/es\/products\/safety\/ropa-de-trabajo\/bata-shell\/","og_site_name":"Chemitool","article_publisher":"https:\/\/www.facebook.com\/chemitool","article_modified_time":"2023-01-26T17:31:13+00:00","og_image":[{"width":800,"height":800,"url":"https:\/\/chemitool.com\/wp-content\/uploads\/2021\/09\/P1266033_frente.png","type":"image\/png"}],"twitter_card":"summary_large_image","schema":{"@context":"https:\/\/schema.org","@graph":[{"@type":"Organization","@id":"https:\/\/chemitool.com\/#organization","name":"Chemitool","url":"https:\/\/chemitool.com\/","sameAs":["https:\/\/www.facebook.com\/chemitool","https:\/\/www.instagram.com\/chemitool\/"],"logo":{"@type":"ImageObject","@id":"https:\/\/chemitool.com\/#logo","inLanguage":"es","url":"https:\/\/chemitool.com\/wp-content\/uploads\/2020\/10\/logo_chemitool.png","contentUrl":"https:\/\/chemitool.com\/wp-content\/uploads\/2020\/10\/logo_chemitool.png","width":400,"height":400,"caption":"Chemitool"},"image":{"@id":"https:\/\/chemitool.com\/#logo"}},{"@type":"WebSite","@id":"https:\/\/chemitool.com\/#website","url":"https:\/\/chemitool.com\/","name":"Chemitool","description":"Chemitool - hardware and tools","publisher":{"@id":"https:\/\/chemitool.com\/#organization"},"potentialAction":[{"@type":"SearchAction","target":{"@type":"EntryPoint","urlTemplate":"https:\/\/chemitool.com\/?s={search_term_string}"},"query-input":"required name=search_term_string"}],"inLanguage":"es"},{"@type":"ImageObject","@id":"https:\/\/chemitool.com\/es\/products\/safety\/ropa-de-trabajo\/bata-shell\/#primaryimage","inLanguage":"es","url":"https:\/\/chemitool.com\/wp-content\/uploads\/2021\/09\/P1266033_frente.png","contentUrl":"https:\/\/chemitool.com\/wp-content\/uploads\/2021\/09\/P1266033_frente.png","width":800,"height":800},{"@type":"WebPage","@id":"https:\/\/chemitool.com\/es\/products\/safety\/ropa-de-trabajo\/bata-shell\/#webpage","url":"https:\/\/chemitool.com\/es\/products\/safety\/ropa-de-trabajo\/bata-shell\/","name":"BATA SHELL &ndash; Chemitool","isPartOf":{"@id":"https:\/\/chemitool.com\/#website"},"primaryImageOfPage":{"@id":"https:\/\/chemitool.com\/es\/products\/safety\/ropa-de-trabajo\/bata-shell\/#primaryimage"},"datePublished":"2021-09-21T15:32:01+00:00","dateModified":"2023-01-26T17:31:13+00:00","description":"Bata SHELL CHEMITOOL de cuello abierto, el\u00e1stico en los pu\u00f1os, cierre cubierto con botones, dos bolsillos aplicados y un bolsillo a la altura del pecho con soporte para tel\u00e9fono m\u00f3vil, soporte para tarjeta de identificaci\u00f3n, soporte para bol\u00edgrafos y solapa de cierre con velcro.","breadcrumb":{"@id":"https:\/\/chemitool.com\/es\/products\/safety\/ropa-de-trabajo\/bata-shell\/#breadcrumb"},"inLanguage":"es","potentialAction":[{"@type":"ReadAction","target":["https:\/\/chemitool.com\/es\/products\/safety\/ropa-de-trabajo\/bata-shell\/"]}]},{"@type":"BreadcrumbList","@id":"https:\/\/chemitool.com\/es\/products\/safety\/ropa-de-trabajo\/bata-shell\/#breadcrumb","itemListElement":[{"@type":"ListItem","position":1,"name":"Home","item":"https:\/\/chemitool.com\/es\/"},{"@type":"ListItem","position":2,"name":"Productos","item":"https:\/\/chemitool.com\/es\/productos\/"},{"@type":"ListItem","position":3,"name":"Safety","item":"https:\/\/chemitool.com\/es\/categoria-producto\/safety\/"},{"@type":"ListItem","position":4,"name":"Ropa de Trabajo","item":"https:\/\/chemitool.com\/es\/categoria-producto\/safety\/ropa-de-trabajo\/"},{"@type":"ListItem","position":5,"name":"BATA SHELL"}]}]}},"_links":{"self":[{"href":"https:\/\/chemitool.com\/es\/wp-json\/wp\/v2\/product\/15801"}],"collection":[{"href":"https:\/\/chemitool.com\/es\/wp-json\/wp\/v2\/product"}],"about":[{"href":"https:\/\/chemitool.com\/es\/wp-json\/wp\/v2\/types\/product"}],"wp:featuredmedia":[{"embeddable":true,"href":"https:\/\/chemitool.com\/es\/wp-json\/wp\/v2\/media\/16044"}],"wp:attachment":[{"href":"https:\/\/chemitool.com\/es\/wp-json\/wp\/v2\/media?parent=15801"}],"wp:term":[{"taxonomy":"product_cat","embeddable":true,"href":"https:\/\/chemitool.com\/es\/wp-json\/wp\/v2\/product_cat?post=15801"},{"taxonomy":"product_tag","embeddable":true,"href":"https:\/\/chemitool.com\/es\/wp-json\/wp\/v2\/product_tag?post=15801"}],"curies":[{"name":"wp","href":"https:\/\/api.w.org\/{rel}","templated":true}]}}