{"id":15677,"date":"2021-09-21T08:13:31","date_gmt":"2021-09-21T08:13:34","guid":{"rendered":"https:\/\/chemitool.com\/?post_type=product&#038;p=15677"},"modified":"2022-11-22T10:36:35","modified_gmt":"2022-11-22T10:36:35","slug":"chaqueta-safe-hi-vi","status":"publish","type":"product","link":"https:\/\/chemitool.com\/es\/products\/safety\/ropa-tecnica\/alta-visibilidad\/chaqueta-safe-hi-vi\/","title":{"rendered":"CHAQUETA SAFE HI-VI"},"content":{"rendered":"<ul>\n<li>Multiestaci\u00f3n<\/li>\n<li>Alta visibilidad<\/li>\n<li>Bandas reflectantes<\/li>\n<li>Modelo de corte tipo vaquero<\/li>\n<\/ul>\n<p><img class=\"alignnone size-full wp-image-15379\" src=\"https:\/\/chemitool.com\/wp-content\/uploads\/2021\/09\/MAN.png\" alt=\"\" width=\"85\" height=\"97\" \/><img class=\"alignnone size-full wp-image-15338\" src=\"https:\/\/chemitool.com\/wp-content\/uploads\/2021\/09\/REGULAR-FIT-3.png\" alt=\"\" width=\"85\" height=\"97\" \/><\/p>\n","protected":false},"excerpt":{"rendered":"<p><em>Chaqueta SAFE HI-VI CHEMITOOL<\/em> multiestaci\u00f3n, de alta visibilidad con bandas reflectantes, cierre delantero con botones de pl\u00e1stico y solapa de cobertura, cierre de los pu\u00f1os con bot\u00f3n, cintura ajustable con velcro. Pespuntes de contraste, soporte para smartphone, soporte para tarjeta de identificaci\u00f3n extra\u00edble y soporte para bol\u00edgrafos en el bolsillo a la altura del pecho con solapa y velcro, modelo de corte tipo vaquero.<\/p>\n","protected":false},"featured_media":15948,"template":"","meta":[],"product_cat":[1454,3453,3462],"product_tag":[],"yoast_head":"<!-- This site is optimized with the Yoast SEO plugin v17.4 - https:\/\/yoast.com\/wordpress\/plugins\/seo\/ -->\n<title>CHAQUETA SAFE HI-VI &ndash; Chemitool<\/title>\n<meta name=\"description\" content=\"Chaqueta SAFE HI-VI CHEMITOOL multiestaci\u00f3n, de alta visibilidad con bandas reflectantes, cierre delantero con botones de pl\u00e1stico y solapa de cobertura, cierre de los pu\u00f1os con bot\u00f3n, cintura ajustable con velcro. Pespuntes de contraste, soporte para smartphone, soporte para tarjeta de identificaci\u00f3n extra\u00edble y soporte para bol\u00edgrafos en el bolsillo a la altura del pecho con solapa y velcro, modelo de corte tipo vaquero.\" \/>\n<meta name=\"robots\" content=\"index, follow, max-snippet:-1, max-image-preview:large, max-video-preview:-1\" \/>\n<link rel=\"canonical\" href=\"https:\/\/chemitool.com\/es\/products\/safety\/ropa-tecnica\/alta-visibilidad\/chaqueta-safe-hi-vi\/\" \/>\n<meta property=\"og:locale\" content=\"es_ES\" \/>\n<meta property=\"og:type\" content=\"article\" \/>\n<meta property=\"og:title\" content=\"CHAQUETA SAFE HI-VI &ndash; Chemitool\" \/>\n<meta property=\"og:description\" content=\"Chaqueta SAFE HI-VI CHEMITOOL multiestaci\u00f3n, de alta visibilidad con bandas reflectantes, cierre delantero con botones de pl\u00e1stico y solapa de cobertura, cierre de los pu\u00f1os con bot\u00f3n, cintura ajustable con velcro. Pespuntes de contraste, soporte para smartphone, soporte para tarjeta de identificaci\u00f3n extra\u00edble y soporte para bol\u00edgrafos en el bolsillo a la altura del pecho con solapa y velcro, modelo de corte tipo vaquero.\" \/>\n<meta property=\"og:url\" content=\"https:\/\/chemitool.com\/es\/products\/safety\/ropa-tecnica\/alta-visibilidad\/chaqueta-safe-hi-vi\/\" \/>\n<meta property=\"og:site_name\" content=\"Chemitool\" \/>\n<meta property=\"article:publisher\" content=\"https:\/\/www.facebook.com\/chemitool\" \/>\n<meta property=\"article:modified_time\" content=\"2022-11-22T10:36:35+00:00\" \/>\n<meta property=\"og:image\" content=\"https:\/\/chemitool.com\/wp-content\/uploads\/2021\/09\/P1231033601014_frente.png\" \/>\n\t<meta property=\"og:image:width\" content=\"800\" \/>\n\t<meta property=\"og:image:height\" content=\"800\" \/>\n<meta name=\"twitter:card\" content=\"summary_large_image\" \/>\n<script type=\"application\/ld+json\" class=\"yoast-schema-graph\">{\"@context\":\"https:\/\/schema.org\",\"@graph\":[{\"@type\":\"Organization\",\"@id\":\"https:\/\/chemitool.com\/#organization\",\"name\":\"Chemitool\",\"url\":\"https:\/\/chemitool.com\/\",\"sameAs\":[\"https:\/\/www.facebook.com\/chemitool\",\"https:\/\/www.instagram.com\/chemitool\/\"],\"logo\":{\"@type\":\"ImageObject\",\"@id\":\"https:\/\/chemitool.com\/#logo\",\"inLanguage\":\"es\",\"url\":\"https:\/\/chemitool.com\/wp-content\/uploads\/2020\/10\/logo_chemitool.png\",\"contentUrl\":\"https:\/\/chemitool.com\/wp-content\/uploads\/2020\/10\/logo_chemitool.png\",\"width\":400,\"height\":400,\"caption\":\"Chemitool\"},\"image\":{\"@id\":\"https:\/\/chemitool.com\/#logo\"}},{\"@type\":\"WebSite\",\"@id\":\"https:\/\/chemitool.com\/#website\",\"url\":\"https:\/\/chemitool.com\/\",\"name\":\"Chemitool\",\"description\":\"Chemitool - hardware and tools\",\"publisher\":{\"@id\":\"https:\/\/chemitool.com\/#organization\"},\"potentialAction\":[{\"@type\":\"SearchAction\",\"target\":{\"@type\":\"EntryPoint\",\"urlTemplate\":\"https:\/\/chemitool.com\/?s={search_term_string}\"},\"query-input\":\"required name=search_term_string\"}],\"inLanguage\":\"es\"},{\"@type\":\"ImageObject\",\"@id\":\"https:\/\/chemitool.com\/es\/products\/safety\/ropa-tecnica\/alta-visibilidad\/chaqueta-safe-hi-vi\/#primaryimage\",\"inLanguage\":\"es\",\"url\":\"https:\/\/chemitool.com\/wp-content\/uploads\/2021\/09\/P1231033601014_frente.png\",\"contentUrl\":\"https:\/\/chemitool.com\/wp-content\/uploads\/2021\/09\/P1231033601014_frente.png\",\"width\":800,\"height\":800},{\"@type\":\"WebPage\",\"@id\":\"https:\/\/chemitool.com\/es\/products\/safety\/ropa-tecnica\/alta-visibilidad\/chaqueta-safe-hi-vi\/#webpage\",\"url\":\"https:\/\/chemitool.com\/es\/products\/safety\/ropa-tecnica\/alta-visibilidad\/chaqueta-safe-hi-vi\/\",\"name\":\"CHAQUETA SAFE HI-VI &ndash; Chemitool\",\"isPartOf\":{\"@id\":\"https:\/\/chemitool.com\/#website\"},\"primaryImageOfPage\":{\"@id\":\"https:\/\/chemitool.com\/es\/products\/safety\/ropa-tecnica\/alta-visibilidad\/chaqueta-safe-hi-vi\/#primaryimage\"},\"datePublished\":\"2021-09-21T08:13:34+00:00\",\"dateModified\":\"2022-11-22T10:36:35+00:00\",\"description\":\"Chaqueta SAFE HI-VI CHEMITOOL multiestaci\\u00f3n, de alta visibilidad con bandas reflectantes, cierre delantero con botones de pl\\u00e1stico y solapa de cobertura, cierre de los pu\\u00f1os con bot\\u00f3n, cintura ajustable con velcro. Pespuntes de contraste, soporte para smartphone, soporte para tarjeta de identificaci\\u00f3n extra\\u00edble y soporte para bol\\u00edgrafos en el bolsillo a la altura del pecho con solapa y velcro, modelo de corte tipo vaquero.\",\"breadcrumb\":{\"@id\":\"https:\/\/chemitool.com\/es\/products\/safety\/ropa-tecnica\/alta-visibilidad\/chaqueta-safe-hi-vi\/#breadcrumb\"},\"inLanguage\":\"es\",\"potentialAction\":[{\"@type\":\"ReadAction\",\"target\":[\"https:\/\/chemitool.com\/es\/products\/safety\/ropa-tecnica\/alta-visibilidad\/chaqueta-safe-hi-vi\/\"]}]},{\"@type\":\"BreadcrumbList\",\"@id\":\"https:\/\/chemitool.com\/es\/products\/safety\/ropa-tecnica\/alta-visibilidad\/chaqueta-safe-hi-vi\/#breadcrumb\",\"itemListElement\":[{\"@type\":\"ListItem\",\"position\":1,\"name\":\"Home\",\"item\":\"https:\/\/chemitool.com\/es\/\"},{\"@type\":\"ListItem\",\"position\":2,\"name\":\"Productos\",\"item\":\"https:\/\/chemitool.com\/es\/productos\/\"},{\"@type\":\"ListItem\",\"position\":3,\"name\":\"Safety\",\"item\":\"https:\/\/chemitool.com\/es\/categoria-producto\/safety\/\"},{\"@type\":\"ListItem\",\"position\":4,\"name\":\"Ropa T\\u00e9cnica\",\"item\":\"https:\/\/chemitool.com\/es\/categoria-producto\/safety\/ropa-tecnica\/\"},{\"@type\":\"ListItem\",\"position\":5,\"name\":\"Alta Visibilidad\",\"item\":\"https:\/\/chemitool.com\/es\/categoria-producto\/safety\/ropa-tecnica\/alta-visibilidad\/\"},{\"@type\":\"ListItem\",\"position\":6,\"name\":\"CHAQUETA SAFE HI-VI\"}]}]}<\/script>\n<!-- \/ Yoast SEO plugin. -->","yoast_head_json":{"title":"CHAQUETA SAFE HI-VI &ndash; Chemitool","description":"Chaqueta SAFE HI-VI CHEMITOOL multiestaci\u00f3n, de alta visibilidad con bandas reflectantes, cierre delantero con botones de pl\u00e1stico y solapa de cobertura, cierre de los pu\u00f1os con bot\u00f3n, cintura ajustable con velcro. Pespuntes de contraste, soporte para smartphone, soporte para tarjeta de identificaci\u00f3n extra\u00edble y soporte para bol\u00edgrafos en el bolsillo a la altura del pecho con solapa y velcro, modelo de corte tipo vaquero.","robots":{"index":"index","follow":"follow","max-snippet":"max-snippet:-1","max-image-preview":"max-image-preview:large","max-video-preview":"max-video-preview:-1"},"canonical":"https:\/\/chemitool.com\/es\/products\/safety\/ropa-tecnica\/alta-visibilidad\/chaqueta-safe-hi-vi\/","og_locale":"es_ES","og_type":"article","og_title":"CHAQUETA SAFE HI-VI &ndash; Chemitool","og_description":"Chaqueta SAFE HI-VI CHEMITOOL multiestaci\u00f3n, de alta visibilidad con bandas reflectantes, cierre delantero con botones de pl\u00e1stico y solapa de cobertura, cierre de los pu\u00f1os con bot\u00f3n, cintura ajustable con velcro. Pespuntes de contraste, soporte para smartphone, soporte para tarjeta de identificaci\u00f3n extra\u00edble y soporte para bol\u00edgrafos en el bolsillo a la altura del pecho con solapa y velcro, modelo de corte tipo vaquero.","og_url":"https:\/\/chemitool.com\/es\/products\/safety\/ropa-tecnica\/alta-visibilidad\/chaqueta-safe-hi-vi\/","og_site_name":"Chemitool","article_publisher":"https:\/\/www.facebook.com\/chemitool","article_modified_time":"2022-11-22T10:36:35+00:00","og_image":[{"width":800,"height":800,"url":"https:\/\/chemitool.com\/wp-content\/uploads\/2021\/09\/P1231033601014_frente.png","type":"image\/png"}],"twitter_card":"summary_large_image","schema":{"@context":"https:\/\/schema.org","@graph":[{"@type":"Organization","@id":"https:\/\/chemitool.com\/#organization","name":"Chemitool","url":"https:\/\/chemitool.com\/","sameAs":["https:\/\/www.facebook.com\/chemitool","https:\/\/www.instagram.com\/chemitool\/"],"logo":{"@type":"ImageObject","@id":"https:\/\/chemitool.com\/#logo","inLanguage":"es","url":"https:\/\/chemitool.com\/wp-content\/uploads\/2020\/10\/logo_chemitool.png","contentUrl":"https:\/\/chemitool.com\/wp-content\/uploads\/2020\/10\/logo_chemitool.png","width":400,"height":400,"caption":"Chemitool"},"image":{"@id":"https:\/\/chemitool.com\/#logo"}},{"@type":"WebSite","@id":"https:\/\/chemitool.com\/#website","url":"https:\/\/chemitool.com\/","name":"Chemitool","description":"Chemitool - hardware and tools","publisher":{"@id":"https:\/\/chemitool.com\/#organization"},"potentialAction":[{"@type":"SearchAction","target":{"@type":"EntryPoint","urlTemplate":"https:\/\/chemitool.com\/?s={search_term_string}"},"query-input":"required name=search_term_string"}],"inLanguage":"es"},{"@type":"ImageObject","@id":"https:\/\/chemitool.com\/es\/products\/safety\/ropa-tecnica\/alta-visibilidad\/chaqueta-safe-hi-vi\/#primaryimage","inLanguage":"es","url":"https:\/\/chemitool.com\/wp-content\/uploads\/2021\/09\/P1231033601014_frente.png","contentUrl":"https:\/\/chemitool.com\/wp-content\/uploads\/2021\/09\/P1231033601014_frente.png","width":800,"height":800},{"@type":"WebPage","@id":"https:\/\/chemitool.com\/es\/products\/safety\/ropa-tecnica\/alta-visibilidad\/chaqueta-safe-hi-vi\/#webpage","url":"https:\/\/chemitool.com\/es\/products\/safety\/ropa-tecnica\/alta-visibilidad\/chaqueta-safe-hi-vi\/","name":"CHAQUETA SAFE HI-VI &ndash; Chemitool","isPartOf":{"@id":"https:\/\/chemitool.com\/#website"},"primaryImageOfPage":{"@id":"https:\/\/chemitool.com\/es\/products\/safety\/ropa-tecnica\/alta-visibilidad\/chaqueta-safe-hi-vi\/#primaryimage"},"datePublished":"2021-09-21T08:13:34+00:00","dateModified":"2022-11-22T10:36:35+00:00","description":"Chaqueta SAFE HI-VI CHEMITOOL multiestaci\u00f3n, de alta visibilidad con bandas reflectantes, cierre delantero con botones de pl\u00e1stico y solapa de cobertura, cierre de los pu\u00f1os con bot\u00f3n, cintura ajustable con velcro. Pespuntes de contraste, soporte para smartphone, soporte para tarjeta de identificaci\u00f3n extra\u00edble y soporte para bol\u00edgrafos en el bolsillo a la altura del pecho con solapa y velcro, modelo de corte tipo vaquero.","breadcrumb":{"@id":"https:\/\/chemitool.com\/es\/products\/safety\/ropa-tecnica\/alta-visibilidad\/chaqueta-safe-hi-vi\/#breadcrumb"},"inLanguage":"es","potentialAction":[{"@type":"ReadAction","target":["https:\/\/chemitool.com\/es\/products\/safety\/ropa-tecnica\/alta-visibilidad\/chaqueta-safe-hi-vi\/"]}]},{"@type":"BreadcrumbList","@id":"https:\/\/chemitool.com\/es\/products\/safety\/ropa-tecnica\/alta-visibilidad\/chaqueta-safe-hi-vi\/#breadcrumb","itemListElement":[{"@type":"ListItem","position":1,"name":"Home","item":"https:\/\/chemitool.com\/es\/"},{"@type":"ListItem","position":2,"name":"Productos","item":"https:\/\/chemitool.com\/es\/productos\/"},{"@type":"ListItem","position":3,"name":"Safety","item":"https:\/\/chemitool.com\/es\/categoria-producto\/safety\/"},{"@type":"ListItem","position":4,"name":"Ropa T\u00e9cnica","item":"https:\/\/chemitool.com\/es\/categoria-producto\/safety\/ropa-tecnica\/"},{"@type":"ListItem","position":5,"name":"Alta Visibilidad","item":"https:\/\/chemitool.com\/es\/categoria-producto\/safety\/ropa-tecnica\/alta-visibilidad\/"},{"@type":"ListItem","position":6,"name":"CHAQUETA SAFE HI-VI"}]}]}},"_links":{"self":[{"href":"https:\/\/chemitool.com\/es\/wp-json\/wp\/v2\/product\/15677"}],"collection":[{"href":"https:\/\/chemitool.com\/es\/wp-json\/wp\/v2\/product"}],"about":[{"href":"https:\/\/chemitool.com\/es\/wp-json\/wp\/v2\/types\/product"}],"wp:featuredmedia":[{"embeddable":true,"href":"https:\/\/chemitool.com\/es\/wp-json\/wp\/v2\/media\/15948"}],"wp:attachment":[{"href":"https:\/\/chemitool.com\/es\/wp-json\/wp\/v2\/media?parent=15677"}],"wp:term":[{"taxonomy":"product_cat","embeddable":true,"href":"https:\/\/chemitool.com\/es\/wp-json\/wp\/v2\/product_cat?post=15677"},{"taxonomy":"product_tag","embeddable":true,"href":"https:\/\/chemitool.com\/es\/wp-json\/wp\/v2\/product_tag?post=15677"}],"curies":[{"name":"wp","href":"https:\/\/api.w.org\/{rel}","templated":true}]}}