{"id":15637,"date":"2021-09-20T16:33:56","date_gmt":"2021-09-20T16:33:56","guid":{"rendered":"https:\/\/chemitool.com\/?post_type=product&#038;p=15637"},"modified":"2022-11-17T12:09:57","modified_gmt":"2022-11-17T12:09:57","slug":"parka-security","status":"publish","type":"product","link":"https:\/\/chemitool.com\/es\/products\/safety\/ropa-tecnica\/impermeable\/parka-security\/","title":{"rendered":"PARKA SECURITY"},"content":{"rendered":"<ul>\n<li>3 en 1 &#8211; parka exterior + chaqueta interior + chaleco<\/li>\n<li>Chaqueta interior con mangas extra\u00edbles<\/li>\n<li>Alta visibilidad<\/li>\n<li>Bandas reflectantes 3M<\/li>\n<li>Forro polar<\/li>\n<\/ul>\n<p><img class=\"alignnone size-full wp-image-15379\" src=\"https:\/\/chemitool.com\/wp-content\/uploads\/2021\/09\/MAN.png\" alt=\"\" width=\"85\" height=\"97\" \/><img class=\"alignnone size-full wp-image-15205\" src=\"https:\/\/chemitool.com\/wp-content\/uploads\/2021\/09\/REGULAR-FIT-1.png\" alt=\"\" width=\"85\" height=\"97\" \/><img class=\"alignnone size-full wp-image-15278\" src=\"https:\/\/chemitool.com\/wp-content\/uploads\/2021\/09\/WINDPROOF.png\" alt=\"\" width=\"85\" height=\"97\" \/><img class=\"alignnone size-full wp-image-15271\" src=\"https:\/\/chemitool.com\/wp-content\/uploads\/2021\/09\/3M.png\" alt=\"\" width=\"85\" height=\"97\" \/><\/p>\n","protected":false},"excerpt":{"rendered":"<p><em>Parka SECURITY CHEMITOOL<\/em> de alta visibilidad multiusos con bandas reflectantes 3M, con chaqueta exterior no acolchada, cremallera de pl\u00e1stico con tirador met\u00e1lico o con solapa y botones, capucha plegable ajustada con cord\u00f3n, pu\u00f1os el\u00e1sticos ajustables, dos amplios bolsillos delanteros con cremallera y solapa, bolsillo para m\u00f3vil, costuras estancas. Chaqueta con mangas extra\u00edbles, acolchada, cremallera de pl\u00e1stico con tirador met\u00e1lico, pu\u00f1os el\u00e1sticos, dos bolsillos delanteros con cremallera, soporte para insignia de identificaci\u00f3n, cuello con micro forro polar en el interior, cremallera en el interior.<\/p>\n","protected":false},"featured_media":15939,"template":"","meta":[],"product_cat":[1454,3453,3462,3459],"product_tag":[],"yoast_head":"<!-- This site is optimized with the Yoast SEO plugin v17.4 - https:\/\/yoast.com\/wordpress\/plugins\/seo\/ -->\n<title>PARKA SECURITY &ndash; Chemitool<\/title>\n<meta name=\"description\" content=\"Parka SECURITY CHEMITOOL de alta visibilidad multiusos con bandas reflectantes 3M, con chaqueta exterior no acolchada, cremallera de pl\u00e1stico con tirador met\u00e1lico o con solapa y botones, capucha plegable ajustada con cord\u00f3n, pu\u00f1os el\u00e1sticos ajustables, dos amplios bolsillos delanteros con cremallera y solapa, bolsillo para m\u00f3vil, costuras estancas. Chaqueta con mangas extra\u00edbles, acolchada, cremallera de pl\u00e1stico con tirador met\u00e1lico, pu\u00f1os el\u00e1sticos, dos bolsillos delanteros con cremallera, soporte para insignia de identificaci\u00f3n, cuello con micro forro polar en el interior, cremallera en el interior.\" \/>\n<meta name=\"robots\" content=\"index, follow, max-snippet:-1, max-image-preview:large, max-video-preview:-1\" \/>\n<link rel=\"canonical\" href=\"https:\/\/chemitool.com\/es\/products\/safety\/ropa-tecnica\/impermeable\/parka-security\/\" \/>\n<meta property=\"og:locale\" content=\"es_ES\" \/>\n<meta property=\"og:type\" content=\"article\" \/>\n<meta property=\"og:title\" content=\"PARKA SECURITY &ndash; Chemitool\" \/>\n<meta property=\"og:description\" content=\"Parka SECURITY CHEMITOOL de alta visibilidad multiusos con bandas reflectantes 3M, con chaqueta exterior no acolchada, cremallera de pl\u00e1stico con tirador met\u00e1lico o con solapa y botones, capucha plegable ajustada con cord\u00f3n, pu\u00f1os el\u00e1sticos ajustables, dos amplios bolsillos delanteros con cremallera y solapa, bolsillo para m\u00f3vil, costuras estancas. Chaqueta con mangas extra\u00edbles, acolchada, cremallera de pl\u00e1stico con tirador met\u00e1lico, pu\u00f1os el\u00e1sticos, dos bolsillos delanteros con cremallera, soporte para insignia de identificaci\u00f3n, cuello con micro forro polar en el interior, cremallera en el interior.\" \/>\n<meta property=\"og:url\" content=\"https:\/\/chemitool.com\/es\/products\/safety\/ropa-tecnica\/impermeable\/parka-security\/\" \/>\n<meta property=\"og:site_name\" content=\"Chemitool\" \/>\n<meta property=\"article:publisher\" content=\"https:\/\/www.facebook.com\/chemitool\" \/>\n<meta property=\"article:modified_time\" content=\"2022-11-17T12:09:57+00:00\" \/>\n<meta property=\"og:image\" content=\"https:\/\/chemitool.com\/wp-content\/uploads\/2021\/09\/P0350009301014_frente_2.png\" \/>\n\t<meta property=\"og:image:width\" content=\"800\" \/>\n\t<meta property=\"og:image:height\" content=\"800\" \/>\n<meta name=\"twitter:card\" content=\"summary_large_image\" \/>\n<meta name=\"twitter:label1\" content=\"Tiempo de lectura\" \/>\n\t<meta name=\"twitter:data1\" content=\"1 minuto\" \/>\n<script type=\"application\/ld+json\" class=\"yoast-schema-graph\">{\"@context\":\"https:\/\/schema.org\",\"@graph\":[{\"@type\":\"Organization\",\"@id\":\"https:\/\/chemitool.com\/#organization\",\"name\":\"Chemitool\",\"url\":\"https:\/\/chemitool.com\/\",\"sameAs\":[\"https:\/\/www.facebook.com\/chemitool\",\"https:\/\/www.instagram.com\/chemitool\/\"],\"logo\":{\"@type\":\"ImageObject\",\"@id\":\"https:\/\/chemitool.com\/#logo\",\"inLanguage\":\"es\",\"url\":\"https:\/\/chemitool.com\/wp-content\/uploads\/2020\/10\/logo_chemitool.png\",\"contentUrl\":\"https:\/\/chemitool.com\/wp-content\/uploads\/2020\/10\/logo_chemitool.png\",\"width\":400,\"height\":400,\"caption\":\"Chemitool\"},\"image\":{\"@id\":\"https:\/\/chemitool.com\/#logo\"}},{\"@type\":\"WebSite\",\"@id\":\"https:\/\/chemitool.com\/#website\",\"url\":\"https:\/\/chemitool.com\/\",\"name\":\"Chemitool\",\"description\":\"Chemitool - hardware and tools\",\"publisher\":{\"@id\":\"https:\/\/chemitool.com\/#organization\"},\"potentialAction\":[{\"@type\":\"SearchAction\",\"target\":{\"@type\":\"EntryPoint\",\"urlTemplate\":\"https:\/\/chemitool.com\/?s={search_term_string}\"},\"query-input\":\"required name=search_term_string\"}],\"inLanguage\":\"es\"},{\"@type\":\"ImageObject\",\"@id\":\"https:\/\/chemitool.com\/es\/products\/safety\/ropa-tecnica\/impermeable\/parka-security\/#primaryimage\",\"inLanguage\":\"es\",\"url\":\"https:\/\/chemitool.com\/wp-content\/uploads\/2021\/09\/P0350009301014_frente_2.png\",\"contentUrl\":\"https:\/\/chemitool.com\/wp-content\/uploads\/2021\/09\/P0350009301014_frente_2.png\",\"width\":800,\"height\":800},{\"@type\":\"WebPage\",\"@id\":\"https:\/\/chemitool.com\/es\/products\/safety\/ropa-tecnica\/impermeable\/parka-security\/#webpage\",\"url\":\"https:\/\/chemitool.com\/es\/products\/safety\/ropa-tecnica\/impermeable\/parka-security\/\",\"name\":\"PARKA SECURITY &ndash; Chemitool\",\"isPartOf\":{\"@id\":\"https:\/\/chemitool.com\/#website\"},\"primaryImageOfPage\":{\"@id\":\"https:\/\/chemitool.com\/es\/products\/safety\/ropa-tecnica\/impermeable\/parka-security\/#primaryimage\"},\"datePublished\":\"2021-09-20T16:33:56+00:00\",\"dateModified\":\"2022-11-17T12:09:57+00:00\",\"description\":\"Parka SECURITY CHEMITOOL de alta visibilidad multiusos con bandas reflectantes 3M, con chaqueta exterior no acolchada, cremallera de pl\\u00e1stico con tirador met\\u00e1lico o con solapa y botones, capucha plegable ajustada con cord\\u00f3n, pu\\u00f1os el\\u00e1sticos ajustables, dos amplios bolsillos delanteros con cremallera y solapa, bolsillo para m\\u00f3vil, costuras estancas. Chaqueta con mangas extra\\u00edbles, acolchada, cremallera de pl\\u00e1stico con tirador met\\u00e1lico, pu\\u00f1os el\\u00e1sticos, dos bolsillos delanteros con cremallera, soporte para insignia de identificaci\\u00f3n, cuello con micro forro polar en el interior, cremallera en el interior.\",\"breadcrumb\":{\"@id\":\"https:\/\/chemitool.com\/es\/products\/safety\/ropa-tecnica\/impermeable\/parka-security\/#breadcrumb\"},\"inLanguage\":\"es\",\"potentialAction\":[{\"@type\":\"ReadAction\",\"target\":[\"https:\/\/chemitool.com\/es\/products\/safety\/ropa-tecnica\/impermeable\/parka-security\/\"]}]},{\"@type\":\"BreadcrumbList\",\"@id\":\"https:\/\/chemitool.com\/es\/products\/safety\/ropa-tecnica\/impermeable\/parka-security\/#breadcrumb\",\"itemListElement\":[{\"@type\":\"ListItem\",\"position\":1,\"name\":\"Home\",\"item\":\"https:\/\/chemitool.com\/es\/\"},{\"@type\":\"ListItem\",\"position\":2,\"name\":\"Productos\",\"item\":\"https:\/\/chemitool.com\/es\/productos\/\"},{\"@type\":\"ListItem\",\"position\":3,\"name\":\"Safety\",\"item\":\"https:\/\/chemitool.com\/es\/categoria-producto\/safety\/\"},{\"@type\":\"ListItem\",\"position\":4,\"name\":\"Ropa T\\u00e9cnica\",\"item\":\"https:\/\/chemitool.com\/es\/categoria-producto\/safety\/ropa-tecnica\/\"},{\"@type\":\"ListItem\",\"position\":5,\"name\":\"Alta Visibilidad\",\"item\":\"https:\/\/chemitool.com\/es\/categoria-producto\/safety\/ropa-tecnica\/alta-visibilidad\/\"},{\"@type\":\"ListItem\",\"position\":6,\"name\":\"PARKA SECURITY\"}]}]}<\/script>\n<!-- \/ Yoast SEO plugin. -->","yoast_head_json":{"title":"PARKA SECURITY &ndash; Chemitool","description":"Parka SECURITY CHEMITOOL de alta visibilidad multiusos con bandas reflectantes 3M, con chaqueta exterior no acolchada, cremallera de pl\u00e1stico con tirador met\u00e1lico o con solapa y botones, capucha plegable ajustada con cord\u00f3n, pu\u00f1os el\u00e1sticos ajustables, dos amplios bolsillos delanteros con cremallera y solapa, bolsillo para m\u00f3vil, costuras estancas. Chaqueta con mangas extra\u00edbles, acolchada, cremallera de pl\u00e1stico con tirador met\u00e1lico, pu\u00f1os el\u00e1sticos, dos bolsillos delanteros con cremallera, soporte para insignia de identificaci\u00f3n, cuello con micro forro polar en el interior, cremallera en el interior.","robots":{"index":"index","follow":"follow","max-snippet":"max-snippet:-1","max-image-preview":"max-image-preview:large","max-video-preview":"max-video-preview:-1"},"canonical":"https:\/\/chemitool.com\/es\/products\/safety\/ropa-tecnica\/impermeable\/parka-security\/","og_locale":"es_ES","og_type":"article","og_title":"PARKA SECURITY &ndash; Chemitool","og_description":"Parka SECURITY CHEMITOOL de alta visibilidad multiusos con bandas reflectantes 3M, con chaqueta exterior no acolchada, cremallera de pl\u00e1stico con tirador met\u00e1lico o con solapa y botones, capucha plegable ajustada con cord\u00f3n, pu\u00f1os el\u00e1sticos ajustables, dos amplios bolsillos delanteros con cremallera y solapa, bolsillo para m\u00f3vil, costuras estancas. Chaqueta con mangas extra\u00edbles, acolchada, cremallera de pl\u00e1stico con tirador met\u00e1lico, pu\u00f1os el\u00e1sticos, dos bolsillos delanteros con cremallera, soporte para insignia de identificaci\u00f3n, cuello con micro forro polar en el interior, cremallera en el interior.","og_url":"https:\/\/chemitool.com\/es\/products\/safety\/ropa-tecnica\/impermeable\/parka-security\/","og_site_name":"Chemitool","article_publisher":"https:\/\/www.facebook.com\/chemitool","article_modified_time":"2022-11-17T12:09:57+00:00","og_image":[{"width":800,"height":800,"url":"https:\/\/chemitool.com\/wp-content\/uploads\/2021\/09\/P0350009301014_frente_2.png","type":"image\/png"}],"twitter_card":"summary_large_image","twitter_misc":{"Tiempo de lectura":"1 minuto"},"schema":{"@context":"https:\/\/schema.org","@graph":[{"@type":"Organization","@id":"https:\/\/chemitool.com\/#organization","name":"Chemitool","url":"https:\/\/chemitool.com\/","sameAs":["https:\/\/www.facebook.com\/chemitool","https:\/\/www.instagram.com\/chemitool\/"],"logo":{"@type":"ImageObject","@id":"https:\/\/chemitool.com\/#logo","inLanguage":"es","url":"https:\/\/chemitool.com\/wp-content\/uploads\/2020\/10\/logo_chemitool.png","contentUrl":"https:\/\/chemitool.com\/wp-content\/uploads\/2020\/10\/logo_chemitool.png","width":400,"height":400,"caption":"Chemitool"},"image":{"@id":"https:\/\/chemitool.com\/#logo"}},{"@type":"WebSite","@id":"https:\/\/chemitool.com\/#website","url":"https:\/\/chemitool.com\/","name":"Chemitool","description":"Chemitool - hardware and tools","publisher":{"@id":"https:\/\/chemitool.com\/#organization"},"potentialAction":[{"@type":"SearchAction","target":{"@type":"EntryPoint","urlTemplate":"https:\/\/chemitool.com\/?s={search_term_string}"},"query-input":"required name=search_term_string"}],"inLanguage":"es"},{"@type":"ImageObject","@id":"https:\/\/chemitool.com\/es\/products\/safety\/ropa-tecnica\/impermeable\/parka-security\/#primaryimage","inLanguage":"es","url":"https:\/\/chemitool.com\/wp-content\/uploads\/2021\/09\/P0350009301014_frente_2.png","contentUrl":"https:\/\/chemitool.com\/wp-content\/uploads\/2021\/09\/P0350009301014_frente_2.png","width":800,"height":800},{"@type":"WebPage","@id":"https:\/\/chemitool.com\/es\/products\/safety\/ropa-tecnica\/impermeable\/parka-security\/#webpage","url":"https:\/\/chemitool.com\/es\/products\/safety\/ropa-tecnica\/impermeable\/parka-security\/","name":"PARKA SECURITY &ndash; Chemitool","isPartOf":{"@id":"https:\/\/chemitool.com\/#website"},"primaryImageOfPage":{"@id":"https:\/\/chemitool.com\/es\/products\/safety\/ropa-tecnica\/impermeable\/parka-security\/#primaryimage"},"datePublished":"2021-09-20T16:33:56+00:00","dateModified":"2022-11-17T12:09:57+00:00","description":"Parka SECURITY CHEMITOOL de alta visibilidad multiusos con bandas reflectantes 3M, con chaqueta exterior no acolchada, cremallera de pl\u00e1stico con tirador met\u00e1lico o con solapa y botones, capucha plegable ajustada con cord\u00f3n, pu\u00f1os el\u00e1sticos ajustables, dos amplios bolsillos delanteros con cremallera y solapa, bolsillo para m\u00f3vil, costuras estancas. Chaqueta con mangas extra\u00edbles, acolchada, cremallera de pl\u00e1stico con tirador met\u00e1lico, pu\u00f1os el\u00e1sticos, dos bolsillos delanteros con cremallera, soporte para insignia de identificaci\u00f3n, cuello con micro forro polar en el interior, cremallera en el interior.","breadcrumb":{"@id":"https:\/\/chemitool.com\/es\/products\/safety\/ropa-tecnica\/impermeable\/parka-security\/#breadcrumb"},"inLanguage":"es","potentialAction":[{"@type":"ReadAction","target":["https:\/\/chemitool.com\/es\/products\/safety\/ropa-tecnica\/impermeable\/parka-security\/"]}]},{"@type":"BreadcrumbList","@id":"https:\/\/chemitool.com\/es\/products\/safety\/ropa-tecnica\/impermeable\/parka-security\/#breadcrumb","itemListElement":[{"@type":"ListItem","position":1,"name":"Home","item":"https:\/\/chemitool.com\/es\/"},{"@type":"ListItem","position":2,"name":"Productos","item":"https:\/\/chemitool.com\/es\/productos\/"},{"@type":"ListItem","position":3,"name":"Safety","item":"https:\/\/chemitool.com\/es\/categoria-producto\/safety\/"},{"@type":"ListItem","position":4,"name":"Ropa T\u00e9cnica","item":"https:\/\/chemitool.com\/es\/categoria-producto\/safety\/ropa-tecnica\/"},{"@type":"ListItem","position":5,"name":"Alta Visibilidad","item":"https:\/\/chemitool.com\/es\/categoria-producto\/safety\/ropa-tecnica\/alta-visibilidad\/"},{"@type":"ListItem","position":6,"name":"PARKA SECURITY"}]}]}},"_links":{"self":[{"href":"https:\/\/chemitool.com\/es\/wp-json\/wp\/v2\/product\/15637"}],"collection":[{"href":"https:\/\/chemitool.com\/es\/wp-json\/wp\/v2\/product"}],"about":[{"href":"https:\/\/chemitool.com\/es\/wp-json\/wp\/v2\/types\/product"}],"wp:featuredmedia":[{"embeddable":true,"href":"https:\/\/chemitool.com\/es\/wp-json\/wp\/v2\/media\/15939"}],"wp:attachment":[{"href":"https:\/\/chemitool.com\/es\/wp-json\/wp\/v2\/media?parent=15637"}],"wp:term":[{"taxonomy":"product_cat","embeddable":true,"href":"https:\/\/chemitool.com\/es\/wp-json\/wp\/v2\/product_cat?post=15637"},{"taxonomy":"product_tag","embeddable":true,"href":"https:\/\/chemitool.com\/es\/wp-json\/wp\/v2\/product_tag?post=15637"}],"curies":[{"name":"wp","href":"https:\/\/api.w.org\/{rel}","templated":true}]}}