{"id":15621,"date":"2021-09-20T16:19:35","date_gmt":"2021-09-20T16:19:36","guid":{"rendered":"https:\/\/chemitool.com\/?post_type=product&#038;p=15621"},"modified":"2022-11-16T16:14:50","modified_gmt":"2022-11-16T16:14:50","slug":"parka-yard","status":"publish","type":"product","link":"https:\/\/chemitool.com\/es\/products\/safety\/ropa-tecnica\/impermeable\/parka-yard\/","title":{"rendered":"PARKA YARD"},"content":{"rendered":"<ul>\n<li>100% poli\u00e9ster<\/li>\n<li>Alta visibilidad<\/li>\n<li>Bandas reflectantes<\/li>\n<li>Pu\u00f1os el\u00e1sticos<\/li>\n<\/ul>\n<p><img class=\"alignnone size-full wp-image-15379\" src=\"https:\/\/chemitool.com\/wp-content\/uploads\/2021\/09\/MAN.png\" alt=\"\" width=\"85\" height=\"97\" \/><img class=\"alignnone size-full wp-image-15205\" src=\"https:\/\/chemitool.com\/wp-content\/uploads\/2021\/09\/REGULAR-FIT-1.png\" alt=\"\" width=\"85\" height=\"97\" \/><img class=\"alignnone size-full wp-image-15278\" src=\"https:\/\/chemitool.com\/wp-content\/uploads\/2021\/09\/WINDPROOF.png\" alt=\"\" width=\"85\" height=\"97\" \/><\/p>\n","protected":false},"excerpt":{"rendered":"<p><em>Parka YARD CHEMITOOL<\/em> bicolor de alta visibilidad con bandas reflectantes, cremallera entera con tapeta, capucha plegable en el cuello, pu\u00f1os en tejido RIB el\u00e1sticos, dos bolsillos frontales con tapeta, soporte para m\u00f3vil y gancho porta tarjeta de identificaci\u00f3n. Interior: acolchado con un bolsillo interior con cierre de velcro, costuras termoencintadas.<\/p>\n","protected":false},"featured_media":15914,"template":"","meta":[],"product_cat":[1454,3453,3462,3459],"product_tag":[],"yoast_head":"<!-- This site is optimized with the Yoast SEO plugin v17.4 - https:\/\/yoast.com\/wordpress\/plugins\/seo\/ -->\n<title>PARKA YARD &ndash; Chemitool<\/title>\n<meta name=\"description\" content=\"Parka YARD CHEMITOOL bicolor de alta visibilidad con bandas reflectantes, cremallera entera con tapeta, capucha plegable en el cuello, pu\u00f1os en tejido RIB el\u00e1sticos, dos bolsillos frontales con tapeta, soporte para m\u00f3vil y gancho porta tarjeta de identificaci\u00f3n. Interior: acolchado con un bolsillo interior con cierre de velcro, costuras termoencintadas.\" \/>\n<meta name=\"robots\" content=\"index, follow, max-snippet:-1, max-image-preview:large, max-video-preview:-1\" \/>\n<link rel=\"canonical\" href=\"https:\/\/chemitool.com\/es\/products\/safety\/ropa-tecnica\/impermeable\/parka-yard\/\" \/>\n<meta property=\"og:locale\" content=\"es_ES\" \/>\n<meta property=\"og:type\" content=\"article\" \/>\n<meta property=\"og:title\" content=\"PARKA YARD &ndash; Chemitool\" \/>\n<meta property=\"og:description\" content=\"Parka YARD CHEMITOOL bicolor de alta visibilidad con bandas reflectantes, cremallera entera con tapeta, capucha plegable en el cuello, pu\u00f1os en tejido RIB el\u00e1sticos, dos bolsillos frontales con tapeta, soporte para m\u00f3vil y gancho porta tarjeta de identificaci\u00f3n. Interior: acolchado con un bolsillo interior con cierre de velcro, costuras termoencintadas.\" \/>\n<meta property=\"og:url\" content=\"https:\/\/chemitool.com\/es\/products\/safety\/ropa-tecnica\/impermeable\/parka-yard\/\" \/>\n<meta property=\"og:site_name\" content=\"Chemitool\" \/>\n<meta property=\"article:publisher\" content=\"https:\/\/www.facebook.com\/chemitool\" \/>\n<meta property=\"article:modified_time\" content=\"2022-11-16T16:14:50+00:00\" \/>\n<meta property=\"og:image\" content=\"https:\/\/chemitool.com\/wp-content\/uploads\/2021\/09\/P1221037901014_frente.png\" \/>\n\t<meta property=\"og:image:width\" content=\"800\" \/>\n\t<meta property=\"og:image:height\" content=\"800\" \/>\n<meta name=\"twitter:card\" content=\"summary_large_image\" \/>\n<script type=\"application\/ld+json\" class=\"yoast-schema-graph\">{\"@context\":\"https:\/\/schema.org\",\"@graph\":[{\"@type\":\"Organization\",\"@id\":\"https:\/\/chemitool.com\/#organization\",\"name\":\"Chemitool\",\"url\":\"https:\/\/chemitool.com\/\",\"sameAs\":[\"https:\/\/www.facebook.com\/chemitool\",\"https:\/\/www.instagram.com\/chemitool\/\"],\"logo\":{\"@type\":\"ImageObject\",\"@id\":\"https:\/\/chemitool.com\/#logo\",\"inLanguage\":\"es\",\"url\":\"https:\/\/chemitool.com\/wp-content\/uploads\/2020\/10\/logo_chemitool.png\",\"contentUrl\":\"https:\/\/chemitool.com\/wp-content\/uploads\/2020\/10\/logo_chemitool.png\",\"width\":400,\"height\":400,\"caption\":\"Chemitool\"},\"image\":{\"@id\":\"https:\/\/chemitool.com\/#logo\"}},{\"@type\":\"WebSite\",\"@id\":\"https:\/\/chemitool.com\/#website\",\"url\":\"https:\/\/chemitool.com\/\",\"name\":\"Chemitool\",\"description\":\"Chemitool - hardware and tools\",\"publisher\":{\"@id\":\"https:\/\/chemitool.com\/#organization\"},\"potentialAction\":[{\"@type\":\"SearchAction\",\"target\":{\"@type\":\"EntryPoint\",\"urlTemplate\":\"https:\/\/chemitool.com\/?s={search_term_string}\"},\"query-input\":\"required name=search_term_string\"}],\"inLanguage\":\"es\"},{\"@type\":\"ImageObject\",\"@id\":\"https:\/\/chemitool.com\/es\/products\/safety\/ropa-tecnica\/impermeable\/parka-yard\/#primaryimage\",\"inLanguage\":\"es\",\"url\":\"https:\/\/chemitool.com\/wp-content\/uploads\/2021\/09\/P1221037901014_frente.png\",\"contentUrl\":\"https:\/\/chemitool.com\/wp-content\/uploads\/2021\/09\/P1221037901014_frente.png\",\"width\":800,\"height\":800},{\"@type\":\"WebPage\",\"@id\":\"https:\/\/chemitool.com\/es\/products\/safety\/ropa-tecnica\/impermeable\/parka-yard\/#webpage\",\"url\":\"https:\/\/chemitool.com\/es\/products\/safety\/ropa-tecnica\/impermeable\/parka-yard\/\",\"name\":\"PARKA YARD &ndash; Chemitool\",\"isPartOf\":{\"@id\":\"https:\/\/chemitool.com\/#website\"},\"primaryImageOfPage\":{\"@id\":\"https:\/\/chemitool.com\/es\/products\/safety\/ropa-tecnica\/impermeable\/parka-yard\/#primaryimage\"},\"datePublished\":\"2021-09-20T16:19:36+00:00\",\"dateModified\":\"2022-11-16T16:14:50+00:00\",\"description\":\"Parka YARD CHEMITOOL bicolor de alta visibilidad con bandas reflectantes, cremallera entera con tapeta, capucha plegable en el cuello, pu\\u00f1os en tejido RIB el\\u00e1sticos, dos bolsillos frontales con tapeta, soporte para m\\u00f3vil y gancho porta tarjeta de identificaci\\u00f3n. Interior: acolchado con un bolsillo interior con cierre de velcro, costuras termoencintadas.\",\"breadcrumb\":{\"@id\":\"https:\/\/chemitool.com\/es\/products\/safety\/ropa-tecnica\/impermeable\/parka-yard\/#breadcrumb\"},\"inLanguage\":\"es\",\"potentialAction\":[{\"@type\":\"ReadAction\",\"target\":[\"https:\/\/chemitool.com\/es\/products\/safety\/ropa-tecnica\/impermeable\/parka-yard\/\"]}]},{\"@type\":\"BreadcrumbList\",\"@id\":\"https:\/\/chemitool.com\/es\/products\/safety\/ropa-tecnica\/impermeable\/parka-yard\/#breadcrumb\",\"itemListElement\":[{\"@type\":\"ListItem\",\"position\":1,\"name\":\"Home\",\"item\":\"https:\/\/chemitool.com\/es\/\"},{\"@type\":\"ListItem\",\"position\":2,\"name\":\"Productos\",\"item\":\"https:\/\/chemitool.com\/es\/productos\/\"},{\"@type\":\"ListItem\",\"position\":3,\"name\":\"Safety\",\"item\":\"https:\/\/chemitool.com\/es\/categoria-producto\/safety\/\"},{\"@type\":\"ListItem\",\"position\":4,\"name\":\"Ropa T\\u00e9cnica\",\"item\":\"https:\/\/chemitool.com\/es\/categoria-producto\/safety\/ropa-tecnica\/\"},{\"@type\":\"ListItem\",\"position\":5,\"name\":\"Alta Visibilidad\",\"item\":\"https:\/\/chemitool.com\/es\/categoria-producto\/safety\/ropa-tecnica\/alta-visibilidad\/\"},{\"@type\":\"ListItem\",\"position\":6,\"name\":\"PARKA YARD\"}]}]}<\/script>\n<!-- \/ Yoast SEO plugin. -->","yoast_head_json":{"title":"PARKA YARD &ndash; Chemitool","description":"Parka YARD CHEMITOOL bicolor de alta visibilidad con bandas reflectantes, cremallera entera con tapeta, capucha plegable en el cuello, pu\u00f1os en tejido RIB el\u00e1sticos, dos bolsillos frontales con tapeta, soporte para m\u00f3vil y gancho porta tarjeta de identificaci\u00f3n. Interior: acolchado con un bolsillo interior con cierre de velcro, costuras termoencintadas.","robots":{"index":"index","follow":"follow","max-snippet":"max-snippet:-1","max-image-preview":"max-image-preview:large","max-video-preview":"max-video-preview:-1"},"canonical":"https:\/\/chemitool.com\/es\/products\/safety\/ropa-tecnica\/impermeable\/parka-yard\/","og_locale":"es_ES","og_type":"article","og_title":"PARKA YARD &ndash; Chemitool","og_description":"Parka YARD CHEMITOOL bicolor de alta visibilidad con bandas reflectantes, cremallera entera con tapeta, capucha plegable en el cuello, pu\u00f1os en tejido RIB el\u00e1sticos, dos bolsillos frontales con tapeta, soporte para m\u00f3vil y gancho porta tarjeta de identificaci\u00f3n. Interior: acolchado con un bolsillo interior con cierre de velcro, costuras termoencintadas.","og_url":"https:\/\/chemitool.com\/es\/products\/safety\/ropa-tecnica\/impermeable\/parka-yard\/","og_site_name":"Chemitool","article_publisher":"https:\/\/www.facebook.com\/chemitool","article_modified_time":"2022-11-16T16:14:50+00:00","og_image":[{"width":800,"height":800,"url":"https:\/\/chemitool.com\/wp-content\/uploads\/2021\/09\/P1221037901014_frente.png","type":"image\/png"}],"twitter_card":"summary_large_image","schema":{"@context":"https:\/\/schema.org","@graph":[{"@type":"Organization","@id":"https:\/\/chemitool.com\/#organization","name":"Chemitool","url":"https:\/\/chemitool.com\/","sameAs":["https:\/\/www.facebook.com\/chemitool","https:\/\/www.instagram.com\/chemitool\/"],"logo":{"@type":"ImageObject","@id":"https:\/\/chemitool.com\/#logo","inLanguage":"es","url":"https:\/\/chemitool.com\/wp-content\/uploads\/2020\/10\/logo_chemitool.png","contentUrl":"https:\/\/chemitool.com\/wp-content\/uploads\/2020\/10\/logo_chemitool.png","width":400,"height":400,"caption":"Chemitool"},"image":{"@id":"https:\/\/chemitool.com\/#logo"}},{"@type":"WebSite","@id":"https:\/\/chemitool.com\/#website","url":"https:\/\/chemitool.com\/","name":"Chemitool","description":"Chemitool - hardware and tools","publisher":{"@id":"https:\/\/chemitool.com\/#organization"},"potentialAction":[{"@type":"SearchAction","target":{"@type":"EntryPoint","urlTemplate":"https:\/\/chemitool.com\/?s={search_term_string}"},"query-input":"required name=search_term_string"}],"inLanguage":"es"},{"@type":"ImageObject","@id":"https:\/\/chemitool.com\/es\/products\/safety\/ropa-tecnica\/impermeable\/parka-yard\/#primaryimage","inLanguage":"es","url":"https:\/\/chemitool.com\/wp-content\/uploads\/2021\/09\/P1221037901014_frente.png","contentUrl":"https:\/\/chemitool.com\/wp-content\/uploads\/2021\/09\/P1221037901014_frente.png","width":800,"height":800},{"@type":"WebPage","@id":"https:\/\/chemitool.com\/es\/products\/safety\/ropa-tecnica\/impermeable\/parka-yard\/#webpage","url":"https:\/\/chemitool.com\/es\/products\/safety\/ropa-tecnica\/impermeable\/parka-yard\/","name":"PARKA YARD &ndash; Chemitool","isPartOf":{"@id":"https:\/\/chemitool.com\/#website"},"primaryImageOfPage":{"@id":"https:\/\/chemitool.com\/es\/products\/safety\/ropa-tecnica\/impermeable\/parka-yard\/#primaryimage"},"datePublished":"2021-09-20T16:19:36+00:00","dateModified":"2022-11-16T16:14:50+00:00","description":"Parka YARD CHEMITOOL bicolor de alta visibilidad con bandas reflectantes, cremallera entera con tapeta, capucha plegable en el cuello, pu\u00f1os en tejido RIB el\u00e1sticos, dos bolsillos frontales con tapeta, soporte para m\u00f3vil y gancho porta tarjeta de identificaci\u00f3n. Interior: acolchado con un bolsillo interior con cierre de velcro, costuras termoencintadas.","breadcrumb":{"@id":"https:\/\/chemitool.com\/es\/products\/safety\/ropa-tecnica\/impermeable\/parka-yard\/#breadcrumb"},"inLanguage":"es","potentialAction":[{"@type":"ReadAction","target":["https:\/\/chemitool.com\/es\/products\/safety\/ropa-tecnica\/impermeable\/parka-yard\/"]}]},{"@type":"BreadcrumbList","@id":"https:\/\/chemitool.com\/es\/products\/safety\/ropa-tecnica\/impermeable\/parka-yard\/#breadcrumb","itemListElement":[{"@type":"ListItem","position":1,"name":"Home","item":"https:\/\/chemitool.com\/es\/"},{"@type":"ListItem","position":2,"name":"Productos","item":"https:\/\/chemitool.com\/es\/productos\/"},{"@type":"ListItem","position":3,"name":"Safety","item":"https:\/\/chemitool.com\/es\/categoria-producto\/safety\/"},{"@type":"ListItem","position":4,"name":"Ropa T\u00e9cnica","item":"https:\/\/chemitool.com\/es\/categoria-producto\/safety\/ropa-tecnica\/"},{"@type":"ListItem","position":5,"name":"Alta Visibilidad","item":"https:\/\/chemitool.com\/es\/categoria-producto\/safety\/ropa-tecnica\/alta-visibilidad\/"},{"@type":"ListItem","position":6,"name":"PARKA YARD"}]}]}},"_links":{"self":[{"href":"https:\/\/chemitool.com\/es\/wp-json\/wp\/v2\/product\/15621"}],"collection":[{"href":"https:\/\/chemitool.com\/es\/wp-json\/wp\/v2\/product"}],"about":[{"href":"https:\/\/chemitool.com\/es\/wp-json\/wp\/v2\/types\/product"}],"wp:featuredmedia":[{"embeddable":true,"href":"https:\/\/chemitool.com\/es\/wp-json\/wp\/v2\/media\/15914"}],"wp:attachment":[{"href":"https:\/\/chemitool.com\/es\/wp-json\/wp\/v2\/media?parent=15621"}],"wp:term":[{"taxonomy":"product_cat","embeddable":true,"href":"https:\/\/chemitool.com\/es\/wp-json\/wp\/v2\/product_cat?post=15621"},{"taxonomy":"product_tag","embeddable":true,"href":"https:\/\/chemitool.com\/es\/wp-json\/wp\/v2\/product_tag?post=15621"}],"curies":[{"name":"wp","href":"https:\/\/api.w.org\/{rel}","templated":true}]}}