{"id":15488,"date":"2021-09-20T13:53:41","date_gmt":"2021-09-20T13:53:42","guid":{"rendered":"https:\/\/chemitool.com\/?post_type=product&#038;p=15488"},"modified":"2021-09-29T10:30:54","modified_gmt":"2021-09-29T10:30:54","slug":"pantalones-worker-tech","status":"publish","type":"product","link":"https:\/\/chemitool.com\/es\/products\/safety\/ropa-de-trabajo\/pantalones-worker-tech\/","title":{"rendered":"PANTALONES WORKER TECH"},"content":{"rendered":"<ul>\n<li>Costuras triples<\/li>\n<li>Bolsillos para rodilleras<\/li>\n<li>Soporte para metro<\/li>\n<li>Bolsillo lateral con <em>LOCK SYSTEM<\/em><\/li>\n<li>Bandas reflectantes en el bolsillo trasero<\/li>\n<li>Refuerzo en el dobladillo<\/li>\n<\/ul>\n<p><img class=\"alignnone size-full wp-image-15379\" src=\"https:\/\/chemitool.com\/wp-content\/uploads\/2021\/09\/MAN.png\" alt=\"\" width=\"85\" height=\"97\" \/>\u00a0<img class=\"alignnone size-full wp-image-15338\" src=\"https:\/\/chemitool.com\/wp-content\/uploads\/2021\/09\/REGULAR-FIT-3.png\" alt=\"\" width=\"85\" height=\"97\" \/>\u00a0<img class=\"alignnone size-full wp-image-15332\" src=\"https:\/\/chemitool.com\/wp-content\/uploads\/2021\/09\/LOCK-SYSTEM-2.png\" alt=\"\" width=\"85\" height=\"97\" \/><img class=\"alignnone size-full wp-image-15208\" src=\"https:\/\/chemitool.com\/wp-content\/uploads\/2021\/09\/THREE-NEEDLE-STITCHING-1.png\" alt=\"\" width=\"85\" height=\"97\" \/>\u00a0<img class=\"alignnone size-full wp-image-15341\" src=\"https:\/\/chemitool.com\/wp-content\/uploads\/2021\/09\/SBS.png\" alt=\"\" width=\"85\" height=\"97\" \/>\u00a0<img class=\"alignnone size-full wp-image-15350\" src=\"https:\/\/chemitool.com\/wp-content\/uploads\/2021\/09\/YKK.png\" alt=\"\" width=\"85\" height=\"97\" \/><\/p>\n","protected":false},"excerpt":{"rendered":"<p><em>Pantalones WORKER TECH CHEMITOOL<\/em> multiestaci\u00f3n con bolsillos para rodilleras, con el\u00e1sticos laterales y trabillas en la cintura, cierre con cremallera y bot\u00f3n de pl\u00e1stico, dos bolsillos delanteros de corte cl\u00e1sico, bolsillo lateral con <i>LOCK SYSTEM<\/i>, soporte para metro y soporte para smartphone.<\/p>\n","protected":false},"featured_media":15887,"template":"","meta":[],"product_cat":[1454,3464],"product_tag":[],"yoast_head":"<!-- This site is optimized with the Yoast SEO plugin v17.4 - https:\/\/yoast.com\/wordpress\/plugins\/seo\/ -->\n<title>PANTALONES WORKER TECH &ndash; Chemitool<\/title>\n<meta name=\"description\" content=\"Pantalones WORKER TECH CHEMITOOL multiestaci\u00f3n con bolsillos para rodilleras, con el\u00e1sticos laterales y trabillas en la cintura, cierre con cremallera y bot\u00f3n de pl\u00e1stico, dos bolsillos delanteros de corte cl\u00e1sico, bolsillo lateral con LOCK SYSTEM, soporte para metro y soporte para smartphone.\" \/>\n<meta name=\"robots\" content=\"index, follow, max-snippet:-1, max-image-preview:large, max-video-preview:-1\" \/>\n<link rel=\"canonical\" href=\"https:\/\/chemitool.com\/es\/products\/safety\/ropa-de-trabajo\/pantalones-worker-tech\/\" \/>\n<meta property=\"og:locale\" content=\"es_ES\" \/>\n<meta property=\"og:type\" content=\"article\" \/>\n<meta property=\"og:title\" content=\"PANTALONES WORKER TECH &ndash; Chemitool\" \/>\n<meta property=\"og:description\" content=\"Pantalones WORKER TECH CHEMITOOL multiestaci\u00f3n con bolsillos para rodilleras, con el\u00e1sticos laterales y trabillas en la cintura, cierre con cremallera y bot\u00f3n de pl\u00e1stico, dos bolsillos delanteros de corte cl\u00e1sico, bolsillo lateral con LOCK SYSTEM, soporte para metro y soporte para smartphone.\" \/>\n<meta property=\"og:url\" content=\"https:\/\/chemitool.com\/es\/products\/safety\/ropa-de-trabajo\/pantalones-worker-tech\/\" \/>\n<meta property=\"og:site_name\" content=\"Chemitool\" \/>\n<meta property=\"article:publisher\" content=\"https:\/\/www.facebook.com\/chemitool\" \/>\n<meta property=\"article:modified_time\" content=\"2021-09-29T10:30:54+00:00\" \/>\n<meta property=\"og:image\" content=\"https:\/\/chemitool.com\/wp-content\/uploads\/2021\/09\/P14050406_frente_cinzento.png\" \/>\n\t<meta property=\"og:image:width\" content=\"800\" \/>\n\t<meta property=\"og:image:height\" content=\"800\" \/>\n<meta name=\"twitter:card\" content=\"summary_large_image\" \/>\n<meta name=\"twitter:label1\" content=\"Tiempo de lectura\" \/>\n\t<meta name=\"twitter:data1\" content=\"2 minutos\" \/>\n<script type=\"application\/ld+json\" class=\"yoast-schema-graph\">{\"@context\":\"https:\/\/schema.org\",\"@graph\":[{\"@type\":\"Organization\",\"@id\":\"https:\/\/chemitool.com\/#organization\",\"name\":\"Chemitool\",\"url\":\"https:\/\/chemitool.com\/\",\"sameAs\":[\"https:\/\/www.facebook.com\/chemitool\",\"https:\/\/www.instagram.com\/chemitool\/\"],\"logo\":{\"@type\":\"ImageObject\",\"@id\":\"https:\/\/chemitool.com\/#logo\",\"inLanguage\":\"es\",\"url\":\"https:\/\/chemitool.com\/wp-content\/uploads\/2020\/10\/logo_chemitool.png\",\"contentUrl\":\"https:\/\/chemitool.com\/wp-content\/uploads\/2020\/10\/logo_chemitool.png\",\"width\":400,\"height\":400,\"caption\":\"Chemitool\"},\"image\":{\"@id\":\"https:\/\/chemitool.com\/#logo\"}},{\"@type\":\"WebSite\",\"@id\":\"https:\/\/chemitool.com\/#website\",\"url\":\"https:\/\/chemitool.com\/\",\"name\":\"Chemitool\",\"description\":\"Chemitool - hardware and tools\",\"publisher\":{\"@id\":\"https:\/\/chemitool.com\/#organization\"},\"potentialAction\":[{\"@type\":\"SearchAction\",\"target\":{\"@type\":\"EntryPoint\",\"urlTemplate\":\"https:\/\/chemitool.com\/?s={search_term_string}\"},\"query-input\":\"required name=search_term_string\"}],\"inLanguage\":\"es\"},{\"@type\":\"ImageObject\",\"@id\":\"https:\/\/chemitool.com\/es\/products\/safety\/ropa-de-trabajo\/pantalones-worker-tech\/#primaryimage\",\"inLanguage\":\"es\",\"url\":\"https:\/\/chemitool.com\/wp-content\/uploads\/2021\/09\/P14050406_frente_cinzento.png\",\"contentUrl\":\"https:\/\/chemitool.com\/wp-content\/uploads\/2021\/09\/P14050406_frente_cinzento.png\",\"width\":800,\"height\":800},{\"@type\":\"WebPage\",\"@id\":\"https:\/\/chemitool.com\/es\/products\/safety\/ropa-de-trabajo\/pantalones-worker-tech\/#webpage\",\"url\":\"https:\/\/chemitool.com\/es\/products\/safety\/ropa-de-trabajo\/pantalones-worker-tech\/\",\"name\":\"PANTALONES WORKER TECH &ndash; Chemitool\",\"isPartOf\":{\"@id\":\"https:\/\/chemitool.com\/#website\"},\"primaryImageOfPage\":{\"@id\":\"https:\/\/chemitool.com\/es\/products\/safety\/ropa-de-trabajo\/pantalones-worker-tech\/#primaryimage\"},\"datePublished\":\"2021-09-20T13:53:42+00:00\",\"dateModified\":\"2021-09-29T10:30:54+00:00\",\"description\":\"Pantalones WORKER TECH CHEMITOOL multiestaci\\u00f3n con bolsillos para rodilleras, con el\\u00e1sticos laterales y trabillas en la cintura, cierre con cremallera y bot\\u00f3n de pl\\u00e1stico, dos bolsillos delanteros de corte cl\\u00e1sico, bolsillo lateral con LOCK SYSTEM, soporte para metro y soporte para smartphone.\",\"breadcrumb\":{\"@id\":\"https:\/\/chemitool.com\/es\/products\/safety\/ropa-de-trabajo\/pantalones-worker-tech\/#breadcrumb\"},\"inLanguage\":\"es\",\"potentialAction\":[{\"@type\":\"ReadAction\",\"target\":[\"https:\/\/chemitool.com\/es\/products\/safety\/ropa-de-trabajo\/pantalones-worker-tech\/\"]}]},{\"@type\":\"BreadcrumbList\",\"@id\":\"https:\/\/chemitool.com\/es\/products\/safety\/ropa-de-trabajo\/pantalones-worker-tech\/#breadcrumb\",\"itemListElement\":[{\"@type\":\"ListItem\",\"position\":1,\"name\":\"Home\",\"item\":\"https:\/\/chemitool.com\/es\/\"},{\"@type\":\"ListItem\",\"position\":2,\"name\":\"Productos\",\"item\":\"https:\/\/chemitool.com\/es\/productos\/\"},{\"@type\":\"ListItem\",\"position\":3,\"name\":\"Safety\",\"item\":\"https:\/\/chemitool.com\/es\/categoria-producto\/safety\/\"},{\"@type\":\"ListItem\",\"position\":4,\"name\":\"Ropa de Trabajo\",\"item\":\"https:\/\/chemitool.com\/es\/categoria-producto\/safety\/ropa-de-trabajo\/\"},{\"@type\":\"ListItem\",\"position\":5,\"name\":\"PANTALONES WORKER TECH\"}]}]}<\/script>\n<!-- \/ Yoast SEO plugin. -->","yoast_head_json":{"title":"PANTALONES WORKER TECH &ndash; Chemitool","description":"Pantalones WORKER TECH CHEMITOOL multiestaci\u00f3n con bolsillos para rodilleras, con el\u00e1sticos laterales y trabillas en la cintura, cierre con cremallera y bot\u00f3n de pl\u00e1stico, dos bolsillos delanteros de corte cl\u00e1sico, bolsillo lateral con LOCK SYSTEM, soporte para metro y soporte para smartphone.","robots":{"index":"index","follow":"follow","max-snippet":"max-snippet:-1","max-image-preview":"max-image-preview:large","max-video-preview":"max-video-preview:-1"},"canonical":"https:\/\/chemitool.com\/es\/products\/safety\/ropa-de-trabajo\/pantalones-worker-tech\/","og_locale":"es_ES","og_type":"article","og_title":"PANTALONES WORKER TECH &ndash; Chemitool","og_description":"Pantalones WORKER TECH CHEMITOOL multiestaci\u00f3n con bolsillos para rodilleras, con el\u00e1sticos laterales y trabillas en la cintura, cierre con cremallera y bot\u00f3n de pl\u00e1stico, dos bolsillos delanteros de corte cl\u00e1sico, bolsillo lateral con LOCK SYSTEM, soporte para metro y soporte para smartphone.","og_url":"https:\/\/chemitool.com\/es\/products\/safety\/ropa-de-trabajo\/pantalones-worker-tech\/","og_site_name":"Chemitool","article_publisher":"https:\/\/www.facebook.com\/chemitool","article_modified_time":"2021-09-29T10:30:54+00:00","og_image":[{"width":800,"height":800,"url":"https:\/\/chemitool.com\/wp-content\/uploads\/2021\/09\/P14050406_frente_cinzento.png","type":"image\/png"}],"twitter_card":"summary_large_image","twitter_misc":{"Tiempo de lectura":"2 minutos"},"schema":{"@context":"https:\/\/schema.org","@graph":[{"@type":"Organization","@id":"https:\/\/chemitool.com\/#organization","name":"Chemitool","url":"https:\/\/chemitool.com\/","sameAs":["https:\/\/www.facebook.com\/chemitool","https:\/\/www.instagram.com\/chemitool\/"],"logo":{"@type":"ImageObject","@id":"https:\/\/chemitool.com\/#logo","inLanguage":"es","url":"https:\/\/chemitool.com\/wp-content\/uploads\/2020\/10\/logo_chemitool.png","contentUrl":"https:\/\/chemitool.com\/wp-content\/uploads\/2020\/10\/logo_chemitool.png","width":400,"height":400,"caption":"Chemitool"},"image":{"@id":"https:\/\/chemitool.com\/#logo"}},{"@type":"WebSite","@id":"https:\/\/chemitool.com\/#website","url":"https:\/\/chemitool.com\/","name":"Chemitool","description":"Chemitool - hardware and tools","publisher":{"@id":"https:\/\/chemitool.com\/#organization"},"potentialAction":[{"@type":"SearchAction","target":{"@type":"EntryPoint","urlTemplate":"https:\/\/chemitool.com\/?s={search_term_string}"},"query-input":"required name=search_term_string"}],"inLanguage":"es"},{"@type":"ImageObject","@id":"https:\/\/chemitool.com\/es\/products\/safety\/ropa-de-trabajo\/pantalones-worker-tech\/#primaryimage","inLanguage":"es","url":"https:\/\/chemitool.com\/wp-content\/uploads\/2021\/09\/P14050406_frente_cinzento.png","contentUrl":"https:\/\/chemitool.com\/wp-content\/uploads\/2021\/09\/P14050406_frente_cinzento.png","width":800,"height":800},{"@type":"WebPage","@id":"https:\/\/chemitool.com\/es\/products\/safety\/ropa-de-trabajo\/pantalones-worker-tech\/#webpage","url":"https:\/\/chemitool.com\/es\/products\/safety\/ropa-de-trabajo\/pantalones-worker-tech\/","name":"PANTALONES WORKER TECH &ndash; Chemitool","isPartOf":{"@id":"https:\/\/chemitool.com\/#website"},"primaryImageOfPage":{"@id":"https:\/\/chemitool.com\/es\/products\/safety\/ropa-de-trabajo\/pantalones-worker-tech\/#primaryimage"},"datePublished":"2021-09-20T13:53:42+00:00","dateModified":"2021-09-29T10:30:54+00:00","description":"Pantalones WORKER TECH CHEMITOOL multiestaci\u00f3n con bolsillos para rodilleras, con el\u00e1sticos laterales y trabillas en la cintura, cierre con cremallera y bot\u00f3n de pl\u00e1stico, dos bolsillos delanteros de corte cl\u00e1sico, bolsillo lateral con LOCK SYSTEM, soporte para metro y soporte para smartphone.","breadcrumb":{"@id":"https:\/\/chemitool.com\/es\/products\/safety\/ropa-de-trabajo\/pantalones-worker-tech\/#breadcrumb"},"inLanguage":"es","potentialAction":[{"@type":"ReadAction","target":["https:\/\/chemitool.com\/es\/products\/safety\/ropa-de-trabajo\/pantalones-worker-tech\/"]}]},{"@type":"BreadcrumbList","@id":"https:\/\/chemitool.com\/es\/products\/safety\/ropa-de-trabajo\/pantalones-worker-tech\/#breadcrumb","itemListElement":[{"@type":"ListItem","position":1,"name":"Home","item":"https:\/\/chemitool.com\/es\/"},{"@type":"ListItem","position":2,"name":"Productos","item":"https:\/\/chemitool.com\/es\/productos\/"},{"@type":"ListItem","position":3,"name":"Safety","item":"https:\/\/chemitool.com\/es\/categoria-producto\/safety\/"},{"@type":"ListItem","position":4,"name":"Ropa de Trabajo","item":"https:\/\/chemitool.com\/es\/categoria-producto\/safety\/ropa-de-trabajo\/"},{"@type":"ListItem","position":5,"name":"PANTALONES WORKER TECH"}]}]}},"_links":{"self":[{"href":"https:\/\/chemitool.com\/es\/wp-json\/wp\/v2\/product\/15488"}],"collection":[{"href":"https:\/\/chemitool.com\/es\/wp-json\/wp\/v2\/product"}],"about":[{"href":"https:\/\/chemitool.com\/es\/wp-json\/wp\/v2\/types\/product"}],"wp:featuredmedia":[{"embeddable":true,"href":"https:\/\/chemitool.com\/es\/wp-json\/wp\/v2\/media\/15887"}],"wp:attachment":[{"href":"https:\/\/chemitool.com\/es\/wp-json\/wp\/v2\/media?parent=15488"}],"wp:term":[{"taxonomy":"product_cat","embeddable":true,"href":"https:\/\/chemitool.com\/es\/wp-json\/wp\/v2\/product_cat?post=15488"},{"taxonomy":"product_tag","embeddable":true,"href":"https:\/\/chemitool.com\/es\/wp-json\/wp\/v2\/product_tag?post=15488"}],"curies":[{"name":"wp","href":"https:\/\/api.w.org\/{rel}","templated":true}]}}