{"id":15464,"date":"2021-09-20T13:17:05","date_gmt":"2021-09-20T13:17:08","guid":{"rendered":"https:\/\/chemitool.com\/?post_type=product&#038;p=15464"},"modified":"2023-01-27T09:17:24","modified_gmt":"2023-01-27T09:17:24","slug":"pantalones-worker","status":"publish","type":"product","link":"https:\/\/chemitool.com\/es\/products\/safety\/ropa-de-trabajo\/pantalones-worker\/","title":{"rendered":"PANTALONES WORKER"},"content":{"rendered":"<ul>\n<li>100% algod\u00f3n<\/li>\n<li>Triple costura en la entrepierna y interior de la pernera<\/li>\n<li>Bolsillo para cinta m\u00e9trica<\/li>\n<li>Bolsillo lateral <em>LOCK SYSTEM<\/em><\/li>\n<li>Bandas reflectantes en el bolsillo trasero<\/li>\n<\/ul>\n<p><img class=\"alignnone size-full wp-image-15379\" src=\"https:\/\/chemitool.com\/wp-content\/uploads\/2021\/09\/MAN.png\" alt=\"\" width=\"85\" height=\"97\" \/>\u00a0<img class=\"alignnone size-full wp-image-15338\" src=\"https:\/\/chemitool.com\/wp-content\/uploads\/2021\/09\/REGULAR-FIT-3.png\" alt=\"\" width=\"85\" height=\"97\" \/>\u00a0<img class=\"alignnone size-full wp-image-15332\" src=\"https:\/\/chemitool.com\/wp-content\/uploads\/2021\/09\/LOCK-SYSTEM-2.png\" alt=\"\" width=\"85\" height=\"97\" \/><img class=\"alignnone size-full wp-image-15208\" src=\"https:\/\/chemitool.com\/wp-content\/uploads\/2021\/09\/THREE-NEEDLE-STITCHING-1.png\" alt=\"\" width=\"85\" height=\"97\" \/>\u00a0<img class=\"alignnone size-full wp-image-15217\" src=\"https:\/\/chemitool.com\/wp-content\/uploads\/2021\/09\/MODELLO-COMUNITARIO-REGISTRATO-1.png\" alt=\"\" width=\"85\" height=\"97\" \/><\/p>\n","protected":false},"excerpt":{"rendered":"<p><em>Pantalones WORKER CHEMITOOL<\/em> para todo el a\u00f1o con lateral el\u00e1stico y trabillas en la cintura. Cierre con cremallera y bot\u00f3n de pl\u00e1stico, dos bolsillos delanteros cl\u00e1sicos, un bolsillo lateral <i>LOCK SYSTEM<\/i>, un bolsillo para cinta m\u00e9trica, dos bolsillos traseros, uno abierto y otro con solapa y velcro, triple costura en la entrepierna y en la parte interior de la pernera. Inserciones y pespuntes de contraste, bandas reflectantes en el bolsillo trasero.<\/p>\n","protected":false},"featured_media":15854,"template":"","meta":[],"product_cat":[1454,3464],"product_tag":[],"yoast_head":"<!-- This site is optimized with the Yoast SEO plugin v17.4 - https:\/\/yoast.com\/wordpress\/plugins\/seo\/ -->\n<title>PANTALONES WORKER &ndash; Chemitool<\/title>\n<meta name=\"description\" content=\"Pantalones WORKER CHEMITOOL para todo el a\u00f1o con lateral el\u00e1stico y trabillas en la cintura. Cierre con cremallera y bot\u00f3n de pl\u00e1stico, dos bolsillos delanteros cl\u00e1sicos, un bolsillo lateral LOCK SYSTEM, un bolsillo para cinta m\u00e9trica, dos bolsillos traseros, uno abierto y otro con solapa y velcro, triple costura en la entrepierna y en la parte interior de la pernera. Inserciones y pespuntes de contraste, bandas reflectantes en el bolsillo trasero.\" \/>\n<meta name=\"robots\" content=\"index, follow, max-snippet:-1, max-image-preview:large, max-video-preview:-1\" \/>\n<link rel=\"canonical\" href=\"https:\/\/chemitool.com\/es\/products\/safety\/ropa-de-trabajo\/pantalones-worker\/\" \/>\n<meta property=\"og:locale\" content=\"es_ES\" \/>\n<meta property=\"og:type\" content=\"article\" \/>\n<meta property=\"og:title\" content=\"PANTALONES WORKER &ndash; Chemitool\" \/>\n<meta property=\"og:description\" content=\"Pantalones WORKER CHEMITOOL para todo el a\u00f1o con lateral el\u00e1stico y trabillas en la cintura. Cierre con cremallera y bot\u00f3n de pl\u00e1stico, dos bolsillos delanteros cl\u00e1sicos, un bolsillo lateral LOCK SYSTEM, un bolsillo para cinta m\u00e9trica, dos bolsillos traseros, uno abierto y otro con solapa y velcro, triple costura en la entrepierna y en la parte interior de la pernera. Inserciones y pespuntes de contraste, bandas reflectantes en el bolsillo trasero.\" \/>\n<meta property=\"og:url\" content=\"https:\/\/chemitool.com\/es\/products\/safety\/ropa-de-trabajo\/pantalones-worker\/\" \/>\n<meta property=\"og:site_name\" content=\"Chemitool\" \/>\n<meta property=\"article:publisher\" content=\"https:\/\/www.facebook.com\/chemitool\" \/>\n<meta property=\"article:modified_time\" content=\"2023-01-27T09:17:24+00:00\" \/>\n<meta property=\"og:image\" content=\"https:\/\/chemitool.com\/wp-content\/uploads\/2021\/09\/P09280331_frente_azul.png\" \/>\n\t<meta property=\"og:image:width\" content=\"800\" \/>\n\t<meta property=\"og:image:height\" content=\"800\" \/>\n<meta name=\"twitter:card\" content=\"summary_large_image\" \/>\n<script type=\"application\/ld+json\" class=\"yoast-schema-graph\">{\"@context\":\"https:\/\/schema.org\",\"@graph\":[{\"@type\":\"Organization\",\"@id\":\"https:\/\/chemitool.com\/#organization\",\"name\":\"Chemitool\",\"url\":\"https:\/\/chemitool.com\/\",\"sameAs\":[\"https:\/\/www.facebook.com\/chemitool\",\"https:\/\/www.instagram.com\/chemitool\/\"],\"logo\":{\"@type\":\"ImageObject\",\"@id\":\"https:\/\/chemitool.com\/#logo\",\"inLanguage\":\"es\",\"url\":\"https:\/\/chemitool.com\/wp-content\/uploads\/2020\/10\/logo_chemitool.png\",\"contentUrl\":\"https:\/\/chemitool.com\/wp-content\/uploads\/2020\/10\/logo_chemitool.png\",\"width\":400,\"height\":400,\"caption\":\"Chemitool\"},\"image\":{\"@id\":\"https:\/\/chemitool.com\/#logo\"}},{\"@type\":\"WebSite\",\"@id\":\"https:\/\/chemitool.com\/#website\",\"url\":\"https:\/\/chemitool.com\/\",\"name\":\"Chemitool\",\"description\":\"Chemitool - hardware and tools\",\"publisher\":{\"@id\":\"https:\/\/chemitool.com\/#organization\"},\"potentialAction\":[{\"@type\":\"SearchAction\",\"target\":{\"@type\":\"EntryPoint\",\"urlTemplate\":\"https:\/\/chemitool.com\/?s={search_term_string}\"},\"query-input\":\"required name=search_term_string\"}],\"inLanguage\":\"es\"},{\"@type\":\"ImageObject\",\"@id\":\"https:\/\/chemitool.com\/es\/products\/safety\/ropa-de-trabajo\/pantalones-worker\/#primaryimage\",\"inLanguage\":\"es\",\"url\":\"https:\/\/chemitool.com\/wp-content\/uploads\/2021\/09\/P09280331_frente_azul.png\",\"contentUrl\":\"https:\/\/chemitool.com\/wp-content\/uploads\/2021\/09\/P09280331_frente_azul.png\",\"width\":800,\"height\":800},{\"@type\":\"WebPage\",\"@id\":\"https:\/\/chemitool.com\/es\/products\/safety\/ropa-de-trabajo\/pantalones-worker\/#webpage\",\"url\":\"https:\/\/chemitool.com\/es\/products\/safety\/ropa-de-trabajo\/pantalones-worker\/\",\"name\":\"PANTALONES WORKER &ndash; Chemitool\",\"isPartOf\":{\"@id\":\"https:\/\/chemitool.com\/#website\"},\"primaryImageOfPage\":{\"@id\":\"https:\/\/chemitool.com\/es\/products\/safety\/ropa-de-trabajo\/pantalones-worker\/#primaryimage\"},\"datePublished\":\"2021-09-20T13:17:08+00:00\",\"dateModified\":\"2023-01-27T09:17:24+00:00\",\"description\":\"Pantalones WORKER CHEMITOOL para todo el a\\u00f1o con lateral el\\u00e1stico y trabillas en la cintura. Cierre con cremallera y bot\\u00f3n de pl\\u00e1stico, dos bolsillos delanteros cl\\u00e1sicos, un bolsillo lateral LOCK SYSTEM, un bolsillo para cinta m\\u00e9trica, dos bolsillos traseros, uno abierto y otro con solapa y velcro, triple costura en la entrepierna y en la parte interior de la pernera. Inserciones y pespuntes de contraste, bandas reflectantes en el bolsillo trasero.\",\"breadcrumb\":{\"@id\":\"https:\/\/chemitool.com\/es\/products\/safety\/ropa-de-trabajo\/pantalones-worker\/#breadcrumb\"},\"inLanguage\":\"es\",\"potentialAction\":[{\"@type\":\"ReadAction\",\"target\":[\"https:\/\/chemitool.com\/es\/products\/safety\/ropa-de-trabajo\/pantalones-worker\/\"]}]},{\"@type\":\"BreadcrumbList\",\"@id\":\"https:\/\/chemitool.com\/es\/products\/safety\/ropa-de-trabajo\/pantalones-worker\/#breadcrumb\",\"itemListElement\":[{\"@type\":\"ListItem\",\"position\":1,\"name\":\"Home\",\"item\":\"https:\/\/chemitool.com\/es\/\"},{\"@type\":\"ListItem\",\"position\":2,\"name\":\"Productos\",\"item\":\"https:\/\/chemitool.com\/es\/productos\/\"},{\"@type\":\"ListItem\",\"position\":3,\"name\":\"Safety\",\"item\":\"https:\/\/chemitool.com\/es\/categoria-producto\/safety\/\"},{\"@type\":\"ListItem\",\"position\":4,\"name\":\"Ropa de Trabajo\",\"item\":\"https:\/\/chemitool.com\/es\/categoria-producto\/safety\/ropa-de-trabajo\/\"},{\"@type\":\"ListItem\",\"position\":5,\"name\":\"PANTALONES WORKER\"}]}]}<\/script>\n<!-- \/ Yoast SEO plugin. -->","yoast_head_json":{"title":"PANTALONES WORKER &ndash; Chemitool","description":"Pantalones WORKER CHEMITOOL para todo el a\u00f1o con lateral el\u00e1stico y trabillas en la cintura. Cierre con cremallera y bot\u00f3n de pl\u00e1stico, dos bolsillos delanteros cl\u00e1sicos, un bolsillo lateral LOCK SYSTEM, un bolsillo para cinta m\u00e9trica, dos bolsillos traseros, uno abierto y otro con solapa y velcro, triple costura en la entrepierna y en la parte interior de la pernera. Inserciones y pespuntes de contraste, bandas reflectantes en el bolsillo trasero.","robots":{"index":"index","follow":"follow","max-snippet":"max-snippet:-1","max-image-preview":"max-image-preview:large","max-video-preview":"max-video-preview:-1"},"canonical":"https:\/\/chemitool.com\/es\/products\/safety\/ropa-de-trabajo\/pantalones-worker\/","og_locale":"es_ES","og_type":"article","og_title":"PANTALONES WORKER &ndash; Chemitool","og_description":"Pantalones WORKER CHEMITOOL para todo el a\u00f1o con lateral el\u00e1stico y trabillas en la cintura. Cierre con cremallera y bot\u00f3n de pl\u00e1stico, dos bolsillos delanteros cl\u00e1sicos, un bolsillo lateral LOCK SYSTEM, un bolsillo para cinta m\u00e9trica, dos bolsillos traseros, uno abierto y otro con solapa y velcro, triple costura en la entrepierna y en la parte interior de la pernera. Inserciones y pespuntes de contraste, bandas reflectantes en el bolsillo trasero.","og_url":"https:\/\/chemitool.com\/es\/products\/safety\/ropa-de-trabajo\/pantalones-worker\/","og_site_name":"Chemitool","article_publisher":"https:\/\/www.facebook.com\/chemitool","article_modified_time":"2023-01-27T09:17:24+00:00","og_image":[{"width":800,"height":800,"url":"https:\/\/chemitool.com\/wp-content\/uploads\/2021\/09\/P09280331_frente_azul.png","type":"image\/png"}],"twitter_card":"summary_large_image","schema":{"@context":"https:\/\/schema.org","@graph":[{"@type":"Organization","@id":"https:\/\/chemitool.com\/#organization","name":"Chemitool","url":"https:\/\/chemitool.com\/","sameAs":["https:\/\/www.facebook.com\/chemitool","https:\/\/www.instagram.com\/chemitool\/"],"logo":{"@type":"ImageObject","@id":"https:\/\/chemitool.com\/#logo","inLanguage":"es","url":"https:\/\/chemitool.com\/wp-content\/uploads\/2020\/10\/logo_chemitool.png","contentUrl":"https:\/\/chemitool.com\/wp-content\/uploads\/2020\/10\/logo_chemitool.png","width":400,"height":400,"caption":"Chemitool"},"image":{"@id":"https:\/\/chemitool.com\/#logo"}},{"@type":"WebSite","@id":"https:\/\/chemitool.com\/#website","url":"https:\/\/chemitool.com\/","name":"Chemitool","description":"Chemitool - hardware and tools","publisher":{"@id":"https:\/\/chemitool.com\/#organization"},"potentialAction":[{"@type":"SearchAction","target":{"@type":"EntryPoint","urlTemplate":"https:\/\/chemitool.com\/?s={search_term_string}"},"query-input":"required name=search_term_string"}],"inLanguage":"es"},{"@type":"ImageObject","@id":"https:\/\/chemitool.com\/es\/products\/safety\/ropa-de-trabajo\/pantalones-worker\/#primaryimage","inLanguage":"es","url":"https:\/\/chemitool.com\/wp-content\/uploads\/2021\/09\/P09280331_frente_azul.png","contentUrl":"https:\/\/chemitool.com\/wp-content\/uploads\/2021\/09\/P09280331_frente_azul.png","width":800,"height":800},{"@type":"WebPage","@id":"https:\/\/chemitool.com\/es\/products\/safety\/ropa-de-trabajo\/pantalones-worker\/#webpage","url":"https:\/\/chemitool.com\/es\/products\/safety\/ropa-de-trabajo\/pantalones-worker\/","name":"PANTALONES WORKER &ndash; Chemitool","isPartOf":{"@id":"https:\/\/chemitool.com\/#website"},"primaryImageOfPage":{"@id":"https:\/\/chemitool.com\/es\/products\/safety\/ropa-de-trabajo\/pantalones-worker\/#primaryimage"},"datePublished":"2021-09-20T13:17:08+00:00","dateModified":"2023-01-27T09:17:24+00:00","description":"Pantalones WORKER CHEMITOOL para todo el a\u00f1o con lateral el\u00e1stico y trabillas en la cintura. Cierre con cremallera y bot\u00f3n de pl\u00e1stico, dos bolsillos delanteros cl\u00e1sicos, un bolsillo lateral LOCK SYSTEM, un bolsillo para cinta m\u00e9trica, dos bolsillos traseros, uno abierto y otro con solapa y velcro, triple costura en la entrepierna y en la parte interior de la pernera. Inserciones y pespuntes de contraste, bandas reflectantes en el bolsillo trasero.","breadcrumb":{"@id":"https:\/\/chemitool.com\/es\/products\/safety\/ropa-de-trabajo\/pantalones-worker\/#breadcrumb"},"inLanguage":"es","potentialAction":[{"@type":"ReadAction","target":["https:\/\/chemitool.com\/es\/products\/safety\/ropa-de-trabajo\/pantalones-worker\/"]}]},{"@type":"BreadcrumbList","@id":"https:\/\/chemitool.com\/es\/products\/safety\/ropa-de-trabajo\/pantalones-worker\/#breadcrumb","itemListElement":[{"@type":"ListItem","position":1,"name":"Home","item":"https:\/\/chemitool.com\/es\/"},{"@type":"ListItem","position":2,"name":"Productos","item":"https:\/\/chemitool.com\/es\/productos\/"},{"@type":"ListItem","position":3,"name":"Safety","item":"https:\/\/chemitool.com\/es\/categoria-producto\/safety\/"},{"@type":"ListItem","position":4,"name":"Ropa de Trabajo","item":"https:\/\/chemitool.com\/es\/categoria-producto\/safety\/ropa-de-trabajo\/"},{"@type":"ListItem","position":5,"name":"PANTALONES WORKER"}]}]}},"_links":{"self":[{"href":"https:\/\/chemitool.com\/es\/wp-json\/wp\/v2\/product\/15464"}],"collection":[{"href":"https:\/\/chemitool.com\/es\/wp-json\/wp\/v2\/product"}],"about":[{"href":"https:\/\/chemitool.com\/es\/wp-json\/wp\/v2\/types\/product"}],"wp:featuredmedia":[{"embeddable":true,"href":"https:\/\/chemitool.com\/es\/wp-json\/wp\/v2\/media\/15854"}],"wp:attachment":[{"href":"https:\/\/chemitool.com\/es\/wp-json\/wp\/v2\/media?parent=15464"}],"wp:term":[{"taxonomy":"product_cat","embeddable":true,"href":"https:\/\/chemitool.com\/es\/wp-json\/wp\/v2\/product_cat?post=15464"},{"taxonomy":"product_tag","embeddable":true,"href":"https:\/\/chemitool.com\/es\/wp-json\/wp\/v2\/product_tag?post=15464"}],"curies":[{"name":"wp","href":"https:\/\/api.w.org\/{rel}","templated":true}]}}