{"id":15384,"date":"2021-09-20T09:58:36","date_gmt":"2021-09-20T09:58:37","guid":{"rendered":"https:\/\/chemitool.com\/?post_type=product&#038;p=15384"},"modified":"2023-01-27T09:17:11","modified_gmt":"2023-01-27T09:17:11","slug":"pantalones-power","status":"publish","type":"product","link":"https:\/\/chemitool.com\/es\/products\/safety\/ropa-de-trabajo\/pantalones-power\/","title":{"rendered":"PANTALONES POWER"},"content":{"rendered":"<ul>\n<li>100% algod\u00f3n<\/li>\n<li>Costuras dobles en la entrepierna<\/li>\n<li>Soporte para metro<\/li>\n<li>Bolsillo con <em>LOCK SYSTEM<\/em><\/li>\n<\/ul>\n<p><img class=\"alignnone size-full wp-image-15379\" src=\"https:\/\/chemitool.com\/wp-content\/uploads\/2021\/09\/MAN.png\" alt=\"\" width=\"85\" height=\"97\" \/><img class=\"alignnone size-full wp-image-15338\" src=\"https:\/\/chemitool.com\/wp-content\/uploads\/2021\/09\/REGULAR-FIT-3.png\" alt=\"\" width=\"85\" height=\"97\" \/><img class=\"alignnone size-full wp-image-15332\" src=\"https:\/\/chemitool.com\/wp-content\/uploads\/2021\/09\/LOCK-SYSTEM-2.png\" alt=\"\" width=\"85\" height=\"97\" \/><\/p>\n","protected":false},"excerpt":{"rendered":"<p><em>Pantalones POWER CHEMITOOL<\/em> con trabillas y el\u00e1stico en la cintura, cierre con cremallera y bot\u00f3n. Costuras de la entrepierna e interior de la pierna con doble aguja, dos bolsillos delanteros de corte cl\u00e1sico, bolsillo peque\u00f1o portamonedas, soporte para metro lateral derecho, bolsillo lateral izquierdo con tapeta de cierre <i>LOCK SYSTEM<\/i>, dos bolsillos posteriores, uno con tapeta y velcro.<\/p>\n","protected":false},"featured_media":15831,"template":"","meta":[],"product_cat":[1454,3464],"product_tag":[],"yoast_head":"<!-- This site is optimized with the Yoast SEO plugin v17.4 - https:\/\/yoast.com\/wordpress\/plugins\/seo\/ -->\n<title>PANTALONES POWER &ndash; Chemitool<\/title>\n<meta name=\"description\" content=\"Pantalones POWER CHEMITOOL con trabillas y el\u00e1stico en la cintura, cierre con cremallera y bot\u00f3n. Costuras de la entrepierna e interior de la pierna con doble aguja, dos bolsillos delanteros de corte cl\u00e1sico, bolsillo peque\u00f1o portamonedas, soporte para metro lateral derecho, bolsillo lateral izquierdo con tapeta de cierre LOCK SYSTEM, dos bolsillos posteriores, uno con tapeta y velcro.\" \/>\n<meta name=\"robots\" content=\"index, follow, max-snippet:-1, max-image-preview:large, max-video-preview:-1\" \/>\n<link rel=\"canonical\" href=\"https:\/\/chemitool.com\/es\/products\/safety\/ropa-de-trabajo\/pantalones-power\/\" \/>\n<meta property=\"og:locale\" content=\"es_ES\" \/>\n<meta property=\"og:type\" content=\"article\" \/>\n<meta property=\"og:title\" content=\"PANTALONES POWER &ndash; Chemitool\" \/>\n<meta property=\"og:description\" content=\"Pantalones POWER CHEMITOOL con trabillas y el\u00e1stico en la cintura, cierre con cremallera y bot\u00f3n. Costuras de la entrepierna e interior de la pierna con doble aguja, dos bolsillos delanteros de corte cl\u00e1sico, bolsillo peque\u00f1o portamonedas, soporte para metro lateral derecho, bolsillo lateral izquierdo con tapeta de cierre LOCK SYSTEM, dos bolsillos posteriores, uno con tapeta y velcro.\" \/>\n<meta property=\"og:url\" content=\"https:\/\/chemitool.com\/es\/products\/safety\/ropa-de-trabajo\/pantalones-power\/\" \/>\n<meta property=\"og:site_name\" content=\"Chemitool\" \/>\n<meta property=\"article:publisher\" content=\"https:\/\/www.facebook.com\/chemitool\" \/>\n<meta property=\"article:modified_time\" content=\"2023-01-27T09:17:11+00:00\" \/>\n<meta property=\"og:image\" content=\"https:\/\/chemitool.com\/wp-content\/uploads\/2021\/09\/P12610331_frente.png\" \/>\n\t<meta property=\"og:image:width\" content=\"800\" \/>\n\t<meta property=\"og:image:height\" content=\"800\" \/>\n<meta name=\"twitter:card\" content=\"summary_large_image\" \/>\n<meta name=\"twitter:label1\" content=\"Tiempo de lectura\" \/>\n\t<meta name=\"twitter:data1\" content=\"1 minuto\" \/>\n<script type=\"application\/ld+json\" class=\"yoast-schema-graph\">{\"@context\":\"https:\/\/schema.org\",\"@graph\":[{\"@type\":\"Organization\",\"@id\":\"https:\/\/chemitool.com\/#organization\",\"name\":\"Chemitool\",\"url\":\"https:\/\/chemitool.com\/\",\"sameAs\":[\"https:\/\/www.facebook.com\/chemitool\",\"https:\/\/www.instagram.com\/chemitool\/\"],\"logo\":{\"@type\":\"ImageObject\",\"@id\":\"https:\/\/chemitool.com\/#logo\",\"inLanguage\":\"es\",\"url\":\"https:\/\/chemitool.com\/wp-content\/uploads\/2020\/10\/logo_chemitool.png\",\"contentUrl\":\"https:\/\/chemitool.com\/wp-content\/uploads\/2020\/10\/logo_chemitool.png\",\"width\":400,\"height\":400,\"caption\":\"Chemitool\"},\"image\":{\"@id\":\"https:\/\/chemitool.com\/#logo\"}},{\"@type\":\"WebSite\",\"@id\":\"https:\/\/chemitool.com\/#website\",\"url\":\"https:\/\/chemitool.com\/\",\"name\":\"Chemitool\",\"description\":\"Chemitool - hardware and tools\",\"publisher\":{\"@id\":\"https:\/\/chemitool.com\/#organization\"},\"potentialAction\":[{\"@type\":\"SearchAction\",\"target\":{\"@type\":\"EntryPoint\",\"urlTemplate\":\"https:\/\/chemitool.com\/?s={search_term_string}\"},\"query-input\":\"required name=search_term_string\"}],\"inLanguage\":\"es\"},{\"@type\":\"ImageObject\",\"@id\":\"https:\/\/chemitool.com\/es\/products\/safety\/ropa-de-trabajo\/pantalones-power\/#primaryimage\",\"inLanguage\":\"es\",\"url\":\"https:\/\/chemitool.com\/wp-content\/uploads\/2021\/09\/P12610331_frente.png\",\"contentUrl\":\"https:\/\/chemitool.com\/wp-content\/uploads\/2021\/09\/P12610331_frente.png\",\"width\":800,\"height\":800},{\"@type\":\"WebPage\",\"@id\":\"https:\/\/chemitool.com\/es\/products\/safety\/ropa-de-trabajo\/pantalones-power\/#webpage\",\"url\":\"https:\/\/chemitool.com\/es\/products\/safety\/ropa-de-trabajo\/pantalones-power\/\",\"name\":\"PANTALONES POWER &ndash; Chemitool\",\"isPartOf\":{\"@id\":\"https:\/\/chemitool.com\/#website\"},\"primaryImageOfPage\":{\"@id\":\"https:\/\/chemitool.com\/es\/products\/safety\/ropa-de-trabajo\/pantalones-power\/#primaryimage\"},\"datePublished\":\"2021-09-20T09:58:37+00:00\",\"dateModified\":\"2023-01-27T09:17:11+00:00\",\"description\":\"Pantalones POWER CHEMITOOL con trabillas y el\\u00e1stico en la cintura, cierre con cremallera y bot\\u00f3n. Costuras de la entrepierna e interior de la pierna con doble aguja, dos bolsillos delanteros de corte cl\\u00e1sico, bolsillo peque\\u00f1o portamonedas, soporte para metro lateral derecho, bolsillo lateral izquierdo con tapeta de cierre LOCK SYSTEM, dos bolsillos posteriores, uno con tapeta y velcro.\",\"breadcrumb\":{\"@id\":\"https:\/\/chemitool.com\/es\/products\/safety\/ropa-de-trabajo\/pantalones-power\/#breadcrumb\"},\"inLanguage\":\"es\",\"potentialAction\":[{\"@type\":\"ReadAction\",\"target\":[\"https:\/\/chemitool.com\/es\/products\/safety\/ropa-de-trabajo\/pantalones-power\/\"]}]},{\"@type\":\"BreadcrumbList\",\"@id\":\"https:\/\/chemitool.com\/es\/products\/safety\/ropa-de-trabajo\/pantalones-power\/#breadcrumb\",\"itemListElement\":[{\"@type\":\"ListItem\",\"position\":1,\"name\":\"Home\",\"item\":\"https:\/\/chemitool.com\/es\/\"},{\"@type\":\"ListItem\",\"position\":2,\"name\":\"Productos\",\"item\":\"https:\/\/chemitool.com\/es\/productos\/\"},{\"@type\":\"ListItem\",\"position\":3,\"name\":\"Safety\",\"item\":\"https:\/\/chemitool.com\/es\/categoria-producto\/safety\/\"},{\"@type\":\"ListItem\",\"position\":4,\"name\":\"Ropa de Trabajo\",\"item\":\"https:\/\/chemitool.com\/es\/categoria-producto\/safety\/ropa-de-trabajo\/\"},{\"@type\":\"ListItem\",\"position\":5,\"name\":\"PANTALONES POWER\"}]}]}<\/script>\n<!-- \/ Yoast SEO plugin. -->","yoast_head_json":{"title":"PANTALONES POWER &ndash; Chemitool","description":"Pantalones POWER CHEMITOOL con trabillas y el\u00e1stico en la cintura, cierre con cremallera y bot\u00f3n. Costuras de la entrepierna e interior de la pierna con doble aguja, dos bolsillos delanteros de corte cl\u00e1sico, bolsillo peque\u00f1o portamonedas, soporte para metro lateral derecho, bolsillo lateral izquierdo con tapeta de cierre LOCK SYSTEM, dos bolsillos posteriores, uno con tapeta y velcro.","robots":{"index":"index","follow":"follow","max-snippet":"max-snippet:-1","max-image-preview":"max-image-preview:large","max-video-preview":"max-video-preview:-1"},"canonical":"https:\/\/chemitool.com\/es\/products\/safety\/ropa-de-trabajo\/pantalones-power\/","og_locale":"es_ES","og_type":"article","og_title":"PANTALONES POWER &ndash; Chemitool","og_description":"Pantalones POWER CHEMITOOL con trabillas y el\u00e1stico en la cintura, cierre con cremallera y bot\u00f3n. Costuras de la entrepierna e interior de la pierna con doble aguja, dos bolsillos delanteros de corte cl\u00e1sico, bolsillo peque\u00f1o portamonedas, soporte para metro lateral derecho, bolsillo lateral izquierdo con tapeta de cierre LOCK SYSTEM, dos bolsillos posteriores, uno con tapeta y velcro.","og_url":"https:\/\/chemitool.com\/es\/products\/safety\/ropa-de-trabajo\/pantalones-power\/","og_site_name":"Chemitool","article_publisher":"https:\/\/www.facebook.com\/chemitool","article_modified_time":"2023-01-27T09:17:11+00:00","og_image":[{"width":800,"height":800,"url":"https:\/\/chemitool.com\/wp-content\/uploads\/2021\/09\/P12610331_frente.png","type":"image\/png"}],"twitter_card":"summary_large_image","twitter_misc":{"Tiempo de lectura":"1 minuto"},"schema":{"@context":"https:\/\/schema.org","@graph":[{"@type":"Organization","@id":"https:\/\/chemitool.com\/#organization","name":"Chemitool","url":"https:\/\/chemitool.com\/","sameAs":["https:\/\/www.facebook.com\/chemitool","https:\/\/www.instagram.com\/chemitool\/"],"logo":{"@type":"ImageObject","@id":"https:\/\/chemitool.com\/#logo","inLanguage":"es","url":"https:\/\/chemitool.com\/wp-content\/uploads\/2020\/10\/logo_chemitool.png","contentUrl":"https:\/\/chemitool.com\/wp-content\/uploads\/2020\/10\/logo_chemitool.png","width":400,"height":400,"caption":"Chemitool"},"image":{"@id":"https:\/\/chemitool.com\/#logo"}},{"@type":"WebSite","@id":"https:\/\/chemitool.com\/#website","url":"https:\/\/chemitool.com\/","name":"Chemitool","description":"Chemitool - hardware and tools","publisher":{"@id":"https:\/\/chemitool.com\/#organization"},"potentialAction":[{"@type":"SearchAction","target":{"@type":"EntryPoint","urlTemplate":"https:\/\/chemitool.com\/?s={search_term_string}"},"query-input":"required name=search_term_string"}],"inLanguage":"es"},{"@type":"ImageObject","@id":"https:\/\/chemitool.com\/es\/products\/safety\/ropa-de-trabajo\/pantalones-power\/#primaryimage","inLanguage":"es","url":"https:\/\/chemitool.com\/wp-content\/uploads\/2021\/09\/P12610331_frente.png","contentUrl":"https:\/\/chemitool.com\/wp-content\/uploads\/2021\/09\/P12610331_frente.png","width":800,"height":800},{"@type":"WebPage","@id":"https:\/\/chemitool.com\/es\/products\/safety\/ropa-de-trabajo\/pantalones-power\/#webpage","url":"https:\/\/chemitool.com\/es\/products\/safety\/ropa-de-trabajo\/pantalones-power\/","name":"PANTALONES POWER &ndash; Chemitool","isPartOf":{"@id":"https:\/\/chemitool.com\/#website"},"primaryImageOfPage":{"@id":"https:\/\/chemitool.com\/es\/products\/safety\/ropa-de-trabajo\/pantalones-power\/#primaryimage"},"datePublished":"2021-09-20T09:58:37+00:00","dateModified":"2023-01-27T09:17:11+00:00","description":"Pantalones POWER CHEMITOOL con trabillas y el\u00e1stico en la cintura, cierre con cremallera y bot\u00f3n. Costuras de la entrepierna e interior de la pierna con doble aguja, dos bolsillos delanteros de corte cl\u00e1sico, bolsillo peque\u00f1o portamonedas, soporte para metro lateral derecho, bolsillo lateral izquierdo con tapeta de cierre LOCK SYSTEM, dos bolsillos posteriores, uno con tapeta y velcro.","breadcrumb":{"@id":"https:\/\/chemitool.com\/es\/products\/safety\/ropa-de-trabajo\/pantalones-power\/#breadcrumb"},"inLanguage":"es","potentialAction":[{"@type":"ReadAction","target":["https:\/\/chemitool.com\/es\/products\/safety\/ropa-de-trabajo\/pantalones-power\/"]}]},{"@type":"BreadcrumbList","@id":"https:\/\/chemitool.com\/es\/products\/safety\/ropa-de-trabajo\/pantalones-power\/#breadcrumb","itemListElement":[{"@type":"ListItem","position":1,"name":"Home","item":"https:\/\/chemitool.com\/es\/"},{"@type":"ListItem","position":2,"name":"Productos","item":"https:\/\/chemitool.com\/es\/productos\/"},{"@type":"ListItem","position":3,"name":"Safety","item":"https:\/\/chemitool.com\/es\/categoria-producto\/safety\/"},{"@type":"ListItem","position":4,"name":"Ropa de Trabajo","item":"https:\/\/chemitool.com\/es\/categoria-producto\/safety\/ropa-de-trabajo\/"},{"@type":"ListItem","position":5,"name":"PANTALONES POWER"}]}]}},"_links":{"self":[{"href":"https:\/\/chemitool.com\/es\/wp-json\/wp\/v2\/product\/15384"}],"collection":[{"href":"https:\/\/chemitool.com\/es\/wp-json\/wp\/v2\/product"}],"about":[{"href":"https:\/\/chemitool.com\/es\/wp-json\/wp\/v2\/types\/product"}],"wp:featuredmedia":[{"embeddable":true,"href":"https:\/\/chemitool.com\/es\/wp-json\/wp\/v2\/media\/15831"}],"wp:attachment":[{"href":"https:\/\/chemitool.com\/es\/wp-json\/wp\/v2\/media?parent=15384"}],"wp:term":[{"taxonomy":"product_cat","embeddable":true,"href":"https:\/\/chemitool.com\/es\/wp-json\/wp\/v2\/product_cat?post=15384"},{"taxonomy":"product_tag","embeddable":true,"href":"https:\/\/chemitool.com\/es\/wp-json\/wp\/v2\/product_tag?post=15384"}],"curies":[{"name":"wp","href":"https:\/\/api.w.org\/{rel}","templated":true}]}}