{"id":15003,"date":"2021-09-13T14:36:11","date_gmt":"2021-09-13T14:36:14","guid":{"rendered":"https:\/\/chemitool.com\/?post_type=product&#038;p=15003"},"modified":"2022-11-18T16:36:56","modified_gmt":"2022-11-18T16:36:56","slug":"limpiador-de-frenos-chemisol-2","status":"publish","type":"product","link":"https:\/\/chemitool.com\/es\/products\/chemicals\/sprays-es\/auto-es\/limpiador-de-frenos-chemisol-2\/","title":{"rendered":"LIMPIADOR DE FRENOS CHEMISOL"},"content":{"rendered":"<p><strong>VENTAJAS<\/strong><\/p>\n<ul>\n<li>Potente limpieza y desengrasante<\/li>\n<li>No deja residuos<\/li>\n<li>No conductor<\/li>\n<li>No corrosivo para los metales<\/li>\n<li>El alcohol isoprop\u00edlico en la f\u00f3rmula mejora el rendimiento de limpieza<\/li>\n<li>La evaporaci\u00f3n es r\u00e1pida debido al bajo punto de ebullici\u00f3n del disolvente<\/li>\n<\/ul>\n<p><strong>APLICACIONES<\/strong><\/p>\n<ul>\n<li>Recomendado para frenos de tambor, frenos de disco, frenos, pinzas, zapatas de freno y pinzas de freno.<\/li>\n<li>Limpieza y desengrasado de metales como piezas de engranajes\/motores.<\/li>\n<li>Proporciona una fricci\u00f3n \u00f3ptima entre los elementos de freno y embrague, mejorando el efecto de frenado.<\/li>\n<\/ul>\n","protected":false},"excerpt":{"rendered":"<p><em>Limpiador de Frenos CHEMISOL<\/em> es un producto de alta calidad con excelentes propiedades de frenado y disoluci\u00f3n de metales. Elimina aceite, grasa, l\u00edquido de frenos y suciedad de frenos sin dejar residuos.<\/p>\n","protected":false},"featured_media":15009,"template":"","meta":[],"product_cat":[1209,1218,1239],"product_tag":[140],"yoast_head":"<!-- This site is optimized with the Yoast SEO plugin v17.4 - https:\/\/yoast.com\/wordpress\/plugins\/seo\/ -->\n<title>LIMPIADOR DE FRENOS CHEMISOL &ndash; Chemitool<\/title>\n<meta name=\"description\" content=\"Limpiador de Frenos CHEMISOL es un producto de alta calidad con excelentes propiedades de frenado y disoluci\u00f3n de metales. Elimina aceite, grasa, l\u00edquido de frenos y suciedad de frenos sin dejar residuos.\" \/>\n<meta name=\"robots\" content=\"index, follow, max-snippet:-1, max-image-preview:large, max-video-preview:-1\" \/>\n<link rel=\"canonical\" href=\"https:\/\/chemitool.com\/es\/products\/chemicals\/sprays-es\/auto-es\/limpiador-de-frenos-chemisol-2\/\" \/>\n<meta property=\"og:locale\" content=\"es_ES\" \/>\n<meta property=\"og:type\" content=\"article\" \/>\n<meta property=\"og:title\" content=\"LIMPIADOR DE FRENOS CHEMISOL &ndash; Chemitool\" \/>\n<meta property=\"og:description\" content=\"Limpiador de Frenos CHEMISOL es un producto de alta calidad con excelentes propiedades de frenado y disoluci\u00f3n de metales. Elimina aceite, grasa, l\u00edquido de frenos y suciedad de frenos sin dejar residuos.\" \/>\n<meta property=\"og:url\" content=\"https:\/\/chemitool.com\/es\/products\/chemicals\/sprays-es\/auto-es\/limpiador-de-frenos-chemisol-2\/\" \/>\n<meta property=\"og:site_name\" content=\"Chemitool\" \/>\n<meta property=\"article:publisher\" content=\"https:\/\/www.facebook.com\/chemitool\" \/>\n<meta property=\"article:modified_time\" content=\"2022-11-18T16:36:56+00:00\" \/>\n<meta property=\"og:image\" content=\"https:\/\/chemitool.com\/wp-content\/uploads\/2021\/09\/CHEMISOL.png\" \/>\n\t<meta property=\"og:image:width\" content=\"800\" \/>\n\t<meta property=\"og:image:height\" content=\"800\" \/>\n<meta name=\"twitter:card\" content=\"summary_large_image\" \/>\n<script type=\"application\/ld+json\" class=\"yoast-schema-graph\">{\"@context\":\"https:\/\/schema.org\",\"@graph\":[{\"@type\":\"Organization\",\"@id\":\"https:\/\/chemitool.com\/#organization\",\"name\":\"Chemitool\",\"url\":\"https:\/\/chemitool.com\/\",\"sameAs\":[\"https:\/\/www.facebook.com\/chemitool\",\"https:\/\/www.instagram.com\/chemitool\/\"],\"logo\":{\"@type\":\"ImageObject\",\"@id\":\"https:\/\/chemitool.com\/#logo\",\"inLanguage\":\"es\",\"url\":\"https:\/\/chemitool.com\/wp-content\/uploads\/2020\/10\/logo_chemitool.png\",\"contentUrl\":\"https:\/\/chemitool.com\/wp-content\/uploads\/2020\/10\/logo_chemitool.png\",\"width\":400,\"height\":400,\"caption\":\"Chemitool\"},\"image\":{\"@id\":\"https:\/\/chemitool.com\/#logo\"}},{\"@type\":\"WebSite\",\"@id\":\"https:\/\/chemitool.com\/#website\",\"url\":\"https:\/\/chemitool.com\/\",\"name\":\"Chemitool\",\"description\":\"Chemitool - hardware and tools\",\"publisher\":{\"@id\":\"https:\/\/chemitool.com\/#organization\"},\"potentialAction\":[{\"@type\":\"SearchAction\",\"target\":{\"@type\":\"EntryPoint\",\"urlTemplate\":\"https:\/\/chemitool.com\/?s={search_term_string}\"},\"query-input\":\"required name=search_term_string\"}],\"inLanguage\":\"es\"},{\"@type\":\"ImageObject\",\"@id\":\"https:\/\/chemitool.com\/es\/products\/chemicals\/sprays-es\/auto-es\/limpiador-de-frenos-chemisol-2\/#primaryimage\",\"inLanguage\":\"es\",\"url\":\"https:\/\/chemitool.com\/wp-content\/uploads\/2021\/09\/CHEMISOL.png\",\"contentUrl\":\"https:\/\/chemitool.com\/wp-content\/uploads\/2021\/09\/CHEMISOL.png\",\"width\":800,\"height\":800},{\"@type\":\"WebPage\",\"@id\":\"https:\/\/chemitool.com\/es\/products\/chemicals\/sprays-es\/auto-es\/limpiador-de-frenos-chemisol-2\/#webpage\",\"url\":\"https:\/\/chemitool.com\/es\/products\/chemicals\/sprays-es\/auto-es\/limpiador-de-frenos-chemisol-2\/\",\"name\":\"LIMPIADOR DE FRENOS CHEMISOL &ndash; Chemitool\",\"isPartOf\":{\"@id\":\"https:\/\/chemitool.com\/#website\"},\"primaryImageOfPage\":{\"@id\":\"https:\/\/chemitool.com\/es\/products\/chemicals\/sprays-es\/auto-es\/limpiador-de-frenos-chemisol-2\/#primaryimage\"},\"datePublished\":\"2021-09-13T14:36:14+00:00\",\"dateModified\":\"2022-11-18T16:36:56+00:00\",\"description\":\"Limpiador de Frenos CHEMISOL es un producto de alta calidad con excelentes propiedades de frenado y disoluci\\u00f3n de metales. Elimina aceite, grasa, l\\u00edquido de frenos y suciedad de frenos sin dejar residuos.\",\"breadcrumb\":{\"@id\":\"https:\/\/chemitool.com\/es\/products\/chemicals\/sprays-es\/auto-es\/limpiador-de-frenos-chemisol-2\/#breadcrumb\"},\"inLanguage\":\"es\",\"potentialAction\":[{\"@type\":\"ReadAction\",\"target\":[\"https:\/\/chemitool.com\/es\/products\/chemicals\/sprays-es\/auto-es\/limpiador-de-frenos-chemisol-2\/\"]}]},{\"@type\":\"BreadcrumbList\",\"@id\":\"https:\/\/chemitool.com\/es\/products\/chemicals\/sprays-es\/auto-es\/limpiador-de-frenos-chemisol-2\/#breadcrumb\",\"itemListElement\":[{\"@type\":\"ListItem\",\"position\":1,\"name\":\"Home\",\"item\":\"https:\/\/chemitool.com\/es\/\"},{\"@type\":\"ListItem\",\"position\":2,\"name\":\"Productos\",\"item\":\"https:\/\/chemitool.com\/es\/productos\/\"},{\"@type\":\"ListItem\",\"position\":3,\"name\":\"CHEMICALS\",\"item\":\"https:\/\/chemitool.com\/es\/categoria-producto\/chemicals\/\"},{\"@type\":\"ListItem\",\"position\":4,\"name\":\"LIMPIADOR DE FRENOS CHEMISOL\"}]}]}<\/script>\n<!-- \/ Yoast SEO plugin. -->","yoast_head_json":{"title":"LIMPIADOR DE FRENOS CHEMISOL &ndash; Chemitool","description":"Limpiador de Frenos CHEMISOL es un producto de alta calidad con excelentes propiedades de frenado y disoluci\u00f3n de metales. Elimina aceite, grasa, l\u00edquido de frenos y suciedad de frenos sin dejar residuos.","robots":{"index":"index","follow":"follow","max-snippet":"max-snippet:-1","max-image-preview":"max-image-preview:large","max-video-preview":"max-video-preview:-1"},"canonical":"https:\/\/chemitool.com\/es\/products\/chemicals\/sprays-es\/auto-es\/limpiador-de-frenos-chemisol-2\/","og_locale":"es_ES","og_type":"article","og_title":"LIMPIADOR DE FRENOS CHEMISOL &ndash; Chemitool","og_description":"Limpiador de Frenos CHEMISOL es un producto de alta calidad con excelentes propiedades de frenado y disoluci\u00f3n de metales. Elimina aceite, grasa, l\u00edquido de frenos y suciedad de frenos sin dejar residuos.","og_url":"https:\/\/chemitool.com\/es\/products\/chemicals\/sprays-es\/auto-es\/limpiador-de-frenos-chemisol-2\/","og_site_name":"Chemitool","article_publisher":"https:\/\/www.facebook.com\/chemitool","article_modified_time":"2022-11-18T16:36:56+00:00","og_image":[{"width":800,"height":800,"url":"https:\/\/chemitool.com\/wp-content\/uploads\/2021\/09\/CHEMISOL.png","type":"image\/png"}],"twitter_card":"summary_large_image","schema":{"@context":"https:\/\/schema.org","@graph":[{"@type":"Organization","@id":"https:\/\/chemitool.com\/#organization","name":"Chemitool","url":"https:\/\/chemitool.com\/","sameAs":["https:\/\/www.facebook.com\/chemitool","https:\/\/www.instagram.com\/chemitool\/"],"logo":{"@type":"ImageObject","@id":"https:\/\/chemitool.com\/#logo","inLanguage":"es","url":"https:\/\/chemitool.com\/wp-content\/uploads\/2020\/10\/logo_chemitool.png","contentUrl":"https:\/\/chemitool.com\/wp-content\/uploads\/2020\/10\/logo_chemitool.png","width":400,"height":400,"caption":"Chemitool"},"image":{"@id":"https:\/\/chemitool.com\/#logo"}},{"@type":"WebSite","@id":"https:\/\/chemitool.com\/#website","url":"https:\/\/chemitool.com\/","name":"Chemitool","description":"Chemitool - hardware and tools","publisher":{"@id":"https:\/\/chemitool.com\/#organization"},"potentialAction":[{"@type":"SearchAction","target":{"@type":"EntryPoint","urlTemplate":"https:\/\/chemitool.com\/?s={search_term_string}"},"query-input":"required name=search_term_string"}],"inLanguage":"es"},{"@type":"ImageObject","@id":"https:\/\/chemitool.com\/es\/products\/chemicals\/sprays-es\/auto-es\/limpiador-de-frenos-chemisol-2\/#primaryimage","inLanguage":"es","url":"https:\/\/chemitool.com\/wp-content\/uploads\/2021\/09\/CHEMISOL.png","contentUrl":"https:\/\/chemitool.com\/wp-content\/uploads\/2021\/09\/CHEMISOL.png","width":800,"height":800},{"@type":"WebPage","@id":"https:\/\/chemitool.com\/es\/products\/chemicals\/sprays-es\/auto-es\/limpiador-de-frenos-chemisol-2\/#webpage","url":"https:\/\/chemitool.com\/es\/products\/chemicals\/sprays-es\/auto-es\/limpiador-de-frenos-chemisol-2\/","name":"LIMPIADOR DE FRENOS CHEMISOL &ndash; Chemitool","isPartOf":{"@id":"https:\/\/chemitool.com\/#website"},"primaryImageOfPage":{"@id":"https:\/\/chemitool.com\/es\/products\/chemicals\/sprays-es\/auto-es\/limpiador-de-frenos-chemisol-2\/#primaryimage"},"datePublished":"2021-09-13T14:36:14+00:00","dateModified":"2022-11-18T16:36:56+00:00","description":"Limpiador de Frenos CHEMISOL es un producto de alta calidad con excelentes propiedades de frenado y disoluci\u00f3n de metales. Elimina aceite, grasa, l\u00edquido de frenos y suciedad de frenos sin dejar residuos.","breadcrumb":{"@id":"https:\/\/chemitool.com\/es\/products\/chemicals\/sprays-es\/auto-es\/limpiador-de-frenos-chemisol-2\/#breadcrumb"},"inLanguage":"es","potentialAction":[{"@type":"ReadAction","target":["https:\/\/chemitool.com\/es\/products\/chemicals\/sprays-es\/auto-es\/limpiador-de-frenos-chemisol-2\/"]}]},{"@type":"BreadcrumbList","@id":"https:\/\/chemitool.com\/es\/products\/chemicals\/sprays-es\/auto-es\/limpiador-de-frenos-chemisol-2\/#breadcrumb","itemListElement":[{"@type":"ListItem","position":1,"name":"Home","item":"https:\/\/chemitool.com\/es\/"},{"@type":"ListItem","position":2,"name":"Productos","item":"https:\/\/chemitool.com\/es\/productos\/"},{"@type":"ListItem","position":3,"name":"CHEMICALS","item":"https:\/\/chemitool.com\/es\/categoria-producto\/chemicals\/"},{"@type":"ListItem","position":4,"name":"LIMPIADOR DE FRENOS CHEMISOL"}]}]}},"_links":{"self":[{"href":"https:\/\/chemitool.com\/es\/wp-json\/wp\/v2\/product\/15003"}],"collection":[{"href":"https:\/\/chemitool.com\/es\/wp-json\/wp\/v2\/product"}],"about":[{"href":"https:\/\/chemitool.com\/es\/wp-json\/wp\/v2\/types\/product"}],"wp:featuredmedia":[{"embeddable":true,"href":"https:\/\/chemitool.com\/es\/wp-json\/wp\/v2\/media\/15009"}],"wp:attachment":[{"href":"https:\/\/chemitool.com\/es\/wp-json\/wp\/v2\/media?parent=15003"}],"wp:term":[{"taxonomy":"product_cat","embeddable":true,"href":"https:\/\/chemitool.com\/es\/wp-json\/wp\/v2\/product_cat?post=15003"},{"taxonomy":"product_tag","embeddable":true,"href":"https:\/\/chemitool.com\/es\/wp-json\/wp\/v2\/product_tag?post=15003"}],"curies":[{"name":"wp","href":"https:\/\/api.w.org\/{rel}","templated":true}]}}