{"id":14358,"date":"2021-08-27T15:13:45","date_gmt":"2021-08-27T15:13:46","guid":{"rendered":"https:\/\/chemitool.com\/?post_type=product&#038;p=14358"},"modified":"2025-09-19T10:42:56","modified_gmt":"2025-09-19T10:42:56","slug":"guante-de-piel-serraje-manguito-15cm","status":"publish","type":"product","link":"https:\/\/chemitool.com\/es\/products\/safety\/guantes-de-seguridad\/guantes-de-soldador\/guante-de-piel-serraje-manguito-15cm\/","title":{"rendered":"GUANTE DE PIEL SERRAJE MANGUITO 15CM"},"content":{"rendered":"<ul>\n<li>Piel serraje de vacuno<\/li>\n<li>Manguito de 15 cm de serraje<\/li>\n<li>Protecci\u00f3n arterial<\/li>\n<li>Costuras dobles<\/li>\n<li>Excelentes propiedades f\u00edsicas y buena destreza<\/li>\n<li>Excelente resistencia a la abrasi\u00f3n<\/li>\n<\/ul>\n<p><img class=\"alignnone size-full wp-image-14896\" src=\"https:\/\/chemitool.com\/wp-content\/uploads\/2021\/09\/CE_CAT2.png\" alt=\"\" width=\"104\" height=\"119\" \/><br \/>\n<img class=\"alignnone size-full wp-image-43363\" src=\"https:\/\/chemitool.com\/wp-content\/uploads\/2025\/09\/EN388_4.1.4.4.X-1.png\" alt=\"\" width=\"106\" height=\"120\" \/><img class=\"alignnone size-full wp-image-43333\" src=\"https:\/\/chemitool.com\/wp-content\/uploads\/2025\/09\/EN407_4.1.3.X.4.X.png\" alt=\"\" width=\"106\" height=\"120\" \/><img class=\"alignnone  wp-image-43351\" src=\"https:\/\/chemitool.com\/wp-content\/uploads\/2025\/09\/TYPE_AB-2.png\" alt=\"\" width=\"119\" height=\"112\" \/><\/p>\n","protected":false},"excerpt":{"rendered":"<p><b class=\"sap-label\">SAP:<\/b> <span class=\"codesap-label\">CHS02070410<\/span><\/p>\n<p><em>Guante de Piel Serraje con Manguito de 15cm CHEMITOOL<\/em> tiene un manguito de 15 cm y doble costura reforzada. Ideal para soldadura TIG. Recomendado para soldadura poco agresiva y industria metal\u00fargica. Obras forestales para la conservaci\u00f3n del medio ambiente. Reforestaci\u00f3n de siega. Trabajos de poda.<\/p>\n","protected":false},"featured_media":14333,"template":"","meta":[],"product_cat":[1454,3102,3139],"product_tag":[],"yoast_head":"<!-- This site is optimized with the Yoast SEO plugin v17.4 - https:\/\/yoast.com\/wordpress\/plugins\/seo\/ -->\n<title>GUANTE DE PIEL SERRAJE MANGUITO 15CM &ndash; Chemitool<\/title>\n<meta name=\"description\" content=\"SAP: CHS02070410  Guante de Piel Serraje con Manguito de 15cm CHEMITOOL tiene un manguito de 15 cm y doble costura reforzada. Ideal para soldadura TIG. Recomendado para soldadura poco agresiva y industria metal\u00fargica. Obras forestales para la conservaci\u00f3n del medio ambiente. Reforestaci\u00f3n de siega. Trabajos de poda.\" \/>\n<meta name=\"robots\" content=\"index, follow, max-snippet:-1, max-image-preview:large, max-video-preview:-1\" \/>\n<link rel=\"canonical\" href=\"https:\/\/chemitool.com\/es\/products\/safety\/safety-gloves\/welding-gloves\/welding-glove-split-leather-cuff-15cm\/\" \/>\n<meta property=\"og:locale\" content=\"es_ES\" \/>\n<meta property=\"og:type\" content=\"article\" \/>\n<meta property=\"og:title\" content=\"GUANTE DE PIEL SERRAJE MANGUITO 15CM &ndash; Chemitool\" \/>\n<meta property=\"og:description\" content=\"SAP: CHS02070410  Guante de Piel Serraje con Manguito de 15cm CHEMITOOL tiene un manguito de 15 cm y doble costura reforzada. Ideal para soldadura TIG. Recomendado para soldadura poco agresiva y industria metal\u00fargica. Obras forestales para la conservaci\u00f3n del medio ambiente. Reforestaci\u00f3n de siega. Trabajos de poda.\" \/>\n<meta property=\"og:url\" content=\"https:\/\/chemitool.com\/products\/safety\/safety-gloves\/welding-gloves\/welding-glove-split-leather-cuff-15cm\/\" \/>\n<meta property=\"og:site_name\" content=\"Chemitool\" \/>\n<meta property=\"article:publisher\" content=\"https:\/\/www.facebook.com\/chemitool\" \/>\n<meta property=\"article:modified_time\" content=\"2025-09-19T10:42:56+00:00\" \/>\n<meta property=\"og:image\" content=\"https:\/\/chemitool.com\/wp-content\/uploads\/2021\/08\/chemitool-safety_chs02070410.png\" \/>\n\t<meta property=\"og:image:width\" content=\"800\" \/>\n\t<meta property=\"og:image:height\" content=\"800\" \/>\n<meta name=\"twitter:card\" content=\"summary_large_image\" \/>\n<meta name=\"twitter:label1\" content=\"Tiempo de lectura\" \/>\n\t<meta name=\"twitter:data1\" content=\"2 minutos\" \/>\n<script type=\"application\/ld+json\" class=\"yoast-schema-graph\">{\"@context\":\"https:\/\/schema.org\",\"@graph\":[{\"@type\":\"Organization\",\"@id\":\"https:\/\/chemitool.com\/#organization\",\"name\":\"Chemitool\",\"url\":\"https:\/\/chemitool.com\/\",\"sameAs\":[\"https:\/\/www.facebook.com\/chemitool\",\"https:\/\/www.instagram.com\/chemitool\/\"],\"logo\":{\"@type\":\"ImageObject\",\"@id\":\"https:\/\/chemitool.com\/#logo\",\"inLanguage\":\"es\",\"url\":\"https:\/\/chemitool.com\/wp-content\/uploads\/2020\/10\/logo_chemitool.png\",\"contentUrl\":\"https:\/\/chemitool.com\/wp-content\/uploads\/2020\/10\/logo_chemitool.png\",\"width\":400,\"height\":400,\"caption\":\"Chemitool\"},\"image\":{\"@id\":\"https:\/\/chemitool.com\/#logo\"}},{\"@type\":\"WebSite\",\"@id\":\"https:\/\/chemitool.com\/#website\",\"url\":\"https:\/\/chemitool.com\/\",\"name\":\"Chemitool\",\"description\":\"Chemitool - hardware and tools\",\"publisher\":{\"@id\":\"https:\/\/chemitool.com\/#organization\"},\"potentialAction\":[{\"@type\":\"SearchAction\",\"target\":{\"@type\":\"EntryPoint\",\"urlTemplate\":\"https:\/\/chemitool.com\/?s={search_term_string}\"},\"query-input\":\"required name=search_term_string\"}],\"inLanguage\":\"es\"},{\"@type\":\"ImageObject\",\"@id\":\"https:\/\/chemitool.com\/products\/safety\/safety-gloves\/welding-gloves\/welding-glove-split-leather-cuff-15cm\/#primaryimage\",\"inLanguage\":\"es\",\"url\":\"https:\/\/chemitool.com\/wp-content\/uploads\/2021\/08\/chemitool-safety_chs02070410.png\",\"contentUrl\":\"https:\/\/chemitool.com\/wp-content\/uploads\/2021\/08\/chemitool-safety_chs02070410.png\",\"width\":800,\"height\":800},{\"@type\":\"WebPage\",\"@id\":\"https:\/\/chemitool.com\/products\/safety\/safety-gloves\/welding-gloves\/welding-glove-split-leather-cuff-15cm\/#webpage\",\"url\":\"https:\/\/chemitool.com\/products\/safety\/safety-gloves\/welding-gloves\/welding-glove-split-leather-cuff-15cm\/\",\"name\":\"GUANTE DE PIEL SERRAJE MANGUITO 15CM &ndash; Chemitool\",\"isPartOf\":{\"@id\":\"https:\/\/chemitool.com\/#website\"},\"primaryImageOfPage\":{\"@id\":\"https:\/\/chemitool.com\/products\/safety\/safety-gloves\/welding-gloves\/welding-glove-split-leather-cuff-15cm\/#primaryimage\"},\"datePublished\":\"2021-08-27T15:13:46+00:00\",\"dateModified\":\"2025-09-19T10:42:56+00:00\",\"description\":\"SAP: CHS02070410 Guante de Piel Serraje con Manguito de 15cm CHEMITOOL tiene un manguito de 15 cm y doble costura reforzada. Ideal para soldadura TIG. Recomendado para soldadura poco agresiva y industria metal\\u00fargica. Obras forestales para la conservaci\\u00f3n del medio ambiente. Reforestaci\\u00f3n de siega. Trabajos de poda.\",\"breadcrumb\":{\"@id\":\"https:\/\/chemitool.com\/products\/safety\/safety-gloves\/welding-gloves\/welding-glove-split-leather-cuff-15cm\/#breadcrumb\"},\"inLanguage\":\"es\",\"potentialAction\":[{\"@type\":\"ReadAction\",\"target\":[\"https:\/\/chemitool.com\/products\/safety\/safety-gloves\/welding-gloves\/welding-glove-split-leather-cuff-15cm\/\"]}]},{\"@type\":\"BreadcrumbList\",\"@id\":\"https:\/\/chemitool.com\/products\/safety\/safety-gloves\/welding-gloves\/welding-glove-split-leather-cuff-15cm\/#breadcrumb\",\"itemListElement\":[{\"@type\":\"ListItem\",\"position\":1,\"name\":\"Home\",\"item\":\"https:\/\/chemitool.com\/es\/\"},{\"@type\":\"ListItem\",\"position\":2,\"name\":\"Productos\",\"item\":\"https:\/\/chemitool.com\/es\/productos\/\"},{\"@type\":\"ListItem\",\"position\":3,\"name\":\"Safety\",\"item\":\"https:\/\/chemitool.com\/product-category\/safety\/\"},{\"@type\":\"ListItem\",\"position\":4,\"name\":\"GUANTE DE PIEL SERRAJE MANGUITO 15CM\"}]}]}<\/script>\n<!-- \/ Yoast SEO plugin. -->","yoast_head_json":{"title":"GUANTE DE PIEL SERRAJE MANGUITO 15CM &ndash; Chemitool","description":"SAP: CHS02070410  Guante de Piel Serraje con Manguito de 15cm CHEMITOOL tiene un manguito de 15 cm y doble costura reforzada. Ideal para soldadura TIG. Recomendado para soldadura poco agresiva y industria metal\u00fargica. Obras forestales para la conservaci\u00f3n del medio ambiente. Reforestaci\u00f3n de siega. Trabajos de poda.","robots":{"index":"index","follow":"follow","max-snippet":"max-snippet:-1","max-image-preview":"max-image-preview:large","max-video-preview":"max-video-preview:-1"},"canonical":"https:\/\/chemitool.com\/es\/products\/safety\/safety-gloves\/welding-gloves\/welding-glove-split-leather-cuff-15cm\/","og_locale":"es_ES","og_type":"article","og_title":"GUANTE DE PIEL SERRAJE MANGUITO 15CM &ndash; Chemitool","og_description":"SAP: CHS02070410  Guante de Piel Serraje con Manguito de 15cm CHEMITOOL tiene un manguito de 15 cm y doble costura reforzada. Ideal para soldadura TIG. Recomendado para soldadura poco agresiva y industria metal\u00fargica. Obras forestales para la conservaci\u00f3n del medio ambiente. Reforestaci\u00f3n de siega. Trabajos de poda.","og_url":"https:\/\/chemitool.com\/products\/safety\/safety-gloves\/welding-gloves\/welding-glove-split-leather-cuff-15cm\/","og_site_name":"Chemitool","article_publisher":"https:\/\/www.facebook.com\/chemitool","article_modified_time":"2025-09-19T10:42:56+00:00","og_image":[{"width":800,"height":800,"url":"https:\/\/chemitool.com\/wp-content\/uploads\/2021\/08\/chemitool-safety_chs02070410.png","type":"image\/png"}],"twitter_card":"summary_large_image","twitter_misc":{"Tiempo de lectura":"2 minutos"},"schema":{"@context":"https:\/\/schema.org","@graph":[{"@type":"Organization","@id":"https:\/\/chemitool.com\/#organization","name":"Chemitool","url":"https:\/\/chemitool.com\/","sameAs":["https:\/\/www.facebook.com\/chemitool","https:\/\/www.instagram.com\/chemitool\/"],"logo":{"@type":"ImageObject","@id":"https:\/\/chemitool.com\/#logo","inLanguage":"es","url":"https:\/\/chemitool.com\/wp-content\/uploads\/2020\/10\/logo_chemitool.png","contentUrl":"https:\/\/chemitool.com\/wp-content\/uploads\/2020\/10\/logo_chemitool.png","width":400,"height":400,"caption":"Chemitool"},"image":{"@id":"https:\/\/chemitool.com\/#logo"}},{"@type":"WebSite","@id":"https:\/\/chemitool.com\/#website","url":"https:\/\/chemitool.com\/","name":"Chemitool","description":"Chemitool - hardware and tools","publisher":{"@id":"https:\/\/chemitool.com\/#organization"},"potentialAction":[{"@type":"SearchAction","target":{"@type":"EntryPoint","urlTemplate":"https:\/\/chemitool.com\/?s={search_term_string}"},"query-input":"required name=search_term_string"}],"inLanguage":"es"},{"@type":"ImageObject","@id":"https:\/\/chemitool.com\/products\/safety\/safety-gloves\/welding-gloves\/welding-glove-split-leather-cuff-15cm\/#primaryimage","inLanguage":"es","url":"https:\/\/chemitool.com\/wp-content\/uploads\/2021\/08\/chemitool-safety_chs02070410.png","contentUrl":"https:\/\/chemitool.com\/wp-content\/uploads\/2021\/08\/chemitool-safety_chs02070410.png","width":800,"height":800},{"@type":"WebPage","@id":"https:\/\/chemitool.com\/products\/safety\/safety-gloves\/welding-gloves\/welding-glove-split-leather-cuff-15cm\/#webpage","url":"https:\/\/chemitool.com\/products\/safety\/safety-gloves\/welding-gloves\/welding-glove-split-leather-cuff-15cm\/","name":"GUANTE DE PIEL SERRAJE MANGUITO 15CM &ndash; Chemitool","isPartOf":{"@id":"https:\/\/chemitool.com\/#website"},"primaryImageOfPage":{"@id":"https:\/\/chemitool.com\/products\/safety\/safety-gloves\/welding-gloves\/welding-glove-split-leather-cuff-15cm\/#primaryimage"},"datePublished":"2021-08-27T15:13:46+00:00","dateModified":"2025-09-19T10:42:56+00:00","description":"SAP: CHS02070410 Guante de Piel Serraje con Manguito de 15cm CHEMITOOL tiene un manguito de 15 cm y doble costura reforzada. Ideal para soldadura TIG. Recomendado para soldadura poco agresiva y industria metal\u00fargica. Obras forestales para la conservaci\u00f3n del medio ambiente. Reforestaci\u00f3n de siega. Trabajos de poda.","breadcrumb":{"@id":"https:\/\/chemitool.com\/products\/safety\/safety-gloves\/welding-gloves\/welding-glove-split-leather-cuff-15cm\/#breadcrumb"},"inLanguage":"es","potentialAction":[{"@type":"ReadAction","target":["https:\/\/chemitool.com\/products\/safety\/safety-gloves\/welding-gloves\/welding-glove-split-leather-cuff-15cm\/"]}]},{"@type":"BreadcrumbList","@id":"https:\/\/chemitool.com\/products\/safety\/safety-gloves\/welding-gloves\/welding-glove-split-leather-cuff-15cm\/#breadcrumb","itemListElement":[{"@type":"ListItem","position":1,"name":"Home","item":"https:\/\/chemitool.com\/es\/"},{"@type":"ListItem","position":2,"name":"Productos","item":"https:\/\/chemitool.com\/es\/productos\/"},{"@type":"ListItem","position":3,"name":"Safety","item":"https:\/\/chemitool.com\/product-category\/safety\/"},{"@type":"ListItem","position":4,"name":"GUANTE DE PIEL SERRAJE MANGUITO 15CM"}]}]}},"_links":{"self":[{"href":"https:\/\/chemitool.com\/es\/wp-json\/wp\/v2\/product\/14358"}],"collection":[{"href":"https:\/\/chemitool.com\/es\/wp-json\/wp\/v2\/product"}],"about":[{"href":"https:\/\/chemitool.com\/es\/wp-json\/wp\/v2\/types\/product"}],"wp:featuredmedia":[{"embeddable":true,"href":"https:\/\/chemitool.com\/es\/wp-json\/wp\/v2\/media\/14333"}],"wp:attachment":[{"href":"https:\/\/chemitool.com\/es\/wp-json\/wp\/v2\/media?parent=14358"}],"wp:term":[{"taxonomy":"product_cat","embeddable":true,"href":"https:\/\/chemitool.com\/es\/wp-json\/wp\/v2\/product_cat?post=14358"},{"taxonomy":"product_tag","embeddable":true,"href":"https:\/\/chemitool.com\/es\/wp-json\/wp\/v2\/product_tag?post=14358"}],"curies":[{"name":"wp","href":"https:\/\/api.w.org\/{rel}","templated":true}]}}