{"id":14298,"date":"2021-08-27T12:09:10","date_gmt":"2021-08-27T12:09:11","guid":{"rendered":"https:\/\/chemitool.com\/?post_type=product&#038;p=14298"},"modified":"2025-07-16T15:29:03","modified_gmt":"2025-07-16T15:29:03","slug":"guante-tipo-jefe-ajustable-con-velcro","status":"publish","type":"product","link":"https:\/\/chemitool.com\/es\/products\/safety\/guantes-de-seguridad\/guantes-de-cuero-guantes-de-seguridad\/guante-tipo-jefe-ajustable-con-velcro\/","title":{"rendered":"GUANTE TIPO JEFE AJUSTABLE CON VELCRO"},"content":{"rendered":"<ul>\n<li>Piel flor de vacuno<\/li>\n<li>Dorso 100% algod\u00f3n transpirable<\/li>\n<li>Palma, dedo \u00edndice, pulgar y yemas de los dedos en piel<\/li>\n<li>Excelentes propiedades mec\u00e1nicas<\/li>\n<li>Proporciona un toque excelente<\/li>\n<li>Pu\u00f1o el\u00e1stico ajustable con velcro<\/li>\n<\/ul>\n<p><img class=\"alignnone size-full wp-image-14896\" src=\"https:\/\/chemitool.com\/wp-content\/uploads\/2021\/09\/CE_CAT2.png\" alt=\"\" width=\"104\" height=\"119\" \/><img class=\"alignnone size-full wp-image-42719\" src=\"https:\/\/chemitool.com\/wp-content\/uploads\/2025\/07\/EN388_4.1.4.3.X.png\" alt=\"\" width=\"105\" height=\"119\" \/><\/p>\n","protected":false},"excerpt":{"rendered":"<p><em>Guante tipo Jefe ajustable con velcro CHEMITOOL<\/em> en piel flor de vacuno en la palma de la mano y algod\u00f3n transpirable en el dorso, reforzado en el pulgar y con pu\u00f1o el\u00e1stico ajustable con velcro. Recomendado para construcci\u00f3n civil, industria metal\u00fargica, transporte y manipulaci\u00f3n de materiales, montaje de piezas.<\/p>\n","protected":false},"featured_media":14296,"template":"","meta":[],"product_cat":[1454,3102,3141],"product_tag":[],"yoast_head":"<!-- This site is optimized with the Yoast SEO plugin v17.4 - https:\/\/yoast.com\/wordpress\/plugins\/seo\/ -->\n<title>GUANTE TIPO JEFE AJUSTABLE CON VELCRO &ndash; Chemitool<\/title>\n<meta name=\"description\" content=\"Guante tipo Jefe ajustable con velcro CHEMITOOL en piel flor de vacuno en la palma de la mano y algod\u00f3n transpirable en el dorso, reforzado en el pulgar y con pu\u00f1o el\u00e1stico ajustable con velcro. Recomendado para construcci\u00f3n civil, industria metal\u00fargica, transporte y manipulaci\u00f3n de materiales, montaje de piezas.\" \/>\n<meta name=\"robots\" content=\"index, follow, max-snippet:-1, max-image-preview:large, max-video-preview:-1\" \/>\n<link rel=\"canonical\" href=\"https:\/\/chemitool.com\/es\/products\/safety\/guantes-de-seguridad\/guantes-de-cuero-guantes-de-seguridad\/guante-tipo-jefe-ajustable-con-velcro\/\" \/>\n<meta property=\"og:locale\" content=\"es_ES\" \/>\n<meta property=\"og:type\" content=\"article\" \/>\n<meta property=\"og:title\" content=\"GUANTE TIPO JEFE AJUSTABLE CON VELCRO &ndash; Chemitool\" \/>\n<meta property=\"og:description\" content=\"Guante tipo Jefe ajustable con velcro CHEMITOOL en piel flor de vacuno en la palma de la mano y algod\u00f3n transpirable en el dorso, reforzado en el pulgar y con pu\u00f1o el\u00e1stico ajustable con velcro. Recomendado para construcci\u00f3n civil, industria metal\u00fargica, transporte y manipulaci\u00f3n de materiales, montaje de piezas.\" \/>\n<meta property=\"og:url\" content=\"https:\/\/chemitool.com\/es\/products\/safety\/guantes-de-seguridad\/guantes-de-cuero-guantes-de-seguridad\/guante-tipo-jefe-ajustable-con-velcro\/\" \/>\n<meta property=\"og:site_name\" content=\"Chemitool\" \/>\n<meta property=\"article:publisher\" content=\"https:\/\/www.facebook.com\/chemitool\" \/>\n<meta property=\"article:modified_time\" content=\"2025-07-16T15:29:03+00:00\" \/>\n<meta property=\"og:image\" content=\"https:\/\/chemitool.com\/wp-content\/uploads\/2021\/08\/chemitool-safety_chs02060507-11_chs05010507-11.png\" \/>\n\t<meta property=\"og:image:width\" content=\"640\" \/>\n\t<meta property=\"og:image:height\" content=\"640\" \/>\n<meta name=\"twitter:card\" content=\"summary_large_image\" \/>\n<script type=\"application\/ld+json\" class=\"yoast-schema-graph\">{\"@context\":\"https:\/\/schema.org\",\"@graph\":[{\"@type\":\"Organization\",\"@id\":\"https:\/\/chemitool.com\/#organization\",\"name\":\"Chemitool\",\"url\":\"https:\/\/chemitool.com\/\",\"sameAs\":[\"https:\/\/www.facebook.com\/chemitool\",\"https:\/\/www.instagram.com\/chemitool\/\"],\"logo\":{\"@type\":\"ImageObject\",\"@id\":\"https:\/\/chemitool.com\/#logo\",\"inLanguage\":\"es\",\"url\":\"https:\/\/chemitool.com\/wp-content\/uploads\/2020\/10\/logo_chemitool.png\",\"contentUrl\":\"https:\/\/chemitool.com\/wp-content\/uploads\/2020\/10\/logo_chemitool.png\",\"width\":400,\"height\":400,\"caption\":\"Chemitool\"},\"image\":{\"@id\":\"https:\/\/chemitool.com\/#logo\"}},{\"@type\":\"WebSite\",\"@id\":\"https:\/\/chemitool.com\/#website\",\"url\":\"https:\/\/chemitool.com\/\",\"name\":\"Chemitool\",\"description\":\"Chemitool - hardware and tools\",\"publisher\":{\"@id\":\"https:\/\/chemitool.com\/#organization\"},\"potentialAction\":[{\"@type\":\"SearchAction\",\"target\":{\"@type\":\"EntryPoint\",\"urlTemplate\":\"https:\/\/chemitool.com\/?s={search_term_string}\"},\"query-input\":\"required name=search_term_string\"}],\"inLanguage\":\"es\"},{\"@type\":\"ImageObject\",\"@id\":\"https:\/\/chemitool.com\/es\/products\/safety\/guantes-de-seguridad\/guantes-de-cuero-guantes-de-seguridad\/guante-tipo-jefe-ajustable-con-velcro\/#primaryimage\",\"inLanguage\":\"es\",\"url\":\"https:\/\/chemitool.com\/wp-content\/uploads\/2021\/08\/chemitool-safety_chs02060507-11_chs05010507-11.png\",\"contentUrl\":\"https:\/\/chemitool.com\/wp-content\/uploads\/2021\/08\/chemitool-safety_chs02060507-11_chs05010507-11.png\",\"width\":640,\"height\":640},{\"@type\":\"WebPage\",\"@id\":\"https:\/\/chemitool.com\/es\/products\/safety\/guantes-de-seguridad\/guantes-de-cuero-guantes-de-seguridad\/guante-tipo-jefe-ajustable-con-velcro\/#webpage\",\"url\":\"https:\/\/chemitool.com\/es\/products\/safety\/guantes-de-seguridad\/guantes-de-cuero-guantes-de-seguridad\/guante-tipo-jefe-ajustable-con-velcro\/\",\"name\":\"GUANTE TIPO JEFE AJUSTABLE CON VELCRO &ndash; Chemitool\",\"isPartOf\":{\"@id\":\"https:\/\/chemitool.com\/#website\"},\"primaryImageOfPage\":{\"@id\":\"https:\/\/chemitool.com\/es\/products\/safety\/guantes-de-seguridad\/guantes-de-cuero-guantes-de-seguridad\/guante-tipo-jefe-ajustable-con-velcro\/#primaryimage\"},\"datePublished\":\"2021-08-27T12:09:11+00:00\",\"dateModified\":\"2025-07-16T15:29:03+00:00\",\"description\":\"Guante tipo Jefe ajustable con velcro CHEMITOOL en piel flor de vacuno en la palma de la mano y algod\\u00f3n transpirable en el dorso, reforzado en el pulgar y con pu\\u00f1o el\\u00e1stico ajustable con velcro. Recomendado para construcci\\u00f3n civil, industria metal\\u00fargica, transporte y manipulaci\\u00f3n de materiales, montaje de piezas.\",\"breadcrumb\":{\"@id\":\"https:\/\/chemitool.com\/es\/products\/safety\/guantes-de-seguridad\/guantes-de-cuero-guantes-de-seguridad\/guante-tipo-jefe-ajustable-con-velcro\/#breadcrumb\"},\"inLanguage\":\"es\",\"potentialAction\":[{\"@type\":\"ReadAction\",\"target\":[\"https:\/\/chemitool.com\/es\/products\/safety\/guantes-de-seguridad\/guantes-de-cuero-guantes-de-seguridad\/guante-tipo-jefe-ajustable-con-velcro\/\"]}]},{\"@type\":\"BreadcrumbList\",\"@id\":\"https:\/\/chemitool.com\/es\/products\/safety\/guantes-de-seguridad\/guantes-de-cuero-guantes-de-seguridad\/guante-tipo-jefe-ajustable-con-velcro\/#breadcrumb\",\"itemListElement\":[{\"@type\":\"ListItem\",\"position\":1,\"name\":\"Home\",\"item\":\"https:\/\/chemitool.com\/es\/\"},{\"@type\":\"ListItem\",\"position\":2,\"name\":\"Productos\",\"item\":\"https:\/\/chemitool.com\/es\/productos\/\"},{\"@type\":\"ListItem\",\"position\":3,\"name\":\"Safety\",\"item\":\"https:\/\/chemitool.com\/product-category\/safety\/\"},{\"@type\":\"ListItem\",\"position\":4,\"name\":\"GUANTE TIPO JEFE AJUSTABLE CON VELCRO\"}]}]}<\/script>\n<!-- \/ Yoast SEO plugin. -->","yoast_head_json":{"title":"GUANTE TIPO JEFE AJUSTABLE CON VELCRO &ndash; Chemitool","description":"Guante tipo Jefe ajustable con velcro CHEMITOOL en piel flor de vacuno en la palma de la mano y algod\u00f3n transpirable en el dorso, reforzado en el pulgar y con pu\u00f1o el\u00e1stico ajustable con velcro. Recomendado para construcci\u00f3n civil, industria metal\u00fargica, transporte y manipulaci\u00f3n de materiales, montaje de piezas.","robots":{"index":"index","follow":"follow","max-snippet":"max-snippet:-1","max-image-preview":"max-image-preview:large","max-video-preview":"max-video-preview:-1"},"canonical":"https:\/\/chemitool.com\/es\/products\/safety\/guantes-de-seguridad\/guantes-de-cuero-guantes-de-seguridad\/guante-tipo-jefe-ajustable-con-velcro\/","og_locale":"es_ES","og_type":"article","og_title":"GUANTE TIPO JEFE AJUSTABLE CON VELCRO &ndash; Chemitool","og_description":"Guante tipo Jefe ajustable con velcro CHEMITOOL en piel flor de vacuno en la palma de la mano y algod\u00f3n transpirable en el dorso, reforzado en el pulgar y con pu\u00f1o el\u00e1stico ajustable con velcro. Recomendado para construcci\u00f3n civil, industria metal\u00fargica, transporte y manipulaci\u00f3n de materiales, montaje de piezas.","og_url":"https:\/\/chemitool.com\/es\/products\/safety\/guantes-de-seguridad\/guantes-de-cuero-guantes-de-seguridad\/guante-tipo-jefe-ajustable-con-velcro\/","og_site_name":"Chemitool","article_publisher":"https:\/\/www.facebook.com\/chemitool","article_modified_time":"2025-07-16T15:29:03+00:00","og_image":[{"width":640,"height":640,"url":"https:\/\/chemitool.com\/wp-content\/uploads\/2021\/08\/chemitool-safety_chs02060507-11_chs05010507-11.png","type":"image\/png"}],"twitter_card":"summary_large_image","schema":{"@context":"https:\/\/schema.org","@graph":[{"@type":"Organization","@id":"https:\/\/chemitool.com\/#organization","name":"Chemitool","url":"https:\/\/chemitool.com\/","sameAs":["https:\/\/www.facebook.com\/chemitool","https:\/\/www.instagram.com\/chemitool\/"],"logo":{"@type":"ImageObject","@id":"https:\/\/chemitool.com\/#logo","inLanguage":"es","url":"https:\/\/chemitool.com\/wp-content\/uploads\/2020\/10\/logo_chemitool.png","contentUrl":"https:\/\/chemitool.com\/wp-content\/uploads\/2020\/10\/logo_chemitool.png","width":400,"height":400,"caption":"Chemitool"},"image":{"@id":"https:\/\/chemitool.com\/#logo"}},{"@type":"WebSite","@id":"https:\/\/chemitool.com\/#website","url":"https:\/\/chemitool.com\/","name":"Chemitool","description":"Chemitool - hardware and tools","publisher":{"@id":"https:\/\/chemitool.com\/#organization"},"potentialAction":[{"@type":"SearchAction","target":{"@type":"EntryPoint","urlTemplate":"https:\/\/chemitool.com\/?s={search_term_string}"},"query-input":"required name=search_term_string"}],"inLanguage":"es"},{"@type":"ImageObject","@id":"https:\/\/chemitool.com\/es\/products\/safety\/guantes-de-seguridad\/guantes-de-cuero-guantes-de-seguridad\/guante-tipo-jefe-ajustable-con-velcro\/#primaryimage","inLanguage":"es","url":"https:\/\/chemitool.com\/wp-content\/uploads\/2021\/08\/chemitool-safety_chs02060507-11_chs05010507-11.png","contentUrl":"https:\/\/chemitool.com\/wp-content\/uploads\/2021\/08\/chemitool-safety_chs02060507-11_chs05010507-11.png","width":640,"height":640},{"@type":"WebPage","@id":"https:\/\/chemitool.com\/es\/products\/safety\/guantes-de-seguridad\/guantes-de-cuero-guantes-de-seguridad\/guante-tipo-jefe-ajustable-con-velcro\/#webpage","url":"https:\/\/chemitool.com\/es\/products\/safety\/guantes-de-seguridad\/guantes-de-cuero-guantes-de-seguridad\/guante-tipo-jefe-ajustable-con-velcro\/","name":"GUANTE TIPO JEFE AJUSTABLE CON VELCRO &ndash; Chemitool","isPartOf":{"@id":"https:\/\/chemitool.com\/#website"},"primaryImageOfPage":{"@id":"https:\/\/chemitool.com\/es\/products\/safety\/guantes-de-seguridad\/guantes-de-cuero-guantes-de-seguridad\/guante-tipo-jefe-ajustable-con-velcro\/#primaryimage"},"datePublished":"2021-08-27T12:09:11+00:00","dateModified":"2025-07-16T15:29:03+00:00","description":"Guante tipo Jefe ajustable con velcro CHEMITOOL en piel flor de vacuno en la palma de la mano y algod\u00f3n transpirable en el dorso, reforzado en el pulgar y con pu\u00f1o el\u00e1stico ajustable con velcro. Recomendado para construcci\u00f3n civil, industria metal\u00fargica, transporte y manipulaci\u00f3n de materiales, montaje de piezas.","breadcrumb":{"@id":"https:\/\/chemitool.com\/es\/products\/safety\/guantes-de-seguridad\/guantes-de-cuero-guantes-de-seguridad\/guante-tipo-jefe-ajustable-con-velcro\/#breadcrumb"},"inLanguage":"es","potentialAction":[{"@type":"ReadAction","target":["https:\/\/chemitool.com\/es\/products\/safety\/guantes-de-seguridad\/guantes-de-cuero-guantes-de-seguridad\/guante-tipo-jefe-ajustable-con-velcro\/"]}]},{"@type":"BreadcrumbList","@id":"https:\/\/chemitool.com\/es\/products\/safety\/guantes-de-seguridad\/guantes-de-cuero-guantes-de-seguridad\/guante-tipo-jefe-ajustable-con-velcro\/#breadcrumb","itemListElement":[{"@type":"ListItem","position":1,"name":"Home","item":"https:\/\/chemitool.com\/es\/"},{"@type":"ListItem","position":2,"name":"Productos","item":"https:\/\/chemitool.com\/es\/productos\/"},{"@type":"ListItem","position":3,"name":"Safety","item":"https:\/\/chemitool.com\/product-category\/safety\/"},{"@type":"ListItem","position":4,"name":"GUANTE TIPO JEFE AJUSTABLE CON VELCRO"}]}]}},"_links":{"self":[{"href":"https:\/\/chemitool.com\/es\/wp-json\/wp\/v2\/product\/14298"}],"collection":[{"href":"https:\/\/chemitool.com\/es\/wp-json\/wp\/v2\/product"}],"about":[{"href":"https:\/\/chemitool.com\/es\/wp-json\/wp\/v2\/types\/product"}],"wp:featuredmedia":[{"embeddable":true,"href":"https:\/\/chemitool.com\/es\/wp-json\/wp\/v2\/media\/14296"}],"wp:attachment":[{"href":"https:\/\/chemitool.com\/es\/wp-json\/wp\/v2\/media?parent=14298"}],"wp:term":[{"taxonomy":"product_cat","embeddable":true,"href":"https:\/\/chemitool.com\/es\/wp-json\/wp\/v2\/product_cat?post=14298"},{"taxonomy":"product_tag","embeddable":true,"href":"https:\/\/chemitool.com\/es\/wp-json\/wp\/v2\/product_tag?post=14298"}],"curies":[{"name":"wp","href":"https:\/\/api.w.org\/{rel}","templated":true}]}}