{"id":14247,"date":"2021-08-27T09:37:20","date_gmt":"2021-08-27T09:37:21","guid":{"rendered":"https:\/\/chemitool.com\/?post_type=product&#038;p=14247"},"modified":"2021-11-16T15:24:42","modified_gmt":"2021-11-16T15:24:42","slug":"guante-tipo-jefe-piel","status":"publish","type":"product","link":"https:\/\/chemitool.com\/es\/products\/safety\/guantes-de-seguridad\/guantes-de-cuero-guantes-de-seguridad\/guante-tipo-jefe-piel\/","title":{"rendered":"GUANTE TIPO JEFE PIEL"},"content":{"rendered":"<ul>\n<li>Piel de vaca<\/li>\n<li>El\u00e1stico en el dorso<\/li>\n<li>C\u00f3modo y flexible<\/li>\n<li>Buena resistencia<\/li>\n<li>Flexibilidad y destreza<\/li>\n<\/ul>\n<p><img class=\"alignnone size-full wp-image-14896\" src=\"https:\/\/chemitool.com\/wp-content\/uploads\/2021\/09\/CE_CAT2.png\" alt=\"\" width=\"104\" height=\"119\" \/><img class=\"alignnone size-full wp-image-14920\" src=\"https:\/\/chemitool.com\/wp-content\/uploads\/2021\/09\/EN420.png\" alt=\"\" width=\"104\" height=\"119\" \/><br \/>\n<img class=\"alignnone size-full wp-image-14899\" src=\"https:\/\/chemitool.com\/wp-content\/uploads\/2021\/09\/EN388_2.1.2.3.X.png\" alt=\"\" width=\"104\" height=\"119\" \/><\/p>\n","protected":false},"excerpt":{"rendered":"<p><em>Guante tipo Jefe de Piel<\/em> CHEMITOOL para uso general, fabricado en piel de vaca natural. Con el\u00e1stico en el dorso y pu\u00f1o con cinta de refuerzo. Recomendado para construcci\u00f3n civil, industria metal\u00fargica, transporte y manipulaci\u00f3n de materiales y montaje de piezas.<\/p>\n","protected":false},"featured_media":14234,"template":"","meta":[],"product_cat":[1454,3102,3141],"product_tag":[],"yoast_head":"<!-- This site is optimized with the Yoast SEO plugin v17.4 - https:\/\/yoast.com\/wordpress\/plugins\/seo\/ -->\n<title>GUANTE TIPO JEFE PIEL &ndash; Chemitool<\/title>\n<meta name=\"description\" content=\"Guante tipo Jefe de Piel CHEMITOOL para uso general, fabricado en piel de vaca natural. Con el\u00e1stico en el dorso y pu\u00f1o con cinta de refuerzo. Recomendado para construcci\u00f3n civil, industria metal\u00fargica, transporte y manipulaci\u00f3n de materiales y montaje de piezas.\" \/>\n<meta name=\"robots\" content=\"index, follow, max-snippet:-1, max-image-preview:large, max-video-preview:-1\" \/>\n<link rel=\"canonical\" href=\"https:\/\/chemitool.com\/es\/products\/safety\/guantes-de-seguridad\/guantes-de-cuero-guantes-de-seguridad\/guante-tipo-jefe-piel\/\" \/>\n<meta property=\"og:locale\" content=\"es_ES\" \/>\n<meta property=\"og:type\" content=\"article\" \/>\n<meta property=\"og:title\" content=\"GUANTE TIPO JEFE PIEL &ndash; Chemitool\" \/>\n<meta property=\"og:description\" content=\"Guante tipo Jefe de Piel CHEMITOOL para uso general, fabricado en piel de vaca natural. Con el\u00e1stico en el dorso y pu\u00f1o con cinta de refuerzo. Recomendado para construcci\u00f3n civil, industria metal\u00fargica, transporte y manipulaci\u00f3n de materiales y montaje de piezas.\" \/>\n<meta property=\"og:url\" content=\"https:\/\/chemitool.com\/es\/products\/safety\/guantes-de-seguridad\/guantes-de-cuero-guantes-de-seguridad\/guante-tipo-jefe-piel\/\" \/>\n<meta property=\"og:site_name\" content=\"Chemitool\" \/>\n<meta property=\"article:publisher\" content=\"https:\/\/www.facebook.com\/chemitool\" \/>\n<meta property=\"article:modified_time\" content=\"2021-11-16T15:24:42+00:00\" \/>\n<meta property=\"og:image\" content=\"https:\/\/chemitool.com\/wp-content\/uploads\/2021\/08\/chemitool-safety_chs02060107-11.png\" \/>\n\t<meta property=\"og:image:width\" content=\"800\" \/>\n\t<meta property=\"og:image:height\" content=\"800\" \/>\n<meta name=\"twitter:card\" content=\"summary_large_image\" \/>\n<script type=\"application\/ld+json\" class=\"yoast-schema-graph\">{\"@context\":\"https:\/\/schema.org\",\"@graph\":[{\"@type\":\"Organization\",\"@id\":\"https:\/\/chemitool.com\/#organization\",\"name\":\"Chemitool\",\"url\":\"https:\/\/chemitool.com\/\",\"sameAs\":[\"https:\/\/www.facebook.com\/chemitool\",\"https:\/\/www.instagram.com\/chemitool\/\"],\"logo\":{\"@type\":\"ImageObject\",\"@id\":\"https:\/\/chemitool.com\/#logo\",\"inLanguage\":\"es\",\"url\":\"https:\/\/chemitool.com\/wp-content\/uploads\/2020\/10\/logo_chemitool.png\",\"contentUrl\":\"https:\/\/chemitool.com\/wp-content\/uploads\/2020\/10\/logo_chemitool.png\",\"width\":400,\"height\":400,\"caption\":\"Chemitool\"},\"image\":{\"@id\":\"https:\/\/chemitool.com\/#logo\"}},{\"@type\":\"WebSite\",\"@id\":\"https:\/\/chemitool.com\/#website\",\"url\":\"https:\/\/chemitool.com\/\",\"name\":\"Chemitool\",\"description\":\"Chemitool - hardware and tools\",\"publisher\":{\"@id\":\"https:\/\/chemitool.com\/#organization\"},\"potentialAction\":[{\"@type\":\"SearchAction\",\"target\":{\"@type\":\"EntryPoint\",\"urlTemplate\":\"https:\/\/chemitool.com\/?s={search_term_string}\"},\"query-input\":\"required name=search_term_string\"}],\"inLanguage\":\"es\"},{\"@type\":\"ImageObject\",\"@id\":\"https:\/\/chemitool.com\/es\/products\/safety\/guantes-de-seguridad\/guantes-de-cuero-guantes-de-seguridad\/guante-tipo-jefe-piel\/#primaryimage\",\"inLanguage\":\"es\",\"url\":\"https:\/\/chemitool.com\/wp-content\/uploads\/2021\/08\/chemitool-safety_chs02060107-11.png\",\"contentUrl\":\"https:\/\/chemitool.com\/wp-content\/uploads\/2021\/08\/chemitool-safety_chs02060107-11.png\",\"width\":800,\"height\":800},{\"@type\":\"WebPage\",\"@id\":\"https:\/\/chemitool.com\/es\/products\/safety\/guantes-de-seguridad\/guantes-de-cuero-guantes-de-seguridad\/guante-tipo-jefe-piel\/#webpage\",\"url\":\"https:\/\/chemitool.com\/es\/products\/safety\/guantes-de-seguridad\/guantes-de-cuero-guantes-de-seguridad\/guante-tipo-jefe-piel\/\",\"name\":\"GUANTE TIPO JEFE PIEL &ndash; Chemitool\",\"isPartOf\":{\"@id\":\"https:\/\/chemitool.com\/#website\"},\"primaryImageOfPage\":{\"@id\":\"https:\/\/chemitool.com\/es\/products\/safety\/guantes-de-seguridad\/guantes-de-cuero-guantes-de-seguridad\/guante-tipo-jefe-piel\/#primaryimage\"},\"datePublished\":\"2021-08-27T09:37:21+00:00\",\"dateModified\":\"2021-11-16T15:24:42+00:00\",\"description\":\"Guante tipo Jefe de Piel CHEMITOOL para uso general, fabricado en piel de vaca natural. Con el\\u00e1stico en el dorso y pu\\u00f1o con cinta de refuerzo. Recomendado para construcci\\u00f3n civil, industria metal\\u00fargica, transporte y manipulaci\\u00f3n de materiales y montaje de piezas.\",\"breadcrumb\":{\"@id\":\"https:\/\/chemitool.com\/es\/products\/safety\/guantes-de-seguridad\/guantes-de-cuero-guantes-de-seguridad\/guante-tipo-jefe-piel\/#breadcrumb\"},\"inLanguage\":\"es\",\"potentialAction\":[{\"@type\":\"ReadAction\",\"target\":[\"https:\/\/chemitool.com\/es\/products\/safety\/guantes-de-seguridad\/guantes-de-cuero-guantes-de-seguridad\/guante-tipo-jefe-piel\/\"]}]},{\"@type\":\"BreadcrumbList\",\"@id\":\"https:\/\/chemitool.com\/es\/products\/safety\/guantes-de-seguridad\/guantes-de-cuero-guantes-de-seguridad\/guante-tipo-jefe-piel\/#breadcrumb\",\"itemListElement\":[{\"@type\":\"ListItem\",\"position\":1,\"name\":\"Home\",\"item\":\"https:\/\/chemitool.com\/es\/\"},{\"@type\":\"ListItem\",\"position\":2,\"name\":\"Productos\",\"item\":\"https:\/\/chemitool.com\/es\/productos\/\"},{\"@type\":\"ListItem\",\"position\":3,\"name\":\"Safety\",\"item\":\"https:\/\/chemitool.com\/es\/categoria-producto\/safety\/\"},{\"@type\":\"ListItem\",\"position\":4,\"name\":\"guantes de seguridad\",\"item\":\"https:\/\/chemitool.com\/es\/categoria-producto\/safety\/guantes-de-seguridad\/\"},{\"@type\":\"ListItem\",\"position\":5,\"name\":\"Guantes de cuero\",\"item\":\"https:\/\/chemitool.com\/es\/categoria-producto\/safety\/guantes-de-seguridad\/guantes-de-cuero-guantes-de-seguridad\/\"},{\"@type\":\"ListItem\",\"position\":6,\"name\":\"GUANTE TIPO JEFE PIEL\"}]}]}<\/script>\n<!-- \/ Yoast SEO plugin. -->","yoast_head_json":{"title":"GUANTE TIPO JEFE PIEL &ndash; Chemitool","description":"Guante tipo Jefe de Piel CHEMITOOL para uso general, fabricado en piel de vaca natural. Con el\u00e1stico en el dorso y pu\u00f1o con cinta de refuerzo. Recomendado para construcci\u00f3n civil, industria metal\u00fargica, transporte y manipulaci\u00f3n de materiales y montaje de piezas.","robots":{"index":"index","follow":"follow","max-snippet":"max-snippet:-1","max-image-preview":"max-image-preview:large","max-video-preview":"max-video-preview:-1"},"canonical":"https:\/\/chemitool.com\/es\/products\/safety\/guantes-de-seguridad\/guantes-de-cuero-guantes-de-seguridad\/guante-tipo-jefe-piel\/","og_locale":"es_ES","og_type":"article","og_title":"GUANTE TIPO JEFE PIEL &ndash; Chemitool","og_description":"Guante tipo Jefe de Piel CHEMITOOL para uso general, fabricado en piel de vaca natural. Con el\u00e1stico en el dorso y pu\u00f1o con cinta de refuerzo. Recomendado para construcci\u00f3n civil, industria metal\u00fargica, transporte y manipulaci\u00f3n de materiales y montaje de piezas.","og_url":"https:\/\/chemitool.com\/es\/products\/safety\/guantes-de-seguridad\/guantes-de-cuero-guantes-de-seguridad\/guante-tipo-jefe-piel\/","og_site_name":"Chemitool","article_publisher":"https:\/\/www.facebook.com\/chemitool","article_modified_time":"2021-11-16T15:24:42+00:00","og_image":[{"width":800,"height":800,"url":"https:\/\/chemitool.com\/wp-content\/uploads\/2021\/08\/chemitool-safety_chs02060107-11.png","type":"image\/png"}],"twitter_card":"summary_large_image","schema":{"@context":"https:\/\/schema.org","@graph":[{"@type":"Organization","@id":"https:\/\/chemitool.com\/#organization","name":"Chemitool","url":"https:\/\/chemitool.com\/","sameAs":["https:\/\/www.facebook.com\/chemitool","https:\/\/www.instagram.com\/chemitool\/"],"logo":{"@type":"ImageObject","@id":"https:\/\/chemitool.com\/#logo","inLanguage":"es","url":"https:\/\/chemitool.com\/wp-content\/uploads\/2020\/10\/logo_chemitool.png","contentUrl":"https:\/\/chemitool.com\/wp-content\/uploads\/2020\/10\/logo_chemitool.png","width":400,"height":400,"caption":"Chemitool"},"image":{"@id":"https:\/\/chemitool.com\/#logo"}},{"@type":"WebSite","@id":"https:\/\/chemitool.com\/#website","url":"https:\/\/chemitool.com\/","name":"Chemitool","description":"Chemitool - hardware and tools","publisher":{"@id":"https:\/\/chemitool.com\/#organization"},"potentialAction":[{"@type":"SearchAction","target":{"@type":"EntryPoint","urlTemplate":"https:\/\/chemitool.com\/?s={search_term_string}"},"query-input":"required name=search_term_string"}],"inLanguage":"es"},{"@type":"ImageObject","@id":"https:\/\/chemitool.com\/es\/products\/safety\/guantes-de-seguridad\/guantes-de-cuero-guantes-de-seguridad\/guante-tipo-jefe-piel\/#primaryimage","inLanguage":"es","url":"https:\/\/chemitool.com\/wp-content\/uploads\/2021\/08\/chemitool-safety_chs02060107-11.png","contentUrl":"https:\/\/chemitool.com\/wp-content\/uploads\/2021\/08\/chemitool-safety_chs02060107-11.png","width":800,"height":800},{"@type":"WebPage","@id":"https:\/\/chemitool.com\/es\/products\/safety\/guantes-de-seguridad\/guantes-de-cuero-guantes-de-seguridad\/guante-tipo-jefe-piel\/#webpage","url":"https:\/\/chemitool.com\/es\/products\/safety\/guantes-de-seguridad\/guantes-de-cuero-guantes-de-seguridad\/guante-tipo-jefe-piel\/","name":"GUANTE TIPO JEFE PIEL &ndash; Chemitool","isPartOf":{"@id":"https:\/\/chemitool.com\/#website"},"primaryImageOfPage":{"@id":"https:\/\/chemitool.com\/es\/products\/safety\/guantes-de-seguridad\/guantes-de-cuero-guantes-de-seguridad\/guante-tipo-jefe-piel\/#primaryimage"},"datePublished":"2021-08-27T09:37:21+00:00","dateModified":"2021-11-16T15:24:42+00:00","description":"Guante tipo Jefe de Piel CHEMITOOL para uso general, fabricado en piel de vaca natural. Con el\u00e1stico en el dorso y pu\u00f1o con cinta de refuerzo. Recomendado para construcci\u00f3n civil, industria metal\u00fargica, transporte y manipulaci\u00f3n de materiales y montaje de piezas.","breadcrumb":{"@id":"https:\/\/chemitool.com\/es\/products\/safety\/guantes-de-seguridad\/guantes-de-cuero-guantes-de-seguridad\/guante-tipo-jefe-piel\/#breadcrumb"},"inLanguage":"es","potentialAction":[{"@type":"ReadAction","target":["https:\/\/chemitool.com\/es\/products\/safety\/guantes-de-seguridad\/guantes-de-cuero-guantes-de-seguridad\/guante-tipo-jefe-piel\/"]}]},{"@type":"BreadcrumbList","@id":"https:\/\/chemitool.com\/es\/products\/safety\/guantes-de-seguridad\/guantes-de-cuero-guantes-de-seguridad\/guante-tipo-jefe-piel\/#breadcrumb","itemListElement":[{"@type":"ListItem","position":1,"name":"Home","item":"https:\/\/chemitool.com\/es\/"},{"@type":"ListItem","position":2,"name":"Productos","item":"https:\/\/chemitool.com\/es\/productos\/"},{"@type":"ListItem","position":3,"name":"Safety","item":"https:\/\/chemitool.com\/es\/categoria-producto\/safety\/"},{"@type":"ListItem","position":4,"name":"guantes de seguridad","item":"https:\/\/chemitool.com\/es\/categoria-producto\/safety\/guantes-de-seguridad\/"},{"@type":"ListItem","position":5,"name":"Guantes de cuero","item":"https:\/\/chemitool.com\/es\/categoria-producto\/safety\/guantes-de-seguridad\/guantes-de-cuero-guantes-de-seguridad\/"},{"@type":"ListItem","position":6,"name":"GUANTE TIPO JEFE PIEL"}]}]}},"_links":{"self":[{"href":"https:\/\/chemitool.com\/es\/wp-json\/wp\/v2\/product\/14247"}],"collection":[{"href":"https:\/\/chemitool.com\/es\/wp-json\/wp\/v2\/product"}],"about":[{"href":"https:\/\/chemitool.com\/es\/wp-json\/wp\/v2\/types\/product"}],"wp:featuredmedia":[{"embeddable":true,"href":"https:\/\/chemitool.com\/es\/wp-json\/wp\/v2\/media\/14234"}],"wp:attachment":[{"href":"https:\/\/chemitool.com\/es\/wp-json\/wp\/v2\/media?parent=14247"}],"wp:term":[{"taxonomy":"product_cat","embeddable":true,"href":"https:\/\/chemitool.com\/es\/wp-json\/wp\/v2\/product_cat?post=14247"},{"taxonomy":"product_tag","embeddable":true,"href":"https:\/\/chemitool.com\/es\/wp-json\/wp\/v2\/product_tag?post=14247"}],"curies":[{"name":"wp","href":"https:\/\/api.w.org\/{rel}","templated":true}]}}