{"id":14054,"date":"2021-08-25T10:04:54","date_gmt":"2021-08-25T10:04:57","guid":{"rendered":"https:\/\/chemitool.com\/?post_type=product&#038;p=14054"},"modified":"2021-09-06T10:36:32","modified_gmt":"2021-09-06T10:36:32","slug":"bota-suzuka-s5-src","status":"publish","type":"product","link":"https:\/\/chemitool.com\/es\/products\/safety\/zapatos-de-seguridad\/botas-de-agua\/bota-suzuka-s5-src\/","title":{"rendered":"BOTA SUZUKA S5 SRC"},"content":{"rendered":"<p>Ideal para uso en los entornos industriales m\u00e1s duros por sus excelentes caracter\u00edsticas: antiest\u00e1tica, antideslizante, altamente resistente a aceites, grasas, \u00e1cidos y disolventes org\u00e1nicos.<br \/>\nApta para uso en ganader\u00eda, jardiner\u00eda, silvicultura, cultivo de frutas y verduras, granjas de pollos, f\u00e1bricas de az\u00facar, granjas porcinas, veterinaria, escuelas agr\u00edcolas y todo tipo de industria.<\/p>\n<ul>\n<li>Dise\u00f1o ligero, inteligente y din\u00e1mico<\/li>\n<li>Puntera de acero resistente a impactos hasta 200J<\/li>\n<li>Plantilla antiperforaci\u00f3n<\/li>\n<li>Forro de jersey antibacteriano resistente a la abrasi\u00f3n<\/li>\n<li>Suela resistente a hidrocarburos, antiest\u00e1tica y antideslizante<\/li>\n<li>Absorci\u00f3n de impactos en la zona del tal\u00f3n<\/li>\n<li>Alto nivel de resistencia al deslizamiento<\/li>\n<\/ul>\n","protected":false},"excerpt":{"rendered":"<p><em>Bota SUZUKA S5 SRC CHEMITOOL<\/em> es una bota de seguridad con puntera de acero, parte superior de PVC, suela de PVC con caucho nitrilo y plantilla antiperforaci\u00f3n de acero.<\/p>\n","protected":false},"featured_media":14104,"template":"","meta":[],"product_cat":[1454,3036,3038],"product_tag":[],"yoast_head":"<!-- This site is optimized with the Yoast SEO plugin v17.4 - https:\/\/yoast.com\/wordpress\/plugins\/seo\/ -->\n<title>BOTA SUZUKA S5 SRC &ndash; Chemitool<\/title>\n<meta name=\"description\" content=\"Bota SUZUKA S5 SRC CHEMITOOL es una bota de seguridad con puntera de acero, parte superior de PVC, suela de PVC con caucho nitrilo y plantilla antiperforaci\u00f3n de acero.\" \/>\n<meta name=\"robots\" content=\"index, follow, max-snippet:-1, max-image-preview:large, max-video-preview:-1\" \/>\n<link rel=\"canonical\" href=\"https:\/\/chemitool.com\/es\/products\/safety\/zapatos-de-seguridad\/botas-de-agua\/bota-suzuka-s5-src\/\" \/>\n<meta property=\"og:locale\" content=\"es_ES\" \/>\n<meta property=\"og:type\" content=\"article\" \/>\n<meta property=\"og:title\" content=\"BOTA SUZUKA S5 SRC &ndash; Chemitool\" \/>\n<meta property=\"og:description\" content=\"Bota SUZUKA S5 SRC CHEMITOOL es una bota de seguridad con puntera de acero, parte superior de PVC, suela de PVC con caucho nitrilo y plantilla antiperforaci\u00f3n de acero.\" \/>\n<meta property=\"og:url\" content=\"https:\/\/chemitool.com\/es\/products\/safety\/zapatos-de-seguridad\/botas-de-agua\/bota-suzuka-s5-src\/\" \/>\n<meta property=\"og:site_name\" content=\"Chemitool\" \/>\n<meta property=\"article:publisher\" content=\"https:\/\/www.facebook.com\/chemitool\" \/>\n<meta property=\"article:modified_time\" content=\"2021-09-06T10:36:32+00:00\" \/>\n<meta property=\"og:image\" content=\"https:\/\/chemitool.com\/wp-content\/uploads\/2021\/08\/SUZUKA_icones.png\" \/>\n\t<meta property=\"og:image:width\" content=\"800\" \/>\n\t<meta property=\"og:image:height\" content=\"800\" \/>\n<meta name=\"twitter:card\" content=\"summary_large_image\" \/>\n<meta name=\"twitter:label1\" content=\"Tiempo de lectura\" \/>\n\t<meta name=\"twitter:data1\" content=\"1 minuto\" \/>\n<script type=\"application\/ld+json\" class=\"yoast-schema-graph\">{\"@context\":\"https:\/\/schema.org\",\"@graph\":[{\"@type\":\"Organization\",\"@id\":\"https:\/\/chemitool.com\/#organization\",\"name\":\"Chemitool\",\"url\":\"https:\/\/chemitool.com\/\",\"sameAs\":[\"https:\/\/www.facebook.com\/chemitool\",\"https:\/\/www.instagram.com\/chemitool\/\"],\"logo\":{\"@type\":\"ImageObject\",\"@id\":\"https:\/\/chemitool.com\/#logo\",\"inLanguage\":\"es\",\"url\":\"https:\/\/chemitool.com\/wp-content\/uploads\/2020\/10\/logo_chemitool.png\",\"contentUrl\":\"https:\/\/chemitool.com\/wp-content\/uploads\/2020\/10\/logo_chemitool.png\",\"width\":400,\"height\":400,\"caption\":\"Chemitool\"},\"image\":{\"@id\":\"https:\/\/chemitool.com\/#logo\"}},{\"@type\":\"WebSite\",\"@id\":\"https:\/\/chemitool.com\/#website\",\"url\":\"https:\/\/chemitool.com\/\",\"name\":\"Chemitool\",\"description\":\"Chemitool - hardware and tools\",\"publisher\":{\"@id\":\"https:\/\/chemitool.com\/#organization\"},\"potentialAction\":[{\"@type\":\"SearchAction\",\"target\":{\"@type\":\"EntryPoint\",\"urlTemplate\":\"https:\/\/chemitool.com\/?s={search_term_string}\"},\"query-input\":\"required name=search_term_string\"}],\"inLanguage\":\"es\"},{\"@type\":\"ImageObject\",\"@id\":\"https:\/\/chemitool.com\/es\/products\/safety\/zapatos-de-seguridad\/botas-de-agua\/bota-suzuka-s5-src\/#primaryimage\",\"inLanguage\":\"es\",\"url\":\"https:\/\/chemitool.com\/wp-content\/uploads\/2021\/08\/SUZUKA_icones.png\",\"contentUrl\":\"https:\/\/chemitool.com\/wp-content\/uploads\/2021\/08\/SUZUKA_icones.png\",\"width\":800,\"height\":800},{\"@type\":\"WebPage\",\"@id\":\"https:\/\/chemitool.com\/es\/products\/safety\/zapatos-de-seguridad\/botas-de-agua\/bota-suzuka-s5-src\/#webpage\",\"url\":\"https:\/\/chemitool.com\/es\/products\/safety\/zapatos-de-seguridad\/botas-de-agua\/bota-suzuka-s5-src\/\",\"name\":\"BOTA SUZUKA S5 SRC &ndash; Chemitool\",\"isPartOf\":{\"@id\":\"https:\/\/chemitool.com\/#website\"},\"primaryImageOfPage\":{\"@id\":\"https:\/\/chemitool.com\/es\/products\/safety\/zapatos-de-seguridad\/botas-de-agua\/bota-suzuka-s5-src\/#primaryimage\"},\"datePublished\":\"2021-08-25T10:04:57+00:00\",\"dateModified\":\"2021-09-06T10:36:32+00:00\",\"description\":\"Bota SUZUKA S5 SRC CHEMITOOL es una bota de seguridad con puntera de acero, parte superior de PVC, suela de PVC con caucho nitrilo y plantilla antiperforaci\\u00f3n de acero.\",\"breadcrumb\":{\"@id\":\"https:\/\/chemitool.com\/es\/products\/safety\/zapatos-de-seguridad\/botas-de-agua\/bota-suzuka-s5-src\/#breadcrumb\"},\"inLanguage\":\"es\",\"potentialAction\":[{\"@type\":\"ReadAction\",\"target\":[\"https:\/\/chemitool.com\/es\/products\/safety\/zapatos-de-seguridad\/botas-de-agua\/bota-suzuka-s5-src\/\"]}]},{\"@type\":\"BreadcrumbList\",\"@id\":\"https:\/\/chemitool.com\/es\/products\/safety\/zapatos-de-seguridad\/botas-de-agua\/bota-suzuka-s5-src\/#breadcrumb\",\"itemListElement\":[{\"@type\":\"ListItem\",\"position\":1,\"name\":\"Home\",\"item\":\"https:\/\/chemitool.com\/es\/\"},{\"@type\":\"ListItem\",\"position\":2,\"name\":\"Productos\",\"item\":\"https:\/\/chemitool.com\/es\/productos\/\"},{\"@type\":\"ListItem\",\"position\":3,\"name\":\"Safety\",\"item\":\"https:\/\/chemitool.com\/es\/categoria-producto\/safety\/\"},{\"@type\":\"ListItem\",\"position\":4,\"name\":\"zapatos de seguridad\",\"item\":\"https:\/\/chemitool.com\/es\/categoria-producto\/safety\/zapatos-de-seguridad\/\"},{\"@type\":\"ListItem\",\"position\":5,\"name\":\"Botas de agua\",\"item\":\"https:\/\/chemitool.com\/es\/categoria-producto\/safety\/zapatos-de-seguridad\/botas-de-agua\/\"},{\"@type\":\"ListItem\",\"position\":6,\"name\":\"BOTA SUZUKA S5 SRC\"}]}]}<\/script>\n<!-- \/ Yoast SEO plugin. -->","yoast_head_json":{"title":"BOTA SUZUKA S5 SRC &ndash; Chemitool","description":"Bota SUZUKA S5 SRC CHEMITOOL es una bota de seguridad con puntera de acero, parte superior de PVC, suela de PVC con caucho nitrilo y plantilla antiperforaci\u00f3n de acero.","robots":{"index":"index","follow":"follow","max-snippet":"max-snippet:-1","max-image-preview":"max-image-preview:large","max-video-preview":"max-video-preview:-1"},"canonical":"https:\/\/chemitool.com\/es\/products\/safety\/zapatos-de-seguridad\/botas-de-agua\/bota-suzuka-s5-src\/","og_locale":"es_ES","og_type":"article","og_title":"BOTA SUZUKA S5 SRC &ndash; Chemitool","og_description":"Bota SUZUKA S5 SRC CHEMITOOL es una bota de seguridad con puntera de acero, parte superior de PVC, suela de PVC con caucho nitrilo y plantilla antiperforaci\u00f3n de acero.","og_url":"https:\/\/chemitool.com\/es\/products\/safety\/zapatos-de-seguridad\/botas-de-agua\/bota-suzuka-s5-src\/","og_site_name":"Chemitool","article_publisher":"https:\/\/www.facebook.com\/chemitool","article_modified_time":"2021-09-06T10:36:32+00:00","og_image":[{"width":800,"height":800,"url":"https:\/\/chemitool.com\/wp-content\/uploads\/2021\/08\/SUZUKA_icones.png","type":"image\/png"}],"twitter_card":"summary_large_image","twitter_misc":{"Tiempo de lectura":"1 minuto"},"schema":{"@context":"https:\/\/schema.org","@graph":[{"@type":"Organization","@id":"https:\/\/chemitool.com\/#organization","name":"Chemitool","url":"https:\/\/chemitool.com\/","sameAs":["https:\/\/www.facebook.com\/chemitool","https:\/\/www.instagram.com\/chemitool\/"],"logo":{"@type":"ImageObject","@id":"https:\/\/chemitool.com\/#logo","inLanguage":"es","url":"https:\/\/chemitool.com\/wp-content\/uploads\/2020\/10\/logo_chemitool.png","contentUrl":"https:\/\/chemitool.com\/wp-content\/uploads\/2020\/10\/logo_chemitool.png","width":400,"height":400,"caption":"Chemitool"},"image":{"@id":"https:\/\/chemitool.com\/#logo"}},{"@type":"WebSite","@id":"https:\/\/chemitool.com\/#website","url":"https:\/\/chemitool.com\/","name":"Chemitool","description":"Chemitool - hardware and tools","publisher":{"@id":"https:\/\/chemitool.com\/#organization"},"potentialAction":[{"@type":"SearchAction","target":{"@type":"EntryPoint","urlTemplate":"https:\/\/chemitool.com\/?s={search_term_string}"},"query-input":"required name=search_term_string"}],"inLanguage":"es"},{"@type":"ImageObject","@id":"https:\/\/chemitool.com\/es\/products\/safety\/zapatos-de-seguridad\/botas-de-agua\/bota-suzuka-s5-src\/#primaryimage","inLanguage":"es","url":"https:\/\/chemitool.com\/wp-content\/uploads\/2021\/08\/SUZUKA_icones.png","contentUrl":"https:\/\/chemitool.com\/wp-content\/uploads\/2021\/08\/SUZUKA_icones.png","width":800,"height":800},{"@type":"WebPage","@id":"https:\/\/chemitool.com\/es\/products\/safety\/zapatos-de-seguridad\/botas-de-agua\/bota-suzuka-s5-src\/#webpage","url":"https:\/\/chemitool.com\/es\/products\/safety\/zapatos-de-seguridad\/botas-de-agua\/bota-suzuka-s5-src\/","name":"BOTA SUZUKA S5 SRC &ndash; Chemitool","isPartOf":{"@id":"https:\/\/chemitool.com\/#website"},"primaryImageOfPage":{"@id":"https:\/\/chemitool.com\/es\/products\/safety\/zapatos-de-seguridad\/botas-de-agua\/bota-suzuka-s5-src\/#primaryimage"},"datePublished":"2021-08-25T10:04:57+00:00","dateModified":"2021-09-06T10:36:32+00:00","description":"Bota SUZUKA S5 SRC CHEMITOOL es una bota de seguridad con puntera de acero, parte superior de PVC, suela de PVC con caucho nitrilo y plantilla antiperforaci\u00f3n de acero.","breadcrumb":{"@id":"https:\/\/chemitool.com\/es\/products\/safety\/zapatos-de-seguridad\/botas-de-agua\/bota-suzuka-s5-src\/#breadcrumb"},"inLanguage":"es","potentialAction":[{"@type":"ReadAction","target":["https:\/\/chemitool.com\/es\/products\/safety\/zapatos-de-seguridad\/botas-de-agua\/bota-suzuka-s5-src\/"]}]},{"@type":"BreadcrumbList","@id":"https:\/\/chemitool.com\/es\/products\/safety\/zapatos-de-seguridad\/botas-de-agua\/bota-suzuka-s5-src\/#breadcrumb","itemListElement":[{"@type":"ListItem","position":1,"name":"Home","item":"https:\/\/chemitool.com\/es\/"},{"@type":"ListItem","position":2,"name":"Productos","item":"https:\/\/chemitool.com\/es\/productos\/"},{"@type":"ListItem","position":3,"name":"Safety","item":"https:\/\/chemitool.com\/es\/categoria-producto\/safety\/"},{"@type":"ListItem","position":4,"name":"zapatos de seguridad","item":"https:\/\/chemitool.com\/es\/categoria-producto\/safety\/zapatos-de-seguridad\/"},{"@type":"ListItem","position":5,"name":"Botas de agua","item":"https:\/\/chemitool.com\/es\/categoria-producto\/safety\/zapatos-de-seguridad\/botas-de-agua\/"},{"@type":"ListItem","position":6,"name":"BOTA SUZUKA S5 SRC"}]}]}},"_links":{"self":[{"href":"https:\/\/chemitool.com\/es\/wp-json\/wp\/v2\/product\/14054"}],"collection":[{"href":"https:\/\/chemitool.com\/es\/wp-json\/wp\/v2\/product"}],"about":[{"href":"https:\/\/chemitool.com\/es\/wp-json\/wp\/v2\/types\/product"}],"wp:featuredmedia":[{"embeddable":true,"href":"https:\/\/chemitool.com\/es\/wp-json\/wp\/v2\/media\/14104"}],"wp:attachment":[{"href":"https:\/\/chemitool.com\/es\/wp-json\/wp\/v2\/media?parent=14054"}],"wp:term":[{"taxonomy":"product_cat","embeddable":true,"href":"https:\/\/chemitool.com\/es\/wp-json\/wp\/v2\/product_cat?post=14054"},{"taxonomy":"product_tag","embeddable":true,"href":"https:\/\/chemitool.com\/es\/wp-json\/wp\/v2\/product_tag?post=14054"}],"curies":[{"name":"wp","href":"https:\/\/api.w.org\/{rel}","templated":true}]}}