{"id":13818,"date":"2021-08-23T16:12:38","date_gmt":"2021-08-23T16:12:41","guid":{"rendered":"https:\/\/chemitool.com\/?post_type=product&#038;p=13818"},"modified":"2022-07-13T10:49:48","modified_gmt":"2022-07-13T10:49:48","slug":"bota-de-seguridad-sochi-s3-src","status":"publish","type":"product","link":"https:\/\/chemitool.com\/es\/products\/safety\/zapatos-de-seguridad\/botas-de-soldador-es\/bota-de-seguridad-sochi-s3-src\/","title":{"rendered":"BOTA DE SEGURIDAD SOCHI S3 SRC"},"content":{"rendered":"<ul>\n<li>Puntera de acero<\/li>\n<li>Ojales met\u00e1licos<\/li>\n<li>Con cordones<\/li>\n<li>Suela antiest\u00e1tica con absorci\u00f3n de impactos en el tal\u00f3n<\/li>\n<li>Suela resistente al aceite y a los hidrocarburos<\/li>\n<li>Suela de PU de doble densidad y SRC antideslizante<\/li>\n<li>Plantilla de acero inoxidable anti perforaci\u00f3n<\/li>\n<li>WRU &#8211; resistente a la penetraci\u00f3n de agua a trav\u00e9s de la parte superior<\/li>\n<li>Libre de cromo<\/li>\n<\/ul>\n","protected":false},"excerpt":{"rendered":"<p><em>Bota de Seguridad SOCHI S3 CHEMITOOL<\/em> es indicada para soldadores, forrada en tela gris y cubierta con piel de vaca negra de alta calidad. Su puntera de acero protege sus pies de impactos, compresiones, objetos pesados \u200b\u200by perforaciones.<\/p>\n","protected":false},"featured_media":24955,"template":"","meta":[],"product_cat":[1454,3036,3650],"product_tag":[4297],"yoast_head":"<!-- This site is optimized with the Yoast SEO plugin v17.4 - https:\/\/yoast.com\/wordpress\/plugins\/seo\/ -->\n<title>BOTA DE SEGURIDAD SOCHI S3 SRC &ndash; Chemitool<\/title>\n<meta name=\"description\" content=\"Bota de Seguridad SOCHI S3 CHEMITOOL es indicada para soldadores, forrada en tela gris y cubierta con piel de vaca negra de alta calidad. Su puntera de acero protege sus pies de impactos, compresiones, objetos pesados \u200b\u200by perforaciones.\" \/>\n<meta name=\"robots\" content=\"index, follow, max-snippet:-1, max-image-preview:large, max-video-preview:-1\" \/>\n<link rel=\"canonical\" href=\"https:\/\/chemitool.com\/es\/products\/safety\/zapatos-de-seguridad\/botas-de-soldador-es\/bota-de-seguridad-sochi-s3-src\/\" \/>\n<meta property=\"og:locale\" content=\"es_ES\" \/>\n<meta property=\"og:type\" content=\"article\" \/>\n<meta property=\"og:title\" content=\"BOTA DE SEGURIDAD SOCHI S3 SRC &ndash; Chemitool\" \/>\n<meta property=\"og:description\" content=\"Bota de Seguridad SOCHI S3 CHEMITOOL es indicada para soldadores, forrada en tela gris y cubierta con piel de vaca negra de alta calidad. Su puntera de acero protege sus pies de impactos, compresiones, objetos pesados \u200b\u200by perforaciones.\" \/>\n<meta property=\"og:url\" content=\"https:\/\/chemitool.com\/es\/products\/safety\/zapatos-de-seguridad\/botas-de-soldador-es\/bota-de-seguridad-sochi-s3-src\/\" \/>\n<meta property=\"og:site_name\" content=\"Chemitool\" \/>\n<meta property=\"article:publisher\" content=\"https:\/\/www.facebook.com\/chemitool\" \/>\n<meta property=\"article:modified_time\" content=\"2022-07-13T10:49:48+00:00\" \/>\n<meta property=\"og:image\" content=\"https:\/\/chemitool.com\/wp-content\/uploads\/2021\/08\/CHS010103_perspective_SITE.png\" \/>\n\t<meta property=\"og:image:width\" content=\"800\" \/>\n\t<meta property=\"og:image:height\" content=\"800\" \/>\n<meta name=\"twitter:card\" content=\"summary_large_image\" \/>\n<script type=\"application\/ld+json\" class=\"yoast-schema-graph\">{\"@context\":\"https:\/\/schema.org\",\"@graph\":[{\"@type\":\"Organization\",\"@id\":\"https:\/\/chemitool.com\/#organization\",\"name\":\"Chemitool\",\"url\":\"https:\/\/chemitool.com\/\",\"sameAs\":[\"https:\/\/www.facebook.com\/chemitool\",\"https:\/\/www.instagram.com\/chemitool\/\"],\"logo\":{\"@type\":\"ImageObject\",\"@id\":\"https:\/\/chemitool.com\/#logo\",\"inLanguage\":\"es\",\"url\":\"https:\/\/chemitool.com\/wp-content\/uploads\/2020\/10\/logo_chemitool.png\",\"contentUrl\":\"https:\/\/chemitool.com\/wp-content\/uploads\/2020\/10\/logo_chemitool.png\",\"width\":400,\"height\":400,\"caption\":\"Chemitool\"},\"image\":{\"@id\":\"https:\/\/chemitool.com\/#logo\"}},{\"@type\":\"WebSite\",\"@id\":\"https:\/\/chemitool.com\/#website\",\"url\":\"https:\/\/chemitool.com\/\",\"name\":\"Chemitool\",\"description\":\"Chemitool - hardware and tools\",\"publisher\":{\"@id\":\"https:\/\/chemitool.com\/#organization\"},\"potentialAction\":[{\"@type\":\"SearchAction\",\"target\":{\"@type\":\"EntryPoint\",\"urlTemplate\":\"https:\/\/chemitool.com\/?s={search_term_string}\"},\"query-input\":\"required name=search_term_string\"}],\"inLanguage\":\"es\"},{\"@type\":\"ImageObject\",\"@id\":\"https:\/\/chemitool.com\/es\/products\/safety\/zapatos-de-seguridad\/botas-de-soldador-es\/bota-de-seguridad-sochi-s3-src\/#primaryimage\",\"inLanguage\":\"es\",\"url\":\"https:\/\/chemitool.com\/wp-content\/uploads\/2021\/08\/CHS010103_perspective_SITE.png\",\"contentUrl\":\"https:\/\/chemitool.com\/wp-content\/uploads\/2021\/08\/CHS010103_perspective_SITE.png\",\"width\":800,\"height\":800},{\"@type\":\"WebPage\",\"@id\":\"https:\/\/chemitool.com\/es\/products\/safety\/zapatos-de-seguridad\/botas-de-soldador-es\/bota-de-seguridad-sochi-s3-src\/#webpage\",\"url\":\"https:\/\/chemitool.com\/es\/products\/safety\/zapatos-de-seguridad\/botas-de-soldador-es\/bota-de-seguridad-sochi-s3-src\/\",\"name\":\"BOTA DE SEGURIDAD SOCHI S3 SRC &ndash; Chemitool\",\"isPartOf\":{\"@id\":\"https:\/\/chemitool.com\/#website\"},\"primaryImageOfPage\":{\"@id\":\"https:\/\/chemitool.com\/es\/products\/safety\/zapatos-de-seguridad\/botas-de-soldador-es\/bota-de-seguridad-sochi-s3-src\/#primaryimage\"},\"datePublished\":\"2021-08-23T16:12:41+00:00\",\"dateModified\":\"2022-07-13T10:49:48+00:00\",\"description\":\"Bota de Seguridad SOCHI S3 CHEMITOOL es indicada para soldadores, forrada en tela gris y cubierta con piel de vaca negra de alta calidad. Su puntera de acero protege sus pies de impactos, compresiones, objetos pesados \\u200b\\u200by perforaciones.\",\"breadcrumb\":{\"@id\":\"https:\/\/chemitool.com\/es\/products\/safety\/zapatos-de-seguridad\/botas-de-soldador-es\/bota-de-seguridad-sochi-s3-src\/#breadcrumb\"},\"inLanguage\":\"es\",\"potentialAction\":[{\"@type\":\"ReadAction\",\"target\":[\"https:\/\/chemitool.com\/es\/products\/safety\/zapatos-de-seguridad\/botas-de-soldador-es\/bota-de-seguridad-sochi-s3-src\/\"]}]},{\"@type\":\"BreadcrumbList\",\"@id\":\"https:\/\/chemitool.com\/es\/products\/safety\/zapatos-de-seguridad\/botas-de-soldador-es\/bota-de-seguridad-sochi-s3-src\/#breadcrumb\",\"itemListElement\":[{\"@type\":\"ListItem\",\"position\":1,\"name\":\"Home\",\"item\":\"https:\/\/chemitool.com\/es\/\"},{\"@type\":\"ListItem\",\"position\":2,\"name\":\"Productos\",\"item\":\"https:\/\/chemitool.com\/es\/productos\/\"},{\"@type\":\"ListItem\",\"position\":3,\"name\":\"Safety\",\"item\":\"https:\/\/chemitool.com\/es\/categoria-producto\/safety\/\"},{\"@type\":\"ListItem\",\"position\":4,\"name\":\"zapatos de seguridad\",\"item\":\"https:\/\/chemitool.com\/es\/categoria-producto\/safety\/zapatos-de-seguridad\/\"},{\"@type\":\"ListItem\",\"position\":5,\"name\":\"Botas de soldador\",\"item\":\"https:\/\/chemitool.com\/es\/categoria-producto\/safety\/zapatos-de-seguridad\/botas-de-soldador-es\/\"},{\"@type\":\"ListItem\",\"position\":6,\"name\":\"BOTA DE SEGURIDAD SOCHI S3 SRC\"}]}]}<\/script>\n<!-- \/ Yoast SEO plugin. -->","yoast_head_json":{"title":"BOTA DE SEGURIDAD SOCHI S3 SRC &ndash; Chemitool","description":"Bota de Seguridad SOCHI S3 CHEMITOOL es indicada para soldadores, forrada en tela gris y cubierta con piel de vaca negra de alta calidad. Su puntera de acero protege sus pies de impactos, compresiones, objetos pesados \u200b\u200by perforaciones.","robots":{"index":"index","follow":"follow","max-snippet":"max-snippet:-1","max-image-preview":"max-image-preview:large","max-video-preview":"max-video-preview:-1"},"canonical":"https:\/\/chemitool.com\/es\/products\/safety\/zapatos-de-seguridad\/botas-de-soldador-es\/bota-de-seguridad-sochi-s3-src\/","og_locale":"es_ES","og_type":"article","og_title":"BOTA DE SEGURIDAD SOCHI S3 SRC &ndash; Chemitool","og_description":"Bota de Seguridad SOCHI S3 CHEMITOOL es indicada para soldadores, forrada en tela gris y cubierta con piel de vaca negra de alta calidad. Su puntera de acero protege sus pies de impactos, compresiones, objetos pesados \u200b\u200by perforaciones.","og_url":"https:\/\/chemitool.com\/es\/products\/safety\/zapatos-de-seguridad\/botas-de-soldador-es\/bota-de-seguridad-sochi-s3-src\/","og_site_name":"Chemitool","article_publisher":"https:\/\/www.facebook.com\/chemitool","article_modified_time":"2022-07-13T10:49:48+00:00","og_image":[{"width":800,"height":800,"url":"https:\/\/chemitool.com\/wp-content\/uploads\/2021\/08\/CHS010103_perspective_SITE.png","type":"image\/png"}],"twitter_card":"summary_large_image","schema":{"@context":"https:\/\/schema.org","@graph":[{"@type":"Organization","@id":"https:\/\/chemitool.com\/#organization","name":"Chemitool","url":"https:\/\/chemitool.com\/","sameAs":["https:\/\/www.facebook.com\/chemitool","https:\/\/www.instagram.com\/chemitool\/"],"logo":{"@type":"ImageObject","@id":"https:\/\/chemitool.com\/#logo","inLanguage":"es","url":"https:\/\/chemitool.com\/wp-content\/uploads\/2020\/10\/logo_chemitool.png","contentUrl":"https:\/\/chemitool.com\/wp-content\/uploads\/2020\/10\/logo_chemitool.png","width":400,"height":400,"caption":"Chemitool"},"image":{"@id":"https:\/\/chemitool.com\/#logo"}},{"@type":"WebSite","@id":"https:\/\/chemitool.com\/#website","url":"https:\/\/chemitool.com\/","name":"Chemitool","description":"Chemitool - hardware and tools","publisher":{"@id":"https:\/\/chemitool.com\/#organization"},"potentialAction":[{"@type":"SearchAction","target":{"@type":"EntryPoint","urlTemplate":"https:\/\/chemitool.com\/?s={search_term_string}"},"query-input":"required name=search_term_string"}],"inLanguage":"es"},{"@type":"ImageObject","@id":"https:\/\/chemitool.com\/es\/products\/safety\/zapatos-de-seguridad\/botas-de-soldador-es\/bota-de-seguridad-sochi-s3-src\/#primaryimage","inLanguage":"es","url":"https:\/\/chemitool.com\/wp-content\/uploads\/2021\/08\/CHS010103_perspective_SITE.png","contentUrl":"https:\/\/chemitool.com\/wp-content\/uploads\/2021\/08\/CHS010103_perspective_SITE.png","width":800,"height":800},{"@type":"WebPage","@id":"https:\/\/chemitool.com\/es\/products\/safety\/zapatos-de-seguridad\/botas-de-soldador-es\/bota-de-seguridad-sochi-s3-src\/#webpage","url":"https:\/\/chemitool.com\/es\/products\/safety\/zapatos-de-seguridad\/botas-de-soldador-es\/bota-de-seguridad-sochi-s3-src\/","name":"BOTA DE SEGURIDAD SOCHI S3 SRC &ndash; Chemitool","isPartOf":{"@id":"https:\/\/chemitool.com\/#website"},"primaryImageOfPage":{"@id":"https:\/\/chemitool.com\/es\/products\/safety\/zapatos-de-seguridad\/botas-de-soldador-es\/bota-de-seguridad-sochi-s3-src\/#primaryimage"},"datePublished":"2021-08-23T16:12:41+00:00","dateModified":"2022-07-13T10:49:48+00:00","description":"Bota de Seguridad SOCHI S3 CHEMITOOL es indicada para soldadores, forrada en tela gris y cubierta con piel de vaca negra de alta calidad. Su puntera de acero protege sus pies de impactos, compresiones, objetos pesados \u200b\u200by perforaciones.","breadcrumb":{"@id":"https:\/\/chemitool.com\/es\/products\/safety\/zapatos-de-seguridad\/botas-de-soldador-es\/bota-de-seguridad-sochi-s3-src\/#breadcrumb"},"inLanguage":"es","potentialAction":[{"@type":"ReadAction","target":["https:\/\/chemitool.com\/es\/products\/safety\/zapatos-de-seguridad\/botas-de-soldador-es\/bota-de-seguridad-sochi-s3-src\/"]}]},{"@type":"BreadcrumbList","@id":"https:\/\/chemitool.com\/es\/products\/safety\/zapatos-de-seguridad\/botas-de-soldador-es\/bota-de-seguridad-sochi-s3-src\/#breadcrumb","itemListElement":[{"@type":"ListItem","position":1,"name":"Home","item":"https:\/\/chemitool.com\/es\/"},{"@type":"ListItem","position":2,"name":"Productos","item":"https:\/\/chemitool.com\/es\/productos\/"},{"@type":"ListItem","position":3,"name":"Safety","item":"https:\/\/chemitool.com\/es\/categoria-producto\/safety\/"},{"@type":"ListItem","position":4,"name":"zapatos de seguridad","item":"https:\/\/chemitool.com\/es\/categoria-producto\/safety\/zapatos-de-seguridad\/"},{"@type":"ListItem","position":5,"name":"Botas de soldador","item":"https:\/\/chemitool.com\/es\/categoria-producto\/safety\/zapatos-de-seguridad\/botas-de-soldador-es\/"},{"@type":"ListItem","position":6,"name":"BOTA DE SEGURIDAD SOCHI S3 SRC"}]}]}},"_links":{"self":[{"href":"https:\/\/chemitool.com\/es\/wp-json\/wp\/v2\/product\/13818"}],"collection":[{"href":"https:\/\/chemitool.com\/es\/wp-json\/wp\/v2\/product"}],"about":[{"href":"https:\/\/chemitool.com\/es\/wp-json\/wp\/v2\/types\/product"}],"wp:featuredmedia":[{"embeddable":true,"href":"https:\/\/chemitool.com\/es\/wp-json\/wp\/v2\/media\/24955"}],"wp:attachment":[{"href":"https:\/\/chemitool.com\/es\/wp-json\/wp\/v2\/media?parent=13818"}],"wp:term":[{"taxonomy":"product_cat","embeddable":true,"href":"https:\/\/chemitool.com\/es\/wp-json\/wp\/v2\/product_cat?post=13818"},{"taxonomy":"product_tag","embeddable":true,"href":"https:\/\/chemitool.com\/es\/wp-json\/wp\/v2\/product_tag?post=13818"}],"curies":[{"name":"wp","href":"https:\/\/api.w.org\/{rel}","templated":true}]}}