{"id":13505,"date":"2021-07-12T10:41:51","date_gmt":"2021-07-12T10:41:52","guid":{"rendered":"https:\/\/chemitool.com\/?post_type=product&#038;p=13505"},"modified":"2021-07-12T10:53:00","modified_gmt":"2021-07-12T10:53:00","slug":"antorcha-de-corte","status":"publish","type":"product","link":"https:\/\/chemitool.com\/es\/products\/welding\/accesorios\/antorcha-de-corte\/","title":{"rendered":"ANTORCHA DE CORTE"},"content":{"rendered":"<ul>\n<li>Corte de acero hasta 300 mm<\/li>\n<li>Tuber\u00edas de gas de acero inoxidable<\/li>\n<li>Resistencia al calentamiento<\/li>\n<li>Palanca superior de acero inoxidable<\/li>\n<li>Cabeza de lat\u00f3n forjado para mayor durabilidad y resistencia.<\/li>\n<li>Antorcha de corte manual de estilo brit\u00e1nico<\/li>\n<li>Princ\u00edpio de combinaci\u00f3n de puntas: m\u00e1xima seguridad para el operador<\/li>\n<\/ul>\n","protected":false},"excerpt":{"rendered":"<p><b class=\"sap-label\">SAP:<\/b> <span class=\"codesap-label\">CH1601<\/span><\/p>\n<p><em>Antorcha de Corte CHEMITOOL <\/em>es adecuado para cortar, calentar, cortar remaches y lavar, cincelar.<\/p>\n","protected":false},"featured_media":13502,"template":"","meta":[],"product_cat":[1462,1708],"product_tag":[2979,2927],"yoast_head":"<!-- This site is optimized with the Yoast SEO plugin v17.4 - https:\/\/yoast.com\/wordpress\/plugins\/seo\/ -->\n<title>ANTORCHA DE CORTE &ndash; Chemitool<\/title>\n<meta name=\"description\" content=\"SAP: CH1601  Antorcha de Corte CHEMITOOL es adecuado para cortar, calentar, cortar remaches y lavar, cincelar.\" \/>\n<meta name=\"robots\" content=\"index, follow, max-snippet:-1, max-image-preview:large, max-video-preview:-1\" \/>\n<link rel=\"canonical\" href=\"https:\/\/chemitool.com\/es\/products\/welding\/accesorios\/antorcha-de-corte\/\" \/>\n<meta property=\"og:locale\" content=\"es_ES\" \/>\n<meta property=\"og:type\" content=\"article\" \/>\n<meta property=\"og:title\" content=\"ANTORCHA DE CORTE &ndash; Chemitool\" \/>\n<meta property=\"og:description\" content=\"SAP: CH1601  Antorcha de Corte CHEMITOOL es adecuado para cortar, calentar, cortar remaches y lavar, cincelar.\" \/>\n<meta property=\"og:url\" content=\"https:\/\/chemitool.com\/es\/products\/welding\/accesorios\/antorcha-de-corte\/\" \/>\n<meta property=\"og:site_name\" content=\"Chemitool\" \/>\n<meta property=\"article:publisher\" content=\"https:\/\/www.facebook.com\/chemitool\" \/>\n<meta property=\"article:modified_time\" content=\"2021-07-12T10:53:00+00:00\" \/>\n<meta property=\"og:image\" content=\"https:\/\/chemitool.com\/wp-content\/uploads\/2021\/07\/CH1601_2.png\" \/>\n\t<meta property=\"og:image:width\" content=\"800\" \/>\n\t<meta property=\"og:image:height\" content=\"800\" \/>\n<meta name=\"twitter:card\" content=\"summary_large_image\" \/>\n<script type=\"application\/ld+json\" class=\"yoast-schema-graph\">{\"@context\":\"https:\/\/schema.org\",\"@graph\":[{\"@type\":\"Organization\",\"@id\":\"https:\/\/chemitool.com\/#organization\",\"name\":\"Chemitool\",\"url\":\"https:\/\/chemitool.com\/\",\"sameAs\":[\"https:\/\/www.facebook.com\/chemitool\",\"https:\/\/www.instagram.com\/chemitool\/\"],\"logo\":{\"@type\":\"ImageObject\",\"@id\":\"https:\/\/chemitool.com\/#logo\",\"inLanguage\":\"es\",\"url\":\"https:\/\/chemitool.com\/wp-content\/uploads\/2020\/10\/logo_chemitool.png\",\"contentUrl\":\"https:\/\/chemitool.com\/wp-content\/uploads\/2020\/10\/logo_chemitool.png\",\"width\":400,\"height\":400,\"caption\":\"Chemitool\"},\"image\":{\"@id\":\"https:\/\/chemitool.com\/#logo\"}},{\"@type\":\"WebSite\",\"@id\":\"https:\/\/chemitool.com\/#website\",\"url\":\"https:\/\/chemitool.com\/\",\"name\":\"Chemitool\",\"description\":\"Chemitool - hardware and tools\",\"publisher\":{\"@id\":\"https:\/\/chemitool.com\/#organization\"},\"potentialAction\":[{\"@type\":\"SearchAction\",\"target\":{\"@type\":\"EntryPoint\",\"urlTemplate\":\"https:\/\/chemitool.com\/?s={search_term_string}\"},\"query-input\":\"required name=search_term_string\"}],\"inLanguage\":\"es\"},{\"@type\":\"ImageObject\",\"@id\":\"https:\/\/chemitool.com\/es\/products\/welding\/accesorios\/antorcha-de-corte\/#primaryimage\",\"inLanguage\":\"es\",\"url\":\"https:\/\/chemitool.com\/wp-content\/uploads\/2021\/07\/CH1601_1-1.png\",\"contentUrl\":\"https:\/\/chemitool.com\/wp-content\/uploads\/2021\/07\/CH1601_1-1.png\",\"width\":800,\"height\":800},{\"@type\":\"WebPage\",\"@id\":\"https:\/\/chemitool.com\/es\/products\/welding\/accesorios\/antorcha-de-corte\/#webpage\",\"url\":\"https:\/\/chemitool.com\/es\/products\/welding\/accesorios\/antorcha-de-corte\/\",\"name\":\"ANTORCHA DE CORTE &ndash; Chemitool\",\"isPartOf\":{\"@id\":\"https:\/\/chemitool.com\/#website\"},\"primaryImageOfPage\":{\"@id\":\"https:\/\/chemitool.com\/es\/products\/welding\/accesorios\/antorcha-de-corte\/#primaryimage\"},\"datePublished\":\"2021-07-12T10:41:52+00:00\",\"dateModified\":\"2021-07-12T10:53:00+00:00\",\"description\":\"SAP: CH1601 Antorcha de Corte CHEMITOOL es adecuado para cortar, calentar, cortar remaches y lavar, cincelar.\",\"breadcrumb\":{\"@id\":\"https:\/\/chemitool.com\/es\/products\/welding\/accesorios\/antorcha-de-corte\/#breadcrumb\"},\"inLanguage\":\"es\",\"potentialAction\":[{\"@type\":\"ReadAction\",\"target\":[\"https:\/\/chemitool.com\/es\/products\/welding\/accesorios\/antorcha-de-corte\/\"]}]},{\"@type\":\"BreadcrumbList\",\"@id\":\"https:\/\/chemitool.com\/es\/products\/welding\/accesorios\/antorcha-de-corte\/#breadcrumb\",\"itemListElement\":[{\"@type\":\"ListItem\",\"position\":1,\"name\":\"Home\",\"item\":\"https:\/\/chemitool.com\/es\/\"},{\"@type\":\"ListItem\",\"position\":2,\"name\":\"Productos\",\"item\":\"https:\/\/chemitool.com\/es\/productos\/\"},{\"@type\":\"ListItem\",\"position\":3,\"name\":\"Welding\",\"item\":\"https:\/\/chemitool.com\/es\/categoria-producto\/welding\/\"},{\"@type\":\"ListItem\",\"position\":4,\"name\":\"Accesorios\",\"item\":\"https:\/\/chemitool.com\/es\/categoria-producto\/welding\/accesorios\/\"},{\"@type\":\"ListItem\",\"position\":5,\"name\":\"ANTORCHA DE CORTE\"}]}]}<\/script>\n<!-- \/ Yoast SEO plugin. -->","yoast_head_json":{"title":"ANTORCHA DE CORTE &ndash; Chemitool","description":"SAP: CH1601  Antorcha de Corte CHEMITOOL es adecuado para cortar, calentar, cortar remaches y lavar, cincelar.","robots":{"index":"index","follow":"follow","max-snippet":"max-snippet:-1","max-image-preview":"max-image-preview:large","max-video-preview":"max-video-preview:-1"},"canonical":"https:\/\/chemitool.com\/es\/products\/welding\/accesorios\/antorcha-de-corte\/","og_locale":"es_ES","og_type":"article","og_title":"ANTORCHA DE CORTE &ndash; Chemitool","og_description":"SAP: CH1601  Antorcha de Corte CHEMITOOL es adecuado para cortar, calentar, cortar remaches y lavar, cincelar.","og_url":"https:\/\/chemitool.com\/es\/products\/welding\/accesorios\/antorcha-de-corte\/","og_site_name":"Chemitool","article_publisher":"https:\/\/www.facebook.com\/chemitool","article_modified_time":"2021-07-12T10:53:00+00:00","og_image":[{"width":800,"height":800,"url":"https:\/\/chemitool.com\/wp-content\/uploads\/2021\/07\/CH1601_2.png","type":"image\/png"}],"twitter_card":"summary_large_image","schema":{"@context":"https:\/\/schema.org","@graph":[{"@type":"Organization","@id":"https:\/\/chemitool.com\/#organization","name":"Chemitool","url":"https:\/\/chemitool.com\/","sameAs":["https:\/\/www.facebook.com\/chemitool","https:\/\/www.instagram.com\/chemitool\/"],"logo":{"@type":"ImageObject","@id":"https:\/\/chemitool.com\/#logo","inLanguage":"es","url":"https:\/\/chemitool.com\/wp-content\/uploads\/2020\/10\/logo_chemitool.png","contentUrl":"https:\/\/chemitool.com\/wp-content\/uploads\/2020\/10\/logo_chemitool.png","width":400,"height":400,"caption":"Chemitool"},"image":{"@id":"https:\/\/chemitool.com\/#logo"}},{"@type":"WebSite","@id":"https:\/\/chemitool.com\/#website","url":"https:\/\/chemitool.com\/","name":"Chemitool","description":"Chemitool - hardware and tools","publisher":{"@id":"https:\/\/chemitool.com\/#organization"},"potentialAction":[{"@type":"SearchAction","target":{"@type":"EntryPoint","urlTemplate":"https:\/\/chemitool.com\/?s={search_term_string}"},"query-input":"required name=search_term_string"}],"inLanguage":"es"},{"@type":"ImageObject","@id":"https:\/\/chemitool.com\/es\/products\/welding\/accesorios\/antorcha-de-corte\/#primaryimage","inLanguage":"es","url":"https:\/\/chemitool.com\/wp-content\/uploads\/2021\/07\/CH1601_1-1.png","contentUrl":"https:\/\/chemitool.com\/wp-content\/uploads\/2021\/07\/CH1601_1-1.png","width":800,"height":800},{"@type":"WebPage","@id":"https:\/\/chemitool.com\/es\/products\/welding\/accesorios\/antorcha-de-corte\/#webpage","url":"https:\/\/chemitool.com\/es\/products\/welding\/accesorios\/antorcha-de-corte\/","name":"ANTORCHA DE CORTE &ndash; Chemitool","isPartOf":{"@id":"https:\/\/chemitool.com\/#website"},"primaryImageOfPage":{"@id":"https:\/\/chemitool.com\/es\/products\/welding\/accesorios\/antorcha-de-corte\/#primaryimage"},"datePublished":"2021-07-12T10:41:52+00:00","dateModified":"2021-07-12T10:53:00+00:00","description":"SAP: CH1601 Antorcha de Corte CHEMITOOL es adecuado para cortar, calentar, cortar remaches y lavar, cincelar.","breadcrumb":{"@id":"https:\/\/chemitool.com\/es\/products\/welding\/accesorios\/antorcha-de-corte\/#breadcrumb"},"inLanguage":"es","potentialAction":[{"@type":"ReadAction","target":["https:\/\/chemitool.com\/es\/products\/welding\/accesorios\/antorcha-de-corte\/"]}]},{"@type":"BreadcrumbList","@id":"https:\/\/chemitool.com\/es\/products\/welding\/accesorios\/antorcha-de-corte\/#breadcrumb","itemListElement":[{"@type":"ListItem","position":1,"name":"Home","item":"https:\/\/chemitool.com\/es\/"},{"@type":"ListItem","position":2,"name":"Productos","item":"https:\/\/chemitool.com\/es\/productos\/"},{"@type":"ListItem","position":3,"name":"Welding","item":"https:\/\/chemitool.com\/es\/categoria-producto\/welding\/"},{"@type":"ListItem","position":4,"name":"Accesorios","item":"https:\/\/chemitool.com\/es\/categoria-producto\/welding\/accesorios\/"},{"@type":"ListItem","position":5,"name":"ANTORCHA DE CORTE"}]}]}},"_links":{"self":[{"href":"https:\/\/chemitool.com\/es\/wp-json\/wp\/v2\/product\/13505"}],"collection":[{"href":"https:\/\/chemitool.com\/es\/wp-json\/wp\/v2\/product"}],"about":[{"href":"https:\/\/chemitool.com\/es\/wp-json\/wp\/v2\/types\/product"}],"wp:featuredmedia":[{"embeddable":true,"href":"https:\/\/chemitool.com\/es\/wp-json\/wp\/v2\/media\/13502"}],"wp:attachment":[{"href":"https:\/\/chemitool.com\/es\/wp-json\/wp\/v2\/media?parent=13505"}],"wp:term":[{"taxonomy":"product_cat","embeddable":true,"href":"https:\/\/chemitool.com\/es\/wp-json\/wp\/v2\/product_cat?post=13505"},{"taxonomy":"product_tag","embeddable":true,"href":"https:\/\/chemitool.com\/es\/wp-json\/wp\/v2\/product_tag?post=13505"}],"curies":[{"name":"wp","href":"https:\/\/api.w.org\/{rel}","templated":true}]}}