{"id":12904,"date":"2021-05-27T16:24:01","date_gmt":"2021-05-27T16:24:01","guid":{"rendered":"https:\/\/chemitool.com\/?post_type=product&#038;p=12904"},"modified":"2021-05-31T10:10:12","modified_gmt":"2021-05-31T10:10:12","slug":"spray-abrillantador-para-neumaticos-chemisol","status":"publish","type":"product","link":"https:\/\/chemitool.com\/es\/products\/chemicals\/sprays-es\/auto-es\/spray-abrillantador-para-neumaticos-chemisol\/","title":{"rendered":"SPRAY ABRILLANTADOR PARA NEUM\u00c1TICOS CHEMISOL"},"content":{"rendered":"<p><strong>VENTAJAS<\/strong><\/p>\n<ul>\n<li>De color negro<\/li>\n<li>Protege del clima<\/li>\n<li>Evita la formaci\u00f3n de grietas<\/li>\n<\/ul>\n<p><strong>INDICACIONES<\/strong><\/p>\n<p>Almacenar el producto en un lugar seco a una temperatura entre 0\u00baC y 45\u00baC.<br \/>\nDespu\u00e9s del primer uso, debe mantenerse en un lugar fresco y seco, alejado de fuentes de calor.<\/p>\n","protected":false},"excerpt":{"rendered":"<p><b class=\"sap-label\">SAP:<\/b> <span class=\"codesap-label\">CHC020405<\/span><\/p>\n<p><em>Spray Abrillantador para Neum\u00e1ticos CHEMISOL<\/em> es ideal para el mantenimiento de llantas de autom\u00f3viles, devolviendo su color negro original y, al mismo tiempo, protegiendo el neum\u00e1tico de la intemperie y la formaci\u00f3n de grietas.<\/p>\n","protected":false},"featured_media":45267,"template":"","meta":[],"product_cat":[1209,1218,1239],"product_tag":[140],"yoast_head":"<!-- This site is optimized with the Yoast SEO plugin v17.4 - https:\/\/yoast.com\/wordpress\/plugins\/seo\/ -->\n<title>SPRAY ABRILLANTADOR PARA NEUM\u00c1TICOS CHEMISOL &ndash; Chemitool<\/title>\n<meta name=\"description\" content=\"SAP: CHC020405  Spray Abrillantador para Neum\u00e1ticos CHEMISOL es ideal para el mantenimiento de llantas de autom\u00f3viles, devolviendo su color negro original y, al mismo tiempo, protegiendo el neum\u00e1tico de la intemperie y la formaci\u00f3n de grietas.\" \/>\n<meta name=\"robots\" content=\"index, follow, max-snippet:-1, max-image-preview:large, max-video-preview:-1\" \/>\n<link rel=\"canonical\" href=\"https:\/\/chemitool.com\/es\/products\/chemical-products\/sprays\/automotive-2\/spray-abrillantador-para-neumaticos-chemisol\/\" \/>\n<meta property=\"og:locale\" content=\"es_ES\" \/>\n<meta property=\"og:type\" content=\"article\" \/>\n<meta property=\"og:title\" content=\"SPRAY ABRILLANTADOR PARA NEUM\u00c1TICOS CHEMISOL &ndash; Chemitool\" \/>\n<meta property=\"og:description\" content=\"SAP: CHC020405  Spray Abrillantador para Neum\u00e1ticos CHEMISOL es ideal para el mantenimiento de llantas de autom\u00f3viles, devolviendo su color negro original y, al mismo tiempo, protegiendo el neum\u00e1tico de la intemperie y la formaci\u00f3n de grietas.\" \/>\n<meta property=\"og:url\" content=\"https:\/\/chemitool.com\/es\/products\/chemical-products\/sprays\/automotive-2\/spray-abrillantador-para-neumaticos-chemisol\/\" \/>\n<meta property=\"og:site_name\" content=\"Chemitool\" \/>\n<meta property=\"article:publisher\" content=\"https:\/\/www.facebook.com\/chemitool\" \/>\n<meta property=\"article:modified_time\" content=\"2021-05-31T10:10:12+00:00\" \/>\n<meta property=\"og:image\" content=\"https:\/\/chemitool.com\/wp-content\/uploads\/2026\/02\/CHC020405_WEB.png\" \/>\n\t<meta property=\"og:image:width\" content=\"800\" \/>\n\t<meta property=\"og:image:height\" content=\"800\" \/>\n<meta name=\"twitter:card\" content=\"summary_large_image\" \/>\n<script type=\"application\/ld+json\" class=\"yoast-schema-graph\">{\"@context\":\"https:\/\/schema.org\",\"@graph\":[{\"@type\":\"Organization\",\"@id\":\"https:\/\/chemitool.com\/#organization\",\"name\":\"Chemitool\",\"url\":\"https:\/\/chemitool.com\/\",\"sameAs\":[\"https:\/\/www.facebook.com\/chemitool\",\"https:\/\/www.instagram.com\/chemitool\/\"],\"logo\":{\"@type\":\"ImageObject\",\"@id\":\"https:\/\/chemitool.com\/#logo\",\"inLanguage\":\"es\",\"url\":\"https:\/\/chemitool.com\/wp-content\/uploads\/2020\/10\/logo_chemitool.png\",\"contentUrl\":\"https:\/\/chemitool.com\/wp-content\/uploads\/2020\/10\/logo_chemitool.png\",\"width\":400,\"height\":400,\"caption\":\"Chemitool\"},\"image\":{\"@id\":\"https:\/\/chemitool.com\/#logo\"}},{\"@type\":\"WebSite\",\"@id\":\"https:\/\/chemitool.com\/#website\",\"url\":\"https:\/\/chemitool.com\/\",\"name\":\"Chemitool\",\"description\":\"Chemitool - hardware and tools\",\"publisher\":{\"@id\":\"https:\/\/chemitool.com\/#organization\"},\"potentialAction\":[{\"@type\":\"SearchAction\",\"target\":{\"@type\":\"EntryPoint\",\"urlTemplate\":\"https:\/\/chemitool.com\/?s={search_term_string}\"},\"query-input\":\"required name=search_term_string\"}],\"inLanguage\":\"es\"},{\"@type\":\"ImageObject\",\"@id\":\"https:\/\/chemitool.com\/es\/products\/chemical-products\/sprays\/automotive-2\/spray-abrillantador-para-neumaticos-chemisol\/#primaryimage\",\"inLanguage\":\"es\",\"url\":\"https:\/\/chemitool.com\/wp-content\/uploads\/2026\/02\/CHC020405_WEB.png\",\"contentUrl\":\"https:\/\/chemitool.com\/wp-content\/uploads\/2026\/02\/CHC020405_WEB.png\",\"width\":800,\"height\":800},{\"@type\":\"WebPage\",\"@id\":\"https:\/\/chemitool.com\/es\/products\/chemical-products\/sprays\/automotive-2\/spray-abrillantador-para-neumaticos-chemisol\/#webpage\",\"url\":\"https:\/\/chemitool.com\/es\/products\/chemical-products\/sprays\/automotive-2\/spray-abrillantador-para-neumaticos-chemisol\/\",\"name\":\"SPRAY ABRILLANTADOR PARA NEUM\\u00c1TICOS CHEMISOL &ndash; Chemitool\",\"isPartOf\":{\"@id\":\"https:\/\/chemitool.com\/#website\"},\"primaryImageOfPage\":{\"@id\":\"https:\/\/chemitool.com\/es\/products\/chemical-products\/sprays\/automotive-2\/spray-abrillantador-para-neumaticos-chemisol\/#primaryimage\"},\"datePublished\":\"2021-05-27T16:24:01+00:00\",\"dateModified\":\"2021-05-31T10:10:12+00:00\",\"description\":\"SAP: CHC020405 Spray Abrillantador para Neum\\u00e1ticos CHEMISOL es ideal para el mantenimiento de llantas de autom\\u00f3viles, devolviendo su color negro original y, al mismo tiempo, protegiendo el neum\\u00e1tico de la intemperie y la formaci\\u00f3n de grietas.\",\"breadcrumb\":{\"@id\":\"https:\/\/chemitool.com\/es\/products\/chemical-products\/sprays\/automotive-2\/spray-abrillantador-para-neumaticos-chemisol\/#breadcrumb\"},\"inLanguage\":\"es\",\"potentialAction\":[{\"@type\":\"ReadAction\",\"target\":[\"https:\/\/chemitool.com\/es\/products\/chemical-products\/sprays\/automotive-2\/spray-abrillantador-para-neumaticos-chemisol\/\"]}]},{\"@type\":\"BreadcrumbList\",\"@id\":\"https:\/\/chemitool.com\/es\/products\/chemical-products\/sprays\/automotive-2\/spray-abrillantador-para-neumaticos-chemisol\/#breadcrumb\",\"itemListElement\":[{\"@type\":\"ListItem\",\"position\":1,\"name\":\"Home\",\"item\":\"https:\/\/chemitool.com\/es\/\"},{\"@type\":\"ListItem\",\"position\":2,\"name\":\"Productos\",\"item\":\"https:\/\/chemitool.com\/es\/productos\/\"},{\"@type\":\"ListItem\",\"position\":3,\"name\":\"Chemicals\",\"item\":\"https:\/\/chemitool.com\/product-category\/chemical-products\/\"},{\"@type\":\"ListItem\",\"position\":4,\"name\":\"SPRAY ABRILLANTADOR PARA NEUM\\u00c1TICOS CHEMISOL\"}]}]}<\/script>\n<!-- \/ Yoast SEO plugin. -->","yoast_head_json":{"title":"SPRAY ABRILLANTADOR PARA NEUM\u00c1TICOS CHEMISOL &ndash; Chemitool","description":"SAP: CHC020405  Spray Abrillantador para Neum\u00e1ticos CHEMISOL es ideal para el mantenimiento de llantas de autom\u00f3viles, devolviendo su color negro original y, al mismo tiempo, protegiendo el neum\u00e1tico de la intemperie y la formaci\u00f3n de grietas.","robots":{"index":"index","follow":"follow","max-snippet":"max-snippet:-1","max-image-preview":"max-image-preview:large","max-video-preview":"max-video-preview:-1"},"canonical":"https:\/\/chemitool.com\/es\/products\/chemical-products\/sprays\/automotive-2\/spray-abrillantador-para-neumaticos-chemisol\/","og_locale":"es_ES","og_type":"article","og_title":"SPRAY ABRILLANTADOR PARA NEUM\u00c1TICOS CHEMISOL &ndash; Chemitool","og_description":"SAP: CHC020405  Spray Abrillantador para Neum\u00e1ticos CHEMISOL es ideal para el mantenimiento de llantas de autom\u00f3viles, devolviendo su color negro original y, al mismo tiempo, protegiendo el neum\u00e1tico de la intemperie y la formaci\u00f3n de grietas.","og_url":"https:\/\/chemitool.com\/es\/products\/chemical-products\/sprays\/automotive-2\/spray-abrillantador-para-neumaticos-chemisol\/","og_site_name":"Chemitool","article_publisher":"https:\/\/www.facebook.com\/chemitool","article_modified_time":"2021-05-31T10:10:12+00:00","og_image":[{"width":800,"height":800,"url":"https:\/\/chemitool.com\/wp-content\/uploads\/2026\/02\/CHC020405_WEB.png","type":"image\/png"}],"twitter_card":"summary_large_image","schema":{"@context":"https:\/\/schema.org","@graph":[{"@type":"Organization","@id":"https:\/\/chemitool.com\/#organization","name":"Chemitool","url":"https:\/\/chemitool.com\/","sameAs":["https:\/\/www.facebook.com\/chemitool","https:\/\/www.instagram.com\/chemitool\/"],"logo":{"@type":"ImageObject","@id":"https:\/\/chemitool.com\/#logo","inLanguage":"es","url":"https:\/\/chemitool.com\/wp-content\/uploads\/2020\/10\/logo_chemitool.png","contentUrl":"https:\/\/chemitool.com\/wp-content\/uploads\/2020\/10\/logo_chemitool.png","width":400,"height":400,"caption":"Chemitool"},"image":{"@id":"https:\/\/chemitool.com\/#logo"}},{"@type":"WebSite","@id":"https:\/\/chemitool.com\/#website","url":"https:\/\/chemitool.com\/","name":"Chemitool","description":"Chemitool - hardware and tools","publisher":{"@id":"https:\/\/chemitool.com\/#organization"},"potentialAction":[{"@type":"SearchAction","target":{"@type":"EntryPoint","urlTemplate":"https:\/\/chemitool.com\/?s={search_term_string}"},"query-input":"required name=search_term_string"}],"inLanguage":"es"},{"@type":"ImageObject","@id":"https:\/\/chemitool.com\/es\/products\/chemical-products\/sprays\/automotive-2\/spray-abrillantador-para-neumaticos-chemisol\/#primaryimage","inLanguage":"es","url":"https:\/\/chemitool.com\/wp-content\/uploads\/2026\/02\/CHC020405_WEB.png","contentUrl":"https:\/\/chemitool.com\/wp-content\/uploads\/2026\/02\/CHC020405_WEB.png","width":800,"height":800},{"@type":"WebPage","@id":"https:\/\/chemitool.com\/es\/products\/chemical-products\/sprays\/automotive-2\/spray-abrillantador-para-neumaticos-chemisol\/#webpage","url":"https:\/\/chemitool.com\/es\/products\/chemical-products\/sprays\/automotive-2\/spray-abrillantador-para-neumaticos-chemisol\/","name":"SPRAY ABRILLANTADOR PARA NEUM\u00c1TICOS CHEMISOL &ndash; Chemitool","isPartOf":{"@id":"https:\/\/chemitool.com\/#website"},"primaryImageOfPage":{"@id":"https:\/\/chemitool.com\/es\/products\/chemical-products\/sprays\/automotive-2\/spray-abrillantador-para-neumaticos-chemisol\/#primaryimage"},"datePublished":"2021-05-27T16:24:01+00:00","dateModified":"2021-05-31T10:10:12+00:00","description":"SAP: CHC020405 Spray Abrillantador para Neum\u00e1ticos CHEMISOL es ideal para el mantenimiento de llantas de autom\u00f3viles, devolviendo su color negro original y, al mismo tiempo, protegiendo el neum\u00e1tico de la intemperie y la formaci\u00f3n de grietas.","breadcrumb":{"@id":"https:\/\/chemitool.com\/es\/products\/chemical-products\/sprays\/automotive-2\/spray-abrillantador-para-neumaticos-chemisol\/#breadcrumb"},"inLanguage":"es","potentialAction":[{"@type":"ReadAction","target":["https:\/\/chemitool.com\/es\/products\/chemical-products\/sprays\/automotive-2\/spray-abrillantador-para-neumaticos-chemisol\/"]}]},{"@type":"BreadcrumbList","@id":"https:\/\/chemitool.com\/es\/products\/chemical-products\/sprays\/automotive-2\/spray-abrillantador-para-neumaticos-chemisol\/#breadcrumb","itemListElement":[{"@type":"ListItem","position":1,"name":"Home","item":"https:\/\/chemitool.com\/es\/"},{"@type":"ListItem","position":2,"name":"Productos","item":"https:\/\/chemitool.com\/es\/productos\/"},{"@type":"ListItem","position":3,"name":"Chemicals","item":"https:\/\/chemitool.com\/product-category\/chemical-products\/"},{"@type":"ListItem","position":4,"name":"SPRAY ABRILLANTADOR PARA NEUM\u00c1TICOS CHEMISOL"}]}]}},"_links":{"self":[{"href":"https:\/\/chemitool.com\/es\/wp-json\/wp\/v2\/product\/12904"}],"collection":[{"href":"https:\/\/chemitool.com\/es\/wp-json\/wp\/v2\/product"}],"about":[{"href":"https:\/\/chemitool.com\/es\/wp-json\/wp\/v2\/types\/product"}],"wp:featuredmedia":[{"embeddable":true,"href":"https:\/\/chemitool.com\/es\/wp-json\/wp\/v2\/media\/45267"}],"wp:attachment":[{"href":"https:\/\/chemitool.com\/es\/wp-json\/wp\/v2\/media?parent=12904"}],"wp:term":[{"taxonomy":"product_cat","embeddable":true,"href":"https:\/\/chemitool.com\/es\/wp-json\/wp\/v2\/product_cat?post=12904"},{"taxonomy":"product_tag","embeddable":true,"href":"https:\/\/chemitool.com\/es\/wp-json\/wp\/v2\/product_tag?post=12904"}],"curies":[{"name":"wp","href":"https:\/\/api.w.org\/{rel}","templated":true}]}}