{"id":12168,"date":"2021-04-30T10:43:01","date_gmt":"2021-04-30T10:43:01","guid":{"rendered":"https:\/\/chemitool.com\/?post_type=product&#038;p=12168"},"modified":"2021-05-13T11:03:21","modified_gmt":"2021-05-13T11:03:21","slug":"compresor-de-piston-con-correa-500l-5555hp","status":"publish","type":"product","link":"https:\/\/chemitool.com\/es\/products\/tools\/compresores\/compresores-con-correa\/compresor-de-piston-con-correa-500l-5555hp\/","title":{"rendered":"COMPRESOR DE PIST\u00d3N CON CORREA 500L 5,5+5,5HP"},"content":{"rendered":"<p><strong>VENTAJAS<\/strong><\/p>\n<ul>\n<li>Alta eficiencia volum\u00e9trica<\/li>\n<li>Alta ventilaci\u00f3n para una protecci\u00f3n total de la transmisi\u00f3n<\/li>\n<li>V\u00e1lvulas especiales de acero inoxidable<\/li>\n<li>Mayor ventilaci\u00f3n para \u00e1reas de alta temperatura<\/li>\n<\/ul>\n","protected":false},"excerpt":{"rendered":"<p><b class=\"sap-label\">SAP:<\/b> <span class=\"codesap-label\">CH9001500055TD<\/span><\/p>\n<p><em>Compresor de Pist\u00f3n con Correa CHEMITOOL<\/em> es adecuado para una variedad de aplicaciones en la industria, el trabajo en talleres, el mantenimiento y la producci\u00f3n. Su cilindro est\u00e1 fabricado en aluminio con un interior de hierro fundido, para una mayor durabilidad. La culata, el cilindro y los colectores son refrigerados y tienen una gran superficie para garantizar una mayor refrigeraci\u00f3n.<\/p>\n","protected":false},"featured_media":12217,"template":"","meta":[],"product_cat":[1456,2645,3629],"product_tag":[],"yoast_head":"<!-- This site is optimized with the Yoast SEO plugin v17.4 - https:\/\/yoast.com\/wordpress\/plugins\/seo\/ -->\n<title>COMPRESOR DE PIST\u00d3N CON CORREA 500L 5,5+5,5HP &ndash; Chemitool<\/title>\n<meta name=\"description\" content=\"SAP: CH9001500055TD  Compresor de Pist\u00f3n con Correa CHEMITOOL es adecuado para una variedad de aplicaciones en la industria, el trabajo en talleres, el mantenimiento y la producci\u00f3n. Su cilindro est\u00e1 fabricado en aluminio con un interior de hierro fundido, para una mayor durabilidad. La culata, el cilindro y los colectores son refrigerados y tienen una gran superficie para garantizar una mayor refrigeraci\u00f3n.\" \/>\n<meta name=\"robots\" content=\"index, follow, max-snippet:-1, max-image-preview:large, max-video-preview:-1\" \/>\n<link rel=\"canonical\" href=\"https:\/\/chemitool.com\/es\/products\/tools\/compresores\/compresores-con-correa\/compresor-de-piston-con-correa-500l-5555hp\/\" \/>\n<meta property=\"og:locale\" content=\"es_ES\" \/>\n<meta property=\"og:type\" content=\"article\" \/>\n<meta property=\"og:title\" content=\"COMPRESOR DE PIST\u00d3N CON CORREA 500L 5,5+5,5HP &ndash; Chemitool\" \/>\n<meta property=\"og:description\" content=\"SAP: CH9001500055TD  Compresor de Pist\u00f3n con Correa CHEMITOOL es adecuado para una variedad de aplicaciones en la industria, el trabajo en talleres, el mantenimiento y la producci\u00f3n. Su cilindro est\u00e1 fabricado en aluminio con un interior de hierro fundido, para una mayor durabilidad. La culata, el cilindro y los colectores son refrigerados y tienen una gran superficie para garantizar una mayor refrigeraci\u00f3n.\" \/>\n<meta property=\"og:url\" content=\"https:\/\/chemitool.com\/es\/products\/tools\/compresores\/compresores-con-correa\/compresor-de-piston-con-correa-500l-5555hp\/\" \/>\n<meta property=\"og:site_name\" content=\"Chemitool\" \/>\n<meta property=\"article:publisher\" content=\"https:\/\/www.facebook.com\/chemitool\" \/>\n<meta property=\"article:modified_time\" content=\"2021-05-13T11:03:21+00:00\" \/>\n<meta property=\"og:image\" content=\"https:\/\/chemitool.com\/wp-content\/uploads\/2021\/04\/compressor_1-1.png\" \/>\n\t<meta property=\"og:image:width\" content=\"800\" \/>\n\t<meta property=\"og:image:height\" content=\"800\" \/>\n<meta name=\"twitter:card\" content=\"summary_large_image\" \/>\n<script type=\"application\/ld+json\" class=\"yoast-schema-graph\">{\"@context\":\"https:\/\/schema.org\",\"@graph\":[{\"@type\":\"Organization\",\"@id\":\"https:\/\/chemitool.com\/#organization\",\"name\":\"Chemitool\",\"url\":\"https:\/\/chemitool.com\/\",\"sameAs\":[\"https:\/\/www.facebook.com\/chemitool\",\"https:\/\/www.instagram.com\/chemitool\/\"],\"logo\":{\"@type\":\"ImageObject\",\"@id\":\"https:\/\/chemitool.com\/#logo\",\"inLanguage\":\"es\",\"url\":\"https:\/\/chemitool.com\/wp-content\/uploads\/2020\/10\/logo_chemitool.png\",\"contentUrl\":\"https:\/\/chemitool.com\/wp-content\/uploads\/2020\/10\/logo_chemitool.png\",\"width\":400,\"height\":400,\"caption\":\"Chemitool\"},\"image\":{\"@id\":\"https:\/\/chemitool.com\/#logo\"}},{\"@type\":\"WebSite\",\"@id\":\"https:\/\/chemitool.com\/#website\",\"url\":\"https:\/\/chemitool.com\/\",\"name\":\"Chemitool\",\"description\":\"Chemitool - hardware and tools\",\"publisher\":{\"@id\":\"https:\/\/chemitool.com\/#organization\"},\"potentialAction\":[{\"@type\":\"SearchAction\",\"target\":{\"@type\":\"EntryPoint\",\"urlTemplate\":\"https:\/\/chemitool.com\/?s={search_term_string}\"},\"query-input\":\"required name=search_term_string\"}],\"inLanguage\":\"es\"},{\"@type\":\"ImageObject\",\"@id\":\"https:\/\/chemitool.com\/es\/products\/tools\/compresores\/compresores-con-correa\/compresor-de-piston-con-correa-500l-5555hp\/#primaryimage\",\"inLanguage\":\"es\",\"url\":\"https:\/\/chemitool.com\/wp-content\/uploads\/2021\/04\/compressor_1-1.png\",\"contentUrl\":\"https:\/\/chemitool.com\/wp-content\/uploads\/2021\/04\/compressor_1-1.png\",\"width\":800,\"height\":800},{\"@type\":\"WebPage\",\"@id\":\"https:\/\/chemitool.com\/es\/products\/tools\/compresores\/compresores-con-correa\/compresor-de-piston-con-correa-500l-5555hp\/#webpage\",\"url\":\"https:\/\/chemitool.com\/es\/products\/tools\/compresores\/compresores-con-correa\/compresor-de-piston-con-correa-500l-5555hp\/\",\"name\":\"COMPRESOR DE PIST\\u00d3N CON CORREA 500L 5,5+5,5HP &ndash; Chemitool\",\"isPartOf\":{\"@id\":\"https:\/\/chemitool.com\/#website\"},\"primaryImageOfPage\":{\"@id\":\"https:\/\/chemitool.com\/es\/products\/tools\/compresores\/compresores-con-correa\/compresor-de-piston-con-correa-500l-5555hp\/#primaryimage\"},\"datePublished\":\"2021-04-30T10:43:01+00:00\",\"dateModified\":\"2021-05-13T11:03:21+00:00\",\"description\":\"SAP: CH9001500055TD Compresor de Pist\\u00f3n con Correa CHEMITOOL es adecuado para una variedad de aplicaciones en la industria, el trabajo en talleres, el mantenimiento y la producci\\u00f3n. Su cilindro est\\u00e1 fabricado en aluminio con un interior de hierro fundido, para una mayor durabilidad. La culata, el cilindro y los colectores son refrigerados y tienen una gran superficie para garantizar una mayor refrigeraci\\u00f3n.\",\"breadcrumb\":{\"@id\":\"https:\/\/chemitool.com\/es\/products\/tools\/compresores\/compresores-con-correa\/compresor-de-piston-con-correa-500l-5555hp\/#breadcrumb\"},\"inLanguage\":\"es\",\"potentialAction\":[{\"@type\":\"ReadAction\",\"target\":[\"https:\/\/chemitool.com\/es\/products\/tools\/compresores\/compresores-con-correa\/compresor-de-piston-con-correa-500l-5555hp\/\"]}]},{\"@type\":\"BreadcrumbList\",\"@id\":\"https:\/\/chemitool.com\/es\/products\/tools\/compresores\/compresores-con-correa\/compresor-de-piston-con-correa-500l-5555hp\/#breadcrumb\",\"itemListElement\":[{\"@type\":\"ListItem\",\"position\":1,\"name\":\"Home\",\"item\":\"https:\/\/chemitool.com\/es\/\"},{\"@type\":\"ListItem\",\"position\":2,\"name\":\"Productos\",\"item\":\"https:\/\/chemitool.com\/es\/productos\/\"},{\"@type\":\"ListItem\",\"position\":3,\"name\":\"Tools\",\"item\":\"https:\/\/chemitool.com\/es\/categoria-producto\/tools\/\"},{\"@type\":\"ListItem\",\"position\":4,\"name\":\"COMPRESORES\",\"item\":\"https:\/\/chemitool.com\/es\/categoria-producto\/tools\/compresores\/\"},{\"@type\":\"ListItem\",\"position\":5,\"name\":\"Compresores con Correa\",\"item\":\"https:\/\/chemitool.com\/es\/categoria-producto\/tools\/compresores\/compresores-con-correa\/\"},{\"@type\":\"ListItem\",\"position\":6,\"name\":\"COMPRESOR DE PIST\\u00d3N CON CORREA 500L 5,5+5,5HP\"}]}]}<\/script>\n<!-- \/ Yoast SEO plugin. -->","yoast_head_json":{"title":"COMPRESOR DE PIST\u00d3N CON CORREA 500L 5,5+5,5HP &ndash; Chemitool","description":"SAP: CH9001500055TD  Compresor de Pist\u00f3n con Correa CHEMITOOL es adecuado para una variedad de aplicaciones en la industria, el trabajo en talleres, el mantenimiento y la producci\u00f3n. Su cilindro est\u00e1 fabricado en aluminio con un interior de hierro fundido, para una mayor durabilidad. La culata, el cilindro y los colectores son refrigerados y tienen una gran superficie para garantizar una mayor refrigeraci\u00f3n.","robots":{"index":"index","follow":"follow","max-snippet":"max-snippet:-1","max-image-preview":"max-image-preview:large","max-video-preview":"max-video-preview:-1"},"canonical":"https:\/\/chemitool.com\/es\/products\/tools\/compresores\/compresores-con-correa\/compresor-de-piston-con-correa-500l-5555hp\/","og_locale":"es_ES","og_type":"article","og_title":"COMPRESOR DE PIST\u00d3N CON CORREA 500L 5,5+5,5HP &ndash; Chemitool","og_description":"SAP: CH9001500055TD  Compresor de Pist\u00f3n con Correa CHEMITOOL es adecuado para una variedad de aplicaciones en la industria, el trabajo en talleres, el mantenimiento y la producci\u00f3n. Su cilindro est\u00e1 fabricado en aluminio con un interior de hierro fundido, para una mayor durabilidad. La culata, el cilindro y los colectores son refrigerados y tienen una gran superficie para garantizar una mayor refrigeraci\u00f3n.","og_url":"https:\/\/chemitool.com\/es\/products\/tools\/compresores\/compresores-con-correa\/compresor-de-piston-con-correa-500l-5555hp\/","og_site_name":"Chemitool","article_publisher":"https:\/\/www.facebook.com\/chemitool","article_modified_time":"2021-05-13T11:03:21+00:00","og_image":[{"width":800,"height":800,"url":"https:\/\/chemitool.com\/wp-content\/uploads\/2021\/04\/compressor_1-1.png","type":"image\/png"}],"twitter_card":"summary_large_image","schema":{"@context":"https:\/\/schema.org","@graph":[{"@type":"Organization","@id":"https:\/\/chemitool.com\/#organization","name":"Chemitool","url":"https:\/\/chemitool.com\/","sameAs":["https:\/\/www.facebook.com\/chemitool","https:\/\/www.instagram.com\/chemitool\/"],"logo":{"@type":"ImageObject","@id":"https:\/\/chemitool.com\/#logo","inLanguage":"es","url":"https:\/\/chemitool.com\/wp-content\/uploads\/2020\/10\/logo_chemitool.png","contentUrl":"https:\/\/chemitool.com\/wp-content\/uploads\/2020\/10\/logo_chemitool.png","width":400,"height":400,"caption":"Chemitool"},"image":{"@id":"https:\/\/chemitool.com\/#logo"}},{"@type":"WebSite","@id":"https:\/\/chemitool.com\/#website","url":"https:\/\/chemitool.com\/","name":"Chemitool","description":"Chemitool - hardware and tools","publisher":{"@id":"https:\/\/chemitool.com\/#organization"},"potentialAction":[{"@type":"SearchAction","target":{"@type":"EntryPoint","urlTemplate":"https:\/\/chemitool.com\/?s={search_term_string}"},"query-input":"required name=search_term_string"}],"inLanguage":"es"},{"@type":"ImageObject","@id":"https:\/\/chemitool.com\/es\/products\/tools\/compresores\/compresores-con-correa\/compresor-de-piston-con-correa-500l-5555hp\/#primaryimage","inLanguage":"es","url":"https:\/\/chemitool.com\/wp-content\/uploads\/2021\/04\/compressor_1-1.png","contentUrl":"https:\/\/chemitool.com\/wp-content\/uploads\/2021\/04\/compressor_1-1.png","width":800,"height":800},{"@type":"WebPage","@id":"https:\/\/chemitool.com\/es\/products\/tools\/compresores\/compresores-con-correa\/compresor-de-piston-con-correa-500l-5555hp\/#webpage","url":"https:\/\/chemitool.com\/es\/products\/tools\/compresores\/compresores-con-correa\/compresor-de-piston-con-correa-500l-5555hp\/","name":"COMPRESOR DE PIST\u00d3N CON CORREA 500L 5,5+5,5HP &ndash; Chemitool","isPartOf":{"@id":"https:\/\/chemitool.com\/#website"},"primaryImageOfPage":{"@id":"https:\/\/chemitool.com\/es\/products\/tools\/compresores\/compresores-con-correa\/compresor-de-piston-con-correa-500l-5555hp\/#primaryimage"},"datePublished":"2021-04-30T10:43:01+00:00","dateModified":"2021-05-13T11:03:21+00:00","description":"SAP: CH9001500055TD Compresor de Pist\u00f3n con Correa CHEMITOOL es adecuado para una variedad de aplicaciones en la industria, el trabajo en talleres, el mantenimiento y la producci\u00f3n. Su cilindro est\u00e1 fabricado en aluminio con un interior de hierro fundido, para una mayor durabilidad. La culata, el cilindro y los colectores son refrigerados y tienen una gran superficie para garantizar una mayor refrigeraci\u00f3n.","breadcrumb":{"@id":"https:\/\/chemitool.com\/es\/products\/tools\/compresores\/compresores-con-correa\/compresor-de-piston-con-correa-500l-5555hp\/#breadcrumb"},"inLanguage":"es","potentialAction":[{"@type":"ReadAction","target":["https:\/\/chemitool.com\/es\/products\/tools\/compresores\/compresores-con-correa\/compresor-de-piston-con-correa-500l-5555hp\/"]}]},{"@type":"BreadcrumbList","@id":"https:\/\/chemitool.com\/es\/products\/tools\/compresores\/compresores-con-correa\/compresor-de-piston-con-correa-500l-5555hp\/#breadcrumb","itemListElement":[{"@type":"ListItem","position":1,"name":"Home","item":"https:\/\/chemitool.com\/es\/"},{"@type":"ListItem","position":2,"name":"Productos","item":"https:\/\/chemitool.com\/es\/productos\/"},{"@type":"ListItem","position":3,"name":"Tools","item":"https:\/\/chemitool.com\/es\/categoria-producto\/tools\/"},{"@type":"ListItem","position":4,"name":"COMPRESORES","item":"https:\/\/chemitool.com\/es\/categoria-producto\/tools\/compresores\/"},{"@type":"ListItem","position":5,"name":"Compresores con Correa","item":"https:\/\/chemitool.com\/es\/categoria-producto\/tools\/compresores\/compresores-con-correa\/"},{"@type":"ListItem","position":6,"name":"COMPRESOR DE PIST\u00d3N CON CORREA 500L 5,5+5,5HP"}]}]}},"_links":{"self":[{"href":"https:\/\/chemitool.com\/es\/wp-json\/wp\/v2\/product\/12168"}],"collection":[{"href":"https:\/\/chemitool.com\/es\/wp-json\/wp\/v2\/product"}],"about":[{"href":"https:\/\/chemitool.com\/es\/wp-json\/wp\/v2\/types\/product"}],"wp:featuredmedia":[{"embeddable":true,"href":"https:\/\/chemitool.com\/es\/wp-json\/wp\/v2\/media\/12217"}],"wp:attachment":[{"href":"https:\/\/chemitool.com\/es\/wp-json\/wp\/v2\/media?parent=12168"}],"wp:term":[{"taxonomy":"product_cat","embeddable":true,"href":"https:\/\/chemitool.com\/es\/wp-json\/wp\/v2\/product_cat?post=12168"},{"taxonomy":"product_tag","embeddable":true,"href":"https:\/\/chemitool.com\/es\/wp-json\/wp\/v2\/product_tag?post=12168"}],"curies":[{"name":"wp","href":"https:\/\/api.w.org\/{rel}","templated":true}]}}