{"id":10626,"date":"2021-03-22T16:57:49","date_gmt":"2021-03-22T16:57:49","guid":{"rendered":"https:\/\/chemitool.com\/?post_type=product&#038;p=10626"},"modified":"2023-01-30T10:16:14","modified_gmt":"2023-01-30T10:16:14","slug":"equipo-corte-plasma-cut160","status":"publish","type":"product","link":"https:\/\/chemitool.com\/es\/products\/tools\/corte-de-plasma-es\/corte-por-plasma\/equipo-corte-plasma-cut160\/","title":{"rendered":"EQUIPO CORTE PLASMA CUT160"},"content":{"rendered":"<p><strong>VENTAJAS<\/strong><\/p>\n<ul>\n<li>Equipos de alta eficiencia y rendimiento<\/li>\n<li>Portabiliadad<\/li>\n<li>Sistema de aire comprimido integrado (modelos C)<\/li>\n<\/ul>\n","protected":false},"excerpt":{"rendered":"<p><b class=\"sap-label\">SAP:<\/b> <span class=\"codesap-label\">CHCUT160<\/span><\/p>\n<p><em>Equipo Corte Plasma CHEMITOOL<\/em> es adecuado para todos los metales conductores de electricidad como acero dulce e inoxidable, lat\u00f3n, cobre y aluminio. Permite una regulaci\u00f3n continua de la corriente, permitiendo cortes muy finos, r\u00e1pidos y de alta calidad.<\/p>\n","protected":false},"featured_media":30167,"template":"","meta":[],"product_cat":[1456,1971,3623],"product_tag":[2926],"yoast_head":"<!-- This site is optimized with the Yoast SEO plugin v17.4 - https:\/\/yoast.com\/wordpress\/plugins\/seo\/ -->\n<title>EQUIPO CORTE PLASMA CUT160 &ndash; Chemitool<\/title>\n<meta name=\"description\" content=\"SAP: CHCUT160  Equipo Corte Plasma CHEMITOOL es adecuado para todos los metales conductores de electricidad como acero dulce e inoxidable, lat\u00f3n, cobre y aluminio. Permite una regulaci\u00f3n continua de la corriente, permitiendo cortes muy finos, r\u00e1pidos y de alta calidad.\" \/>\n<meta name=\"robots\" content=\"index, follow, max-snippet:-1, max-image-preview:large, max-video-preview:-1\" \/>\n<link rel=\"canonical\" href=\"https:\/\/chemitool.com\/es\/products\/tools\/corte-de-plasma-es\/corte-por-plasma\/equipo-corte-plasma-cut160\/\" \/>\n<meta property=\"og:locale\" content=\"es_ES\" \/>\n<meta property=\"og:type\" content=\"article\" \/>\n<meta property=\"og:title\" content=\"EQUIPO CORTE PLASMA CUT160 &ndash; Chemitool\" \/>\n<meta property=\"og:description\" content=\"SAP: CHCUT160  Equipo Corte Plasma CHEMITOOL es adecuado para todos los metales conductores de electricidad como acero dulce e inoxidable, lat\u00f3n, cobre y aluminio. Permite una regulaci\u00f3n continua de la corriente, permitiendo cortes muy finos, r\u00e1pidos y de alta calidad.\" \/>\n<meta property=\"og:url\" content=\"https:\/\/chemitool.com\/es\/products\/tools\/corte-de-plasma-es\/corte-por-plasma\/equipo-corte-plasma-cut160\/\" \/>\n<meta property=\"og:site_name\" content=\"Chemitool\" \/>\n<meta property=\"article:publisher\" content=\"https:\/\/www.facebook.com\/chemitool\" \/>\n<meta property=\"article:modified_time\" content=\"2023-01-30T10:16:14+00:00\" \/>\n<meta property=\"og:image\" content=\"https:\/\/chemitool.com\/wp-content\/uploads\/2023\/01\/CUT160-4-2.png\" \/>\n\t<meta property=\"og:image:width\" content=\"800\" \/>\n\t<meta property=\"og:image:height\" content=\"800\" \/>\n<meta name=\"twitter:card\" content=\"summary_large_image\" \/>\n<meta name=\"twitter:label1\" content=\"Tiempo de lectura\" \/>\n\t<meta name=\"twitter:data1\" content=\"2 minutos\" \/>\n<script type=\"application\/ld+json\" class=\"yoast-schema-graph\">{\"@context\":\"https:\/\/schema.org\",\"@graph\":[{\"@type\":\"Organization\",\"@id\":\"https:\/\/chemitool.com\/#organization\",\"name\":\"Chemitool\",\"url\":\"https:\/\/chemitool.com\/\",\"sameAs\":[\"https:\/\/www.facebook.com\/chemitool\",\"https:\/\/www.instagram.com\/chemitool\/\"],\"logo\":{\"@type\":\"ImageObject\",\"@id\":\"https:\/\/chemitool.com\/#logo\",\"inLanguage\":\"es\",\"url\":\"https:\/\/chemitool.com\/wp-content\/uploads\/2020\/10\/logo_chemitool.png\",\"contentUrl\":\"https:\/\/chemitool.com\/wp-content\/uploads\/2020\/10\/logo_chemitool.png\",\"width\":400,\"height\":400,\"caption\":\"Chemitool\"},\"image\":{\"@id\":\"https:\/\/chemitool.com\/#logo\"}},{\"@type\":\"WebSite\",\"@id\":\"https:\/\/chemitool.com\/#website\",\"url\":\"https:\/\/chemitool.com\/\",\"name\":\"Chemitool\",\"description\":\"Chemitool - hardware and tools\",\"publisher\":{\"@id\":\"https:\/\/chemitool.com\/#organization\"},\"potentialAction\":[{\"@type\":\"SearchAction\",\"target\":{\"@type\":\"EntryPoint\",\"urlTemplate\":\"https:\/\/chemitool.com\/?s={search_term_string}\"},\"query-input\":\"required name=search_term_string\"}],\"inLanguage\":\"es\"},{\"@type\":\"ImageObject\",\"@id\":\"https:\/\/chemitool.com\/es\/products\/tools\/corte-de-plasma-es\/corte-por-plasma\/equipo-corte-plasma-cut160\/#primaryimage\",\"inLanguage\":\"es\",\"url\":\"https:\/\/chemitool.com\/wp-content\/uploads\/2023\/01\/CUT160-4-2.png\",\"contentUrl\":\"https:\/\/chemitool.com\/wp-content\/uploads\/2023\/01\/CUT160-4-2.png\",\"width\":800,\"height\":800},{\"@type\":\"WebPage\",\"@id\":\"https:\/\/chemitool.com\/es\/products\/tools\/corte-de-plasma-es\/corte-por-plasma\/equipo-corte-plasma-cut160\/#webpage\",\"url\":\"https:\/\/chemitool.com\/es\/products\/tools\/corte-de-plasma-es\/corte-por-plasma\/equipo-corte-plasma-cut160\/\",\"name\":\"EQUIPO CORTE PLASMA CUT160 &ndash; Chemitool\",\"isPartOf\":{\"@id\":\"https:\/\/chemitool.com\/#website\"},\"primaryImageOfPage\":{\"@id\":\"https:\/\/chemitool.com\/es\/products\/tools\/corte-de-plasma-es\/corte-por-plasma\/equipo-corte-plasma-cut160\/#primaryimage\"},\"datePublished\":\"2021-03-22T16:57:49+00:00\",\"dateModified\":\"2023-01-30T10:16:14+00:00\",\"description\":\"SAP: CHCUT160 Equipo Corte Plasma CHEMITOOL es adecuado para todos los metales conductores de electricidad como acero dulce e inoxidable, lat\\u00f3n, cobre y aluminio. Permite una regulaci\\u00f3n continua de la corriente, permitiendo cortes muy finos, r\\u00e1pidos y de alta calidad.\",\"breadcrumb\":{\"@id\":\"https:\/\/chemitool.com\/es\/products\/tools\/corte-de-plasma-es\/corte-por-plasma\/equipo-corte-plasma-cut160\/#breadcrumb\"},\"inLanguage\":\"es\",\"potentialAction\":[{\"@type\":\"ReadAction\",\"target\":[\"https:\/\/chemitool.com\/es\/products\/tools\/corte-de-plasma-es\/corte-por-plasma\/equipo-corte-plasma-cut160\/\"]}]},{\"@type\":\"BreadcrumbList\",\"@id\":\"https:\/\/chemitool.com\/es\/products\/tools\/corte-de-plasma-es\/corte-por-plasma\/equipo-corte-plasma-cut160\/#breadcrumb\",\"itemListElement\":[{\"@type\":\"ListItem\",\"position\":1,\"name\":\"Home\",\"item\":\"https:\/\/chemitool.com\/es\/\"},{\"@type\":\"ListItem\",\"position\":2,\"name\":\"Productos\",\"item\":\"https:\/\/chemitool.com\/es\/productos\/\"},{\"@type\":\"ListItem\",\"position\":3,\"name\":\"Tools\",\"item\":\"https:\/\/chemitool.com\/es\/categoria-producto\/tools\/\"},{\"@type\":\"ListItem\",\"position\":4,\"name\":\"CORTE DE PLASMA\",\"item\":\"https:\/\/chemitool.com\/es\/categoria-producto\/tools\/corte-de-plasma-es\/\"},{\"@type\":\"ListItem\",\"position\":5,\"name\":\"Corte por plasma\",\"item\":\"https:\/\/chemitool.com\/es\/categoria-producto\/tools\/corte-de-plasma-es\/corte-por-plasma\/\"},{\"@type\":\"ListItem\",\"position\":6,\"name\":\"EQUIPO CORTE PLASMA CUT160\"}]}]}<\/script>\n<!-- \/ Yoast SEO plugin. -->","yoast_head_json":{"title":"EQUIPO CORTE PLASMA CUT160 &ndash; Chemitool","description":"SAP: CHCUT160  Equipo Corte Plasma CHEMITOOL es adecuado para todos los metales conductores de electricidad como acero dulce e inoxidable, lat\u00f3n, cobre y aluminio. Permite una regulaci\u00f3n continua de la corriente, permitiendo cortes muy finos, r\u00e1pidos y de alta calidad.","robots":{"index":"index","follow":"follow","max-snippet":"max-snippet:-1","max-image-preview":"max-image-preview:large","max-video-preview":"max-video-preview:-1"},"canonical":"https:\/\/chemitool.com\/es\/products\/tools\/corte-de-plasma-es\/corte-por-plasma\/equipo-corte-plasma-cut160\/","og_locale":"es_ES","og_type":"article","og_title":"EQUIPO CORTE PLASMA CUT160 &ndash; Chemitool","og_description":"SAP: CHCUT160  Equipo Corte Plasma CHEMITOOL es adecuado para todos los metales conductores de electricidad como acero dulce e inoxidable, lat\u00f3n, cobre y aluminio. Permite una regulaci\u00f3n continua de la corriente, permitiendo cortes muy finos, r\u00e1pidos y de alta calidad.","og_url":"https:\/\/chemitool.com\/es\/products\/tools\/corte-de-plasma-es\/corte-por-plasma\/equipo-corte-plasma-cut160\/","og_site_name":"Chemitool","article_publisher":"https:\/\/www.facebook.com\/chemitool","article_modified_time":"2023-01-30T10:16:14+00:00","og_image":[{"width":800,"height":800,"url":"https:\/\/chemitool.com\/wp-content\/uploads\/2023\/01\/CUT160-4-2.png","type":"image\/png"}],"twitter_card":"summary_large_image","twitter_misc":{"Tiempo de lectura":"2 minutos"},"schema":{"@context":"https:\/\/schema.org","@graph":[{"@type":"Organization","@id":"https:\/\/chemitool.com\/#organization","name":"Chemitool","url":"https:\/\/chemitool.com\/","sameAs":["https:\/\/www.facebook.com\/chemitool","https:\/\/www.instagram.com\/chemitool\/"],"logo":{"@type":"ImageObject","@id":"https:\/\/chemitool.com\/#logo","inLanguage":"es","url":"https:\/\/chemitool.com\/wp-content\/uploads\/2020\/10\/logo_chemitool.png","contentUrl":"https:\/\/chemitool.com\/wp-content\/uploads\/2020\/10\/logo_chemitool.png","width":400,"height":400,"caption":"Chemitool"},"image":{"@id":"https:\/\/chemitool.com\/#logo"}},{"@type":"WebSite","@id":"https:\/\/chemitool.com\/#website","url":"https:\/\/chemitool.com\/","name":"Chemitool","description":"Chemitool - hardware and tools","publisher":{"@id":"https:\/\/chemitool.com\/#organization"},"potentialAction":[{"@type":"SearchAction","target":{"@type":"EntryPoint","urlTemplate":"https:\/\/chemitool.com\/?s={search_term_string}"},"query-input":"required name=search_term_string"}],"inLanguage":"es"},{"@type":"ImageObject","@id":"https:\/\/chemitool.com\/es\/products\/tools\/corte-de-plasma-es\/corte-por-plasma\/equipo-corte-plasma-cut160\/#primaryimage","inLanguage":"es","url":"https:\/\/chemitool.com\/wp-content\/uploads\/2023\/01\/CUT160-4-2.png","contentUrl":"https:\/\/chemitool.com\/wp-content\/uploads\/2023\/01\/CUT160-4-2.png","width":800,"height":800},{"@type":"WebPage","@id":"https:\/\/chemitool.com\/es\/products\/tools\/corte-de-plasma-es\/corte-por-plasma\/equipo-corte-plasma-cut160\/#webpage","url":"https:\/\/chemitool.com\/es\/products\/tools\/corte-de-plasma-es\/corte-por-plasma\/equipo-corte-plasma-cut160\/","name":"EQUIPO CORTE PLASMA CUT160 &ndash; Chemitool","isPartOf":{"@id":"https:\/\/chemitool.com\/#website"},"primaryImageOfPage":{"@id":"https:\/\/chemitool.com\/es\/products\/tools\/corte-de-plasma-es\/corte-por-plasma\/equipo-corte-plasma-cut160\/#primaryimage"},"datePublished":"2021-03-22T16:57:49+00:00","dateModified":"2023-01-30T10:16:14+00:00","description":"SAP: CHCUT160 Equipo Corte Plasma CHEMITOOL es adecuado para todos los metales conductores de electricidad como acero dulce e inoxidable, lat\u00f3n, cobre y aluminio. Permite una regulaci\u00f3n continua de la corriente, permitiendo cortes muy finos, r\u00e1pidos y de alta calidad.","breadcrumb":{"@id":"https:\/\/chemitool.com\/es\/products\/tools\/corte-de-plasma-es\/corte-por-plasma\/equipo-corte-plasma-cut160\/#breadcrumb"},"inLanguage":"es","potentialAction":[{"@type":"ReadAction","target":["https:\/\/chemitool.com\/es\/products\/tools\/corte-de-plasma-es\/corte-por-plasma\/equipo-corte-plasma-cut160\/"]}]},{"@type":"BreadcrumbList","@id":"https:\/\/chemitool.com\/es\/products\/tools\/corte-de-plasma-es\/corte-por-plasma\/equipo-corte-plasma-cut160\/#breadcrumb","itemListElement":[{"@type":"ListItem","position":1,"name":"Home","item":"https:\/\/chemitool.com\/es\/"},{"@type":"ListItem","position":2,"name":"Productos","item":"https:\/\/chemitool.com\/es\/productos\/"},{"@type":"ListItem","position":3,"name":"Tools","item":"https:\/\/chemitool.com\/es\/categoria-producto\/tools\/"},{"@type":"ListItem","position":4,"name":"CORTE DE PLASMA","item":"https:\/\/chemitool.com\/es\/categoria-producto\/tools\/corte-de-plasma-es\/"},{"@type":"ListItem","position":5,"name":"Corte por plasma","item":"https:\/\/chemitool.com\/es\/categoria-producto\/tools\/corte-de-plasma-es\/corte-por-plasma\/"},{"@type":"ListItem","position":6,"name":"EQUIPO CORTE PLASMA CUT160"}]}]}},"_links":{"self":[{"href":"https:\/\/chemitool.com\/es\/wp-json\/wp\/v2\/product\/10626"}],"collection":[{"href":"https:\/\/chemitool.com\/es\/wp-json\/wp\/v2\/product"}],"about":[{"href":"https:\/\/chemitool.com\/es\/wp-json\/wp\/v2\/types\/product"}],"wp:featuredmedia":[{"embeddable":true,"href":"https:\/\/chemitool.com\/es\/wp-json\/wp\/v2\/media\/30167"}],"wp:attachment":[{"href":"https:\/\/chemitool.com\/es\/wp-json\/wp\/v2\/media?parent=10626"}],"wp:term":[{"taxonomy":"product_cat","embeddable":true,"href":"https:\/\/chemitool.com\/es\/wp-json\/wp\/v2\/product_cat?post=10626"},{"taxonomy":"product_tag","embeddable":true,"href":"https:\/\/chemitool.com\/es\/wp-json\/wp\/v2\/product_tag?post=10626"}],"curies":[{"name":"wp","href":"https:\/\/api.w.org\/{rel}","templated":true}]}}