{"id":5089,"date":"2020-02-04T11:22:22","date_gmt":"2020-02-04T11:22:22","guid":{"rendered":"https:\/\/chemitool.com\/privacy-policy\/"},"modified":"2025-11-07T17:50:33","modified_gmt":"2025-11-07T17:50:33","slug":"politica-de-privacidad","status":"publish","type":"page","link":"https:\/\/chemitool.com\/es\/politica-de-privacidad\/","title":{"rendered":"Pol\u00edtica de privacidad"},"content":{"rendered":"<h3><\/h3>\n<p style=\"text-align: justify;\"><a href=\"https:\/\/chemitool.com\/\" target=\"_blank\" rel=\"noopener noreferrer\">Chemitool<\/a> es la entidad responsable del tratamiento de los datos personales (pol\u00edtica de privacidad) y asume permanentemente el compromiso p\u00fablico de actuar de conformidad con la legislaci\u00f3n nacional y comunitaria vigente y aplicable.<\/p>\n<p>&nbsp;<\/p>\n<h2>Pol\u00edtica de privacidad de Chemitool<\/h2>\n<p>&nbsp;<\/p>\n<p style=\"text-align: justify;\">Los datos personales de nuestros clientes se tratan exclusivamente por resultar necesarios para la elaboraci\u00f3n de presupuestos, la celebraci\u00f3n y ejecuci\u00f3n de contratos, la gesti\u00f3n de entregas y el seguimiento de pedidos, el servicio de asistencia posventa, el cumplimiento de obligaciones legales o porque han sido objeto de consentimiento.<\/p>\n<p>&nbsp;<\/p>\n<p style=\"text-align: justify;\">Los datos personales facilitados por los clientes o generados por la utilizaci\u00f3n de servicios o la adquisici\u00f3n de bienes se procesar\u00e1n y almacenar\u00e1n inform\u00e1ticamente y se destinar\u00e1n a ser utilizados por Chemitool para: marketing y ventas, gesti\u00f3n de clientes, gesti\u00f3n contable, fiscal y administrativa, gesti\u00f3n de contencioso y, en general, cumplimiento de obligaciones generales.<\/p>\n<p>&nbsp;<\/p>\n<p style=\"text-align: justify;\">El tratamiento de datos con fines de marketing se efectuar\u00e1 de acuerdo con la opci\u00f3n de consentimiento manifestada por el cliente. Dicho consentimiento deber\u00e1 ser previo, libre, informado, espec\u00edfico e inequ\u00edvoco, y constar en una declaraci\u00f3n escrita, que podr\u00e1 revestir la forma de validaci\u00f3n de una opci\u00f3n. En cualquier momento podr\u00e1 declararse por escrito la oposici\u00f3n al tratamiento de datos con fines de marketing.<\/p>\n<p>&nbsp;<\/p>\n<p style=\"text-align: justify;\">Los datos personales se conservan por periodos de tiempo distintos, seg\u00fan la finalidad a la que se destinan, de acuerdo con los respectivos criterios legales, en obediencia a los principios de necesidad y minimizaci\u00f3n del tiempo de conservaci\u00f3n.<\/p>\n<p>&nbsp;<\/p>\n<p style=\"text-align: justify;\">Chemitool podr\u00e1 recurrir a entidades subcontratadas para efectos de tratamientos de datos personales, a saber, para: campa\u00f1as promocionales, marketing, gesti\u00f3n de la cuenta de cliente, facturaci\u00f3n, transporte de mercanc\u00edas, entregas y asistencia posventa, contabilidad, gesti\u00f3n de contenciosos, procesamiento de salarios, servicios de higiene y seguridad en el trabajo, entre otros; quedando tales entidades obligadas a adoptar medidas de protecci\u00f3n de los datos y a asegurar la defensa de los derechos de los titulares.<\/p>\n<p>&nbsp;<\/p>\n<p style=\"text-align: justify;\">Chemitool garantiza a todos los titulares de datos el acceso, rectificaci\u00f3n, oposici\u00f3n, cancelaci\u00f3n de registro, limitaci\u00f3n y portabilidad de los datos proporcionados.<\/p>\n<p>&nbsp;<\/p>\n<p style=\"text-align: justify;\">A todos los titulares de datos se les reconoce el derecho a presentar reclamaci\u00f3n directamente ante la COMISS\u00c3O NACIONAL DE PROTE\u00c7\u00c3O DE DADOS.<\/p>\n<p>&nbsp;<\/p>\n<h2 style=\"text-align: justify;\">Los Anuncios<\/h2>\n<p style=\"text-align: justify;\">Al igual que otros <em>websites<\/em>, registramos y utilizamos la informaci\u00f3n contenida en los anuncios. La informaci\u00f3n contenida en los anuncios incluye su direcci\u00f3n IP (<em>Internet Protocol<\/em>), su ISP (Proveedor de Servicios de Internet, como NOS, MEO o otro), el navegador que utiliz\u00f3 al visitar nuestro <em>website<\/em> (como Internet Explorer o Firefox), el tiempo de su visita y qu\u00e9 p\u00e1ginas visit\u00f3 dentro de nuestro <em>website<\/em>.<\/p>\n<p>&nbsp;<\/p>\n<h2 style=\"text-align: justify;\"><em>Cookies<\/em> y <em>Web Beacons<\/em><\/h2>\n<p style=\"text-align: justify;\">Utilizamos <em>cookies<\/em> para almacenar informaci\u00f3n, en particular sus preferencias personales cuando visita nuestro <em>website<\/em>. Esto puede incluir una simple ventana emergente (<em>popup<\/em>), o un enlace en varios servicios que proporcionamos, tales como foros.<\/p>\n<p style=\"text-align: justify;\">Adem\u00e1s, tambi\u00e9n utilizamos publicidad de terceros en nuestro <em>website<\/em> para sufragar los costes de mantenimiento. Algunos de estos anunciantes pueden utilizar tecnolog\u00edas como<em> cookies<\/em> y\/o <em>web beacons<\/em> cuando publicitan en nuestro <em>website<\/em>, lo que har\u00e1 que esos anunciantes (como Google a trav\u00e9s de <a href=\"https:\/\/www.google.com\/intl\/pt-PT_pt\/adsense\/start\/#\/?modal_active=none\" target=\"_blank\" rel=\"noopener noreferrer\">Google AdSense<\/a>) tambi\u00e9n reciban su informaci\u00f3n personal, como la direcci\u00f3n IP, su ISP, su navegador, etc. Esta funci\u00f3n se utiliza generalmente para <em>geotargeting<\/em> (mostrar publicidad de Lisboa solo a los lectores procedentes de Lisboa, p. ej.) o para presentar publicidad dirigida a un tipo de usuario (como mostrar publicidad de restaurantes a un usuario que visita sitios de cocina con regularidad, p. ej.).<\/p>\n<p>&nbsp;<\/p>\n<p style=\"text-align: justify;\">Chemitool est\u00e1 comprometida en hacer que tanto su experiencia <em>online<\/em> como su interacci\u00f3n con nuestro <em>website<\/em> sean informativas y relevantes, y en ofrecer la mejor experiencia posible durante su visita <em>online<\/em>. Una de las formas es mediante el uso de <em>cookies<\/em> (propias y de terceros) para guardar informaci\u00f3n sobre su visita a nuestro <em>website<\/em>, en su ordenador. Esta informaci\u00f3n es necesaria para que el <em>website<\/em> pueda funcionar correctamente.<\/p>\n<p>&nbsp;<\/p>\n<h3 style=\"text-align: justify;\"><em><strong>\u00bfQu\u00e9 son las cookies?<\/strong><\/em><\/h3>\n<p style=\"text-align: justify;\">Una <em>cookie<\/em> es un archivo que se descarga en su ordenador, tel\u00e9fono m\u00f3vil u otro equipo (en adelante, el \u201cdispositivo\u201d) cuando accede a nuestro <em>website<\/em> o utiliza nuestra aplicaci\u00f3n. Las <em>cookies<\/em> nos permite almacenar y recuperar informaci\u00f3n sobre sus h\u00e1bitos de navegaci\u00f3n o del dispositivo desde el que accede, en general de forma an\u00f3nima y, dependiendo de la informaci\u00f3n que contenga y si se ha registrado previamente, para identificarle como cliente o usuario.<\/p>\n<p>&nbsp;<\/p>\n<p style=\"text-align: justify;\">La informaci\u00f3n obtenida est\u00e1 relacionada con el n\u00famero de p\u00e1ginas que visita, el idioma, el lugar desde el que accede, el n\u00famero de usuarios nuevos, la frecuencia y n\u00famero de visitas, la duraci\u00f3n de la visita, el navegador o dispositivo con el que realiza la visita en el sitio o en nuestra aplicaci\u00f3n.<\/p>\n<p>&nbsp;<\/p>\n<h3 style=\"text-align: justify;\"><strong>\u00bfQu\u00e9 tipos de cookies se utilizan en nuestro <em>website<\/em>?<\/strong><\/h3>\n<p>&nbsp;<\/p>\n<h4 style=\"text-align: justify;\"><em>Cookies propias<\/em><\/h4>\n<p data-start=\"5277\" data-end=\"5386\">Son aquellas que se env\u00edan a su dispositivo desde un dominio o equipo operado por nosotros.<\/p>\n<p>&nbsp;<\/p>\n<h4 style=\"text-align: justify;\"><em>Cookies de terceros<\/em><\/h4>\n<p style=\"text-align: justify;\">Son aquellas que se env\u00edan a su dispositivo desde un equipo o dominio que no es operado por nosotros, sino por otra entidad que trata los datos obtenidos por medio de <em>cookies<\/em>.<\/p>\n<p>&nbsp;<\/p>\n<h4 style=\"text-align: justify;\"><em>Cookies de sesi\u00f3n<\/em><\/h4>\n<p style=\"text-align: justify;\">Son un tipo de cookie que expira al cerrar la sesi\u00f3n en nuestro <em>website<\/em>.<\/p>\n<p>&nbsp;<\/p>\n<h4 style=\"text-align: justify;\"><span style=\"color: #000000;\"><em>Cookies persistentes<\/em><\/span><\/h4>\n<p style=\"text-align: justify;\">Son un tipo de cookie que se almacena en el dispositivo por un periodo de tiempo que puede variar desde algunos minutos hasta varios a\u00f1os.<\/p>\n<p>&nbsp;<\/p>\n<h4 style=\"text-align: justify;\"><em>Cookies de an\u00e1lisis<\/em><\/h4>\n<p style=\"text-align: justify;\">Son aquellas que, tratadas por nosotros o por terceros, nos permiten cuantificar el n\u00famero de visitas y el uso que los usuarios hacen de nuestro <em>website<\/em> con el objetivo de medir y realizar el an\u00e1lisis estad\u00edstico de su utilizaci\u00f3n, resolver las lagunas detectadas y facilitar el uso de nuestro <em>website<\/em>.<\/p>\n<p>&nbsp;<\/p>\n<h4 style=\"text-align: justify;\"><span style=\"color: #000000;\"><em>Cookies de publicidad<\/em><\/span><\/h4>\n<p style=\"text-align: justify;\">Cuando visita las p\u00e1ginas de nuestro <em>website<\/em>, correos electr\u00f3nicos o ejecuta una aplicaci\u00f3n en la que publicamos anuncios de nuestros productos o servicios, para realizar un control y seguimiento de la eficacia de la publicidad se instalan en su navegador o dispositivo <em>cookies<\/em> que se utilizan para medir, por ejemplo, el n\u00famero de veces que se ven los anuncios y d\u00f3nde aparecen, el momento en que se ven, desde d\u00f3nde, o si a\u00fan no los ha visto antes.<\/p>\n<p>&nbsp;<\/p>\n<h4 style=\"text-align: justify;\"><span style=\"color: #000000;\"><em>Cookies de publicidad comportamental<\/em><\/span><\/h4>\n<p style=\"text-align: justify;\">Son un tipo de cookies que se utilizan para almacenar y recuperar informaci\u00f3n sobre el comportamiento de los usuarios obtenida mediante la observaci\u00f3n de sus h\u00e1bitos de navegaci\u00f3n, lo que permite desarrollar un perfil espec\u00edfico para mostrar al usuario publicidad en funci\u00f3n del mismo.<\/p>\n<p>&nbsp;<\/p>\n<h3 style=\"text-align: justify;\"><strong>Renovaci\u00f3n y eliminaci\u00f3n de <em>cookies<\/em><\/strong><\/h3>\n<p style=\"text-align: justify;\">La mayor\u00eda de los navegadores permite controlar la mayor\u00eda de las cookies a trav\u00e9s de su configuraci\u00f3n. Si lo desea, puede permitir, bloquear o eliminar las <em>cookies<\/em> instaladas en su dispositivo configurando las opciones del navegador instalado en su dispositivo o desde los ajustes de privacidad del mismo.<\/p>\n<p>&nbsp;<\/p>\n<p style=\"text-align: justify;\">Por ejemplo, puede encontrar informaci\u00f3n sobre c\u00f3mo hacerlo en caso de utilizar como navegador:<\/p>\n<ul>\n<li style=\"text-align: justify;\">Firefox: activar y desactivar las cookies que los sitios usan para rastrear sus preferencias | <a href=\"https:\/\/support.mozilla.org\/pt-PT\/kb\/ativar-e-desativar-cookies-que-os-websites-utiliza\" target=\"_blank\" rel=\"noopener noreferrer\">Ayuda de Firefox<\/a><\/li>\n<li style=\"text-align: justify;\">Chrome: c\u00f3mo gestionar cookies y sitios | <a href=\"https:\/\/support.google.com\/chrome\/answer\/95647?hl=pt&amp;co=GENIE.Platform%3DDesktop\" target=\"_blank\" rel=\"noopener noreferrer\">Ayuda Chrome<\/a><\/li>\n<li style=\"text-align: justify;\">Explorer: administrar <em>cookies<\/em> en Internet Explorer | <a href=\"https:\/\/support.microsoft.com\/pt-pt\/help\/17442\/windows-internet-explorer-delete-manage-cookies\">Ayuda de Internet Explorer<\/a><\/li>\n<li style=\"text-align: justify;\">Safari: Safari 8 (Yosemite): gestionar cookies y datos de sitios | <a href=\"https:\/\/support.apple.com\/kb\/ph21411?locale=pt_PT\">Ayuda de Safari<\/a><\/li>\n<li style=\"text-align: justify;\">Opera: Administrador de <em>cookies<\/em> | <a href=\"https:\/\/www.opera.com\/help\/tutorials\/security\/privacy\/\">Ayuda de Opera<\/a> <em><br \/>\n<\/em><\/li>\n<\/ul>\n<h3 style=\"text-align: justify;\"><strong>M\u00e1s detalles sobre <em>cookies<\/em><\/strong><\/h3>\n<p style=\"text-align: justify;\">Encuentre <a href=\"https:\/\/www.aboutcookies.org\/\">aqu\u00ed<\/a> m\u00e1s informaci\u00f3n general sobre c\u00f3mo bloquear y eliminar <em>cookies<\/em>. Puede rechazar el uso de <em>cookies<\/em> seleccionando las configuraciones apropiadas en su navegador; no obstante, tenga en cuenta que, al no aceptar las <em>cookies<\/em>, puede que no pueda aprovechar al m\u00e1ximo todas las ventajas en los respectivos <em>websites<\/em>.<\/p>\n<p>&nbsp;<\/p>\n<h4 style=\"text-align: justify;\"><strong>Categor\u00eda 1: <em>cookies<\/em> estrictamente necesarias<\/strong><\/h4>\n<p style=\"text-align: justify;\">Estas <em>cookies<\/em> son esenciales para poder navegar por el <em>website<\/em> y utilizar sus funcionalidades, tales como acceder a \u00e1reas seguras del sitio. Sin estas cookies, los servicios solicitados, como carritos de la compra o facturas electr\u00f3nicas, no podr\u00e1n prestarse.<\/p>\n<p>&nbsp;<\/p>\n<h4 style=\"text-align: justify;\"><strong>Categor\u00eda 2: <em>cookies<\/em> de rendimiento<\/strong><\/h4>\n<p style=\"text-align: justify;\">Estas <em>cookies<\/em> recogen informaci\u00f3n sobre c\u00f3mo los visitantes utilizan un <em>website<\/em>; por ejemplo, qu\u00e9 p\u00e1ginas son las m\u00e1s visitadas por los usuarios y si se reciben mensajes de error de p\u00e1ginas web. Estas <em>cookies<\/em> no recogen informaci\u00f3n que identifique a un visitante. Toda la informaci\u00f3n recopilada por estas cookies se guarda de forma colectiva y, en consecuencia, es an\u00f3nima. Se utilizan \u00fanicamente para mejorar el funcionamiento de un <em>website<\/em>.<\/p>\n<p>&nbsp;<\/p>\n<h4 style=\"text-align: justify;\"><strong>Categor\u00eda 3: <em>cookies<\/em> de funcionalidad<\/strong><\/h4>\n<p style=\"text-align: justify;\">Estas <em>cookies<\/em> permiten que el <em>website<\/em> recuerde las elecciones que haya realizado (como su nombre de usuario, el idioma o la regi\u00f3n en la que se encuentra) y que ofrezca funcionalidades mejoradas y m\u00e1s personales. Por ejemplo, un <em>website<\/em> puede proporcionarle previsiones meteorol\u00f3gicas locales o informaci\u00f3n de tr\u00e1fico guardando en una <em>cookie<\/em> la informaci\u00f3n de la regi\u00f3n en la que se encuentra. Estas <em>cookies<\/em> tambi\u00e9n pueden utilizarse para recordar los cambios que haya realizado al tama\u00f1o del texto, a los tipos de letra y a otras partes de p\u00e1ginas web que pueden personalizarse. Tambi\u00e9n pueden utilizarse para prestar servicios que haya solicitado, como ver un v\u00eddeo o comentar en un blog. La informaci\u00f3n recopilada por estas cookies puede procesarse de forma an\u00f3nima y no est\u00e1 permitida la visualizaci\u00f3n de su actividad de navegaci\u00f3n en otros <em>websites<\/em>.<\/p>\n<p>&nbsp;<\/p>\n<h4 style=\"text-align: justify;\"><strong>Categor\u00eda 4: <em>cookies<\/em> de segmentaci\u00f3n o <em>cookies<\/em> de publicidad<\/strong><\/h4>\n<p style=\"text-align: justify;\">Estas <em>cookies<\/em> se utilizan para presentar publicidad m\u00e1s relevante para usted y adecuada a sus intereses. Tambi\u00e9n se utilizan para limitar el n\u00famero de veces que ve un anuncio y para ayudar a medir la eficacia de la campa\u00f1a publicitaria. Normalmente, las colocan redes publicitarias con el permiso del operador del <em>website<\/em>. Registran que ha visitado un determinado sitio y esta informaci\u00f3n se comparte con otras organizaciones, tales como anunciantes. Las <em>cookies<\/em> de segmentaci\u00f3n o publicidad suelen estar vinculadas a funcionalidades del sitio proporcionadas por otra organizaci\u00f3n. Estas <em>cookies<\/em> no recogen informaci\u00f3n que identifique a un visitante.<\/p>\n<p>&nbsp;<\/p>\n<h4 style=\"text-align: justify;\"><strong><em>Cookies<\/em> de terceros<\/strong><\/h4>\n<p style=\"text-align: justify;\">Son similares a las <em>cookies<\/em> \u201cdirectas\u201d; sin embargo, se originan en un dominio diferente (no relacionado\/vinculado a Chemitool) del que est\u00e1 visitando. Estas entidades (no relacionadas\/vinculadas a Chemitool) tambi\u00e9n pueden colocar <em>cookies<\/em> en su dispositivo cuando visita el <em>website<\/em> de Chemitool.<\/p>\n<p>&nbsp;<\/p>\n<h3 style=\"text-align: justify;\"><span style=\"color: #000000;\"><em><strong>Google Analytics<\/strong><\/em><\/span><\/h3>\n<p style=\"text-align: justify;\"><a href=\"https:\/\/www.google.com\/analytics\/\" target=\"_blank\" rel=\"noopener noreferrer\">Google Analytics<\/a> utiliza \u201ccookies\u201d para recopilar y analizar informaci\u00f3n relativa al uso de los sitios visitados por el usuario. Para saber m\u00e1s sobre las cookies de <em>Google Analytics<\/em> y su utilizaci\u00f3n por Google Inc., puede consultar la informaci\u00f3n sobre el uso de <em>cookies<\/em> por Google disponible <a href=\"https:\/\/policies.google.com\/technologies\/cookies?hl=pt\">aqu\u00ed<\/a> o <a href=\"https:\/\/support.google.com\/analytics\/answer\/6004245\">aqu\u00ed<\/a>.<\/p>\n<p>Con respecto a las cookies de <a href=\"https:\/\/www.addthis.com\/\">AddThis<\/a>, es posible realizar el opt-out a trav\u00e9s del enlace disponible <a href=\"https:\/\/www.addthis.com\/privacy\/opt-out\">aqu\u00ed<\/a>.<\/p>\n<p style=\"text-align: justify;\">La mayor\u00eda de los programas de navegaci\u00f3n (Internet Explorer, Firefox, Chrome) puede mostrarle c\u00f3mo impedir nuevas <em>cookies<\/em>, c\u00f3mo ser avisado cuando reciba una nueva cookie y c\u00f3mo desactivar y\/o eliminar las <em>cookies<\/em> existentes. <strong>No obstante, tenga en cuenta que al no aceptar las <em>cookies<\/em> puede que no pueda aprovechar al m\u00e1ximo todas las funcionalidades de este <em>website<\/em>.<\/strong><\/p>\n<p>&nbsp;<\/p>\n<h2>Enlaces a <em>websites<\/em> de terceros<\/h2>\n<p style=\"text-align: justify;\">Chemitool dispone de enlaces a otros <em>websites<\/em> que, a nuestro entender, pueden contener informaci\u00f3n\/herramientas \u00fatiles para nuestros visitantes. Nuestra pol\u00edtica de privacidad no se aplica a <em>websites<\/em> de terceros, por lo que, en caso de visitar otro <em>website<\/em> desde el nuestro, deber\u00e1 leer la pol\u00edtica de privacidad del mismo. No nos responsabilizamos de la pol\u00edtica de privacidad ni del contenido presente en esos mismos <em>websites<\/em>.<\/p>\n<p>&nbsp;<\/p>\n","protected":false},"excerpt":{"rendered":"<p>Chemitool es la entidad responsable del tratamiento de los datos personales (pol\u00edtica de privacidad) y asume permanentemente el compromiso p\u00fablico de actuar de conformidad con la legislaci\u00f3n nacional y comunitaria vigente y aplicable. &nbsp; Pol\u00edtica de privacidad de Chemitool &nbsp; Los datos personales de nuestros clientes se tratan exclusivamente por resultar [&hellip;]<\/p>\n","protected":false},"author":8,"featured_media":0,"parent":0,"menu_order":0,"comment_status":"closed","ping_status":"closed","template":"","meta":[],"yoast_head":"<!-- This site is optimized with the Yoast SEO plugin v17.4 - https:\/\/yoast.com\/wordpress\/plugins\/seo\/ -->\n<title>Pol\u00edtica de privacidad &ndash; Chemitool<\/title>\n<meta name=\"robots\" content=\"index, follow, max-snippet:-1, max-image-preview:large, max-video-preview:-1\" \/>\n<link rel=\"canonical\" href=\"https:\/\/chemitool.com\/es\/politica-de-privacidad\/\" \/>\n<meta property=\"og:locale\" content=\"es_ES\" \/>\n<meta property=\"og:type\" content=\"article\" \/>\n<meta property=\"og:title\" content=\"Pol\u00edtica de privacidad &ndash; Chemitool\" \/>\n<meta property=\"og:description\" content=\"Chemitool es la entidad responsable del tratamiento de los datos personales (pol\u00edtica de privacidad) y asume permanentemente el compromiso p\u00fablico de actuar de conformidad con la legislaci\u00f3n nacional y comunitaria vigente y aplicable. &nbsp; Pol\u00edtica de privacidad de Chemitool &nbsp; Los datos personales de nuestros clientes se tratan exclusivamente por resultar [&hellip;]\" \/>\n<meta property=\"og:url\" content=\"https:\/\/chemitool.com\/es\/politica-de-privacidad\/\" \/>\n<meta property=\"og:site_name\" content=\"Chemitool\" \/>\n<meta property=\"article:publisher\" content=\"https:\/\/www.facebook.com\/chemitool\" \/>\n<meta property=\"article:modified_time\" content=\"2025-11-07T17:50:33+00:00\" \/>\n<meta property=\"og:image\" content=\"https:\/\/chemitool.com\/wp-content\/uploads\/2020\/02\/chemitool-background.png\" \/>\n\t<meta property=\"og:image:width\" content=\"1920\" \/>\n\t<meta property=\"og:image:height\" content=\"850\" \/>\n<meta name=\"twitter:card\" content=\"summary_large_image\" \/>\n<meta name=\"twitter:label1\" content=\"Tiempo de lectura\" \/>\n\t<meta name=\"twitter:data1\" content=\"10 minutos\" \/>\n<script type=\"application\/ld+json\" class=\"yoast-schema-graph\">{\"@context\":\"https:\/\/schema.org\",\"@graph\":[{\"@type\":\"Organization\",\"@id\":\"https:\/\/chemitool.com\/#organization\",\"name\":\"Chemitool\",\"url\":\"https:\/\/chemitool.com\/\",\"sameAs\":[\"https:\/\/www.facebook.com\/chemitool\",\"https:\/\/www.instagram.com\/chemitool\/\"],\"logo\":{\"@type\":\"ImageObject\",\"@id\":\"https:\/\/chemitool.com\/#logo\",\"inLanguage\":\"es\",\"url\":\"https:\/\/chemitool.com\/wp-content\/uploads\/2020\/10\/logo_chemitool.png\",\"contentUrl\":\"https:\/\/chemitool.com\/wp-content\/uploads\/2020\/10\/logo_chemitool.png\",\"width\":400,\"height\":400,\"caption\":\"Chemitool\"},\"image\":{\"@id\":\"https:\/\/chemitool.com\/#logo\"}},{\"@type\":\"WebSite\",\"@id\":\"https:\/\/chemitool.com\/#website\",\"url\":\"https:\/\/chemitool.com\/\",\"name\":\"Chemitool\",\"description\":\"Chemitool - hardware and tools\",\"publisher\":{\"@id\":\"https:\/\/chemitool.com\/#organization\"},\"potentialAction\":[{\"@type\":\"SearchAction\",\"target\":{\"@type\":\"EntryPoint\",\"urlTemplate\":\"https:\/\/chemitool.com\/?s={search_term_string}\"},\"query-input\":\"required name=search_term_string\"}],\"inLanguage\":\"es\"},{\"@type\":\"WebPage\",\"@id\":\"https:\/\/chemitool.com\/es\/politica-de-privacidad\/#webpage\",\"url\":\"https:\/\/chemitool.com\/es\/politica-de-privacidad\/\",\"name\":\"Pol\\u00edtica de privacidad &ndash; Chemitool\",\"isPartOf\":{\"@id\":\"https:\/\/chemitool.com\/#website\"},\"datePublished\":\"2020-02-04T11:22:22+00:00\",\"dateModified\":\"2025-11-07T17:50:33+00:00\",\"breadcrumb\":{\"@id\":\"https:\/\/chemitool.com\/es\/politica-de-privacidad\/#breadcrumb\"},\"inLanguage\":\"es\",\"potentialAction\":[{\"@type\":\"ReadAction\",\"target\":[\"https:\/\/chemitool.com\/es\/politica-de-privacidad\/\"]}]},{\"@type\":\"BreadcrumbList\",\"@id\":\"https:\/\/chemitool.com\/es\/politica-de-privacidad\/#breadcrumb\",\"itemListElement\":[{\"@type\":\"ListItem\",\"position\":1,\"name\":\"Home\",\"item\":\"https:\/\/chemitool.com\/es\/\"},{\"@type\":\"ListItem\",\"position\":2,\"name\":\"Pol\\u00edtica de privacidad\"}]}]}<\/script>\n<!-- \/ Yoast SEO plugin. -->","yoast_head_json":{"title":"Pol\u00edtica de privacidad &ndash; Chemitool","robots":{"index":"index","follow":"follow","max-snippet":"max-snippet:-1","max-image-preview":"max-image-preview:large","max-video-preview":"max-video-preview:-1"},"canonical":"https:\/\/chemitool.com\/es\/politica-de-privacidad\/","og_locale":"es_ES","og_type":"article","og_title":"Pol\u00edtica de privacidad &ndash; Chemitool","og_description":"Chemitool es la entidad responsable del tratamiento de los datos personales (pol\u00edtica de privacidad) y asume permanentemente el compromiso p\u00fablico de actuar de conformidad con la legislaci\u00f3n nacional y comunitaria vigente y aplicable. &nbsp; Pol\u00edtica de privacidad de Chemitool &nbsp; Los datos personales de nuestros clientes se tratan exclusivamente por resultar [&hellip;]","og_url":"https:\/\/chemitool.com\/es\/politica-de-privacidad\/","og_site_name":"Chemitool","article_publisher":"https:\/\/www.facebook.com\/chemitool","article_modified_time":"2025-11-07T17:50:33+00:00","og_image":[{"width":1920,"height":850,"url":"https:\/\/chemitool.com\/wp-content\/uploads\/2020\/02\/chemitool-background.png","type":"image\/png"}],"twitter_card":"summary_large_image","twitter_misc":{"Tiempo de lectura":"10 minutos"},"schema":{"@context":"https:\/\/schema.org","@graph":[{"@type":"Organization","@id":"https:\/\/chemitool.com\/#organization","name":"Chemitool","url":"https:\/\/chemitool.com\/","sameAs":["https:\/\/www.facebook.com\/chemitool","https:\/\/www.instagram.com\/chemitool\/"],"logo":{"@type":"ImageObject","@id":"https:\/\/chemitool.com\/#logo","inLanguage":"es","url":"https:\/\/chemitool.com\/wp-content\/uploads\/2020\/10\/logo_chemitool.png","contentUrl":"https:\/\/chemitool.com\/wp-content\/uploads\/2020\/10\/logo_chemitool.png","width":400,"height":400,"caption":"Chemitool"},"image":{"@id":"https:\/\/chemitool.com\/#logo"}},{"@type":"WebSite","@id":"https:\/\/chemitool.com\/#website","url":"https:\/\/chemitool.com\/","name":"Chemitool","description":"Chemitool - hardware and tools","publisher":{"@id":"https:\/\/chemitool.com\/#organization"},"potentialAction":[{"@type":"SearchAction","target":{"@type":"EntryPoint","urlTemplate":"https:\/\/chemitool.com\/?s={search_term_string}"},"query-input":"required name=search_term_string"}],"inLanguage":"es"},{"@type":"WebPage","@id":"https:\/\/chemitool.com\/es\/politica-de-privacidad\/#webpage","url":"https:\/\/chemitool.com\/es\/politica-de-privacidad\/","name":"Pol\u00edtica de privacidad &ndash; Chemitool","isPartOf":{"@id":"https:\/\/chemitool.com\/#website"},"datePublished":"2020-02-04T11:22:22+00:00","dateModified":"2025-11-07T17:50:33+00:00","breadcrumb":{"@id":"https:\/\/chemitool.com\/es\/politica-de-privacidad\/#breadcrumb"},"inLanguage":"es","potentialAction":[{"@type":"ReadAction","target":["https:\/\/chemitool.com\/es\/politica-de-privacidad\/"]}]},{"@type":"BreadcrumbList","@id":"https:\/\/chemitool.com\/es\/politica-de-privacidad\/#breadcrumb","itemListElement":[{"@type":"ListItem","position":1,"name":"Home","item":"https:\/\/chemitool.com\/es\/"},{"@type":"ListItem","position":2,"name":"Pol\u00edtica de privacidad"}]}]}},"_links":{"self":[{"href":"https:\/\/chemitool.com\/es\/wp-json\/wp\/v2\/pages\/5089"}],"collection":[{"href":"https:\/\/chemitool.com\/es\/wp-json\/wp\/v2\/pages"}],"about":[{"href":"https:\/\/chemitool.com\/es\/wp-json\/wp\/v2\/types\/page"}],"author":[{"embeddable":true,"href":"https:\/\/chemitool.com\/es\/wp-json\/wp\/v2\/users\/8"}],"replies":[{"embeddable":true,"href":"https:\/\/chemitool.com\/es\/wp-json\/wp\/v2\/comments?post=5089"}],"version-history":[{"count":2,"href":"https:\/\/chemitool.com\/es\/wp-json\/wp\/v2\/pages\/5089\/revisions"}],"predecessor-version":[{"id":44392,"href":"https:\/\/chemitool.com\/es\/wp-json\/wp\/v2\/pages\/5089\/revisions\/44392"}],"wp:attachment":[{"href":"https:\/\/chemitool.com\/es\/wp-json\/wp\/v2\/media?parent=5089"}],"curies":[{"name":"wp","href":"https:\/\/api.w.org\/{rel}","templated":true}]}}