{"id":4518,"date":"2020-02-21T10:36:37","date_gmt":"2020-02-21T10:36:37","guid":{"rendered":"https:\/\/chemitool.com\/equipment\/"},"modified":"2023-02-03T09:41:18","modified_gmt":"2023-02-03T09:41:18","slug":"equipment","status":"publish","type":"page","link":"https:\/\/chemitool.com\/es\/categorias\/equipment\/","title":{"rendered":"Equipment"},"content":{"rendered":"<p>[vc_row disable_background_image=\u00bb\u00bb][vc_column]<div class=\"mkdf-elements-holder   mkdf-three-columns  mkdf-responsive-mode-768 \" ><div class=\"mkdf-eh-item    \"  data-item-class=\"mkdf-eh-custom-2069\">\n\t<div class=\"mkdf-eh-item-inner\">\n\t\t<div class=\"mkdf-eh-item-content mkdf-eh-custom-2069\" >\n\t\t\t<div class=\"mkdf-banner-holder   mkdf-visible-on-default mkdf-banner-info-default\" >\n\t\t\t\t<div class=\"mkdf-banner-foreground-image\">\n\t\t\t<img width=\"800\" height=\"800\" src=\"https:\/\/chemitool.com\/wp-content\/uploads\/2022\/06\/CHMSB320SA.png\" class=\"attachment-full size-full\" alt=\"\" srcset=\"https:\/\/chemitool.com\/wp-content\/uploads\/2022\/06\/CHMSB320SA.png 800w, https:\/\/chemitool.com\/wp-content\/uploads\/2022\/06\/CHMSB320SA-300x300.png 300w, https:\/\/chemitool.com\/wp-content\/uploads\/2022\/06\/CHMSB320SA-150x150.png 150w, https:\/\/chemitool.com\/wp-content\/uploads\/2022\/06\/CHMSB320SA-768x768.png 768w, https:\/\/chemitool.com\/wp-content\/uploads\/2022\/06\/CHMSB320SA-650x650.png 650w, https:\/\/chemitool.com\/wp-content\/uploads\/2022\/06\/CHMSB320SA-600x600.png 600w, https:\/\/chemitool.com\/wp-content\/uploads\/2022\/06\/CHMSB320SA-100x100.png 100w\" sizes=\"(max-width: 800px) 100vw, 800px\" \/>\t\t<\/div>\n\t    <div class=\"mkdf-banner-text-holder\" >\n\t    <div class=\"mkdf-banner-text-outer\">\n\t\t    <div class=\"mkdf-banner-text-inner\">\n\t\t        \t\t            <span class=\"mkdf-banner-subtitle\">\n\t\t\t            Equipment\t\t            <\/span>\n\t\t        \t\t        \t\t            <h4 class=\"mkdf-banner-title\" >\n\t\t                Sierras de Banda\t                <\/h4>\n\t\t        \t\t\t    \t\t\t\t    <span class=\"mkdf-banner-custom-mark\" >\n\t\t\t\t\t\t<span class=\"mkdf-split-character\">R<\/span> <span class=\"mkdf-split-character\">1<\/span>\t\t\t\t\t<\/span>\n\t\t\t    \t\t\t\t<a itemprop=\"url\" href=\"\/es\/categoria-producto\/equipos\/sierras-de-banda\/\" target=\"_self\"  class=\"mkdf-btn mkdf-btn-medium mkdf-btn-simple-predefined\"  >            <span class=\"mkdf-btn-predefined-line-holder\">            <span class=\"mkdf-btn-line-hidden\"><\/span>            <span class=\"mkdf-btn-text\">+ info<\/span>\t        <span class=\"mkdf-btn-line\"><\/span>            <i class=\"mkdf-btn-predefined-icon mkdf-icon-ion-icon ion-ios-play \"><\/i>        <\/span>    <\/a>\t\t\t<\/div>\n\t\t<\/div>\n\t<\/div>\n\t        <a itemprop=\"url\" class=\"mkdf-banner-link\" href=\"\/es\/categoria-producto\/equipos\/sierras-de-banda\/\" target=\"_self\"><\/a>\n    <\/div>\t\t<\/div>\n\t<\/div>\n<\/div><div class=\"mkdf-eh-item    \"  data-item-class=\"mkdf-eh-custom-1248\">\n\t<div class=\"mkdf-eh-item-inner\">\n\t\t<div class=\"mkdf-eh-item-content mkdf-eh-custom-1248\" >\n\t\t\t\t\t<\/div>\n\t<\/div>\n<\/div><div class=\"mkdf-eh-item    \"  data-item-class=\"mkdf-eh-custom-3595\">\n\t<div class=\"mkdf-eh-item-inner\">\n\t\t<div class=\"mkdf-eh-item-content mkdf-eh-custom-3595\" >\n\t\t\t\t\t<\/div>\n\t<\/div>\n<\/div><div class=\"mkdf-eh-item    \"  data-item-class=\"mkdf-eh-custom-2031\">\n\t<div class=\"mkdf-eh-item-inner\">\n\t\t<div class=\"mkdf-eh-item-content mkdf-eh-custom-2031\" >\n\t\t\t\t\t<\/div>\n\t<\/div>\n<\/div><\/div>[\/vc_column][\/vc_row][vc_row row_content_width=\u00bbgrid\u00bb disable_background_image=\u00bb1024&#8243; vertical_lines=\u00bbyes\u00bb animated_text_position=\u00bbright\u00bb disable_animated_text=\u00bb\u00bb animated_text=\u00bbEQUIPMENT\u00bb animated_text_color=\u00bb#f5f5f5&#8243; css=\u00bb.vc_custom_1589811820774{padding-top: 130px !important;padding-bottom: 125px !important;}\u00bb animated_text_overlay_image=\u00bb2059&#8243;][vc_column css=\u00bb.vc_custom_1569240237669{padding-top: 0px !important;padding-bottom: 5px !important;}\u00bb][vc_row_inner row_content_width=\u00bbgrid\u00bb][vc_column_inner css=\u00bb.vc_custom_1567499344778{padding-top: 0px !important;padding-bottom: 0px !important;}\u00bb][vc_column_text css=\u00bb.vc_custom_1599658804385{padding-top: 15px !important;}\u00bb]Desde la log\u00edstica de almacenamiento hasta los procesos de producci\u00f3n industrial o incluso la producci\u00f3n de energ\u00eda, los productos de <strong>CHEMITOOL EQUIPMENT<\/strong> est\u00e1n preparados para actuar en los entornos m\u00e1s exigentes.<\/p>\n<p>El equipo de desarrollo de <strong>CHEMITOOL<\/strong> trabaja en estrecha colaboraci\u00f3n con fabricantes cuidadosamente seleccionados para lograr un producto, con la m\u00e1s alta calidad disponible en el mundo.[\/vc_column_text][\/vc_column_inner][\/vc_row_inner][vc_row_inner disable_element=\u00bbyes\u00bb row_content_width=\u00bbgrid\u00bb][vc_column_inner css=\u00bb.vc_custom_1567499344778{padding-top: 0px !important;padding-bottom: 0px !important;}\u00bb][vc_column_text]<\/p>\n<p style=\"text-align: center;\"><a class=\"btn-custom-chemitool\" href=\"https:\/\/chemitool.com\/wp-content\/uploads\/2020\/03\/equipment_web-compressed.pdf\" target=\"_blank\" rel=\"noopener noreferrer\">Catalogo CHEMITOOL EQUIPMENT<\/a><\/p>\n<p>[\/vc_column_text][\/vc_column_inner][\/vc_row_inner][\/vc_column][\/vc_row]<\/p>\n","protected":false},"excerpt":{"rendered":"<p>[vc_row disable_background_image=\u00bb\u00bb][vc_column][\/vc_column][\/vc_row][vc_row row_content_width=\u00bbgrid\u00bb disable_background_image=\u00bb1024&#8243; vertical_lines=\u00bbyes\u00bb animated_text_position=\u00bbright\u00bb disable_animated_text=\u00bb\u00bb animated_text=\u00bbEQUIPMENT\u00bb animated_text_color=\u00bb#f5f5f5&#8243; css=\u00bb.vc_custom_1589811820774{padding-top: 130px !important;padding-bottom: 125px !important;}\u00bb animated_text_overlay_image=\u00bb2059&#8243;][vc_column css=\u00bb.vc_custom_1569240237669{padding-top: 0px !important;padding-bottom: 5px !important;}\u00bb][vc_row_inner row_content_width=\u00bbgrid\u00bb][vc_column_inner css=\u00bb.vc_custom_1567499344778{padding-top: 0px !important;padding-bottom: 0px !important;}\u00bb][vc_column_text css=\u00bb.vc_custom_1599658804385{padding-top: 15px !important;}\u00bb]Desde la log\u00edstica de almacenamiento hasta los procesos de producci\u00f3n industrial o incluso la producci\u00f3n de energ\u00eda, los productos de CHEMITOOL EQUIPMENT est\u00e1n [&hellip;]<\/p>\n","protected":false},"author":8,"featured_media":0,"parent":4554,"menu_order":0,"comment_status":"closed","ping_status":"closed","template":"full-width.php","meta":[],"yoast_head":"<!-- This site is optimized with the Yoast SEO plugin v17.4 - https:\/\/yoast.com\/wordpress\/plugins\/seo\/ -->\n<title>Equipment &ndash; Chemitool<\/title>\n<meta name=\"robots\" content=\"index, follow, max-snippet:-1, max-image-preview:large, max-video-preview:-1\" \/>\n<link rel=\"canonical\" href=\"https:\/\/chemitool.com\/es\/categorias\/equipment\/\" \/>\n<meta property=\"og:locale\" content=\"es_ES\" \/>\n<meta property=\"og:type\" content=\"article\" \/>\n<meta property=\"og:title\" content=\"Equipment &ndash; Chemitool\" \/>\n<meta property=\"og:description\" content=\"[vc_row disable_background_image=\u00bb\u00bb][vc_column][\/vc_column][\/vc_row][vc_row row_content_width=\u00bbgrid\u00bb disable_background_image=\u00bb1024&#8243; vertical_lines=\u00bbyes\u00bb animated_text_position=\u00bbright\u00bb disable_animated_text=\u00bb\u00bb animated_text=\u00bbEQUIPMENT\u00bb animated_text_color=\u00bb#f5f5f5&#8243; css=\u00bb.vc_custom_1589811820774{padding-top: 130px !important;padding-bottom: 125px !important;}\u00bb animated_text_overlay_image=\u00bb2059&#8243;][vc_column css=\u00bb.vc_custom_1569240237669{padding-top: 0px !important;padding-bottom: 5px !important;}\u00bb][vc_row_inner row_content_width=\u00bbgrid\u00bb][vc_column_inner css=\u00bb.vc_custom_1567499344778{padding-top: 0px !important;padding-bottom: 0px !important;}\u00bb][vc_column_text css=\u00bb.vc_custom_1599658804385{padding-top: 15px !important;}\u00bb]Desde la log\u00edstica de almacenamiento hasta los procesos de producci\u00f3n industrial o incluso la producci\u00f3n de energ\u00eda, los productos de CHEMITOOL EQUIPMENT est\u00e1n [&hellip;]\" \/>\n<meta property=\"og:url\" content=\"https:\/\/chemitool.com\/es\/categorias\/equipment\/\" \/>\n<meta property=\"og:site_name\" content=\"Chemitool\" \/>\n<meta property=\"article:publisher\" content=\"https:\/\/www.facebook.com\/chemitool\" \/>\n<meta property=\"article:modified_time\" content=\"2023-02-03T09:41:18+00:00\" \/>\n<meta property=\"og:image\" content=\"https:\/\/chemitool.com\/wp-content\/uploads\/2020\/02\/chemitool-background.png\" \/>\n\t<meta property=\"og:image:width\" content=\"1920\" \/>\n\t<meta property=\"og:image:height\" content=\"850\" \/>\n<meta name=\"twitter:card\" content=\"summary_large_image\" \/>\n<meta name=\"twitter:label1\" content=\"Tiempo de lectura\" \/>\n\t<meta name=\"twitter:data1\" content=\"1 minuto\" \/>\n<script type=\"application\/ld+json\" class=\"yoast-schema-graph\">{\"@context\":\"https:\/\/schema.org\",\"@graph\":[{\"@type\":\"Organization\",\"@id\":\"https:\/\/chemitool.com\/#organization\",\"name\":\"Chemitool\",\"url\":\"https:\/\/chemitool.com\/\",\"sameAs\":[\"https:\/\/www.facebook.com\/chemitool\",\"https:\/\/www.instagram.com\/chemitool\/\"],\"logo\":{\"@type\":\"ImageObject\",\"@id\":\"https:\/\/chemitool.com\/#logo\",\"inLanguage\":\"es\",\"url\":\"https:\/\/chemitool.com\/wp-content\/uploads\/2020\/10\/logo_chemitool.png\",\"contentUrl\":\"https:\/\/chemitool.com\/wp-content\/uploads\/2020\/10\/logo_chemitool.png\",\"width\":400,\"height\":400,\"caption\":\"Chemitool\"},\"image\":{\"@id\":\"https:\/\/chemitool.com\/#logo\"}},{\"@type\":\"WebSite\",\"@id\":\"https:\/\/chemitool.com\/#website\",\"url\":\"https:\/\/chemitool.com\/\",\"name\":\"Chemitool\",\"description\":\"Chemitool - hardware and tools\",\"publisher\":{\"@id\":\"https:\/\/chemitool.com\/#organization\"},\"potentialAction\":[{\"@type\":\"SearchAction\",\"target\":{\"@type\":\"EntryPoint\",\"urlTemplate\":\"https:\/\/chemitool.com\/?s={search_term_string}\"},\"query-input\":\"required name=search_term_string\"}],\"inLanguage\":\"es\"},{\"@type\":\"WebPage\",\"@id\":\"https:\/\/chemitool.com\/es\/categorias\/equipment\/#webpage\",\"url\":\"https:\/\/chemitool.com\/es\/categorias\/equipment\/\",\"name\":\"Equipment &ndash; Chemitool\",\"isPartOf\":{\"@id\":\"https:\/\/chemitool.com\/#website\"},\"datePublished\":\"2020-02-21T10:36:37+00:00\",\"dateModified\":\"2023-02-03T09:41:18+00:00\",\"breadcrumb\":{\"@id\":\"https:\/\/chemitool.com\/es\/categorias\/equipment\/#breadcrumb\"},\"inLanguage\":\"es\",\"potentialAction\":[{\"@type\":\"ReadAction\",\"target\":[\"https:\/\/chemitool.com\/es\/categorias\/equipment\/\"]}]},{\"@type\":\"BreadcrumbList\",\"@id\":\"https:\/\/chemitool.com\/es\/categorias\/equipment\/#breadcrumb\",\"itemListElement\":[{\"@type\":\"ListItem\",\"position\":1,\"name\":\"Home\",\"item\":\"https:\/\/chemitool.com\/es\/\"},{\"@type\":\"ListItem\",\"position\":2,\"name\":\"Categor\\u00edas\",\"item\":\"https:\/\/chemitool.com\/es\/categorias\/\"},{\"@type\":\"ListItem\",\"position\":3,\"name\":\"Equipment\"}]}]}<\/script>\n<!-- \/ Yoast SEO plugin. -->","yoast_head_json":{"title":"Equipment &ndash; Chemitool","robots":{"index":"index","follow":"follow","max-snippet":"max-snippet:-1","max-image-preview":"max-image-preview:large","max-video-preview":"max-video-preview:-1"},"canonical":"https:\/\/chemitool.com\/es\/categorias\/equipment\/","og_locale":"es_ES","og_type":"article","og_title":"Equipment &ndash; Chemitool","og_description":"[vc_row disable_background_image=\u00bb\u00bb][vc_column][\/vc_column][\/vc_row][vc_row row_content_width=\u00bbgrid\u00bb disable_background_image=\u00bb1024&#8243; vertical_lines=\u00bbyes\u00bb animated_text_position=\u00bbright\u00bb disable_animated_text=\u00bb\u00bb animated_text=\u00bbEQUIPMENT\u00bb animated_text_color=\u00bb#f5f5f5&#8243; css=\u00bb.vc_custom_1589811820774{padding-top: 130px !important;padding-bottom: 125px !important;}\u00bb animated_text_overlay_image=\u00bb2059&#8243;][vc_column css=\u00bb.vc_custom_1569240237669{padding-top: 0px !important;padding-bottom: 5px !important;}\u00bb][vc_row_inner row_content_width=\u00bbgrid\u00bb][vc_column_inner css=\u00bb.vc_custom_1567499344778{padding-top: 0px !important;padding-bottom: 0px !important;}\u00bb][vc_column_text css=\u00bb.vc_custom_1599658804385{padding-top: 15px !important;}\u00bb]Desde la log\u00edstica de almacenamiento hasta los procesos de producci\u00f3n industrial o incluso la producci\u00f3n de energ\u00eda, los productos de CHEMITOOL EQUIPMENT est\u00e1n [&hellip;]","og_url":"https:\/\/chemitool.com\/es\/categorias\/equipment\/","og_site_name":"Chemitool","article_publisher":"https:\/\/www.facebook.com\/chemitool","article_modified_time":"2023-02-03T09:41:18+00:00","og_image":[{"width":1920,"height":850,"url":"https:\/\/chemitool.com\/wp-content\/uploads\/2020\/02\/chemitool-background.png","type":"image\/png"}],"twitter_card":"summary_large_image","twitter_misc":{"Tiempo de lectura":"1 minuto"},"schema":{"@context":"https:\/\/schema.org","@graph":[{"@type":"Organization","@id":"https:\/\/chemitool.com\/#organization","name":"Chemitool","url":"https:\/\/chemitool.com\/","sameAs":["https:\/\/www.facebook.com\/chemitool","https:\/\/www.instagram.com\/chemitool\/"],"logo":{"@type":"ImageObject","@id":"https:\/\/chemitool.com\/#logo","inLanguage":"es","url":"https:\/\/chemitool.com\/wp-content\/uploads\/2020\/10\/logo_chemitool.png","contentUrl":"https:\/\/chemitool.com\/wp-content\/uploads\/2020\/10\/logo_chemitool.png","width":400,"height":400,"caption":"Chemitool"},"image":{"@id":"https:\/\/chemitool.com\/#logo"}},{"@type":"WebSite","@id":"https:\/\/chemitool.com\/#website","url":"https:\/\/chemitool.com\/","name":"Chemitool","description":"Chemitool - hardware and tools","publisher":{"@id":"https:\/\/chemitool.com\/#organization"},"potentialAction":[{"@type":"SearchAction","target":{"@type":"EntryPoint","urlTemplate":"https:\/\/chemitool.com\/?s={search_term_string}"},"query-input":"required name=search_term_string"}],"inLanguage":"es"},{"@type":"WebPage","@id":"https:\/\/chemitool.com\/es\/categorias\/equipment\/#webpage","url":"https:\/\/chemitool.com\/es\/categorias\/equipment\/","name":"Equipment &ndash; Chemitool","isPartOf":{"@id":"https:\/\/chemitool.com\/#website"},"datePublished":"2020-02-21T10:36:37+00:00","dateModified":"2023-02-03T09:41:18+00:00","breadcrumb":{"@id":"https:\/\/chemitool.com\/es\/categorias\/equipment\/#breadcrumb"},"inLanguage":"es","potentialAction":[{"@type":"ReadAction","target":["https:\/\/chemitool.com\/es\/categorias\/equipment\/"]}]},{"@type":"BreadcrumbList","@id":"https:\/\/chemitool.com\/es\/categorias\/equipment\/#breadcrumb","itemListElement":[{"@type":"ListItem","position":1,"name":"Home","item":"https:\/\/chemitool.com\/es\/"},{"@type":"ListItem","position":2,"name":"Categor\u00edas","item":"https:\/\/chemitool.com\/es\/categorias\/"},{"@type":"ListItem","position":3,"name":"Equipment"}]}]}},"_links":{"self":[{"href":"https:\/\/chemitool.com\/es\/wp-json\/wp\/v2\/pages\/4518"}],"collection":[{"href":"https:\/\/chemitool.com\/es\/wp-json\/wp\/v2\/pages"}],"about":[{"href":"https:\/\/chemitool.com\/es\/wp-json\/wp\/v2\/types\/page"}],"author":[{"embeddable":true,"href":"https:\/\/chemitool.com\/es\/wp-json\/wp\/v2\/users\/8"}],"replies":[{"embeddable":true,"href":"https:\/\/chemitool.com\/es\/wp-json\/wp\/v2\/comments?post=4518"}],"version-history":[{"count":11,"href":"https:\/\/chemitool.com\/es\/wp-json\/wp\/v2\/pages\/4518\/revisions"}],"predecessor-version":[{"id":23365,"href":"https:\/\/chemitool.com\/es\/wp-json\/wp\/v2\/pages\/4518\/revisions\/23365"}],"up":[{"embeddable":true,"href":"https:\/\/chemitool.com\/es\/wp-json\/wp\/v2\/pages\/4554"}],"wp:attachment":[{"href":"https:\/\/chemitool.com\/es\/wp-json\/wp\/v2\/media?parent=4518"}],"curies":[{"name":"wp","href":"https:\/\/api.w.org\/{rel}","templated":true}]}}