{"id":4514,"date":"2020-02-21T09:59:18","date_gmt":"2020-02-21T09:59:18","guid":{"rendered":"https:\/\/chemitool.com\/fasteners\/"},"modified":"2026-01-08T12:34:46","modified_gmt":"2026-01-08T12:34:46","slug":"fasteners","status":"publish","type":"page","link":"https:\/\/chemitool.com\/es\/categorias\/fasteners\/","title":{"rendered":"Fasteners"},"content":{"rendered":"<p>[vc_row row_content_width=\u00bbgrid\u00bb disable_background_image=\u00bb1024&#8243; vertical_lines=\u00bbyes\u00bb animated_text_position=\u00bbright\u00bb disable_animated_text=\u00bb\u00bb animated_text=\u00bbFasteners\u00bb animated_text_color=\u00bb#f5f5f5&#8243; css=\u00bb.vc_custom_1589812056590{padding-top: 130px !important;padding-bottom: 125px !important;}\u00bb animated_text_overlay_image=\u00bb2059&#8243;][vc_column css=\u00bb.vc_custom_1569240237669{padding-top: 0px !important;padding-bottom: 5px !important;}\u00bb][vc_row_inner row_content_width=\u00bbgrid\u00bb][vc_column_inner css=\u00bb.vc_custom_1567499344778{padding-top: 0px !important;padding-bottom: 0px !important;}\u00bb][vc_column_text css=\u00bb.vc_custom_1599660412920{padding-top: 15px !important;}\u00bb]<strong>CHEMITOOL FASTENERS<\/strong> tiene una amplia gama de productos y soluciones de fijaci\u00f3n, le proporcionar\u00e1 la soluci\u00f3n que necesita. Desde la A a la Z, desde las arandelas a los pasadores cil\u00edndricos, desde DIN 1 a DIN 82101, con tama\u00f1os de 1&#215;2 a M72x600, encontrar\u00e1 m\u00e1s de 70000 productos diferentes en nuestra amplia gama de fijaci\u00f3n.<\/p>\n<p>El equipo de desarrollo de<strong> CHEMITOOL<\/strong> trabaja en estrecha colaboraci\u00f3n con fabricantes cuidadosamente seleccionados para lograr un producto, con la m\u00e1s alta calidad disponible en el mundo.[\/vc_column_text][vc_column_text]<\/p>\n<p style=\"text-align: center;\"><a class=\"btn-custom-chemitool\" href=\"https:\/\/online.fliphtml5.com\/nvnkv\/FASTENERS_1-compactado\/\" target=\"_blank\" rel=\"noopener noreferrer\">Catalogo CHEMITOOL FASTENERS<\/a><\/p>\n<p>[\/vc_column_text][\/vc_column_inner][\/vc_row_inner][\/vc_column][\/vc_row]<\/p>\n","protected":false},"excerpt":{"rendered":"<p>[vc_row row_content_width=\u00bbgrid\u00bb disable_background_image=\u00bb1024&#8243; vertical_lines=\u00bbyes\u00bb animated_text_position=\u00bbright\u00bb disable_animated_text=\u00bb\u00bb animated_text=\u00bbFasteners\u00bb animated_text_color=\u00bb#f5f5f5&#8243; css=\u00bb.vc_custom_1589812056590{padding-top: 130px !important;padding-bottom: 125px !important;}\u00bb animated_text_overlay_image=\u00bb2059&#8243;][vc_column css=\u00bb.vc_custom_1569240237669{padding-top: 0px !important;padding-bottom: 5px !important;}\u00bb][vc_row_inner row_content_width=\u00bbgrid\u00bb][vc_column_inner css=\u00bb.vc_custom_1567499344778{padding-top: 0px !important;padding-bottom: 0px !important;}\u00bb][vc_column_text css=\u00bb.vc_custom_1599660412920{padding-top: 15px !important;}\u00bb]CHEMITOOL FASTENERS tiene una amplia gama de productos y soluciones de fijaci\u00f3n, le proporcionar\u00e1 la soluci\u00f3n que necesita. Desde la A a la Z, [&hellip;]<\/p>\n","protected":false},"author":8,"featured_media":0,"parent":4554,"menu_order":0,"comment_status":"closed","ping_status":"closed","template":"full-width.php","meta":[],"yoast_head":"<!-- This site is optimized with the Yoast SEO plugin v17.4 - https:\/\/yoast.com\/wordpress\/plugins\/seo\/ -->\n<title>Fasteners &ndash; Chemitool<\/title>\n<meta name=\"robots\" content=\"index, follow, max-snippet:-1, max-image-preview:large, max-video-preview:-1\" \/>\n<link rel=\"canonical\" href=\"https:\/\/chemitool.com\/es\/categorias\/fasteners\/\" \/>\n<meta property=\"og:locale\" content=\"es_ES\" \/>\n<meta property=\"og:type\" content=\"article\" \/>\n<meta property=\"og:title\" content=\"Fasteners &ndash; Chemitool\" \/>\n<meta property=\"og:description\" content=\"[vc_row row_content_width=\u00bbgrid\u00bb disable_background_image=\u00bb1024&#8243; vertical_lines=\u00bbyes\u00bb animated_text_position=\u00bbright\u00bb disable_animated_text=\u00bb\u00bb animated_text=\u00bbFasteners\u00bb animated_text_color=\u00bb#f5f5f5&#8243; css=\u00bb.vc_custom_1589812056590{padding-top: 130px !important;padding-bottom: 125px !important;}\u00bb animated_text_overlay_image=\u00bb2059&#8243;][vc_column css=\u00bb.vc_custom_1569240237669{padding-top: 0px !important;padding-bottom: 5px !important;}\u00bb][vc_row_inner row_content_width=\u00bbgrid\u00bb][vc_column_inner css=\u00bb.vc_custom_1567499344778{padding-top: 0px !important;padding-bottom: 0px !important;}\u00bb][vc_column_text css=\u00bb.vc_custom_1599660412920{padding-top: 15px !important;}\u00bb]CHEMITOOL FASTENERS tiene una amplia gama de productos y soluciones de fijaci\u00f3n, le proporcionar\u00e1 la soluci\u00f3n que necesita. Desde la A a la Z, [&hellip;]\" \/>\n<meta property=\"og:url\" content=\"https:\/\/chemitool.com\/es\/categorias\/fasteners\/\" \/>\n<meta property=\"og:site_name\" content=\"Chemitool\" \/>\n<meta property=\"article:publisher\" content=\"https:\/\/www.facebook.com\/chemitool\" \/>\n<meta property=\"article:modified_time\" content=\"2026-01-08T12:34:46+00:00\" \/>\n<meta property=\"og:image\" content=\"https:\/\/chemitool.com\/wp-content\/uploads\/2020\/02\/chemitool-background.png\" \/>\n\t<meta property=\"og:image:width\" content=\"1920\" \/>\n\t<meta property=\"og:image:height\" content=\"850\" \/>\n<meta name=\"twitter:card\" content=\"summary_large_image\" \/>\n<meta name=\"twitter:label1\" content=\"Tiempo de lectura\" \/>\n\t<meta name=\"twitter:data1\" content=\"1 minuto\" \/>\n<script type=\"application\/ld+json\" class=\"yoast-schema-graph\">{\"@context\":\"https:\/\/schema.org\",\"@graph\":[{\"@type\":\"Organization\",\"@id\":\"https:\/\/chemitool.com\/#organization\",\"name\":\"Chemitool\",\"url\":\"https:\/\/chemitool.com\/\",\"sameAs\":[\"https:\/\/www.facebook.com\/chemitool\",\"https:\/\/www.instagram.com\/chemitool\/\"],\"logo\":{\"@type\":\"ImageObject\",\"@id\":\"https:\/\/chemitool.com\/#logo\",\"inLanguage\":\"es\",\"url\":\"https:\/\/chemitool.com\/wp-content\/uploads\/2020\/10\/logo_chemitool.png\",\"contentUrl\":\"https:\/\/chemitool.com\/wp-content\/uploads\/2020\/10\/logo_chemitool.png\",\"width\":400,\"height\":400,\"caption\":\"Chemitool\"},\"image\":{\"@id\":\"https:\/\/chemitool.com\/#logo\"}},{\"@type\":\"WebSite\",\"@id\":\"https:\/\/chemitool.com\/#website\",\"url\":\"https:\/\/chemitool.com\/\",\"name\":\"Chemitool\",\"description\":\"Chemitool - hardware and tools\",\"publisher\":{\"@id\":\"https:\/\/chemitool.com\/#organization\"},\"potentialAction\":[{\"@type\":\"SearchAction\",\"target\":{\"@type\":\"EntryPoint\",\"urlTemplate\":\"https:\/\/chemitool.com\/?s={search_term_string}\"},\"query-input\":\"required name=search_term_string\"}],\"inLanguage\":\"es\"},{\"@type\":\"WebPage\",\"@id\":\"https:\/\/chemitool.com\/es\/categorias\/fasteners\/#webpage\",\"url\":\"https:\/\/chemitool.com\/es\/categorias\/fasteners\/\",\"name\":\"Fasteners &ndash; Chemitool\",\"isPartOf\":{\"@id\":\"https:\/\/chemitool.com\/#website\"},\"datePublished\":\"2020-02-21T09:59:18+00:00\",\"dateModified\":\"2026-01-08T12:34:46+00:00\",\"breadcrumb\":{\"@id\":\"https:\/\/chemitool.com\/es\/categorias\/fasteners\/#breadcrumb\"},\"inLanguage\":\"es\",\"potentialAction\":[{\"@type\":\"ReadAction\",\"target\":[\"https:\/\/chemitool.com\/es\/categorias\/fasteners\/\"]}]},{\"@type\":\"BreadcrumbList\",\"@id\":\"https:\/\/chemitool.com\/es\/categorias\/fasteners\/#breadcrumb\",\"itemListElement\":[{\"@type\":\"ListItem\",\"position\":1,\"name\":\"Home\",\"item\":\"https:\/\/chemitool.com\/es\/\"},{\"@type\":\"ListItem\",\"position\":2,\"name\":\"Categor\\u00edas\",\"item\":\"https:\/\/chemitool.com\/es\/categorias\/\"},{\"@type\":\"ListItem\",\"position\":3,\"name\":\"Fasteners\"}]}]}<\/script>\n<!-- \/ Yoast SEO plugin. -->","yoast_head_json":{"title":"Fasteners &ndash; Chemitool","robots":{"index":"index","follow":"follow","max-snippet":"max-snippet:-1","max-image-preview":"max-image-preview:large","max-video-preview":"max-video-preview:-1"},"canonical":"https:\/\/chemitool.com\/es\/categorias\/fasteners\/","og_locale":"es_ES","og_type":"article","og_title":"Fasteners &ndash; Chemitool","og_description":"[vc_row row_content_width=\u00bbgrid\u00bb disable_background_image=\u00bb1024&#8243; vertical_lines=\u00bbyes\u00bb animated_text_position=\u00bbright\u00bb disable_animated_text=\u00bb\u00bb animated_text=\u00bbFasteners\u00bb animated_text_color=\u00bb#f5f5f5&#8243; css=\u00bb.vc_custom_1589812056590{padding-top: 130px !important;padding-bottom: 125px !important;}\u00bb animated_text_overlay_image=\u00bb2059&#8243;][vc_column css=\u00bb.vc_custom_1569240237669{padding-top: 0px !important;padding-bottom: 5px !important;}\u00bb][vc_row_inner row_content_width=\u00bbgrid\u00bb][vc_column_inner css=\u00bb.vc_custom_1567499344778{padding-top: 0px !important;padding-bottom: 0px !important;}\u00bb][vc_column_text css=\u00bb.vc_custom_1599660412920{padding-top: 15px !important;}\u00bb]CHEMITOOL FASTENERS tiene una amplia gama de productos y soluciones de fijaci\u00f3n, le proporcionar\u00e1 la soluci\u00f3n que necesita. Desde la A a la Z, [&hellip;]","og_url":"https:\/\/chemitool.com\/es\/categorias\/fasteners\/","og_site_name":"Chemitool","article_publisher":"https:\/\/www.facebook.com\/chemitool","article_modified_time":"2026-01-08T12:34:46+00:00","og_image":[{"width":1920,"height":850,"url":"https:\/\/chemitool.com\/wp-content\/uploads\/2020\/02\/chemitool-background.png","type":"image\/png"}],"twitter_card":"summary_large_image","twitter_misc":{"Tiempo de lectura":"1 minuto"},"schema":{"@context":"https:\/\/schema.org","@graph":[{"@type":"Organization","@id":"https:\/\/chemitool.com\/#organization","name":"Chemitool","url":"https:\/\/chemitool.com\/","sameAs":["https:\/\/www.facebook.com\/chemitool","https:\/\/www.instagram.com\/chemitool\/"],"logo":{"@type":"ImageObject","@id":"https:\/\/chemitool.com\/#logo","inLanguage":"es","url":"https:\/\/chemitool.com\/wp-content\/uploads\/2020\/10\/logo_chemitool.png","contentUrl":"https:\/\/chemitool.com\/wp-content\/uploads\/2020\/10\/logo_chemitool.png","width":400,"height":400,"caption":"Chemitool"},"image":{"@id":"https:\/\/chemitool.com\/#logo"}},{"@type":"WebSite","@id":"https:\/\/chemitool.com\/#website","url":"https:\/\/chemitool.com\/","name":"Chemitool","description":"Chemitool - hardware and tools","publisher":{"@id":"https:\/\/chemitool.com\/#organization"},"potentialAction":[{"@type":"SearchAction","target":{"@type":"EntryPoint","urlTemplate":"https:\/\/chemitool.com\/?s={search_term_string}"},"query-input":"required name=search_term_string"}],"inLanguage":"es"},{"@type":"WebPage","@id":"https:\/\/chemitool.com\/es\/categorias\/fasteners\/#webpage","url":"https:\/\/chemitool.com\/es\/categorias\/fasteners\/","name":"Fasteners &ndash; Chemitool","isPartOf":{"@id":"https:\/\/chemitool.com\/#website"},"datePublished":"2020-02-21T09:59:18+00:00","dateModified":"2026-01-08T12:34:46+00:00","breadcrumb":{"@id":"https:\/\/chemitool.com\/es\/categorias\/fasteners\/#breadcrumb"},"inLanguage":"es","potentialAction":[{"@type":"ReadAction","target":["https:\/\/chemitool.com\/es\/categorias\/fasteners\/"]}]},{"@type":"BreadcrumbList","@id":"https:\/\/chemitool.com\/es\/categorias\/fasteners\/#breadcrumb","itemListElement":[{"@type":"ListItem","position":1,"name":"Home","item":"https:\/\/chemitool.com\/es\/"},{"@type":"ListItem","position":2,"name":"Categor\u00edas","item":"https:\/\/chemitool.com\/es\/categorias\/"},{"@type":"ListItem","position":3,"name":"Fasteners"}]}]}},"_links":{"self":[{"href":"https:\/\/chemitool.com\/es\/wp-json\/wp\/v2\/pages\/4514"}],"collection":[{"href":"https:\/\/chemitool.com\/es\/wp-json\/wp\/v2\/pages"}],"about":[{"href":"https:\/\/chemitool.com\/es\/wp-json\/wp\/v2\/types\/page"}],"author":[{"embeddable":true,"href":"https:\/\/chemitool.com\/es\/wp-json\/wp\/v2\/users\/8"}],"replies":[{"embeddable":true,"href":"https:\/\/chemitool.com\/es\/wp-json\/wp\/v2\/comments?post=4514"}],"version-history":[{"count":13,"href":"https:\/\/chemitool.com\/es\/wp-json\/wp\/v2\/pages\/4514\/revisions"}],"predecessor-version":[{"id":44669,"href":"https:\/\/chemitool.com\/es\/wp-json\/wp\/v2\/pages\/4514\/revisions\/44669"}],"up":[{"embeddable":true,"href":"https:\/\/chemitool.com\/es\/wp-json\/wp\/v2\/pages\/4554"}],"wp:attachment":[{"href":"https:\/\/chemitool.com\/es\/wp-json\/wp\/v2\/media?parent=4514"}],"curies":[{"name":"wp","href":"https:\/\/api.w.org\/{rel}","templated":true}]}}