{"id":20269,"date":"2022-03-17T17:20:19","date_gmt":"2022-03-17T17:20:19","guid":{"rendered":"https:\/\/chemitool.com\/?page_id=20269"},"modified":"2023-02-20T16:34:56","modified_gmt":"2023-02-20T16:34:56","slug":"agro","status":"publish","type":"page","link":"https:\/\/chemitool.com\/es\/categorias\/agro\/","title":{"rendered":"Agro"},"content":{"rendered":"<p>[vc_row disable_background_image=\u00bb\u00bb el_class=\u00bbmkdf-cc-banners\u00bb][vc_column][\/vc_column][\/vc_row][vc_row disable_background_image=\u00bb\u00bb][vc_column]<div class=\"mkdf-elements-holder   mkdf-three-columns  mkdf-responsive-mode-768 \" ><div class=\"mkdf-eh-item    \"  data-item-class=\"mkdf-eh-custom-6952\">\n\t<div class=\"mkdf-eh-item-inner\">\n\t\t<div class=\"mkdf-eh-item-content mkdf-eh-custom-6952\" >\n\t\t\t<div class=\"mkdf-banner-holder   mkdf-visible-on-default mkdf-banner-info-default\"  style=\"background-color:#f5f5f5\" >\n\t\t\t\t<div class=\"mkdf-banner-foreground-image\">\n\t\t\t<img width=\"800\" height=\"800\" src=\"https:\/\/chemitool.com\/wp-content\/uploads\/2022\/03\/CHG00301001003-1.png\" class=\"attachment-full size-full\" alt=\"\" srcset=\"https:\/\/chemitool.com\/wp-content\/uploads\/2022\/03\/CHG00301001003-1.png 800w, https:\/\/chemitool.com\/wp-content\/uploads\/2022\/03\/CHG00301001003-1-300x300.png 300w, https:\/\/chemitool.com\/wp-content\/uploads\/2022\/03\/CHG00301001003-1-150x150.png 150w, https:\/\/chemitool.com\/wp-content\/uploads\/2022\/03\/CHG00301001003-1-768x768.png 768w, https:\/\/chemitool.com\/wp-content\/uploads\/2022\/03\/CHG00301001003-1-650x650.png 650w, https:\/\/chemitool.com\/wp-content\/uploads\/2022\/03\/CHG00301001003-1-600x600.png 600w, https:\/\/chemitool.com\/wp-content\/uploads\/2022\/03\/CHG00301001003-1-100x100.png 100w\" sizes=\"(max-width: 800px) 100vw, 800px\" \/>\t\t<\/div>\n\t    <div class=\"mkdf-banner-text-holder\" >\n\t    <div class=\"mkdf-banner-text-outer\">\n\t\t    <div class=\"mkdf-banner-text-inner\">\n\t\t        \t\t            <span class=\"mkdf-banner-subtitle\">\n\t\t\t            Agro\t\t            <\/span>\n\t\t        \t\t        \t\t            <h4 class=\"mkdf-banner-title\" >\n\t\t                Accesorios de Jard\u00edn\t                <\/h4>\n\t\t        \t\t\t    \t\t\t\t    <span class=\"mkdf-banner-custom-mark\" >\n\t\t\t\t\t\t<span class=\"mkdf-split-character\">R<\/span> <span class=\"mkdf-split-character\">2<\/span>\t\t\t\t\t<\/span>\n\t\t\t    \t\t\t\t<a itemprop=\"url\" href=\"\/es\/categoria-producto\/agro-es\/accesorios-de-jardin\/\" target=\"_self\"  class=\"mkdf-btn mkdf-btn-medium mkdf-btn-simple-predefined\"  >            <span class=\"mkdf-btn-predefined-line-holder\">            <span class=\"mkdf-btn-line-hidden\"><\/span>            <span class=\"mkdf-btn-text\">+ info<\/span>\t        <span class=\"mkdf-btn-line\"><\/span>            <i class=\"mkdf-btn-predefined-icon mkdf-icon-ion-icon ion-ios-play \"><\/i>        <\/span>    <\/a>\t\t\t<\/div>\n\t\t<\/div>\n\t<\/div>\n\t        <a itemprop=\"url\" class=\"mkdf-banner-link\" href=\"\/es\/categoria-producto\/agro-es\/accesorios-de-jardin\/\" target=\"_self\"><\/a>\n    <\/div>\t\t<\/div>\n\t<\/div>\n<\/div><div class=\"mkdf-eh-item    \"  data-item-class=\"mkdf-eh-custom-2605\">\n\t<div class=\"mkdf-eh-item-inner\">\n\t\t<div class=\"mkdf-eh-item-content mkdf-eh-custom-2605\" >\n\t\t\t<div class=\"mkdf-banner-holder   mkdf-visible-on-default mkdf-banner-info-default\"  style=\"background-color:#ffffff\" >\n\t\t\t\t<div class=\"mkdf-banner-foreground-image\">\n\t\t\t<img width=\"800\" height=\"800\" src=\"https:\/\/chemitool.com\/wp-content\/uploads\/2022\/06\/MONTAGEM_CATEGORIA-1.png\" class=\"attachment-full size-full\" alt=\"\" srcset=\"https:\/\/chemitool.com\/wp-content\/uploads\/2022\/06\/MONTAGEM_CATEGORIA-1.png 800w, https:\/\/chemitool.com\/wp-content\/uploads\/2022\/06\/MONTAGEM_CATEGORIA-1-300x300.png 300w, https:\/\/chemitool.com\/wp-content\/uploads\/2022\/06\/MONTAGEM_CATEGORIA-1-150x150.png 150w, https:\/\/chemitool.com\/wp-content\/uploads\/2022\/06\/MONTAGEM_CATEGORIA-1-768x768.png 768w, https:\/\/chemitool.com\/wp-content\/uploads\/2022\/06\/MONTAGEM_CATEGORIA-1-650x650.png 650w, https:\/\/chemitool.com\/wp-content\/uploads\/2022\/06\/MONTAGEM_CATEGORIA-1-600x600.png 600w, https:\/\/chemitool.com\/wp-content\/uploads\/2022\/06\/MONTAGEM_CATEGORIA-1-100x100.png 100w\" sizes=\"(max-width: 800px) 100vw, 800px\" \/>\t\t<\/div>\n\t    <div class=\"mkdf-banner-text-holder\" >\n\t    <div class=\"mkdf-banner-text-outer\">\n\t\t    <div class=\"mkdf-banner-text-inner\">\n\t\t        \t\t            <span class=\"mkdf-banner-subtitle\">\n\t\t\t            Agro\t\t            <\/span>\n\t\t        \t\t        \t\t            <h4 class=\"mkdf-banner-title\" >\n\t\t                Accesorios para exteriores\t                <\/h4>\n\t\t        \t\t\t    \t\t\t\t    <span class=\"mkdf-banner-custom-mark\" >\n\t\t\t\t\t\t<span class=\"mkdf-split-character\">R<\/span> <span class=\"mkdf-split-character\">2<\/span>\t\t\t\t\t<\/span>\n\t\t\t    \t\t\t\t<a itemprop=\"url\" href=\"\/es\/categoria-producto\/agro-es\/accesorios-para-exteriores\/\" target=\"_self\"  class=\"mkdf-btn mkdf-btn-medium mkdf-btn-simple-predefined\"  >            <span class=\"mkdf-btn-predefined-line-holder\">            <span class=\"mkdf-btn-line-hidden\"><\/span>            <span class=\"mkdf-btn-text\">+ info<\/span>\t        <span class=\"mkdf-btn-line\"><\/span>            <i class=\"mkdf-btn-predefined-icon mkdf-icon-ion-icon ion-ios-play \"><\/i>        <\/span>    <\/a>\t\t\t<\/div>\n\t\t<\/div>\n\t<\/div>\n\t        <a itemprop=\"url\" class=\"mkdf-banner-link\" href=\"\/es\/categoria-producto\/agro-es\/accesorios-para-exteriores\/\" target=\"_self\"><\/a>\n    <\/div>\t\t<\/div>\n\t<\/div>\n<\/div><div class=\"mkdf-eh-item    \"  data-item-class=\"mkdf-eh-custom-2874\">\n\t<div class=\"mkdf-eh-item-inner\">\n\t\t<div class=\"mkdf-eh-item-content mkdf-eh-custom-2874\" >\n\t\t\t<div class=\"mkdf-banner-holder   mkdf-visible-on-default mkdf-banner-info-default\"  style=\"background-color:#f5f5f5\" >\n\t\t\t\t<div class=\"mkdf-banner-foreground-image\">\n\t\t\t<img width=\"800\" height=\"800\" src=\"https:\/\/chemitool.com\/wp-content\/uploads\/2022\/12\/MONTAGEM_BOMBAS_AGUA.png\" class=\"attachment-full size-full\" alt=\"\" srcset=\"https:\/\/chemitool.com\/wp-content\/uploads\/2022\/12\/MONTAGEM_BOMBAS_AGUA.png 800w, https:\/\/chemitool.com\/wp-content\/uploads\/2022\/12\/MONTAGEM_BOMBAS_AGUA-300x300.png 300w, https:\/\/chemitool.com\/wp-content\/uploads\/2022\/12\/MONTAGEM_BOMBAS_AGUA-150x150.png 150w, https:\/\/chemitool.com\/wp-content\/uploads\/2022\/12\/MONTAGEM_BOMBAS_AGUA-768x768.png 768w, https:\/\/chemitool.com\/wp-content\/uploads\/2022\/12\/MONTAGEM_BOMBAS_AGUA-650x650.png 650w, https:\/\/chemitool.com\/wp-content\/uploads\/2022\/12\/MONTAGEM_BOMBAS_AGUA-600x600.png 600w, https:\/\/chemitool.com\/wp-content\/uploads\/2022\/12\/MONTAGEM_BOMBAS_AGUA-100x100.png 100w\" sizes=\"(max-width: 800px) 100vw, 800px\" \/>\t\t<\/div>\n\t    <div class=\"mkdf-banner-text-holder\" >\n\t    <div class=\"mkdf-banner-text-outer\">\n\t\t    <div class=\"mkdf-banner-text-inner\">\n\t\t        \t\t            <span class=\"mkdf-banner-subtitle\">\n\t\t\t            Agro\t\t            <\/span>\n\t\t        \t\t        \t\t            <h4 class=\"mkdf-banner-title\" >\n\t\t                Bombas de Agua\t                <\/h4>\n\t\t        \t\t\t    \t\t\t\t    <span class=\"mkdf-banner-custom-mark\" >\n\t\t\t\t\t\t<span class=\"mkdf-split-character\">R<\/span> <span class=\"mkdf-split-character\">2<\/span>\t\t\t\t\t<\/span>\n\t\t\t    \t\t\t\t<a itemprop=\"url\" href=\"\/es\/categoria-producto\/agro-es\/bombas-de-agua-es\/\" target=\"_self\"  class=\"mkdf-btn mkdf-btn-medium mkdf-btn-simple-predefined\"  >            <span class=\"mkdf-btn-predefined-line-holder\">            <span class=\"mkdf-btn-line-hidden\"><\/span>            <span class=\"mkdf-btn-text\">+ info<\/span>\t        <span class=\"mkdf-btn-line\"><\/span>            <i class=\"mkdf-btn-predefined-icon mkdf-icon-ion-icon ion-ios-play \"><\/i>        <\/span>    <\/a>\t\t\t<\/div>\n\t\t<\/div>\n\t<\/div>\n\t        <a itemprop=\"url\" class=\"mkdf-banner-link\" href=\"\/es\/categoria-producto\/agro-es\/bombas-de-agua-es\/\" target=\"_self\"><\/a>\n    <\/div>\t\t<\/div>\n\t<\/div>\n<\/div><div class=\"mkdf-eh-item    \"  data-item-class=\"mkdf-eh-custom-1505\">\n\t<div class=\"mkdf-eh-item-inner\">\n\t\t<div class=\"mkdf-eh-item-content mkdf-eh-custom-1505\" >\n\t\t\t<div class=\"mkdf-banner-holder   mkdf-visible-on-default mkdf-banner-info-default\"  style=\"background-color:#ffffff\" >\n\t\t\t\t<div class=\"mkdf-banner-foreground-image\">\n\t\t\t<img width=\"800\" height=\"800\" src=\"https:\/\/chemitool.com\/wp-content\/uploads\/2022\/07\/MONTAGEM_Vassouras.png\" class=\"attachment-full size-full\" alt=\"\" srcset=\"https:\/\/chemitool.com\/wp-content\/uploads\/2022\/07\/MONTAGEM_Vassouras.png 800w, https:\/\/chemitool.com\/wp-content\/uploads\/2022\/07\/MONTAGEM_Vassouras-300x300.png 300w, https:\/\/chemitool.com\/wp-content\/uploads\/2022\/07\/MONTAGEM_Vassouras-150x150.png 150w, https:\/\/chemitool.com\/wp-content\/uploads\/2022\/07\/MONTAGEM_Vassouras-768x768.png 768w, https:\/\/chemitool.com\/wp-content\/uploads\/2022\/07\/MONTAGEM_Vassouras-650x650.png 650w, https:\/\/chemitool.com\/wp-content\/uploads\/2022\/07\/MONTAGEM_Vassouras-600x600.png 600w, https:\/\/chemitool.com\/wp-content\/uploads\/2022\/07\/MONTAGEM_Vassouras-100x100.png 100w\" sizes=\"(max-width: 800px) 100vw, 800px\" \/>\t\t<\/div>\n\t    <div class=\"mkdf-banner-text-holder\" >\n\t    <div class=\"mkdf-banner-text-outer\">\n\t\t    <div class=\"mkdf-banner-text-inner\">\n\t\t        \t\t            <span class=\"mkdf-banner-subtitle\">\n\t\t\t            Agro\t\t            <\/span>\n\t\t        \t\t        \t\t            <h4 class=\"mkdf-banner-title\" >\n\t\t                Escobas\t                <\/h4>\n\t\t        \t\t\t    \t\t\t\t    <span class=\"mkdf-banner-custom-mark\" >\n\t\t\t\t\t\t<span class=\"mkdf-split-character\">R<\/span> <span class=\"mkdf-split-character\">2<\/span>\t\t\t\t\t<\/span>\n\t\t\t    \t\t\t\t<a itemprop=\"url\" href=\"\/es\/categoria-producto\/agro-es\/escobas\/\" target=\"_self\"  class=\"mkdf-btn mkdf-btn-medium mkdf-btn-simple-predefined\"  >            <span class=\"mkdf-btn-predefined-line-holder\">            <span class=\"mkdf-btn-line-hidden\"><\/span>            <span class=\"mkdf-btn-text\">+ info<\/span>\t        <span class=\"mkdf-btn-line\"><\/span>            <i class=\"mkdf-btn-predefined-icon mkdf-icon-ion-icon ion-ios-play \"><\/i>        <\/span>    <\/a>\t\t\t<\/div>\n\t\t<\/div>\n\t<\/div>\n\t        <a itemprop=\"url\" class=\"mkdf-banner-link\" href=\"\/es\/categoria-producto\/agro-es\/escobas\/\" target=\"_self\"><\/a>\n    <\/div>\t\t<\/div>\n\t<\/div>\n<\/div><\/div><div class=\"mkdf-elements-holder   mkdf-three-columns  mkdf-responsive-mode-768 \" ><div class=\"mkdf-eh-item    \"  data-item-class=\"mkdf-eh-custom-7612\">\n\t<div class=\"mkdf-eh-item-inner\">\n\t\t<div class=\"mkdf-eh-item-content mkdf-eh-custom-7612\" >\n\t\t\t<div class=\"mkdf-banner-holder   mkdf-visible-on-default mkdf-banner-info-default\"  style=\"background-color:#ffffff\" >\n\t\t\t\t<div class=\"mkdf-banner-foreground-image\">\n\t\t\t<img width=\"800\" height=\"800\" src=\"https:\/\/chemitool.com\/wp-content\/uploads\/2023\/02\/SHOVELS-2.png\" class=\"attachment-full size-full\" alt=\"\" srcset=\"https:\/\/chemitool.com\/wp-content\/uploads\/2023\/02\/SHOVELS-2.png 800w, https:\/\/chemitool.com\/wp-content\/uploads\/2023\/02\/SHOVELS-2-300x300.png 300w, https:\/\/chemitool.com\/wp-content\/uploads\/2023\/02\/SHOVELS-2-150x150.png 150w, https:\/\/chemitool.com\/wp-content\/uploads\/2023\/02\/SHOVELS-2-768x768.png 768w, https:\/\/chemitool.com\/wp-content\/uploads\/2023\/02\/SHOVELS-2-650x650.png 650w, https:\/\/chemitool.com\/wp-content\/uploads\/2023\/02\/SHOVELS-2-600x600.png 600w, https:\/\/chemitool.com\/wp-content\/uploads\/2023\/02\/SHOVELS-2-100x100.png 100w\" sizes=\"(max-width: 800px) 100vw, 800px\" \/>\t\t<\/div>\n\t    <div class=\"mkdf-banner-text-holder\" >\n\t    <div class=\"mkdf-banner-text-outer\">\n\t\t    <div class=\"mkdf-banner-text-inner\">\n\t\t        \t\t            <span class=\"mkdf-banner-subtitle\">\n\t\t\t            Agro\t\t            <\/span>\n\t\t        \t\t        \t\t            <h4 class=\"mkdf-banner-title\" >\n\t\t                Palas\t                <\/h4>\n\t\t        \t\t\t    \t\t\t\t    <span class=\"mkdf-banner-custom-mark\" >\n\t\t\t\t\t\t<span class=\"mkdf-split-character\">R<\/span> <span class=\"mkdf-split-character\">2<\/span>\t\t\t\t\t<\/span>\n\t\t\t    \t\t\t\t<a itemprop=\"url\" href=\"\/es\/categoria-producto\/agro-es\/palas\/\" target=\"_self\"  class=\"mkdf-btn mkdf-btn-medium mkdf-btn-simple-predefined\"  >            <span class=\"mkdf-btn-predefined-line-holder\">            <span class=\"mkdf-btn-line-hidden\"><\/span>            <span class=\"mkdf-btn-text\">+ info<\/span>\t        <span class=\"mkdf-btn-line\"><\/span>            <i class=\"mkdf-btn-predefined-icon mkdf-icon-ion-icon ion-ios-play \"><\/i>        <\/span>    <\/a>\t\t\t<\/div>\n\t\t<\/div>\n\t<\/div>\n\t        <a itemprop=\"url\" class=\"mkdf-banner-link\" href=\"\/es\/categoria-producto\/agro-es\/palas\/\" target=\"_self\"><\/a>\n    <\/div>\t\t<\/div>\n\t<\/div>\n<\/div><div class=\"mkdf-eh-item    \"  data-item-class=\"mkdf-eh-custom-9575\">\n\t<div class=\"mkdf-eh-item-inner\">\n\t\t<div class=\"mkdf-eh-item-content mkdf-eh-custom-9575\" >\n\t\t\t\t\t<\/div>\n\t<\/div>\n<\/div><div class=\"mkdf-eh-item    \"  data-item-class=\"mkdf-eh-custom-4321\">\n\t<div class=\"mkdf-eh-item-inner\">\n\t\t<div class=\"mkdf-eh-item-content mkdf-eh-custom-4321\" >\n\t\t\t\t\t<\/div>\n\t<\/div>\n<\/div><div class=\"mkdf-eh-item    \"  data-item-class=\"mkdf-eh-custom-9244\">\n\t<div class=\"mkdf-eh-item-inner\">\n\t\t<div class=\"mkdf-eh-item-content mkdf-eh-custom-9244\" >\n\t\t\t\t\t<\/div>\n\t<\/div>\n<\/div><\/div>[\/vc_column][\/vc_row][vc_row row_content_width=\u00bbgrid\u00bb disable_background_image=\u00bb1024&#8243; vertical_lines=\u00bbyes\u00bb animated_text_position=\u00bbright\u00bb disable_animated_text=\u00bb\u00bb animated_text=\u00bbagro\u00bb animated_text_color=\u00bb#f5f5f5&#8243; css=\u00bb.vc_custom_1582545560803{padding-top: 130px !important;padding-bottom: 125px !important;}\u00bb animated_text_overlay_image=\u00bb2059&#8243;][vc_column css=\u00bb.vc_custom_1569240237669{padding-top: 0px !important;padding-bottom: 5px !important;}\u00bb][vc_row_inner row_content_width=\u00bbgrid\u00bb][vc_column_inner css=\u00bb.vc_custom_1567499344778{padding-top: 0px !important;padding-bottom: 0px !important;}\u00bb][vc_column_text css=\u00bb.vc_custom_1647535689507{padding-top: 15px !important;}\u00bb]<strong>CHEMITOOL AGRO <\/strong>ofrece una amplia gama de productos configurados y producidos para satisfacer las necesidades del mercado. Los conocimientos t\u00e9cnicos adquiridos durante m\u00e1s de 20 a\u00f1os nos permiten ofrecer soluciones de calidad en forma de accesorios para el jard\u00edn y el exterior.<\/p>\n<p>El equipo de desarrollo de <strong>CHEMITOOL<\/strong> trabaja diariamente en estrecha colaboraci\u00f3n con fabricantes seleccionados para obtener los productos de mejor calidad disponibles en todo el mundo.[\/vc_column_text][\/vc_column_inner][\/vc_row_inner][\/vc_column][\/vc_row][vc_row disable_element=\u00bbyes\u00bb disable_background_image=\u00bb\u00bb][vc_column][vc_column_text]<\/p>\n<p>[\/vc_column_text][\/vc_column][\/vc_row]<\/p>\n","protected":false},"excerpt":{"rendered":"<p>[vc_row disable_background_image=\u00bb\u00bb el_class=\u00bbmkdf-cc-banners\u00bb][vc_column][\/vc_column][\/vc_row][vc_row disable_background_image=\u00bb\u00bb][vc_column][\/vc_column][\/vc_row][vc_row row_content_width=\u00bbgrid\u00bb disable_background_image=\u00bb1024&#8243; vertical_lines=\u00bbyes\u00bb animated_text_position=\u00bbright\u00bb disable_animated_text=\u00bb\u00bb animated_text=\u00bbagro\u00bb animated_text_color=\u00bb#f5f5f5&#8243; css=\u00bb.vc_custom_1582545560803{padding-top: 130px !important;padding-bottom: 125px !important;}\u00bb animated_text_overlay_image=\u00bb2059&#8243;][vc_column css=\u00bb.vc_custom_1569240237669{padding-top: 0px !important;padding-bottom: 5px !important;}\u00bb][vc_row_inner row_content_width=\u00bbgrid\u00bb][vc_column_inner css=\u00bb.vc_custom_1567499344778{padding-top: 0px !important;padding-bottom: 0px !important;}\u00bb][vc_column_text css=\u00bb.vc_custom_1647535689507{padding-top: 15px !important;}\u00bb]CHEMITOOL AGRO ofrece una amplia gama de productos configurados y producidos para satisfacer las necesidades del mercado. Los conocimientos t\u00e9cnicos adquiridos [&hellip;]<\/p>\n","protected":false},"author":8,"featured_media":0,"parent":4554,"menu_order":0,"comment_status":"closed","ping_status":"closed","template":"full-width.php","meta":[],"yoast_head":"<!-- This site is optimized with the Yoast SEO plugin v17.4 - https:\/\/yoast.com\/wordpress\/plugins\/seo\/ -->\n<title>Agro &ndash; Chemitool<\/title>\n<meta name=\"robots\" content=\"index, follow, max-snippet:-1, max-image-preview:large, max-video-preview:-1\" \/>\n<link rel=\"canonical\" href=\"https:\/\/chemitool.com\/es\/categorias\/agro\/\" \/>\n<meta property=\"og:locale\" content=\"es_ES\" \/>\n<meta property=\"og:type\" content=\"article\" \/>\n<meta property=\"og:title\" content=\"Agro &ndash; Chemitool\" \/>\n<meta property=\"og:description\" content=\"[vc_row disable_background_image=\u00bb\u00bb el_class=\u00bbmkdf-cc-banners\u00bb][vc_column][\/vc_column][\/vc_row][vc_row disable_background_image=\u00bb\u00bb][vc_column][\/vc_column][\/vc_row][vc_row row_content_width=\u00bbgrid\u00bb disable_background_image=\u00bb1024&#8243; vertical_lines=\u00bbyes\u00bb animated_text_position=\u00bbright\u00bb disable_animated_text=\u00bb\u00bb animated_text=\u00bbagro\u00bb animated_text_color=\u00bb#f5f5f5&#8243; css=\u00bb.vc_custom_1582545560803{padding-top: 130px !important;padding-bottom: 125px !important;}\u00bb animated_text_overlay_image=\u00bb2059&#8243;][vc_column css=\u00bb.vc_custom_1569240237669{padding-top: 0px !important;padding-bottom: 5px !important;}\u00bb][vc_row_inner row_content_width=\u00bbgrid\u00bb][vc_column_inner css=\u00bb.vc_custom_1567499344778{padding-top: 0px !important;padding-bottom: 0px !important;}\u00bb][vc_column_text css=\u00bb.vc_custom_1647535689507{padding-top: 15px !important;}\u00bb]CHEMITOOL AGRO ofrece una amplia gama de productos configurados y producidos para satisfacer las necesidades del mercado. Los conocimientos t\u00e9cnicos adquiridos [&hellip;]\" \/>\n<meta property=\"og:url\" content=\"https:\/\/chemitool.com\/es\/categorias\/agro\/\" \/>\n<meta property=\"og:site_name\" content=\"Chemitool\" \/>\n<meta property=\"article:publisher\" content=\"https:\/\/www.facebook.com\/chemitool\" \/>\n<meta property=\"article:modified_time\" content=\"2023-02-20T16:34:56+00:00\" \/>\n<meta property=\"og:image\" content=\"https:\/\/chemitool.com\/wp-content\/uploads\/2020\/02\/chemitool-background.png\" \/>\n\t<meta property=\"og:image:width\" content=\"1920\" \/>\n\t<meta property=\"og:image:height\" content=\"850\" \/>\n<meta name=\"twitter:card\" content=\"summary_large_image\" \/>\n<meta name=\"twitter:label1\" content=\"Tiempo de lectura\" \/>\n\t<meta name=\"twitter:data1\" content=\"1 minuto\" \/>\n<script type=\"application\/ld+json\" class=\"yoast-schema-graph\">{\"@context\":\"https:\/\/schema.org\",\"@graph\":[{\"@type\":\"Organization\",\"@id\":\"https:\/\/chemitool.com\/#organization\",\"name\":\"Chemitool\",\"url\":\"https:\/\/chemitool.com\/\",\"sameAs\":[\"https:\/\/www.facebook.com\/chemitool\",\"https:\/\/www.instagram.com\/chemitool\/\"],\"logo\":{\"@type\":\"ImageObject\",\"@id\":\"https:\/\/chemitool.com\/#logo\",\"inLanguage\":\"es\",\"url\":\"https:\/\/chemitool.com\/wp-content\/uploads\/2020\/10\/logo_chemitool.png\",\"contentUrl\":\"https:\/\/chemitool.com\/wp-content\/uploads\/2020\/10\/logo_chemitool.png\",\"width\":400,\"height\":400,\"caption\":\"Chemitool\"},\"image\":{\"@id\":\"https:\/\/chemitool.com\/#logo\"}},{\"@type\":\"WebSite\",\"@id\":\"https:\/\/chemitool.com\/#website\",\"url\":\"https:\/\/chemitool.com\/\",\"name\":\"Chemitool\",\"description\":\"Chemitool - hardware and tools\",\"publisher\":{\"@id\":\"https:\/\/chemitool.com\/#organization\"},\"potentialAction\":[{\"@type\":\"SearchAction\",\"target\":{\"@type\":\"EntryPoint\",\"urlTemplate\":\"https:\/\/chemitool.com\/?s={search_term_string}\"},\"query-input\":\"required name=search_term_string\"}],\"inLanguage\":\"es\"},{\"@type\":\"WebPage\",\"@id\":\"https:\/\/chemitool.com\/es\/categorias\/agro\/#webpage\",\"url\":\"https:\/\/chemitool.com\/es\/categorias\/agro\/\",\"name\":\"Agro &ndash; Chemitool\",\"isPartOf\":{\"@id\":\"https:\/\/chemitool.com\/#website\"},\"datePublished\":\"2022-03-17T17:20:19+00:00\",\"dateModified\":\"2023-02-20T16:34:56+00:00\",\"breadcrumb\":{\"@id\":\"https:\/\/chemitool.com\/es\/categorias\/agro\/#breadcrumb\"},\"inLanguage\":\"es\",\"potentialAction\":[{\"@type\":\"ReadAction\",\"target\":[\"https:\/\/chemitool.com\/es\/categorias\/agro\/\"]}]},{\"@type\":\"BreadcrumbList\",\"@id\":\"https:\/\/chemitool.com\/es\/categorias\/agro\/#breadcrumb\",\"itemListElement\":[{\"@type\":\"ListItem\",\"position\":1,\"name\":\"Home\",\"item\":\"https:\/\/chemitool.com\/es\/\"},{\"@type\":\"ListItem\",\"position\":2,\"name\":\"Categor\\u00edas\",\"item\":\"https:\/\/chemitool.com\/es\/categorias\/\"},{\"@type\":\"ListItem\",\"position\":3,\"name\":\"Agro\"}]}]}<\/script>\n<!-- \/ Yoast SEO plugin. -->","yoast_head_json":{"title":"Agro &ndash; Chemitool","robots":{"index":"index","follow":"follow","max-snippet":"max-snippet:-1","max-image-preview":"max-image-preview:large","max-video-preview":"max-video-preview:-1"},"canonical":"https:\/\/chemitool.com\/es\/categorias\/agro\/","og_locale":"es_ES","og_type":"article","og_title":"Agro &ndash; Chemitool","og_description":"[vc_row disable_background_image=\u00bb\u00bb el_class=\u00bbmkdf-cc-banners\u00bb][vc_column][\/vc_column][\/vc_row][vc_row disable_background_image=\u00bb\u00bb][vc_column][\/vc_column][\/vc_row][vc_row row_content_width=\u00bbgrid\u00bb disable_background_image=\u00bb1024&#8243; vertical_lines=\u00bbyes\u00bb animated_text_position=\u00bbright\u00bb disable_animated_text=\u00bb\u00bb animated_text=\u00bbagro\u00bb animated_text_color=\u00bb#f5f5f5&#8243; css=\u00bb.vc_custom_1582545560803{padding-top: 130px !important;padding-bottom: 125px !important;}\u00bb animated_text_overlay_image=\u00bb2059&#8243;][vc_column css=\u00bb.vc_custom_1569240237669{padding-top: 0px !important;padding-bottom: 5px !important;}\u00bb][vc_row_inner row_content_width=\u00bbgrid\u00bb][vc_column_inner css=\u00bb.vc_custom_1567499344778{padding-top: 0px !important;padding-bottom: 0px !important;}\u00bb][vc_column_text css=\u00bb.vc_custom_1647535689507{padding-top: 15px !important;}\u00bb]CHEMITOOL AGRO ofrece una amplia gama de productos configurados y producidos para satisfacer las necesidades del mercado. Los conocimientos t\u00e9cnicos adquiridos [&hellip;]","og_url":"https:\/\/chemitool.com\/es\/categorias\/agro\/","og_site_name":"Chemitool","article_publisher":"https:\/\/www.facebook.com\/chemitool","article_modified_time":"2023-02-20T16:34:56+00:00","og_image":[{"width":1920,"height":850,"url":"https:\/\/chemitool.com\/wp-content\/uploads\/2020\/02\/chemitool-background.png","type":"image\/png"}],"twitter_card":"summary_large_image","twitter_misc":{"Tiempo de lectura":"1 minuto"},"schema":{"@context":"https:\/\/schema.org","@graph":[{"@type":"Organization","@id":"https:\/\/chemitool.com\/#organization","name":"Chemitool","url":"https:\/\/chemitool.com\/","sameAs":["https:\/\/www.facebook.com\/chemitool","https:\/\/www.instagram.com\/chemitool\/"],"logo":{"@type":"ImageObject","@id":"https:\/\/chemitool.com\/#logo","inLanguage":"es","url":"https:\/\/chemitool.com\/wp-content\/uploads\/2020\/10\/logo_chemitool.png","contentUrl":"https:\/\/chemitool.com\/wp-content\/uploads\/2020\/10\/logo_chemitool.png","width":400,"height":400,"caption":"Chemitool"},"image":{"@id":"https:\/\/chemitool.com\/#logo"}},{"@type":"WebSite","@id":"https:\/\/chemitool.com\/#website","url":"https:\/\/chemitool.com\/","name":"Chemitool","description":"Chemitool - hardware and tools","publisher":{"@id":"https:\/\/chemitool.com\/#organization"},"potentialAction":[{"@type":"SearchAction","target":{"@type":"EntryPoint","urlTemplate":"https:\/\/chemitool.com\/?s={search_term_string}"},"query-input":"required name=search_term_string"}],"inLanguage":"es"},{"@type":"WebPage","@id":"https:\/\/chemitool.com\/es\/categorias\/agro\/#webpage","url":"https:\/\/chemitool.com\/es\/categorias\/agro\/","name":"Agro &ndash; Chemitool","isPartOf":{"@id":"https:\/\/chemitool.com\/#website"},"datePublished":"2022-03-17T17:20:19+00:00","dateModified":"2023-02-20T16:34:56+00:00","breadcrumb":{"@id":"https:\/\/chemitool.com\/es\/categorias\/agro\/#breadcrumb"},"inLanguage":"es","potentialAction":[{"@type":"ReadAction","target":["https:\/\/chemitool.com\/es\/categorias\/agro\/"]}]},{"@type":"BreadcrumbList","@id":"https:\/\/chemitool.com\/es\/categorias\/agro\/#breadcrumb","itemListElement":[{"@type":"ListItem","position":1,"name":"Home","item":"https:\/\/chemitool.com\/es\/"},{"@type":"ListItem","position":2,"name":"Categor\u00edas","item":"https:\/\/chemitool.com\/es\/categorias\/"},{"@type":"ListItem","position":3,"name":"Agro"}]}]}},"_links":{"self":[{"href":"https:\/\/chemitool.com\/es\/wp-json\/wp\/v2\/pages\/20269"}],"collection":[{"href":"https:\/\/chemitool.com\/es\/wp-json\/wp\/v2\/pages"}],"about":[{"href":"https:\/\/chemitool.com\/es\/wp-json\/wp\/v2\/types\/page"}],"author":[{"embeddable":true,"href":"https:\/\/chemitool.com\/es\/wp-json\/wp\/v2\/users\/8"}],"replies":[{"embeddable":true,"href":"https:\/\/chemitool.com\/es\/wp-json\/wp\/v2\/comments?post=20269"}],"version-history":[{"count":17,"href":"https:\/\/chemitool.com\/es\/wp-json\/wp\/v2\/pages\/20269\/revisions"}],"predecessor-version":[{"id":31176,"href":"https:\/\/chemitool.com\/es\/wp-json\/wp\/v2\/pages\/20269\/revisions\/31176"}],"up":[{"embeddable":true,"href":"https:\/\/chemitool.com\/es\/wp-json\/wp\/v2\/pages\/4554"}],"wp:attachment":[{"href":"https:\/\/chemitool.com\/es\/wp-json\/wp\/v2\/media?parent=20269"}],"curies":[{"name":"wp","href":"https:\/\/api.w.org\/{rel}","templated":true}]}}